{"id":2,"date":"2016-04-01T09:30:20","date_gmt":"2016-04-01T08:30:20","guid":{"rendered":"http:\/\/www.efj.press\/work\/?page_id=2"},"modified":"2016-11-30T11:25:29","modified_gmt":"2016-11-30T10:25:29","slug":"page-d-exemple","status":"publish","type":"page","link":"http:\/\/www.efj.press\/work\/","title":{"rendered":"ACCUEIL"},"content":{"rendered":"<p>Bienvenue sur le site test de l&rsquo;EFJ. C&rsquo;est un site \u00e0 disposition des intervenants de l&rsquo;\u00e9cole pour tester\u00a0les fonctionnalit\u00e9s et les diff\u00e9rents styles graphiques \u00e0 disposition dans EFJPress.<\/p>\n<hr \/>\n<p>Acc\u00e8s \u00e0 mes travaux, c&rsquo;est ici que je publie des travaux en cours r\u00e9alis\u00e9s avec les enseignants MOJO, TBR, DATA,&#8230;<\/p>\n<ul>\n<li>Lien vers une page interne au site, la page\u00a0<a href=\"http:\/\/www.efj.press\/work\/page_00\/\">TRAVAUX<\/a><\/li>\n<li>Lien vers une autre page\u00a0<a href=\"http:\/\/www.efj.press\/work\/liens_externes\/\">PERSO<\/a><\/li>\n<\/ul>\n<hr \/>\n<p style=\"text-align: center;\">On peut aussi placer des images et mettre un lien sur l&rsquo;image, exemples ci-dessous vers des espaces sociaux.<\/p>\n<p style=\"text-align: center;\"><a href=\"http:\/\/www.twitter.com\" rel=\"attachment wp-att-166\"><img loading=\"lazy\" decoding=\"async\" class=\"wp-image-166 alignnone\" src=\"http:\/\/www.efj.press\/work\/wp-content\/uploads\/sites\/72\/2016\/04\/twitter.jpg\" alt=\"twitter\" width=\"47\" height=\"47\" \/><\/a>\u00a0\u00a0<a href=\"http:\/\/www.facebook.com\" rel=\"attachment wp-att-167\"><img loading=\"lazy\" decoding=\"async\" class=\"alignnone wp-image-167\" src=\"http:\/\/www.efj.press\/work\/wp-content\/uploads\/sites\/72\/2016\/04\/facebook.jpg\" alt=\"facebook\" width=\"47\" height=\"47\" \/><\/a>\u00a0\u00a0<a href=\"http:\/\/www.vimeo.com\" rel=\"attachment wp-att-209\"><img loading=\"lazy\" decoding=\"async\" class=\"alignnone wp-image-209\" src=\"http:\/\/www.efj.press\/work\/wp-content\/uploads\/sites\/72\/2016\/04\/vimeo.png\" alt=\"vimeo\" width=\"47\" height=\"47\" srcset=\"http:\/\/www.efj.press\/work\/wp-content\/uploads\/sites\/72\/2016\/04\/vimeo.png 225w, http:\/\/www.efj.press\/work\/wp-content\/uploads\/sites\/72\/2016\/04\/vimeo-150x150.png 150w\" sizes=\"(max-width: 47px) 100vw, 47px\" \/><\/a><\/p>\n","protected":false},"excerpt":{"rendered":"<p>Bienvenue sur le site test de l&rsquo;EFJ. C&rsquo;est un site \u00e0 disposition des intervenants de l&rsquo;\u00e9cole pour tester\u00a0les fonctionnalit\u00e9s et les diff\u00e9rents styles graphiques \u00e0 disposition dans EFJPress. Acc\u00e8s \u00e0 mes travaux, c&rsquo;est ici que je publie des travaux en cours r\u00e9alis\u00e9s avec les enseignants MOJO, TBR, DATA,&#8230; Lien vers une page interne au site, &hellip; <a href=\"http:\/\/www.efj.press\/work\/\" class=\"more-link\">Continuer la lecture de <span class=\"screen-reader-text\">ACCUEIL<\/span>  <span class=\"meta-nav\">&rarr;<\/span><\/a><\/p>\n","protected":false},"author":76,"featured_media":32,"parent":0,"menu_order":0,"comment_status":"closed","ping_status":"open","template":"","meta":{"footnotes":""},"_links":{"self":[{"href":"http:\/\/www.efj.press\/work\/wp-json\/wp\/v2\/pages\/2"}],"collection":[{"href":"http:\/\/www.efj.press\/work\/wp-json\/wp\/v2\/pages"}],"about":[{"href":"http:\/\/www.efj.press\/work\/wp-json\/wp\/v2\/types\/page"}],"author":[{"embeddable":true,"href":"http:\/\/www.efj.press\/work\/wp-json\/wp\/v2\/users\/76"}],"replies":[{"embeddable":true,"href":"http:\/\/www.efj.press\/work\/wp-json\/wp\/v2\/comments?post=2"}],"version-history":[{"count":17,"href":"http:\/\/www.efj.press\/work\/wp-json\/wp\/v2\/pages\/2\/revisions"}],"predecessor-version":[{"id":210,"href":"http:\/\/www.efj.press\/work\/wp-json\/wp\/v2\/pages\/2\/revisions\/210"}],"wp:featuredmedia":[{"embeddable":true,"href":"http:\/\/www.efj.press\/work\/wp-json\/wp\/v2\/media\/32"}],"wp:attachment":[{"href":"http:\/\/www.efj.press\/work\/wp-json\/wp\/v2\/media?parent=2"}],"curies":[{"name":"wp","href":"https:\/\/api.w.org\/{rel}","templated":true}]}}