{"id":11,"date":"2016-11-07T15:49:52","date_gmt":"2016-11-07T14:49:52","guid":{"rendered":"http:\/\/www.efj.press\/work\/?page_id=11"},"modified":"2016-11-29T16:51:51","modified_gmt":"2016-11-29T15:51:51","slug":"page-02","status":"publish","type":"page","link":"http:\/\/www.efj.press\/work\/page-02\/","title":{"rendered":"RUBRIQUE_02"},"content":{"rendered":"<p>Lorem ipsum dolor sit amet, consectetur adipisicing elit, sed do eiusmod tempor incididunt ut labore et dolore magna aliqua. Ut enim ad minim veniam<\/p>\n<ul>\n<li>Liste \u00e0 puces<\/li>\n<li>Liste \u00e0 puce aussi<\/li>\n<li>Troisi\u00e8me ligne d&rsquo;une liste \u00e0 puce<\/li>\n<\/ul>\n<hr \/>\n<p>Lorem ipsum dolor sit amet, consectetur adipisicing elit, sed do eiusmod tempor incididunt ut labore et dolore magna aliqua. Ut enim ad minim veniam<\/p>\n<ol>\n<li>Liste \u00e0 puces<\/li>\n<li>Liste \u00e0 puce aussi<\/li>\n<li>Troisi\u00e8me ligne d&rsquo;une liste \u00e0 puce<\/li>\n<\/ol>\n<hr \/>\n<h3>Photo align\u00e9e \u00e0 gauche<\/h3>\n<figure id=\"attachment_54\" aria-describedby=\"caption-attachment-54\" style=\"width: 180px\" class=\"wp-caption alignleft\"><a href=\"http:\/\/www.efj.press\/work\/page-02\/grenouille_v01\/\" rel=\"attachment wp-att-54\"><img loading=\"lazy\" decoding=\"async\" class=\"wp-image-54 size-medium\" src=\"http:\/\/www.efj.press\/work\/wp-content\/uploads\/sites\/72\/2016\/11\/grenouille_V01-180x300.png\" alt=\"grenouille_v01\" width=\"180\" height=\"300\" srcset=\"http:\/\/www.efj.press\/work\/wp-content\/uploads\/sites\/72\/2016\/11\/grenouille_V01-180x300.png 180w, http:\/\/www.efj.press\/work\/wp-content\/uploads\/sites\/72\/2016\/11\/grenouille_V01.png 300w\" sizes=\"(max-width: 180px) 100vw, 180px\" \/><\/a><figcaption id=\"caption-attachment-54\" class=\"wp-caption-text\">L\u00e9gende de la photo<\/figcaption><\/figure>\n<p>Quis nostrud exercitation ullamco laboris nisi. Ipsum dolor sit amet, consectetur adipisicing elit, sed do eiusmod tempor incididunt ut labore et dolore magna aliqua. Ut enim ad minim veniam, quis nostrud exercitation ullamco laboris nisi. Quis nostrud exercitation ullamco laboris nisi. Ipsum dolor sit amet, consectetur adipisicing elit, sed do eiusmod tempor incididunt ut labore et dolore magna aliqua. Ut enim ad minim veniam, quis nostrud exercitation ullamco laboris nisi.<br \/>\nQuis nostrud exercitation ullamco laboris nisi. Ipsum dolor sit amet, consectetur adipisicing elit, sed do eiusmod tempor incididunt ut labore et dolore magna aliqua. Ut enim ad minim veniam, quis nostrud exercitation ullamco laboris nisi.<\/p>\n<hr \/>\n<h3>Photo\u00a0centr\u00e9e<\/h3>\n<p>Quis nostrud exercitation ullamco laboris nisi. Ipsum dolor sit amet, consectetur adipisicing elit, sed do eiusmod tempor incididunt ut labore et dolore magna aliqua. Ut enim ad minim veniam, quis nostrud exercitation ullamco laboris nisi. Quis nostrud exercitation ullamco laboris nisi. Ipsum dolor sit amet, consectetur adipisicing elit, sed do eiusmod tempor incididunt ut labore et dolore magna aliqua. Ut enim ad minim veniam, quis nostrud exercitation ullamco laboris nisi.<br \/>\nQuis nostrud exercitation ullamco laboris nisi. Ipsum dolor sit amet, consectetur adipisicing elit, sed do eiusmod tempor incididunt ut labore et dolore magna aliqua. Ut enim ad minim veniam, quis nostrud exercitation ullamco laboris nisi.<\/p>\n<p><a href=\"http:\/\/www.efj.press\/work\/page-02\/grenouille_v01\/\" rel=\"attachment wp-att-54\"><img loading=\"lazy\" decoding=\"async\" class=\"size-medium wp-image-54 aligncenter\" src=\"http:\/\/www.efj.press\/work\/wp-content\/uploads\/sites\/72\/2016\/11\/grenouille_V01-180x300.png\" alt=\"grenouille_v01\" width=\"180\" height=\"300\" srcset=\"http:\/\/www.efj.press\/work\/wp-content\/uploads\/sites\/72\/2016\/11\/grenouille_V01-180x300.png 180w, http:\/\/www.efj.press\/work\/wp-content\/uploads\/sites\/72\/2016\/11\/grenouille_V01.png 300w\" sizes=\"(max-width: 180px) 100vw, 180px\" \/><\/a><\/p>\n<hr \/>\n<h3>Photo\u00a0\u00e0 droite<a href=\"http:\/\/www.efj.press\/work\/page-02\/grenouille_v01\/\" rel=\"attachment wp-att-54\"><img loading=\"lazy\" decoding=\"async\" class=\"size-medium wp-image-54 alignright\" src=\"http:\/\/www.efj.press\/work\/wp-content\/uploads\/sites\/72\/2016\/11\/grenouille_V01-180x300.png\" alt=\"grenouille_v01\" width=\"180\" height=\"300\" srcset=\"http:\/\/www.efj.press\/work\/wp-content\/uploads\/sites\/72\/2016\/11\/grenouille_V01-180x300.png 180w, http:\/\/www.efj.press\/work\/wp-content\/uploads\/sites\/72\/2016\/11\/grenouille_V01.png 300w\" sizes=\"(max-width: 180px) 100vw, 180px\" \/><\/a><\/h3>\n<p>Quis nostrud exercitation ullamco laboris nisi. Ipsum dolor sit amet, consectetur adipisicing elit, sed do eiusmod tempor incididunt ut labore et dolore magna aliqua. Ut enim ad minim veniam, quis nostrud exercitation ullamco laboris nisi. Quis nostrud exercitation ullamco laboris nisi. Ipsum dolor sit amet, consectetur adipisicing elit, sed do eiusmod tempor incididunt ut labore et dolore magna aliqua. Ut enim ad minim veniam, quis nostrud exercitation ullamco laboris nisi.<br \/>\nQuis nostrud exercitation ullamco laboris nisi. Ipsum dolor sit amet, consectetur adipisicing elit, sed do eiusmod tempor incididunt ut labore et dolore magna aliqua. Ut enim ad minim veniam, quis nostrud exercitation ullamco laboris nisi.<\/p>\n<hr \/>\n<h3>Photo\u00a0sans alignement<\/h3>\n<h3><a href=\"http:\/\/www.efj.press\/work\/page-02\/grenouille_v01\/\" rel=\"attachment wp-att-54\"><img loading=\"lazy\" decoding=\"async\" class=\"size-medium wp-image-54 alignnone\" src=\"http:\/\/www.efj.press\/work\/wp-content\/uploads\/sites\/72\/2016\/11\/grenouille_V01-180x300.png\" alt=\"grenouille_v01\" width=\"180\" height=\"300\" srcset=\"http:\/\/www.efj.press\/work\/wp-content\/uploads\/sites\/72\/2016\/11\/grenouille_V01-180x300.png 180w, http:\/\/www.efj.press\/work\/wp-content\/uploads\/sites\/72\/2016\/11\/grenouille_V01.png 300w\" sizes=\"(max-width: 180px) 100vw, 180px\" \/><\/a><\/h3>\n<p>Quis nostrud exercitation ullamco laboris nisi. Ipsum dolor sit amet, consectetur adipisicing elit, sed do eiusmod tempor incididunt ut labore et dolore magna aliqua. Ut enim ad minim veniam, quis nostrud exercitation ullamco laboris nisi. Quis nostrud exercitation ullamco laboris nisi. Ipsum dolor sit amet, consectetur adipisicing elit, sed do eiusmod tempor incididunt ut labore et dolore magna aliqua. Ut enim ad minim veniam, quis nostrud exercitation ullamco laboris nisi.<br \/>\nQuis nostrud exercitation ullamco laboris nisi. Ipsum dolor sit amet, consectetur adipisicing elit, sed do eiusmod tempor incididunt ut labore et dolore magna aliqua. Ut enim ad minim veniam, quis nostrud exercitation ullamco laboris nisi.<\/p>\n<hr \/>\n<p>Photo Taille\u00a0Miniature<br \/>\n<img loading=\"lazy\" decoding=\"async\" class=\"alignnone wp-image-30 size-thumbnail\" src=\"http:\/\/www.efj.press\/work\/wp-content\/uploads\/sites\/72\/2016\/11\/grenouille_01-150x150.png\" alt=\"grenouille_01\" width=\"150\" height=\"150\" \/><\/p>\n<p>Photo Taille\u00a0Moyenne<br \/>\n<img loading=\"lazy\" decoding=\"async\" class=\"alignnone wp-image-30 size-medium\" src=\"http:\/\/www.efj.press\/work\/wp-content\/uploads\/sites\/72\/2016\/11\/grenouille_01-300x150.png\" alt=\"grenouille_01\" width=\"300\" height=\"150\" srcset=\"http:\/\/www.efj.press\/work\/wp-content\/uploads\/sites\/72\/2016\/11\/grenouille_01-300x150.png 300w, http:\/\/www.efj.press\/work\/wp-content\/uploads\/sites\/72\/2016\/11\/grenouille_01-768x384.png 768w, http:\/\/www.efj.press\/work\/wp-content\/uploads\/sites\/72\/2016\/11\/grenouille_01-1024x512.png 1024w, http:\/\/www.efj.press\/work\/wp-content\/uploads\/sites\/72\/2016\/11\/grenouille_01.png 1260w\" sizes=\"(max-width: 300px) 100vw, 300px\" \/><\/p>\n<p>Photo Taille Grande<br \/>\n<img loading=\"lazy\" decoding=\"async\" class=\"alignnone wp-image-30 size-large\" src=\"http:\/\/www.efj.press\/work\/wp-content\/uploads\/sites\/72\/2016\/11\/grenouille_01-1024x512.png\" alt=\"grenouille_01\" width=\"474\" height=\"237\" srcset=\"http:\/\/www.efj.press\/work\/wp-content\/uploads\/sites\/72\/2016\/11\/grenouille_01-1024x512.png 1024w, http:\/\/www.efj.press\/work\/wp-content\/uploads\/sites\/72\/2016\/11\/grenouille_01-300x150.png 300w, http:\/\/www.efj.press\/work\/wp-content\/uploads\/sites\/72\/2016\/11\/grenouille_01-768x384.png 768w, http:\/\/www.efj.press\/work\/wp-content\/uploads\/sites\/72\/2016\/11\/grenouille_01.png 1260w\" sizes=\"(max-width: 474px) 100vw, 474px\" \/><\/p>\n","protected":false},"excerpt":{"rendered":"<p>Lorem ipsum dolor sit amet, consectetur adipisicing elit, sed do eiusmod tempor incididunt ut labore et dolore magna aliqua. Ut enim ad minim veniam Liste \u00e0 puces Liste \u00e0 puce aussi Troisi\u00e8me ligne d&rsquo;une liste \u00e0 puce Lorem ipsum dolor sit amet, consectetur adipisicing elit, sed do eiusmod tempor incididunt ut labore et dolore magna &hellip; <a href=\"http:\/\/www.efj.press\/work\/page-02\/\" class=\"more-link\">Continuer la lecture de <span class=\"screen-reader-text\">RUBRIQUE_02<\/span>  <span class=\"meta-nav\">&rarr;<\/span><\/a><\/p>\n","protected":false},"author":27,"featured_media":29,"parent":0,"menu_order":0,"comment_status":"closed","ping_status":"closed","template":"","meta":{"footnotes":""},"_links":{"self":[{"href":"http:\/\/www.efj.press\/work\/wp-json\/wp\/v2\/pages\/11"}],"collection":[{"href":"http:\/\/www.efj.press\/work\/wp-json\/wp\/v2\/pages"}],"about":[{"href":"http:\/\/www.efj.press\/work\/wp-json\/wp\/v2\/types\/page"}],"author":[{"embeddable":true,"href":"http:\/\/www.efj.press\/work\/wp-json\/wp\/v2\/users\/27"}],"replies":[{"embeddable":true,"href":"http:\/\/www.efj.press\/work\/wp-json\/wp\/v2\/comments?post=11"}],"version-history":[{"count":42,"href":"http:\/\/www.efj.press\/work\/wp-json\/wp\/v2\/pages\/11\/revisions"}],"predecessor-version":[{"id":205,"href":"http:\/\/www.efj.press\/work\/wp-json\/wp\/v2\/pages\/11\/revisions\/205"}],"wp:featuredmedia":[{"embeddable":true,"href":"http:\/\/www.efj.press\/work\/wp-json\/wp\/v2\/media\/29"}],"wp:attachment":[{"href":"http:\/\/www.efj.press\/work\/wp-json\/wp\/v2\/media?parent=11"}],"curies":[{"name":"wp","href":"https:\/\/api.w.org\/{rel}","templated":true}]}}