{"id":266,"date":"2015-12-03T14:29:08","date_gmt":"2015-12-03T13:29:08","guid":{"rendered":"http:\/\/www.efj.press\/vincentlecuyer\/?page_id=266"},"modified":"2015-12-10T20:54:57","modified_gmt":"2015-12-10T19:54:57","slug":"4-questions-a","status":"publish","type":"page","link":"http:\/\/www.efj.press\/vincentlecuyer\/grande-enquete\/4-questions-a\/","title":{"rendered":"4 questions \u00e0&#8230;"},"content":{"rendered":"<h3 style=\"text-align: center;\"><span style=\"color: #0000ff;\"><strong><b>Laurence Audras :\u00a0\u00ab\u00a0Tout n\u2019est pas parfait mais on y travaille\u00a0\u00bb<\/b><\/strong><\/span><\/h3>\n<p>&nbsp;<\/p>\n<p style=\"text-align: justify;\"><span style=\"font-weight: 400;\">Chef du d\u00e9partement communication au Secr\u00e9tariat g\u00e9n\u00e9ral pour la modernisation de l\u2019action publique (Sgmap), Laurence Audras a tent\u00e9 de nous \u00e9clairer sur la mission Etalab qui vise \u00e0 faciliter la r\u00e9utilisation des informations publiques et plus particuli\u00e8rement sur le fonctionnement de la plateforme data.gouv.fr.<\/span><\/p>\n<p style=\"text-align: justify;\"><b>\u00ab Quelle est la mission de data.gouv.fr ?<br \/>\n<\/b><span style=\"font-weight: 400;\">Data.gouv.fr est la plateforme de mise \u00e0 disposition de la donn\u00e9e publique. Statistiques, recensements, l\u2019ensemble des donn\u00e9es des administrations sont rendues disponibles sur data.gouv.fr. Elle est davantage consid\u00e9r\u00e9e comme une base documentaire qu\u2019une plateforme d\u00e9di\u00e9e aux march\u00e9s publics. <\/span><\/p>\n<p style=\"text-align: justify;\"><b>La publication des march\u00e9s conclus est-elle obligatoire sur data.gouv ?<br \/>\n<\/b><span style=\"font-weight: 400;\">La plateforme fonctionne sur la base du volontariat. La mission Etalab est de faire en sorte qu\u2019un maximum de donn\u00e9es soit publi\u00e9es et mises \u00e0 disposition de tous, afin de les r\u00e9utiliser librement. Depuis quelques ann\u00e9es, et en particulier depuis 18 mois, il y a une action tr\u00e8s forte qui a \u00e9t\u00e9 engag\u00e9e par la mission Etalab pour ouvrir les donn\u00e9es et convaincre les administrations de le faire. La loi Lemaire va dans ce sens-l\u00e0 puisqu\u2019elle recense les march\u00e9s pass\u00e9s et notifi\u00e9s selon l\u2019obligation l\u00e9gale. L\u2019objectif d\u2019Etalab et de data.gouv est de favoriser au maximum la transparence de ces march\u00e9s. <\/span><\/p>\n<p style=\"text-align: justify;\"><b>L\u2019objectif de transparence est-il aujourd\u2019hui atteint ?<br \/>\n<\/b><span style=\"font-weight: 400;\">Il est \u00e9vident que ce niveau de transparence parfaite n\u2019est pas atteint sur data.gouv. Toutes les donn\u00e9es n\u2019ont pas encore \u00e9t\u00e9 remont\u00e9es pour y parvenir. Malgr\u00e9 tout, des mesures concr\u00e8tes ont \u00e9t\u00e9 mises en place, comme l\u2019administrateur des donn\u00e9es l\u2019ann\u00e9e derni\u00e8re ou encore l\u2019action d\u2019Axelle Lemaire sur son projet de loi pour une R\u00e9publique num\u00e9rique. Il y a une action tr\u00e8s forte pour que l\u2019ensemble des donn\u00e9es de l\u2019administration soit disponible et facile \u00e0 r\u00e9utiliser pour les citoyens. Je suis bien consciente que ce n\u2019est ni sur economie.gouv.fr ni sur data.gouv.fr que le citoyen lambda va trouver des r\u00e9ponses. Tout n\u2019est pas parfait mais on y travaille. Aujourd\u2019hui, il n\u2019existe pas d\u2019outil avec une recherche dynamique par th\u00e8me. \u00a0<\/span><\/p>\n<p style=\"text-align: justify;\"><b>Comment peut-on acc\u00e9der aux march\u00e9s publics conclus pass\u00e9s par Etalab ?<br \/>\n<\/b><span style=\"font-weight: 400;\">Au m\u00eame titre que tous les autres services du Premier Ministre, nous publions les appels d\u2019offres et les march\u00e9s notifi\u00e9s au Journal Officiel et dans les presses sp\u00e9cialis\u00e9es. Etalab n\u2019a pas pass\u00e9 des tonnes de march\u00e9s, mais je suppose que s\u2019il devait le faire, il les publierait. Etalab est une mission qui fait partie du SGMAP. Nous ne sommes qu\u2019un petit \u00e9l\u00e9ment des services administratifs du Premier Ministre. Lorsqu\u2019un appel d\u2019offre est pass\u00e9, il l\u2019est fait au nom des services du Premier Ministre et pas sous celui d\u2019Etalab. \u00bb<\/span><\/p>\n<p>&nbsp;<\/p>\n","protected":false},"excerpt":{"rendered":"<p>Laurence Audras :\u00a0\u00ab\u00a0Tout n\u2019est pas parfait mais on y travaille\u00a0\u00bb &nbsp; Chef du d\u00e9partement communication au Secr\u00e9tariat g\u00e9n\u00e9ral pour la modernisation de l\u2019action publique (Sgmap), Laurence Audras a tent\u00e9 de nous \u00e9clairer sur la mission Etalab qui vise \u00e0 faciliter la r\u00e9utilisation des informations publiques et plus particuli\u00e8rement sur le fonctionnement de la plateforme data.gouv.fr. &hellip; <a href=\"http:\/\/www.efj.press\/vincentlecuyer\/grande-enquete\/4-questions-a\/\" class=\"more-link\">Continuer la lecture de <span class=\"screen-reader-text\">4 questions \u00e0&#8230;<\/span>  <span class=\"meta-nav\">&rarr;<\/span><\/a><\/p>\n","protected":false},"author":19,"featured_media":0,"parent":98,"menu_order":3,"comment_status":"closed","ping_status":"closed","template":"","meta":{"footnotes":""},"_links":{"self":[{"href":"http:\/\/www.efj.press\/vincentlecuyer\/wp-json\/wp\/v2\/pages\/266"}],"collection":[{"href":"http:\/\/www.efj.press\/vincentlecuyer\/wp-json\/wp\/v2\/pages"}],"about":[{"href":"http:\/\/www.efj.press\/vincentlecuyer\/wp-json\/wp\/v2\/types\/page"}],"author":[{"embeddable":true,"href":"http:\/\/www.efj.press\/vincentlecuyer\/wp-json\/wp\/v2\/users\/19"}],"replies":[{"embeddable":true,"href":"http:\/\/www.efj.press\/vincentlecuyer\/wp-json\/wp\/v2\/comments?post=266"}],"version-history":[{"count":6,"href":"http:\/\/www.efj.press\/vincentlecuyer\/wp-json\/wp\/v2\/pages\/266\/revisions"}],"predecessor-version":[{"id":329,"href":"http:\/\/www.efj.press\/vincentlecuyer\/wp-json\/wp\/v2\/pages\/266\/revisions\/329"}],"up":[{"embeddable":true,"href":"http:\/\/www.efj.press\/vincentlecuyer\/wp-json\/wp\/v2\/pages\/98"}],"wp:attachment":[{"href":"http:\/\/www.efj.press\/vincentlecuyer\/wp-json\/wp\/v2\/media?parent=266"}],"curies":[{"name":"wp","href":"https:\/\/api.w.org\/{rel}","templated":true}]}}