{"id":97,"date":"2018-06-14T13:43:24","date_gmt":"2018-06-14T12:43:24","guid":{"rendered":"http:\/\/www.efj.press\/victorinetolmosripoll\/?page_id=97"},"modified":"2018-06-14T13:48:47","modified_gmt":"2018-06-14T12:48:47","slug":"rapport-de-stage-2018","status":"publish","type":"page","link":"http:\/\/www.efj.press\/victorinetolmosripoll\/?page_id=97","title":{"rendered":"Rapport de Stage 2018"},"content":{"rendered":"<p><strong><a href=\"http:\/\/www.efj.press\/victorinetolmosripoll\/?page_id=102\">Christophe Cohen: de d\u00e9veloppeur France \u00e0 responsable digital pour MCE<\/a><\/strong><\/p>\n<p>&nbsp;<\/p>\n<p><strong><a href=\"http:\/\/www.efj.press\/victorinetolmosripoll\/?page_id=132\">MCE (ma cha\u00eene \u00e9tudiante): un m\u00e9dia en plein essor<\/a><\/strong><\/p>\n<p>&nbsp;<\/p>\n<p><strong><a href=\"http:\/\/www.efj.press\/victorinetolmosripoll\/?page_id=181\">Les missions en tant que r\u00e9dactrice web<\/a>\u00a0<\/strong><\/p>\n<p>&nbsp;<\/p>\n<p><strong><a href=\"http:\/\/www.efj.press\/victorinetolmosripoll\/?page_id=106\">Plus de 1 000 articles \u00e9crits pour MCE<\/a><\/strong><\/p>\n","protected":false},"excerpt":{"rendered":"<p>Christophe Cohen: de d\u00e9veloppeur France \u00e0 responsable digital pour MCE &nbsp; MCE (ma cha\u00eene \u00e9tudiante): un m\u00e9dia en plein essor &nbsp; Les missions en tant que r\u00e9dactrice web\u00a0 &nbsp; Plus de 1 000 articles \u00e9crits pour MCE<\/p>\n","protected":false},"author":98,"featured_media":193,"parent":0,"menu_order":4,"comment_status":"closed","ping_status":"closed","template":"","meta":{"footnotes":""},"_links":{"self":[{"href":"http:\/\/www.efj.press\/victorinetolmosripoll\/index.php?rest_route=\/wp\/v2\/pages\/97"}],"collection":[{"href":"http:\/\/www.efj.press\/victorinetolmosripoll\/index.php?rest_route=\/wp\/v2\/pages"}],"about":[{"href":"http:\/\/www.efj.press\/victorinetolmosripoll\/index.php?rest_route=\/wp\/v2\/types\/page"}],"author":[{"embeddable":true,"href":"http:\/\/www.efj.press\/victorinetolmosripoll\/index.php?rest_route=\/wp\/v2\/users\/98"}],"replies":[{"embeddable":true,"href":"http:\/\/www.efj.press\/victorinetolmosripoll\/index.php?rest_route=%2Fwp%2Fv2%2Fcomments&post=97"}],"version-history":[{"count":5,"href":"http:\/\/www.efj.press\/victorinetolmosripoll\/index.php?rest_route=\/wp\/v2\/pages\/97\/revisions"}],"predecessor-version":[{"id":197,"href":"http:\/\/www.efj.press\/victorinetolmosripoll\/index.php?rest_route=\/wp\/v2\/pages\/97\/revisions\/197"}],"wp:featuredmedia":[{"embeddable":true,"href":"http:\/\/www.efj.press\/victorinetolmosripoll\/index.php?rest_route=\/wp\/v2\/media\/193"}],"wp:attachment":[{"href":"http:\/\/www.efj.press\/victorinetolmosripoll\/index.php?rest_route=%2Fwp%2Fv2%2Fmedia&parent=97"}],"curies":[{"name":"wp","href":"https:\/\/api.w.org\/{rel}","templated":true}]}}