{"id":84,"date":"2017-01-23T10:42:05","date_gmt":"2017-01-23T09:42:05","guid":{"rendered":"http:\/\/www.efj.press\/victorinetolmosripoll\/?page_id=84"},"modified":"2017-01-23T10:42:05","modified_gmt":"2017-01-23T09:42:05","slug":"stage-a-gomet-media","status":"publish","type":"page","link":"http:\/\/www.efj.press\/victorinetolmosripoll\/?page_id=84","title":{"rendered":"Stage \u00e0 GoMet&rsquo; Media"},"content":{"rendered":"<p style=\"text-align: left\">Pour mon premier stage \u00e0 l\u2019Ecole Fran\u00e7ais du nouveau Journalisme (EFJ), j\u2019ai int\u00e9gr\u00e9 durant deux mois la r\u00e9daction du site web marseillais\u00a0<a href=\"http:\/\/www.go-met.com\/\">GoMet\u2019 Media<\/a>. Gr\u00e2ce \u00e0 ce stage enrichissant, j\u2019ai pu m\u2019\u00e9panouir et faire partie de la grande famille que repr\u00e9sente le journalisme.<\/p>\n<p><strong>Mes premiers pas \u00e0 GoMet\u2019\u00a0<\/strong><\/p>\n<p style=\"text-align: left\">C\u2019est par l\u2019interm\u00e9diaire d\u2019un contact et gr\u00e2ce \u00e0 une motivation de fer, que j\u2019ai eu la joie de faire partie int\u00e9grante du petit groupe (au total 5 personnes que je n\u2019ai pas rencontr\u00e9) de GoMet\u2019.\u00a0Nouveau-n\u00e9 du web fond\u00e9 \u00e0 Marseille par Jean-Fran\u00e7ois Eyraud en 2014, ce site m\u2019a permis de grandir et d\u2019\u00e9voluer dans le domaine de la presse. Ecouter, \u00e9changer et r\u00e9agir ont fait partie de mon quotidien. C\u2019est dans un salon situ\u00e9 sur le Vieux-Port que j\u2019ai pu faire la rencontre de mon maitre de stage qui n\u2019est autre que le cr\u00e9ateur de GoMet\u2019. Ici chacun est autonome et travaille depuis le lieu de son choix\u00a0: maison, bar, parc, tous les endroits sont bons pour pratiquer le m\u00e9tier. Il n\u2019y a pas de lieu sp\u00e9cifique o\u00f9 si\u00e8ge le site Internet. Me voil\u00e0 donc partie pendant deux mois dans la peau d\u2019une vraie journaliste.<\/p>\n<p><strong>S\u2019adapter \u00e0 la mise en page du site<\/strong><\/p>\n<p style=\"text-align: left\">Tr\u00e8s vite initi\u00e9e au monde du web, j\u2019ai adopt\u00e9 le back-office et la pr\u00e9sentation type du site de GoMet\u2019. WordPress et Pixlr sont devenus mes deux principaux alli\u00e9s de mai \u00e0 juillet. \u00c0 l\u2019aise avec le logiciel iMovie, j\u2019ai pu donner des conseils et apprendre de nombreuses choses \u00e0 mon tuteur, heureux de pouvoir apporter de la nouveaut\u00e9 dans ses vid\u00e9os gr\u00e2ce \u00e0 mes astuces. Rentrer des mots cl\u00e9s, l\u2019adresse d\u2019un lieu, associer une image \u00e0 un article, respecter \u00e0 la lettre la mise en forme de mes textes, sont des automatismes devenus essentiels lors de la cr\u00e9ation d\u2019un article. Le but essentiel \u00e9tant de plaire pour attirer un maximum de lecteurs.<\/p>\n<p><strong>Au c\u0153ur de l\u2019actualit\u00e9<\/strong><\/p>\n<p style=\"text-align: left\">C\u2019est donc muni de mon ordinateur que je me suis rendue aux conf\u00e9rences pr\u00e9vues par mon maitre de stage. Sur le Vieux-Port, au Mucem, \u00e0 la Villa M\u00e9diterran\u00e9e, dans un h\u00f4tel ou dans des villes voisines, j\u2019ai ainsi parcouru ma ville de fond en comble, \u00e0 la d\u00e9couverte de nombreux sujets. Culture, people, sport, international, j\u2019ai fait partie de tous les services confondus. J\u2019ai donc rencontr\u00e9 de nombreuses personnes attach\u00e9es \u00e0 des domaines divers et vari\u00e9s. En permanence sur le terrain, j\u2019\u00e9tais en contact directe avec une population vari\u00e9e. J\u2019ai assist\u00e9 \u00e0 de nombreuses conf\u00e9rences de presses anim\u00e9es par des politiques comme Jean-Claude Gaudin (maire de Marseille), Martine Vassale (pr\u00e9sidente du conseil d\u00e9partemental des Bouches-du-Rh\u00f4ne) ou encore Guy Tessier (pr\u00e9sident du Conseil de Territoire Marseille Provence). J\u2019ai eu l\u2019honneur de me d\u00e9placer au sein du plus grand \u00e9v\u00e8nement de l\u2019\u00e9t\u00e9\u00a0: le festival de Cannes. Durant une journ\u00e9e j\u2019ai pu c\u00f4toyer diff\u00e9rentes stars comme Dan Franck le sc\u00e9nariste de la s\u00e9rie \u00ab Marseille \u00bb pour Netflix, Gr\u00e9goire Melin, le producteur du film Overdrive ou encore l\u2019actrice britannique Vanessa Redgrave.<\/p>\n<p>Alors que l\u2019actualit\u00e9 ne se termine jamais, voil\u00e0 la fin de mon stage avec huit semaines bien remplies au c\u0153ur de l\u2019actualit\u00e9 du sud. Beaucoup de gens m\u2019ont donn\u00e9 de leur temps m\u00eame si je ne viens pas du journal le plus r\u00e9put\u00e9 de Marseille. Des accueils chaleureux et enrichissants qui m\u2019ont confort\u00e9 dans le choix de mes \u00e9tudes de journalisme. Un grand remerciement \u00e0 Jean-Fran\u00e7ois Eyraud, sur qui j\u2019ai toujours pu compter. Un premier stage qui restera, j\u2019en suis s\u00fbre, marqu\u00e9 \u00e0 vie.<\/p>\n<p style=\"text-align: right\">Victorine Tolmos<\/p>\n<p style=\"text-align: left\"><strong><u>Liste de mes articles :<\/u><\/strong><\/p>\n<ul style=\"text-align: left\">\n<li><a href=\"http:\/\/www.go-met.com\/sos-mediterranee-lance-deuxieme-campagne-sauvetage\/\">http:\/\/www.go-met.com\/sos-mediterranee-lance-deuxieme-campagne-sauvetage\/<br \/>\n<\/a><\/li>\n<li><a href=\"http:\/\/www.go-met.com\/syrie-conflit-aux-allures-guerre-froide\/\">http:\/\/www.go-met.com\/syrie-conflit-aux-allures-guerre-froide\/<\/a><\/li>\n<li><a href=\"http:\/\/www.go-met.com\/victoire-du-brexit-les-politiques-marseillais-prennent-parole\/\">http:\/\/www.go-met.com\/victoire-du-brexit-les-politiques-marseillais-prennent-parole\/<\/a><\/li>\n<li><a href=\"http:\/\/www.go-met.com\/marseille-deuxieme-ville-du-cinema-en-france\/\">http:\/\/www.go-met.com\/marseille-deuxieme-ville-du-cinema-en-france\/<\/a><\/li>\n<li><a href=\"http:\/\/www.go-met.com\/fan-zone-spectacle-et-securite\/\">http:\/\/www.go-met.com\/fan-zone-spectacle-et-securite\/<\/a><\/li>\n<li><a href=\"http:\/\/www.go-met.com\/guy-tessier-vieux-port-redevient-agora\/\">http:\/\/www.go-met.com\/guy-tessier-vieux-port-redevient-agora\/<\/a><\/li>\n<li><a href=\"http:\/\/www.go-met.com\/clicnjob-facilite-linsertion-jeunes-monde-du-travail\/\">http:\/\/www.go-met.com\/clicnjob-facilite-linsertion-jeunes-monde-du-travail\/<\/a><\/li>\n<li><a href=\"http:\/\/www.go-met.com\/fil-vert-projet-souhaite-rehabilite-les-itineraires-randonnees-les-cheminements-les-berges-lhuveaune\/\">http:\/\/www.go-met.com\/fil-vert-projet-souhaite-rehabilite-les-itineraires-randonnees-les-cheminements-les-berges-lhuveaune\/<\/a><\/li>\n<li><a href=\"http:\/\/www.go-met.com\/velo-electrique-nouvelle-tendance\/\">http:\/\/www.go-met.com\/velo-electrique-nouvelle-tendance\/<\/a><\/li>\n<li><a href=\"http:\/\/www.go-met.com\/hm-debarque-vaisseau-amiral-marseille\/\">http:\/\/www.go-met.com\/hm-debarque-vaisseau-amiral-marseille\/<\/a><\/li>\n<li><a href=\"http:\/\/www.go-met.com\/vive-mon-college-caue13\/\">http:\/\/www.go-met.com\/vive-mon-college-caue13\/<\/a><\/li>\n<li><a href=\"http:\/\/www.go-met.com\/exposition-les-possedes-hasards-heureux-exposes-belle-mai\/\">http:\/\/www.go-met.com\/exposition-les-possedes-hasards-heureux-exposes-belle-mai\/<\/a><\/li>\n<li><a href=\"http:\/\/www.go-met.com\/agenda-bel-ete-friche\/\">http:\/\/www.go-met.com\/agenda-bel-ete-friche\/<\/a><\/li>\n<\/ul>\n","protected":false},"excerpt":{"rendered":"<p>Pour mon premier stage \u00e0 l\u2019Ecole Fran\u00e7ais du nouveau Journalisme (EFJ), j\u2019ai int\u00e9gr\u00e9 durant deux mois la r\u00e9daction du site web marseillais\u00a0GoMet\u2019 Media. Gr\u00e2ce \u00e0 ce stage enrichissant, j\u2019ai pu m\u2019\u00e9panouir et faire partie de la grande famille que repr\u00e9sente le journalisme. Mes premiers pas \u00e0 GoMet\u2019\u00a0 C\u2019est par l\u2019interm\u00e9diaire d\u2019un contact et gr\u00e2ce \u00e0 &hellip; <a href=\"http:\/\/www.efj.press\/victorinetolmosripoll\/?page_id=84\" class=\"more-link\">Continuer la lecture de <span class=\"screen-reader-text\">Stage \u00e0 GoMet&rsquo; Media<\/span>  <span class=\"meta-nav\">&rarr;<\/span><\/a><\/p>\n","protected":false},"author":98,"featured_media":0,"parent":82,"menu_order":2,"comment_status":"closed","ping_status":"closed","template":"","meta":{"footnotes":""},"_links":{"self":[{"href":"http:\/\/www.efj.press\/victorinetolmosripoll\/index.php?rest_route=\/wp\/v2\/pages\/84"}],"collection":[{"href":"http:\/\/www.efj.press\/victorinetolmosripoll\/index.php?rest_route=\/wp\/v2\/pages"}],"about":[{"href":"http:\/\/www.efj.press\/victorinetolmosripoll\/index.php?rest_route=\/wp\/v2\/types\/page"}],"author":[{"embeddable":true,"href":"http:\/\/www.efj.press\/victorinetolmosripoll\/index.php?rest_route=\/wp\/v2\/users\/98"}],"replies":[{"embeddable":true,"href":"http:\/\/www.efj.press\/victorinetolmosripoll\/index.php?rest_route=%2Fwp%2Fv2%2Fcomments&post=84"}],"version-history":[{"count":1,"href":"http:\/\/www.efj.press\/victorinetolmosripoll\/index.php?rest_route=\/wp\/v2\/pages\/84\/revisions"}],"predecessor-version":[{"id":85,"href":"http:\/\/www.efj.press\/victorinetolmosripoll\/index.php?rest_route=\/wp\/v2\/pages\/84\/revisions\/85"}],"up":[{"embeddable":true,"href":"http:\/\/www.efj.press\/victorinetolmosripoll\/index.php?rest_route=\/wp\/v2\/pages\/82"}],"wp:attachment":[{"href":"http:\/\/www.efj.press\/victorinetolmosripoll\/index.php?rest_route=%2Fwp%2Fv2%2Fmedia&parent=84"}],"curies":[{"name":"wp","href":"https:\/\/api.w.org\/{rel}","templated":true}]}}