{"id":68,"date":"2017-01-23T10:14:56","date_gmt":"2017-01-23T09:14:56","guid":{"rendered":"http:\/\/www.efj.press\/victorinetolmosripoll\/?page_id=68"},"modified":"2017-01-23T10:28:06","modified_gmt":"2017-01-23T09:28:06","slug":"environnement-fil-vert-le-beau-projet-de-randonnees-sur-les-berges-de-lhuveaune","status":"publish","type":"page","link":"http:\/\/www.efj.press\/victorinetolmosripoll\/?page_id=68","title":{"rendered":"[Environnement] \u00ab Fil Vert \u00bb, le beau projet de randonn\u00e9es sur les berges de l\u2019Huveaune"},"content":{"rendered":"<p><strong>Le projet \u00ab Fil Vert \u00bb pr\u00e9sent\u00e9 \u00e0 Roquevaire veut mettre en valeur l\u2019Huveaune et ses itin\u00e9raires de randonn\u00e9es.<\/strong><\/p>\n<p>Le projet\u00a0 \u00ab Fil Vert \u00bb, visant \u00e0 cr\u00e9er des itin\u00e9raires pour les randonneurs le long de l\u2019Huveaune, a \u00e9t\u00e9 lanc\u00e9 le 20 juin \u00e0 Roquevaire. Port\u00e9 par \u00ab\u00a0Les amis de l\u2019Huveaune \u00bb\u00a0et anim\u00e9 par Bouches-du-Rh\u00f4ne Tourisme dans le cadre des instances de concertation du\u00a0<a href=\"http:\/\/www.syndicat-huveaune.fr\/le-contrat-de-riviere\/\" target=\"_blank\">Contrat de Rivi\u00e8re<\/a>\u00a0pilot\u00e9e par le SIBVH (Syndicat Intercommunal du Bassin de l\u2019Huveaune), \u00ab\u00a0Fil Vert\u00a0\u00bb a pour objectif de sensibiliser enfants et adultes sur la protection de l\u2019Huveaune. Patrimoine important pour le territoire, la rivi\u00e8re assure un r\u00f4le majeur pour l\u2019environnement.<\/p>\n<p>Pr\u00e9sent \u00e0 la conf\u00e9rence, Christian Olliver, adjoint au maire de Roquevaire estime que l\u2019eau tient une place pr\u00e9pond\u00e9rante\u00a0au sein du territoire. Les am\u00e9nagements de l\u2019Huveaune \u00e9tablissent un v\u00e9ritable \u00e9change p\u00e9dagogique entre les communes.\u00a0<em>\u00ab\u00a0Le projet \u00ab\u00a0Fil Vert\u00a0\u00bb va tisser un lien social et permanent pour l\u2019Huveaune\u00a0\u00bb\u00a0<\/em>souligne l\u2019adjoint au maire. \u00ab\u00a0Fil Vert\u00a0\u00bb a \u00e9t\u00e9 pr\u00e9sent\u00e9 en 2015 par l\u2019association \u00ab\u00a0Les amis de l\u2019Huveaune\u00a0\u00bb rappelle Alice Faure, pr\u00e9sidente de l\u2019association. \u00c9laboration, rep\u00e9rage des cheminements et d\u00e9termination des lieux \u00e0 mettre en valeur ont \u00e9t\u00e9 d\u00e9cid\u00e9s par le collectif. Plus de 50 structures se sont engag\u00e9es \u00e0 soutenir le projet souligne Daniel Garcia, maire d\u2019Auriol.<\/p>\n<h2>Pr\u00e9server la qualit\u00e9 des eaux<\/h2>\n<p>Christian Ollivier souhaite valoriser et se r\u00e9approprier les berges de l\u2019Huveaune. Le pr\u00e9sident du SIBVH (Syndicat Intercommunal du Bassin de l\u2019Huveaune), Jean-Claude Alexis estime que le fleuve poss\u00e8de un grand potentiel. Cette volont\u00e9 de valoriser les berges et les cours d\u2019eau contribue \u00e0 la continuit\u00e9 \u00e9cologiste et de d\u00e9placement pour l\u2019am\u00e9lioration du cadre de vie des habitants observe Daniel Garcia. L\u2019un des enjeux du projet est de pr\u00e9server les habitats du risque d\u2019inondation. Port\u00e9 par le Conseil de territoire, la pr\u00e9servation de la qualit\u00e9 des eaux vient compl\u00e9ter les d\u00e9fis du projet d\u00e9j\u00e0 riche en mati\u00e8re touristique et culturel.<\/p>\n<p>\u00ab\u00a0<em>Le tourisme est \u00e0 la base du projet\u00a0\u00bb<\/em>\u00a0d\u00e9clare le pr\u00e9sident du SIBVH. La sauvegarde, la mise en valeur, le partage et la transmission du patrimoine sont des points primordiaux pour \u00ab\u00a0Fil Vert\u00a0\u00bb. La pr\u00e9sidente du territoire du pays d\u2019Aubagne et de l\u2019\u00c9toile, Sylvia Barth\u00e9l\u00e9my, explique qu\u2019il faut\u00a0<em>\u00ab\u00a0sauver ce fleuve, lieu identitaire du territoire\u00a0\u00bb<\/em>. Elle souhaite mettre en valeur les sentiers qui abordent l\u2019Huveaune et prot\u00e9ger cet espace naturel.\u00a0<em>\u00ab\u00a0C\u2019est un projet magnifique qui assure le d\u00e9veloppement durable et le tourisme\u00a0\u00bb\u00a0<\/em>conclue Sylvia Barth\u00e9l\u00e9my.<\/p>\n<p><em>Lien de l&rsquo;article :\u00a0<a href=\"http:\/\/www.go-met.com\/fil-vert-projet-souhaite-rehabilite-les-itineraires-randonnees-les-cheminements-les-berges-lhuveaune\/\">http:\/\/www.go-met.com\/fil-vert-projet-souhaite-rehabilite-les-itineraires-randonnees-les-cheminements-les-berges-lhuveaune\/<\/a><\/em><\/p>\n","protected":false},"excerpt":{"rendered":"<p>Le projet \u00ab Fil Vert \u00bb pr\u00e9sent\u00e9 \u00e0 Roquevaire veut mettre en valeur l\u2019Huveaune et ses itin\u00e9raires de randonn\u00e9es. Le projet\u00a0 \u00ab Fil Vert \u00bb, visant \u00e0 cr\u00e9er des itin\u00e9raires pour les randonneurs le long de l\u2019Huveaune, a \u00e9t\u00e9 lanc\u00e9 le 20 juin \u00e0 Roquevaire. Port\u00e9 par \u00ab\u00a0Les amis de l\u2019Huveaune \u00bb\u00a0et anim\u00e9 par Bouches-du-Rh\u00f4ne &hellip; <a href=\"http:\/\/www.efj.press\/victorinetolmosripoll\/?page_id=68\" class=\"more-link\">Continuer la lecture de <span class=\"screen-reader-text\">[Environnement] \u00ab Fil Vert \u00bb, le beau projet de randonn\u00e9es sur les berges de l\u2019Huveaune<\/span>  <span class=\"meta-nav\">&rarr;<\/span><\/a><\/p>\n","protected":false},"author":98,"featured_media":69,"parent":53,"menu_order":4,"comment_status":"closed","ping_status":"closed","template":"","meta":{"footnotes":""},"_links":{"self":[{"href":"http:\/\/www.efj.press\/victorinetolmosripoll\/index.php?rest_route=\/wp\/v2\/pages\/68"}],"collection":[{"href":"http:\/\/www.efj.press\/victorinetolmosripoll\/index.php?rest_route=\/wp\/v2\/pages"}],"about":[{"href":"http:\/\/www.efj.press\/victorinetolmosripoll\/index.php?rest_route=\/wp\/v2\/types\/page"}],"author":[{"embeddable":true,"href":"http:\/\/www.efj.press\/victorinetolmosripoll\/index.php?rest_route=\/wp\/v2\/users\/98"}],"replies":[{"embeddable":true,"href":"http:\/\/www.efj.press\/victorinetolmosripoll\/index.php?rest_route=%2Fwp%2Fv2%2Fcomments&post=68"}],"version-history":[{"count":2,"href":"http:\/\/www.efj.press\/victorinetolmosripoll\/index.php?rest_route=\/wp\/v2\/pages\/68\/revisions"}],"predecessor-version":[{"id":76,"href":"http:\/\/www.efj.press\/victorinetolmosripoll\/index.php?rest_route=\/wp\/v2\/pages\/68\/revisions\/76"}],"up":[{"embeddable":true,"href":"http:\/\/www.efj.press\/victorinetolmosripoll\/index.php?rest_route=\/wp\/v2\/pages\/53"}],"wp:featuredmedia":[{"embeddable":true,"href":"http:\/\/www.efj.press\/victorinetolmosripoll\/index.php?rest_route=\/wp\/v2\/media\/69"}],"wp:attachment":[{"href":"http:\/\/www.efj.press\/victorinetolmosripoll\/index.php?rest_route=%2Fwp%2Fv2%2Fmedia&parent=68"}],"curies":[{"name":"wp","href":"https:\/\/api.w.org\/{rel}","templated":true}]}}