{"id":59,"date":"2017-01-23T10:00:34","date_gmt":"2017-01-23T09:00:34","guid":{"rendered":"http:\/\/www.efj.press\/victorinetolmosripoll\/?page_id=59"},"modified":"2017-01-23T10:30:52","modified_gmt":"2017-01-23T09:30:52","slug":"international-apres-avoir-sauve-900-refugies-sos-mediterranee-lance-sa-deuxieme-mission-en-mer","status":"publish","type":"page","link":"http:\/\/www.efj.press\/victorinetolmosripoll\/?page_id=59","title":{"rendered":"[International] Apr\u00e8s avoir sauv\u00e9 900 r\u00e9fugi\u00e9s, SOS M\u00e9diterran\u00e9e lance sa deuxi\u00e8me mission en mer"},"content":{"rendered":"<p><strong>SOS M\u00e9diterran\u00e9e avait entam\u00e9, le 26 f\u00e9vrier, sa premi\u00e8re campagne dans le sauvetage des r\u00e9fugi\u00e9s. Deux mois mois apr\u00e8s, plus de 900 r\u00e9fugi\u00e9s ont \u00e9t\u00e9 sauv\u00e9s en mer. Et l\u2019Aquarius est reparti pour une 2\u00e8me campagne. Mais le soutien financier demeure trop faible et met en p\u00e9ril la long\u00e9vit\u00e9 de la mission.<\/strong><\/p>\n<p><em>\u00ab\u00a0La fronti\u00e8re de la M\u00e9diterran\u00e9e est une fronti\u00e8re de morts.\u00a0\u00bb C<\/em>\u2019est ainsi que Thierry Fabre, directeur de la programmation artistique du Mucem, d\u00e9crit la crise migratoire en mer au moment o\u00f9 l\u2019association SOS M\u00e9diterran\u00e9e, au Mucem, mardi 3 mai, fait un bilan de la premi\u00e8re mission en mer de l\u2019Aquarius. Pour lui tr\u00e8s peu d\u2019initiatives concr\u00e8tes sont prises pour sauver les r\u00e9fugi\u00e9s. Le trajet entre l\u2019Italie et la Libye est le plus dangereux et atteint 3% de mortalit\u00e9. Il faut d\u00e9velopper la capacit\u00e9 de sauvetage. SOS M\u00e9diterran\u00e9e est une premi\u00e8re r\u00e9ponse, oh combien utile et symbolique. Apr\u00e8s une premi\u00e8re campagne de sauvetage qui a pris fin le 28 avril, le navire Aquarius entame d\u00e9j\u00e0 sa 2\u00e8me\u00a0et prend le large en ce d\u00e9but du mois de mai.<\/p>\n<h2><strong>Bilan de deux mois intenses<\/strong><\/h2>\n<p>Six op\u00e9rations de sauvetage ont \u00e9t\u00e9 effectu\u00e9es au cours des deux derniers mois. Au total, 27 personnes ont \u00e9t\u00e9 mobilis\u00e9es pour encadrer le sauvetage et accueillir les rescap\u00e9s. M\u00e9decin Sans Fronti\u00e8res rempla\u00e7ant de M\u00e9decin du Monde (engag\u00e9 seulement pour 3 mois) fait partie de l\u2019\u00e9quipe pour la prise en charge des soins. Durant les deux mois, le\u00a0Maritime Rescue Coordination Centre\u00a0de Rome a signal\u00e9 \u00e0 l\u2019\u00e9quipe les diff\u00e9rentes zones de d\u00e9tresse et\u00a0<em>\u00ab\u00a0les avions des arm\u00e9es europ\u00e9ennes sont parfois envoy\u00e9s sur zone pour faire de la recherche\u00a0\u00bb<\/em>\u00a0explique Jean Passot, sauveteur professionnel \u00e0 bord de l\u2019Aquarius. Une fois secourue les migrants sont redirig\u00e9s vers l\u2019Italie o\u00f9 ils seront pris en charge.<\/p>\n<blockquote>\n<pre><strong>\u00a0917\u00a0: c\u2019est le nombre de rescap\u00e9s, tous originaires d\u2019Afrique<\/strong>. Ils fuient la mis\u00e8re de leur pays o\u00f9 ils sont trait\u00e9s comme du b\u00e9tail : tortures, viols (un certain nombre de femmes sont enceintes \u00e0 leur arriv\u00e9 en Italie), enl\u00e8vements, ran\u00e7ons, tous les moyens sont bons pour se faire de l\u2019argent. Ballot\u00e9s entre les passeurs et les diff\u00e9rents groupes arm\u00e9es les migrants entament un long parcours d\u2019exil. Parmi eux 22% sont des mineurs. Les familles se cotisent et envoient le plus jeune de leur enfant entreprendre ce voyage dans l\u2019espoir d\u2019un meilleur avenir.\r\n\r\nLa travers\u00e9e est longue et p\u00e9rilleuse. Les conditions sont dramatiques. Entass\u00e9s les uns sur les autres dans un bateau pneumatique (8-10 m\u00e8tres), les migrants n\u2019ont aucune exp\u00e9rience maritime et sont laiss\u00e9s \u00e0 la merci des eaux. Une fois rep\u00each\u00e9s le constat est alarmant. \u00c9tat de choc, \u00e9puisement, panique, hypothermie, blessures par balles\u00a0ou encore brulures \u00e0 cause de l\u2019essence : leur \u00e9tat de sant\u00e9 est lourdement fragilis\u00e9. Lors du 5\u00e8me\u00a0sauvetage, huit d\u00e9c\u00e8s ont \u00e9t\u00e9 constat\u00e9s et 108 personnes sont sauv\u00e9s in extremis.<\/pre>\n<\/blockquote>\n<p>Le nombre de sauvetage en mer demeure trop faible selon\u00a0<a href=\"http:\/\/www.go-met.com\/sos-mediterranee-sophie-beau\/\">Sophie Beau<\/a>, co-fondatrice et directrice g\u00e9n\u00e9rale de SOS M\u00e9diterran\u00e9e. Le manque de fonds ne permet pas \u00e0 l\u2019association d\u2019entreprendre des recherches et des sauvetages plus approfondis.<\/p>\n<h2><strong>Un manque financier, l\u2019engagement d\u2019Imothep<\/strong><\/h2>\n<p>La soci\u00e9t\u00e9 actuelle s\u2019indigne du peu de mesures entreprises face au sauvetage en mer. Pourtant la mobilisation n\u2019est pas suffisante. Avec une d\u00e9pense colossale de 11000 euros par jour, la collecte de fonds est indispensable pour que la mission de l\u2019Aquarius se poursuive. L\u2019Aquarius a pu entreprendre son trajet gr\u00e2ce aux dons du grand public qui repr\u00e9sente 98% de son financement. Le reste repr\u00e9sente les subventions publiques\u00a0(10 000 euros de Paris et 8 500 euros de d\u00e9put\u00e9s). Mais les petits dons ne permettent pas \u00e0 l\u2019association de se d\u00e9velopper convenablement. Seulement quelques milliers de donateurs sont r\u00e9pertori\u00e9s en France.<\/p>\n<p>Le monde artistique se mobilise autour de cette campagne. Sabine Grenard, b\u00e9n\u00e9vole et responsable \u00e9v\u00e8nementiel de SOS M\u00e9diterran\u00e9e, mobilise le milieu artistique. Visite du bateau, concert ou encore \u00e9v\u00e9nements organis\u00e9s par des artistes, permettent la sensibilisation d\u2019un grand nombre de personne. Imhotep, architecte musical du groupe IAM,\u00a0<em>\u00ab\u00a0se sent redevable\u00a0\u00bb<\/em>. Il utilise sa notori\u00e9t\u00e9 et son talent au service de cause humanitaire. Pour lui, le citoyen doit prendre les choses en main en proposant des interventions.\u00a0<em>\u00ab\u00a0Abasourdi par l\u2019inaction des pouvoirs publics\u00a0\u00bb<\/em>, il s\u2019indigne que les politiques, les pouvoirs publics et les d\u00e9cideurs \u00e9conomiques n\u2019investissent pas dans le projet. Imhotep va r\u00e9aliser des titres dont les droits seront c\u00e9d\u00e9s \u00e0 SOS M\u00e9diterran\u00e9e en vue d\u2019une commercialisation num\u00e9rique qui permettra d\u2019attirer l\u2019attention du public pour r\u00e9colter des financements.<\/p>\n<p>Le devoir de t\u00e9moignage est n\u00e9cessaire \u00e0 la survie des migrants et de l\u2019association. Le public doit \u00eatre averti de la situation des r\u00e9fugi\u00e9s en mer M\u00e9diterran\u00e9e. Le budget doit \u00eatre compl\u00e9t\u00e9 par des fondations et l\u2019appel aux dons doit \u00eatre relay\u00e9. L\u2019organisation continue les op\u00e9rations sans en avoir r\u00e9ellement les moyens. Pour Jean-Yves, b\u00e9n\u00e9vole,\u00a0<em>\u00ab il y a un visage unique \u00e0 cette trag\u00e9die collective<\/em>\u00a0\u00bb.<\/p>\n<p>\u00c0 la fin de la seconde campagne, SOS M\u00e9diterran\u00e9e esp\u00e8re repartir en mer et envisage, avec plus de moyens, d\u2019investir dans un 2\u00e8me\u00a0bateau identique \u00e0 L\u2019Aquarius. Stable et autonome, il facilite les op\u00e9rations de sauvetage en mer. Une clinique constitu\u00e9e d\u2019une salle de consultation et une salle d\u2019hospitalisation ont \u00e9t\u00e9 mises en place pour la prise en charge des r\u00e9fugi\u00e9s bless\u00e9s. Deux grandes salles pouvant accueillir une centaine de naufrag\u00e9s par tous les temps.<\/p>\n<p><em>Lien de l&rsquo;article\u00a0:<\/em>\u00a0<em><a href=\"http:\/\/www.go-met.com\/sos-mediterranee-lance-deuxieme-campagne-sauvetage\/\">http:\/\/www.go-met.com\/sos-mediterranee-lance-deuxieme-campagne-sauvetage\/<\/a><\/em><\/p>\n","protected":false},"excerpt":{"rendered":"<p>SOS M\u00e9diterran\u00e9e avait entam\u00e9, le 26 f\u00e9vrier, sa premi\u00e8re campagne dans le sauvetage des r\u00e9fugi\u00e9s. Deux mois mois apr\u00e8s, plus de 900 r\u00e9fugi\u00e9s ont \u00e9t\u00e9 sauv\u00e9s en mer. Et l\u2019Aquarius est reparti pour une 2\u00e8me campagne. Mais le soutien financier demeure trop faible et met en p\u00e9ril la long\u00e9vit\u00e9 de la mission. \u00ab\u00a0La fronti\u00e8re de &hellip; <a href=\"http:\/\/www.efj.press\/victorinetolmosripoll\/?page_id=59\" class=\"more-link\">Continuer la lecture de <span class=\"screen-reader-text\">[International] Apr\u00e8s avoir sauv\u00e9 900 r\u00e9fugi\u00e9s, SOS M\u00e9diterran\u00e9e lance sa deuxi\u00e8me mission en mer<\/span>  <span class=\"meta-nav\">&rarr;<\/span><\/a><\/p>\n","protected":false},"author":98,"featured_media":60,"parent":53,"menu_order":1,"comment_status":"closed","ping_status":"closed","template":"","meta":{"footnotes":""},"_links":{"self":[{"href":"http:\/\/www.efj.press\/victorinetolmosripoll\/index.php?rest_route=\/wp\/v2\/pages\/59"}],"collection":[{"href":"http:\/\/www.efj.press\/victorinetolmosripoll\/index.php?rest_route=\/wp\/v2\/pages"}],"about":[{"href":"http:\/\/www.efj.press\/victorinetolmosripoll\/index.php?rest_route=\/wp\/v2\/types\/page"}],"author":[{"embeddable":true,"href":"http:\/\/www.efj.press\/victorinetolmosripoll\/index.php?rest_route=\/wp\/v2\/users\/98"}],"replies":[{"embeddable":true,"href":"http:\/\/www.efj.press\/victorinetolmosripoll\/index.php?rest_route=%2Fwp%2Fv2%2Fcomments&post=59"}],"version-history":[{"count":4,"href":"http:\/\/www.efj.press\/victorinetolmosripoll\/index.php?rest_route=\/wp\/v2\/pages\/59\/revisions"}],"predecessor-version":[{"id":80,"href":"http:\/\/www.efj.press\/victorinetolmosripoll\/index.php?rest_route=\/wp\/v2\/pages\/59\/revisions\/80"}],"up":[{"embeddable":true,"href":"http:\/\/www.efj.press\/victorinetolmosripoll\/index.php?rest_route=\/wp\/v2\/pages\/53"}],"wp:featuredmedia":[{"embeddable":true,"href":"http:\/\/www.efj.press\/victorinetolmosripoll\/index.php?rest_route=\/wp\/v2\/media\/60"}],"wp:attachment":[{"href":"http:\/\/www.efj.press\/victorinetolmosripoll\/index.php?rest_route=%2Fwp%2Fv2%2Fmedia&parent=59"}],"curies":[{"name":"wp","href":"https:\/\/api.w.org\/{rel}","templated":true}]}}