{"id":56,"date":"2017-01-23T09:57:57","date_gmt":"2017-01-23T08:57:57","guid":{"rendered":"http:\/\/www.efj.press\/victorinetolmosripoll\/?page_id=56"},"modified":"2017-01-23T10:29:43","modified_gmt":"2017-01-23T09:29:43","slug":"international-les-syriens-depossedes-de-leur-guerre-de-liberation-par-les-forces-etrangeres","status":"publish","type":"page","link":"http:\/\/www.efj.press\/victorinetolmosripoll\/?page_id=56","title":{"rendered":"[International] Les Syriens d\u00e9poss\u00e9d\u00e9s de leur guerre de lib\u00e9ration par les forces \u00e9trang\u00e8res"},"content":{"rendered":"<p><strong>La guerre en Syrie mobilise de nombreux acteurs \u00e9trangers. Fran\u00e7ois Burgat, sp\u00e9cialiste du monde arabe et Thomas Pierret, sp\u00e9cialiste belge de l\u2019Islam sunnite et de la Syrie \u00e9taient r\u00e9cemment en d\u00e9bat \u00e0 la Villa M\u00e9diterran\u00e9e.<\/strong><\/p>\n<p>Pr\u00e9sents \u00e0 la Villa M\u00e9diterran\u00e9e mardi 10 mai, Fran\u00e7ois Burgat et Thomas Pierret, ont d\u00e9taill\u00e9 le parcours des diff\u00e9rentes puissances, leur int\u00e9r\u00eat et leur vision par rapport \u00e0 ce conflit. La guerre syrienne a \u00e9t\u00e9 r\u00e9gionalis\u00e9e et internationalis\u00e9e. Cette crise s\u2019est construite sur l\u2019\u00e9clatement du lien national. Des liens alternatifs sont alors apparus permettant \u00e0 chacun de trouver son int\u00e9r\u00eat. Pour Fran\u00e7ois Burgat, quatre camps s\u2019affrontent en Syrie\u00a0: l\u2019opposition, le r\u00e9gime, les Kurdes et Daesh. Un des tournants de cette crise est le changement de rapport de force entre le d\u00e9sengagement des\u00a0<em>\u00ab\u00a0amis de la Syrie\u00a0\u00bb<\/em>\u00a0et des d\u00e9fenseurs de l\u2019opposition. Cette crise syrienne n\u2019est plus un corolaire du printemps tunisien selon le sp\u00e9cialiste. Elle va marquer un changement d\u2019\u00e9poque.<\/p>\n<h2><strong>Intervention russo-iranienne\u00a0: entre ambitions et sacrifices<\/strong><\/h2>\n<p><em>Thomas Pierret s\u2019est focalis\u00e9 sur la p\u00e9riode d\u2019intervention russo-iranienne \u00e0 partir de l\u2019automne 2015.<\/em>\u00a0Le r\u00e9gime syrien souffre d\u2019un manque d\u2019effectif\u00a0: le plan militaire s\u2019appuit sur la minorit\u00e9 alaouite et le r\u00e9gime est en manque de soldats. Cette incapacit\u00e9 \u00e0 d\u00e9fendre les villes va pr\u00e9cipiter l\u2019intervention des Russes. Les Iraniens, quant \u00e0 eux, sont intervenus tr\u00e8s t\u00f4t dans le pays de mani\u00e8re\u00a0<em>\u00ab\u00a0directe-indirecte\u00a0\u00bb<\/em>\u00a0en 2013, selon Thomas Pierret, via des milices chiites libanaises, irakiennes et des combattants Afghans (r\u00e9fugi\u00e9s afghans chiites). En 2015, l\u2019arm\u00e9e r\u00e9guli\u00e8re iranienne intervient dans la r\u00e9gion d\u2019Alep, au nord-ouest de la Syrie. L\u2019Iran et la Russie veulent maintenir Bachar Al Assad au pouvoir. Leurs int\u00e9r\u00eats en Syrie ne peuvent \u00eatre pr\u00e9serv\u00e9s que par le maintien du r\u00e9gime en l\u2019\u00e9tat\u00a0: les Iraniens d\u00e9fendent les joyaux de la couronne du Hezbollah Libanais, force militaire consid\u00e9rable, qui a tenu t\u00eate \u00e0 Isra\u00ebl en 2006. L\u2019Iran a investi politiquement, \u00e9conomiquement et militairement dans le Hezbollah. Celui-ci ne peut survire que si un r\u00e9gime alli\u00e9 contr\u00f4le les r\u00e9gions syriennes limitrophes du Liban. La Russie et l\u2019Iran ne sont pas satisfaits des accords de Gen\u00e8ve qui pr\u00e9voit une transition politique, selon Thomas Pierret. Ils veulent aider Bachar Al Assad \u00e0 garder le contr\u00f4le de l\u2019ouest de la Syrie mais ni l\u2019Iran ni la Russie n\u2019est pr\u00eat \u00e0 consentir les sacrifices n\u00e9cessaires pour prendre l\u2019est.<\/p>\n<p>Pourtant, des diff\u00e9rences demeurent entre les deux pays. L\u2019Iran d\u00e9fend ce qui est per\u00e7u comme ses int\u00e9r\u00eats vitaux. Pour la Russie, l\u2019intervention en Syrie est\u00a0<em>\u00ab\u00a0un luxe, une sorte de caprice\u00a0\u00bb\u00a0<\/em>d\u00e9clare le sp\u00e9cialiste belge. La Russie ne d\u00e9fend pas d\u2019int\u00e9r\u00eats vitaux mais cr\u00e9\u00e9e en revanche des int\u00e9r\u00eats strat\u00e9giques. Elle n\u2019est pas pr\u00eate au m\u00eame niveau de sacrifices \u00e9conomiques et humains que l\u2019Iran. La divergence totale entre la Russie et l\u2019Iran reste la question kurde.\u00a0<em>\u00ab\u00a0La Russie prend un malin plaisir \u00e0 agiter la carte des s\u00e9paratistes kurdes en Syrie dans le cadre de sa rivalit\u00e9 avec la Turquie\u00a0\u00bb<\/em>\u00a0ajoute Thomas Pierret,\u00a0<em>\u00ab\u00a0La Russie a permis au PKK d\u2019ouvrir une repr\u00e9sentation officielle \u00e0 Moscou et s\u2019en amuse beaucoup contrairement \u00e0 l\u2019Iran qui poss\u00e8de sa propre question kurde\u00a0\u00bb<\/em>\u00a0d\u00e9clare le sp\u00e9cialiste,\u00a0<em>\u00ab\u00a0Le grand mouvement s\u00e9paratiste kurde en Iran, PJAK, est la branche iranienne du PKK. Il en va de l\u2019int\u00e9grit\u00e9 territoriale de l\u2019Iran lui-m\u00eame\u00a0\u00bb<\/em>\u00a0conclut-il.<\/p>\n<h2>\u00a0<strong>Les puissances alli\u00e9es de la Syrie<\/strong><\/h2>\n<p>De nombreuses puissances prennent part au conflit syrien. Le soutien r\u00e9gional \u00e0 l\u2019opposition est devenue une \u00ab\u00a0tache ingrate.\u00a0\u00bb Selon Thomas Pierret, en terme \u00e9conomique soutenir les rebelles syriens n\u2019est pas important. Les pays du Golfe ne veulent pas offrir la Syrie \u00e0 l\u2019Iran pour des questions de l\u00e9gitimit\u00e9. L\u2019Arabie Saoudite, quant \u00e0 elle, s\u2019est engag\u00e9e dans un programme de r\u00e9forme dans le but de r\u00e9duire les aspects redistributifs de l\u2019Etat saoudien. La Turquie a besoin d\u2019un contre poids face aux Kurdes. L\u2019Etat islamique a jou\u00e9 ce r\u00f4le\u00a0et a sign\u00e9 le pacte de non agression avec la Turquie. Il a \u00e9t\u00e9 rompu depuis l\u2019ann\u00e9e 2016\u00a0: l\u2019Etat Islamique a commis des attentats contre l\u2019\u00e9conomie Turque et a men\u00e9 des tirs de roquettes \u00e0 la fronti\u00e8re de la Turquie. Le pays a aussit\u00f4t chang\u00e9 de camp et s\u2019est mis \u00e0 soutenir les rebelles syriens dans le but d\u2019\u00e9jecter l\u2019Etat islamique de la zone frontali\u00e8re. Les autres alli\u00e9s de la Syrie sont les Etats-Unis qui m\u00e8ne\u00a0<em>\u00ab\u00a0une politique am\u00e9ricaine incoh\u00e9rente au niveau du conflit\u00a0\u00bb\u00a0<\/em>d\u2019apr\u00e8s Thomas Pierret. Les am\u00e9ricains interviennent peu sur le dossier syrien. Ils veulent \u00e9viter la confrontation et abandonnent peu \u00e0 peu leur revendication pour le d\u00e9part de Bachar Al Assad du pouvoir. Des diff\u00e9rences significatives avec la France, qui pr\u00e9serve l\u2019id\u00e9e qu\u2019une transition politique doit mener au d\u00e9part du pr\u00e9sident syrien.<\/p>\n<h2><strong>Le conflit syrien\u00a0: une aubaine pour la cr\u00e9ation d\u2019un Etat kurde<\/strong><\/h2>\n<p>Les Kurdes repr\u00e9sentent une tierce partie dans la crise syrienne. Ils ont une attente nationale qui n\u2019a pas \u00e9t\u00e9 satisfaite par l\u2019attribution d\u2019un Etat. Ce conflit leur permet de prendre du pouvoir en vue de cr\u00e9er un foyer au nord de la Syrie. Des guerres \u00e9clatent alors entre kurde, opposition et r\u00e9gime syrien. Des arrangements de coexistence entre l\u2019administration kurde et le r\u00e9gime ont \u00e9t\u00e9 trouv\u00e9s apr\u00e8s plusieurs jours de combats entre les deux parties. Les Kurdes se sont empar\u00e9s des r\u00e9gions \u00e0 majorit\u00e9 arabes gr\u00e2ce au soutien international am\u00e9ricain et russe.<br \/>\nDans ce contexte, de nombreuses chancelleries europ\u00e9ennes ont tir\u00e9 un trait sur le maintien d\u2019une Syrie unie et constitu\u00e9e par un seul Etat\u2026<\/p>\n<p><em>Lien de l&rsquo;article :\u00a0<a href=\"http:\/\/www.go-met.com\/syrie-conflit-aux-allures-guerre-froide\/\">http:\/\/www.go-met.com\/syrie-conflit-aux-allures-guerre-froide\/\u00a0<\/a><\/em><\/p>\n","protected":false},"excerpt":{"rendered":"<p>La guerre en Syrie mobilise de nombreux acteurs \u00e9trangers. Fran\u00e7ois Burgat, sp\u00e9cialiste du monde arabe et Thomas Pierret, sp\u00e9cialiste belge de l\u2019Islam sunnite et de la Syrie \u00e9taient r\u00e9cemment en d\u00e9bat \u00e0 la Villa M\u00e9diterran\u00e9e. Pr\u00e9sents \u00e0 la Villa M\u00e9diterran\u00e9e mardi 10 mai, Fran\u00e7ois Burgat et Thomas Pierret, ont d\u00e9taill\u00e9 le parcours des diff\u00e9rentes puissances, &hellip; <a href=\"http:\/\/www.efj.press\/victorinetolmosripoll\/?page_id=56\" class=\"more-link\">Continuer la lecture de <span class=\"screen-reader-text\">[International] Les Syriens d\u00e9poss\u00e9d\u00e9s de leur guerre de lib\u00e9ration par les forces \u00e9trang\u00e8res<\/span>  <span class=\"meta-nav\">&rarr;<\/span><\/a><\/p>\n","protected":false},"author":98,"featured_media":57,"parent":53,"menu_order":2,"comment_status":"closed","ping_status":"closed","template":"","meta":{"footnotes":""},"_links":{"self":[{"href":"http:\/\/www.efj.press\/victorinetolmosripoll\/index.php?rest_route=\/wp\/v2\/pages\/56"}],"collection":[{"href":"http:\/\/www.efj.press\/victorinetolmosripoll\/index.php?rest_route=\/wp\/v2\/pages"}],"about":[{"href":"http:\/\/www.efj.press\/victorinetolmosripoll\/index.php?rest_route=\/wp\/v2\/types\/page"}],"author":[{"embeddable":true,"href":"http:\/\/www.efj.press\/victorinetolmosripoll\/index.php?rest_route=\/wp\/v2\/users\/98"}],"replies":[{"embeddable":true,"href":"http:\/\/www.efj.press\/victorinetolmosripoll\/index.php?rest_route=%2Fwp%2Fv2%2Fcomments&post=56"}],"version-history":[{"count":4,"href":"http:\/\/www.efj.press\/victorinetolmosripoll\/index.php?rest_route=\/wp\/v2\/pages\/56\/revisions"}],"predecessor-version":[{"id":78,"href":"http:\/\/www.efj.press\/victorinetolmosripoll\/index.php?rest_route=\/wp\/v2\/pages\/56\/revisions\/78"}],"up":[{"embeddable":true,"href":"http:\/\/www.efj.press\/victorinetolmosripoll\/index.php?rest_route=\/wp\/v2\/pages\/53"}],"wp:featuredmedia":[{"embeddable":true,"href":"http:\/\/www.efj.press\/victorinetolmosripoll\/index.php?rest_route=\/wp\/v2\/media\/57"}],"wp:attachment":[{"href":"http:\/\/www.efj.press\/victorinetolmosripoll\/index.php?rest_route=%2Fwp%2Fv2%2Fmedia&parent=56"}],"curies":[{"name":"wp","href":"https:\/\/api.w.org\/{rel}","templated":true}]}}