{"id":26,"date":"2017-01-16T11:09:55","date_gmt":"2017-01-16T10:09:55","guid":{"rendered":"http:\/\/www.efj.press\/victorinetolmosripoll\/?page_id=26"},"modified":"2017-01-23T10:42:44","modified_gmt":"2017-01-23T09:42:44","slug":"bienvenue","status":"publish","type":"page","link":"http:\/\/www.efj.press\/victorinetolmosripoll\/","title":{"rendered":"Accueil"},"content":{"rendered":"<p>Bonjour et bienvenue \u00e0 tous sur mon blog EFJ.<\/p>\n<p>Vous trouverez mon CV, mes projets ainsi que mes articles r\u00e9alis\u00e9s en stage et durant ma scolarit\u00e9.<\/p>\n<p>Bonne lecture !<\/p>\n","protected":false},"excerpt":{"rendered":"<p>Bonjour et bienvenue \u00e0 tous sur mon blog EFJ. Vous trouverez mon CV, mes projets ainsi que mes articles r\u00e9alis\u00e9s en stage et durant ma scolarit\u00e9. Bonne lecture !<\/p>\n","protected":false},"author":98,"featured_media":50,"parent":0,"menu_order":1,"comment_status":"closed","ping_status":"closed","template":"","meta":{"footnotes":""},"_links":{"self":[{"href":"http:\/\/www.efj.press\/victorinetolmosripoll\/index.php?rest_route=\/wp\/v2\/pages\/26"}],"collection":[{"href":"http:\/\/www.efj.press\/victorinetolmosripoll\/index.php?rest_route=\/wp\/v2\/pages"}],"about":[{"href":"http:\/\/www.efj.press\/victorinetolmosripoll\/index.php?rest_route=\/wp\/v2\/types\/page"}],"author":[{"embeddable":true,"href":"http:\/\/www.efj.press\/victorinetolmosripoll\/index.php?rest_route=\/wp\/v2\/users\/98"}],"replies":[{"embeddable":true,"href":"http:\/\/www.efj.press\/victorinetolmosripoll\/index.php?rest_route=%2Fwp%2Fv2%2Fcomments&post=26"}],"version-history":[{"count":3,"href":"http:\/\/www.efj.press\/victorinetolmosripoll\/index.php?rest_route=\/wp\/v2\/pages\/26\/revisions"}],"predecessor-version":[{"id":41,"href":"http:\/\/www.efj.press\/victorinetolmosripoll\/index.php?rest_route=\/wp\/v2\/pages\/26\/revisions\/41"}],"wp:featuredmedia":[{"embeddable":true,"href":"http:\/\/www.efj.press\/victorinetolmosripoll\/index.php?rest_route=\/wp\/v2\/media\/50"}],"wp:attachment":[{"href":"http:\/\/www.efj.press\/victorinetolmosripoll\/index.php?rest_route=%2Fwp%2Fv2%2Fmedia&parent=26"}],"curies":[{"name":"wp","href":"https:\/\/api.w.org\/{rel}","templated":true}]}}