{"id":2,"date":"2016-04-08T02:39:24","date_gmt":"2016-04-08T01:39:24","guid":{"rendered":"http:\/\/www.efj.press\/victorinetolmosripoll\/?page_id=2"},"modified":"2017-01-23T10:40:53","modified_gmt":"2017-01-23T09:40:53","slug":"page-d-exemple","status":"publish","type":"page","link":"http:\/\/www.efj.press\/victorinetolmosripoll\/?page_id=2","title":{"rendered":"Curriculum Vitae"},"content":{"rendered":"<p><em>Email : victorine.tolmos@hotmail.fr<a href=\"http:\/\/www.efj.press\/victorinetolmosripoll\/wp-content\/uploads\/sites\/119\/2016\/04\/Capture-d\u2019\u00e9cran-2017-01-16-\u00e0-10.38.27.png\"><img loading=\"lazy\" decoding=\"async\" class=\"alignright wp-image-18\" src=\"http:\/\/www.efj.press\/victorinetolmosripoll\/wp-content\/uploads\/sites\/119\/2016\/04\/Capture-d\u2019\u00e9cran-2017-01-16-\u00e0-10.38.27.png\" alt=\"Photo CV\" width=\"119\" height=\"118\" \/><\/a><\/em><br \/>\n<em> Date de naissance : 17\/01\/1997<\/em><br \/>\n<em> Nationalit\u00e9 : fran\u00e7aise<\/em><br \/>\n<em> Permis B<\/em><\/p>\n<h4><strong><br \/>\nFORMATIONS<\/strong><\/h4>\n<p style=\"text-align: justify\"><strong>2015-2017 :<\/strong> EFJ Levallois \u00c9cole fran\u00e7aise du nouveau journalisme. \u00c9cole de Journalisme Pluri M\u00e9dia, \u00e9tude de la communication et des m\u00e9dias.<\/p>\n<p style=\"text-align: justify\"><strong>2015 :<\/strong> Baccalaur\u00e9at scientifique Sp\u00e9cialit\u00e9 science vie de la terre Lyc\u00e9e Notre Dame de Sion \u00e0 Marseille.<\/p>\n<h4 style=\"text-align: justify\"><strong>EXPERIENCES PROFESSIONNELLES<\/strong><\/h4>\n<p style=\"text-align: justify\"><strong>Septembre-D\u00e9cembre 2016 :<\/strong> stage de journalisme \u00e0 France 5 pour l&rsquo;\u00e9mission La Quotidienne. Assistante de la r\u00e9dactrice en chef.<\/p>\n<p style=\"text-align: justify\"><strong>Juin-Juillet 2016 :<\/strong> stage de journalisme \u00e0 GoMet\u2019 Media \u00e0 Marseille pendant 2 mois. Active sur le terrain et publication des articles sur le web.<\/p>\n<p style=\"text-align: justify\"><strong>2012 :<\/strong> stage de journalisme \u00e0 LCM pendant 1 semaine (La Chaine Marseillaise). Active sur le terrain et pr\u00e9sente en r\u00e9gie.<\/p>\n<p style=\"text-align: justify\"><strong>2011 :<\/strong> Stage dans l\u2019entreprise Hertz (location de v\u00e9hicules) \u00e0 Tours.<\/p>\n<p style=\"text-align: justify\"><strong>Travail saisonnier :<\/strong> babysitting, travail en imprimerie, b\u00e9n\u00e9volat.<\/p>\n<h4><strong>LANGUES ET COMPETENCES INFORMATIQUES <\/strong><\/h4>\n<p style=\"text-align: justify\"><strong>Anglais<\/strong><br \/>\nNiveau scolaire<\/p>\n<p style=\"text-align: justify\"><strong>Espagnol<\/strong><br \/>\nNiveau scolaire<\/p>\n<p style=\"text-align: justify\"><strong>Pack Office :<\/strong> Word, Excel, Power Point, InDesign, WordPress, Adobe Premiere Pro, MovieStorm.<\/p>\n<h4 style=\"text-align: justify\"><strong>CENTRES D&rsquo;INTERETS <\/strong><\/h4>\n<p style=\"text-align: justify\"><strong>Visites culturelles :<\/strong> Europe (Royaume-Uni, Italie, Espagne), Afrique (Pays du Maghreb), Am\u00e9rique (Etats-Unis, Mexique)<\/p>\n","protected":false},"excerpt":{"rendered":"<p>Email : victorine.tolmos@hotmail.fr Date de naissance : 17\/01\/1997 Nationalit\u00e9 : fran\u00e7aise Permis B FORMATIONS 2015-2017 : EFJ Levallois \u00c9cole fran\u00e7aise du nouveau journalisme. \u00c9cole de Journalisme Pluri M\u00e9dia, \u00e9tude de la communication et des m\u00e9dias. 2015 : Baccalaur\u00e9at scientifique Sp\u00e9cialit\u00e9 science vie de la terre Lyc\u00e9e Notre Dame de Sion \u00e0 Marseille. EXPERIENCES PROFESSIONNELLES Septembre-D\u00e9cembre &hellip; <a href=\"http:\/\/www.efj.press\/victorinetolmosripoll\/?page_id=2\" class=\"more-link\">Continuer la lecture de <span class=\"screen-reader-text\">Curriculum Vitae<\/span>  <span class=\"meta-nav\">&rarr;<\/span><\/a><\/p>\n","protected":false},"author":2,"featured_media":0,"parent":82,"menu_order":1,"comment_status":"closed","ping_status":"open","template":"","meta":{"footnotes":""},"_links":{"self":[{"href":"http:\/\/www.efj.press\/victorinetolmosripoll\/index.php?rest_route=\/wp\/v2\/pages\/2"}],"collection":[{"href":"http:\/\/www.efj.press\/victorinetolmosripoll\/index.php?rest_route=\/wp\/v2\/pages"}],"about":[{"href":"http:\/\/www.efj.press\/victorinetolmosripoll\/index.php?rest_route=\/wp\/v2\/types\/page"}],"author":[{"embeddable":true,"href":"http:\/\/www.efj.press\/victorinetolmosripoll\/index.php?rest_route=\/wp\/v2\/users\/2"}],"replies":[{"embeddable":true,"href":"http:\/\/www.efj.press\/victorinetolmosripoll\/index.php?rest_route=%2Fwp%2Fv2%2Fcomments&post=2"}],"version-history":[{"count":5,"href":"http:\/\/www.efj.press\/victorinetolmosripoll\/index.php?rest_route=\/wp\/v2\/pages\/2\/revisions"}],"predecessor-version":[{"id":21,"href":"http:\/\/www.efj.press\/victorinetolmosripoll\/index.php?rest_route=\/wp\/v2\/pages\/2\/revisions\/21"}],"up":[{"embeddable":true,"href":"http:\/\/www.efj.press\/victorinetolmosripoll\/index.php?rest_route=\/wp\/v2\/pages\/82"}],"wp:attachment":[{"href":"http:\/\/www.efj.press\/victorinetolmosripoll\/index.php?rest_route=%2Fwp%2Fv2%2Fmedia&parent=2"}],"curies":[{"name":"wp","href":"https:\/\/api.w.org\/{rel}","templated":true}]}}