{"id":181,"date":"2018-06-14T13:44:58","date_gmt":"2018-06-14T12:44:58","guid":{"rendered":"http:\/\/www.efj.press\/victorinetolmosripoll\/?page_id=181"},"modified":"2018-06-14T13:44:58","modified_gmt":"2018-06-14T12:44:58","slug":"les-missions-en-tant-que-redactrice-web-pour-mce","status":"publish","type":"page","link":"http:\/\/www.efj.press\/victorinetolmosripoll\/?page_id=181","title":{"rendered":"Les missions en tant que r\u00e9dactrice web pour MCE"},"content":{"rendered":"<h2> Ecriture des articles <\/h2>\n<p>Le travail chez MCE peut varier d\u2019une journ\u00e9e \u00e0 l\u2019autre. Une chose qui ne change jamais est la r\u00e9daction quotidienne de nombreux articles. En effet, lorsque nous arrivons le matin \u00e0 10h dans les locaux du site web, situ\u00e9s \u00e0 Paris 12\u00e8me, le tuteur de stage et responsable digital : Christophe Cohen nous envoie nos 5 articles de la matin\u00e9e. <\/p>\n<p>Pour les trouver, Christophe, tape dans Google les mots cl\u00e9s qui ressortent le plus comme \u00ab TPMP \u00bb, \u00ab Kim Kardashian \u00bb ou encore \u00ab Beyonc\u00e9 \u00bb par exemple. Puis il r\u00e9cup\u00e8re les articles trouv\u00e9s et nous envoie les liens sur Facebook. A partir de ces articles, on doit faire du \u00ab remodelage \u00bb, apporter notre touche journalistique et ajouter des informations si n\u00e9cessaire. <\/p>\n<p>Nos articles doivent comprendre au moins 300 mots avec des tweets et des photos si possible ainsi que des paragraphes ne d\u00e9passant pas les 150 mots. En moyenne j\u2019\u00e9cris 5 articles en deux heures. Apr\u00e8s avoir mang\u00e9, le rituel est toujours le m\u00eame. Je re\u00e7ois mes 5 articles de l\u2019apr\u00e8s-midi \u00e0 14h30 et j\u2019entame la deuxi\u00e8me partie de la journ\u00e9e. <\/p>\n<h2> Interviews d\u2019artistes <\/h2>\n<p>Le matin ou encore l\u2019apr\u00e8s-midi il y a parfois des artistes comme des humoristes (Guillaume Bats), des chanteurs (The Y-bros) ou encore des youtubers (Enjoy Pheonix) qui viennent pour faire des interviews. A c\u00f4t\u00e9 de nos bureaux, il y a une petite salle r\u00e9serv\u00e9e aux interviews avec un fond assez \u00ab cosy \u00bb et qui rend tr\u00e8s bien sur les vid\u00e9os. J\u2019ai r\u00e9alis\u00e9 ma premi\u00e8re interview de Nej dans les locaux de MCE. L\u2019interview se d\u00e9roule en trois parties. <\/p>\n<blockquote class=\"instagram-media\">\n<div style=\"padding:8px\">\n<div style=\"background:#F8F8F8;line-height:0;margin-top:40px;padding:50.0% 0;text-align:center;width:100%\">\n<div><\/div>\n<\/div>\n<p style=\"margin:8px 0 0 0;padding:0 4px\"> <a href=\"https:\/\/www.instagram.com\/p\/BjE-QqRFkZ1\/\" style=\"color:#000;font-family:Arial,sans-serif;font-size:14px;font-style:normal;font-weight:normal;line-height:17px;text-decoration:none\" target=\"_blank\">Retrouvez la suite de l\u2019interview de @nejofficial sur notre page Facebook : MCE D\u00e9couverte ? #nej #musique #musiquedumoment #rapfrancais #rap #interview<\/a><\/p>\n<p style=\"color:#c9c8cd;font-family:Arial,sans-serif;font-size:14px;line-height:17px;margin-bottom:0;margin-top:8px;overflow:hidden;padding:8px 0 7px;text-align:center\">Une publication partag\u00e9e par <a href=\"https:\/\/www.instagram.com\/mcetv.fr\/\" style=\"color:#c9c8cd;font-family:Arial,sans-serif;font-size:14px;font-style:normal;font-weight:normal;line-height:17px\" target=\"_blank\"> MCE.TV<\/a> (@mcetv.fr) le 22 Mai 2018 \u00e0 4 :16 PDT<\/p>\n<\/div>\n<\/blockquote>\n<p>Dans un premier temps, je lui ai pos\u00e9 des questions sur sa vie puis sur son album et sur ses futurs projets professionnels. Puis il y a la partie \u00ab c\u2019est quoi ton son \u00bb o\u00f9 je demande par exemple \u00ab c\u2019est quoi ton son pour te lever \u00bb, \u00ab c\u2019est quoi ton son pour faire du sport \u00bb. Et pour finir la partie \u00ab ADN \u00bb o\u00f9 je demande par exemple \u00ab Qu\u2019est-ce que tu emporterais sur une \u00eele d\u00e9serte \u00bb. Ces trois types d\u2019interviews permettent \u00e0 la monteuse de les s\u00e9parer et d\u2019en faire des courtes vid\u00e9os de 3 minutes maximum qui seront publi\u00e9es par la suite sur les r\u00e9seaux sociaux (Facebook\/Instagram). <\/p>\n<blockquote class=\"instagram-media\">\n<div style=\"padding:8px\">\n<div style=\"background:#F8F8F8;line-height:0;margin-top:40px;padding:50.0% 0;text-align:center;width:100%\">\n<div><\/div>\n<\/div>\n<p style=\"margin:8px 0 0 0;padding:0 4px\"> <a href=\"https:\/\/www.instagram.com\/p\/BfyfBWnh83C\/\" style=\"color:#000;font-family:Arial,sans-serif;font-size:14px;font-style:normal;font-weight:normal;line-height:17px;text-decoration:none\" target=\"_blank\">?? [#ADN] Vous pensiez tout savoir sur @nejofficial Elle nous d\u00e9voile ses meilleurs souvenirs ! goo.gl\/yDvsyD #NEJ La suite de l\u2019interview sur notre page Facebook : MCE D\u00e9couverte \u2022 \u2022 \u2022 #interview #mcetv #machaineetudiante #nej #demaintv #coulisses #rnb #music #musique #video #itw #album #promo #march #nejofficial #singer #mamaye #tv #sing #igersfrance #television #followus #artist<\/a><\/p>\n<p style=\"color:#c9c8cd;font-family:Arial,sans-serif;font-size:14px;line-height:17px;margin-bottom:0;margin-top:8px;overflow:hidden;padding:8px 0 7px;text-align:center\">Une publication partag\u00e9e par <a href=\"https:\/\/www.instagram.com\/mcetv.fr\/\" style=\"color:#c9c8cd;font-family:Arial,sans-serif;font-size:14px;font-style:normal;font-weight:normal;line-height:17px\" target=\"_blank\"> MCE.TV<\/a> (@mcetv.fr) le 1 Mars 2018 \u00e0 9 :25 PST<\/p>\n<\/div>\n<\/blockquote>\n<h2> Projections Presse <\/h2>\n<p>Souvent en fin d\u2019apr\u00e8s-midi, j\u2019assiste aussi \u00e0 des projections presse. Choisis au pr\u00e9alable par les \u00e9quipes, les films doivent \u00eatre dans la cible de MCE, c\u2019est \u00e0 dire pour les jeunes. Au cours de mon stage j\u2019ai assist\u00e9 \u00e0 six projections presse : Hostiles, Pierre Lapin, Love Addict, Taxi 5, Le Doudou et les Indestructibles 2. Avec la community manager, Alicia, nous essayons aussi de mettre une image sur les r\u00e9seaux sociaux pour attirer les lecteurs.<\/p>\n<p><a href=\"http:\/\/www.efj.press\/victorinetolmosripoll\/wp-content\/uploads\/sites\/119\/2018\/06\/IMG_5234.jpg\"><img loading=\"lazy\" decoding=\"async\" src=\"http:\/\/www.efj.press\/victorinetolmosripoll\/wp-content\/uploads\/sites\/119\/2018\/06\/IMG_5234-169x300.jpg\" alt=\"Le Doudou\" width=\"169\" height=\"300\" class=\"aligncenter size-medium wp-image-182\" srcset=\"http:\/\/www.efj.press\/victorinetolmosripoll\/wp-content\/uploads\/sites\/119\/2018\/06\/IMG_5234-169x300.jpg 169w, http:\/\/www.efj.press\/victorinetolmosripoll\/wp-content\/uploads\/sites\/119\/2018\/06\/IMG_5234-768x1365.jpg 768w, http:\/\/www.efj.press\/victorinetolmosripoll\/wp-content\/uploads\/sites\/119\/2018\/06\/IMG_5234-576x1024.jpg 576w, http:\/\/www.efj.press\/victorinetolmosripoll\/wp-content\/uploads\/sites\/119\/2018\/06\/IMG_5234.jpg 1080w\" sizes=\"(max-width: 169px) 100vw, 169px\" \/><\/a><\/p>\n<p>Assist\u00e9e \u00e0 ces diff\u00e9rentes projections presse m\u2019a permis de diversifier mon go\u00fbt pour diff\u00e9rents genres comme le genre Western.  A la fin de chacune de ces projections je dois r\u00e9diger un article sous forme de \u00ab critique \u00bb. Si il y a des junkets, c\u2019est \u00e0 dire des interviews de pr\u00e9vus, je pr\u00e9pare aussi des questions. <\/p>\n<p>C&rsquo;est l\u2019une des activit\u00e9s que j\u2019ai vraiment appr\u00e9ci\u00e9e tout le long de mon stage. En effet, \u00e0 ce moment-l\u00e0 je faisais r\u00e9ellement du journalisme. Je me rendais sur le terrain et j&rsquo;\u00e9crivais derri\u00e8re des articles sur l&rsquo;\u00e9v\u00e8nement. Quelques fois, comme dit pr\u00e9c\u00e9demment, j&rsquo;ai aussi eu la chance d&rsquo;interviewer des acteurs et de faire des rencontres tr\u00e8s enrichissantes. <\/p>\n","protected":false},"excerpt":{"rendered":"<p>Ecriture des articles Le travail chez MCE peut varier d\u2019une journ\u00e9e \u00e0 l\u2019autre. Une chose qui ne change jamais est la r\u00e9daction quotidienne de nombreux articles. En effet, lorsque nous arrivons le matin \u00e0 10h dans les locaux du site web, situ\u00e9s \u00e0 Paris 12\u00e8me, le tuteur de stage et responsable digital : Christophe Cohen &hellip; <a href=\"http:\/\/www.efj.press\/victorinetolmosripoll\/?page_id=181\" class=\"more-link\">Continuer la lecture de <span class=\"screen-reader-text\">Les missions en tant que r\u00e9dactrice web pour MCE<\/span>  <span class=\"meta-nav\">&rarr;<\/span><\/a><\/p>\n","protected":false},"author":98,"featured_media":183,"parent":97,"menu_order":0,"comment_status":"closed","ping_status":"closed","template":"","meta":{"footnotes":""},"_links":{"self":[{"href":"http:\/\/www.efj.press\/victorinetolmosripoll\/index.php?rest_route=\/wp\/v2\/pages\/181"}],"collection":[{"href":"http:\/\/www.efj.press\/victorinetolmosripoll\/index.php?rest_route=\/wp\/v2\/pages"}],"about":[{"href":"http:\/\/www.efj.press\/victorinetolmosripoll\/index.php?rest_route=\/wp\/v2\/types\/page"}],"author":[{"embeddable":true,"href":"http:\/\/www.efj.press\/victorinetolmosripoll\/index.php?rest_route=\/wp\/v2\/users\/98"}],"replies":[{"embeddable":true,"href":"http:\/\/www.efj.press\/victorinetolmosripoll\/index.php?rest_route=%2Fwp%2Fv2%2Fcomments&post=181"}],"version-history":[{"count":4,"href":"http:\/\/www.efj.press\/victorinetolmosripoll\/index.php?rest_route=\/wp\/v2\/pages\/181\/revisions"}],"predecessor-version":[{"id":190,"href":"http:\/\/www.efj.press\/victorinetolmosripoll\/index.php?rest_route=\/wp\/v2\/pages\/181\/revisions\/190"}],"up":[{"embeddable":true,"href":"http:\/\/www.efj.press\/victorinetolmosripoll\/index.php?rest_route=\/wp\/v2\/pages\/97"}],"wp:featuredmedia":[{"embeddable":true,"href":"http:\/\/www.efj.press\/victorinetolmosripoll\/index.php?rest_route=\/wp\/v2\/media\/183"}],"wp:attachment":[{"href":"http:\/\/www.efj.press\/victorinetolmosripoll\/index.php?rest_route=%2Fwp%2Fv2%2Fmedia&parent=181"}],"curies":[{"name":"wp","href":"https:\/\/api.w.org\/{rel}","templated":true}]}}