{"id":132,"date":"2018-06-14T13:44:45","date_gmt":"2018-06-14T12:44:45","guid":{"rendered":"http:\/\/www.efj.press\/victorinetolmosripoll\/?page_id=132"},"modified":"2018-06-14T13:44:45","modified_gmt":"2018-06-14T12:44:45","slug":"mce-ma-chaine-etudiante-un-media-en-plein-essor","status":"publish","type":"page","link":"http:\/\/www.efj.press\/victorinetolmosripoll\/?page_id=132","title":{"rendered":"MCE (Ma Cha\u00eene Etudiante): un m\u00e9dia en plein essor"},"content":{"rendered":"<p>Pierre Azoulay a cr\u00e9\u00e9 en 2009 MCETV o\u00f9 plusieurs \u00e9missions \u00e9taient diffus\u00e9es. La page web de MCETV a vu le jour en F\u00e9vrier 2011 et \u00e9tait compos\u00e9e principalement de contenus replay. Au fur et \u00e0 mesure des ann\u00e9es, Ma Cha\u00eene Etudiante a pris de l\u2019ampleur. Le m\u00e9dia a commenc\u00e9 \u00e0 s\u2019implanter dans l\u2019\u00e8re du temps en cr\u00e9ant des contenus plus adapt\u00e9s. Christophe Cohen, le responsable digital actuel de MCE a eu l\u2019id\u00e9e de lancer des news. Plusieurs cat\u00e9gories se sont donc cr\u00e9\u00e9s sur le site : Campus, Buzz, Culture et D\u00e9couvertes.<\/p>\n<p>Avec des consommateurs \u00e2g\u00e9s en 15 et 30 ans, MCE est surtout appr\u00e9ci\u00e9 des citadins vivant dans des grandes villes comme Paris, Marseille, Nice ou Nantes par exemple. Ces derniers viennent essentiellement consommer des news Entertainment, C\u00e9l\u00e9brit\u00e9s et T\u00e9l\u00e9-r\u00e9alit\u00e9s. Et depuis le mois de Janvier 2018, le site web conna\u00eet un essor assez impressionnant. De 2015 a mi-juin 2018, le site a presque doubl\u00e9 son nombre de visiteurs et son nombre d\u2019articles vus.<\/p>\n<h2> MCE : un m\u00e9dia tr\u00e8s pris\u00e9 des jeunes <\/h2>\n<p><em>MCE a connu une augmentation impressionnante du nombre de visiteurs de 2015 \u00e0 2018<\/em><\/p>\n<p><a href=\"http:\/\/www.efj.press\/victorinetolmosripoll\/wp-content\/uploads\/sites\/119\/2018\/06\/Capture-d\u2019\u00e9cran-2018-06-12-\u00e0-16.51.04.png\"><img loading=\"lazy\" decoding=\"async\" src=\"http:\/\/www.efj.press\/victorinetolmosripoll\/wp-content\/uploads\/sites\/119\/2018\/06\/Capture-d\u2019\u00e9cran-2018-06-12-\u00e0-16.51.04-300x257.png\" alt=\"\" width=\"600\" height=\"257\" \/><\/a><\/p>\n<p>Le m\u00e9dia web MCE (Ma cha\u00eene \u00e9tudiante) a connu une augmentation impressionnante de son nombre de visiteurs comme l&rsquo;attestent les chiffres de Googles Analytics. En effet, fin de 2015 le site a r\u00e9uni 19 millions de visiteurs. D\u00e9but Juin 2018, MCE compte d\u00e9j\u00e0 36 millions de visiteurs soit 17 millions de plus qu&rsquo;en 2015, en seulement 6 mois. Le m\u00e9dia va donc atteindre son record cette ann\u00e9e comme le confirme Christophe Cohen.<\/p>\n<p><em>MCE a doubl\u00e9 son nombre d&rsquo;articles vus de 2015 \u00e0 mi-Juin 2018<\/em><\/p>\n<p><a href=\"http:\/\/www.efj.press\/victorinetolmosripoll\/wp-content\/uploads\/sites\/119\/2018\/06\/Capture-d\u2019\u00e9cran-2018-06-12-\u00e0-16.52.06.png\"><img loading=\"lazy\" decoding=\"async\" src=\"http:\/\/www.efj.press\/victorinetolmosripoll\/wp-content\/uploads\/sites\/119\/2018\/06\/Capture-d\u2019\u00e9cran-2018-06-12-\u00e0-16.52.06-300x262.png\" alt=\"capture-decran-2018-06-12-a-16-52-06\" width=\"600\" height=\"262\" \/><\/a><\/p>\n<p>MCE a augment\u00e9 son nombre de visiteurs mais pas seulement. En effet, le nombre d\u2019articles vus a lui aussi connu une augmentation assez impressionnante en trois ans et demi. Toujours d\u2019apr\u00e8s les chiffres de Googles Analytics, le nombre d\u2019articles vus sur l\u2019ann\u00e9e 2015 atteignait 31 millions et augment\u00e9 de 24 millions en 2016. En revanche, l\u2019ann\u00e9e d\u2019apr\u00e8s MCE conna\u00eet une chute avant d\u2019exploser mi-2018 avec 60 millions d\u2019articles vus. Le record sera donc aussi battu dans cette cat\u00e9gorie. <\/p>\n<p>Il n\u2019y a pas forc\u00e9ment de lien entre le nombre de visiteurs et le nombre d\u2019articles vus. D\u2019apr\u00e8s le graphique 1, au cours des ann\u00e9es, les chiffres n\u2019ont jamais baiss\u00e9 tandis qu\u2019il y a eu une baisse du c\u00f4t\u00e9 des articles vus comme le montre le graphique 2. Ces cat\u00e9gories sont donc bien \u00e0 dissocier l\u2019une de l\u2019autre.  <\/p>\n<p>MCE est devenu un moyen m\u00e9dia comme l\u2019affirme Christophe Cohen. Parmi ses concurrents il y a de grands m\u00e9dias comme Melty, Purebreak, NextPLZ, Swigg mais aussi le m\u00e9dia pris\u00e9 des jeunes : Konbini. <\/p>\n<h2> Une situation particuli\u00e8re : le plagiat <\/h2>\n<p>Mais toutes ces bonnes choses ont un prix. En effet, MCE mise un maximum sur le SEO pour \u00eatre le mieux r\u00e9f\u00e9renc\u00e9 sur Google. De nombreux articles sortent donc r\u00e9guli\u00e8rement dans les premi\u00e8res pages de recherche. Certains m\u00e9dias de l\u2019 \u00ab ombre \u00bb n\u2019h\u00e9sitent donc absolument pas \u00e0 plagier le travail des r\u00e9dacteurs. M\u00eames photos, m\u00eames mises en forme, m\u00eames phrases, ils recopient mot pour mot et chaque d\u00e9tail de l\u2019article pour se l\u2019approprier. <\/p>\n<p>C\u2019est une situation particuli\u00e8re que la soci\u00e9t\u00e9 a v\u00e9cue il y a quelques semaines. Un m\u00e9dia africain (le nom ne sera pas cit\u00e9) a repris tous les articles du site MCE. Il a donc fallu menacer le m\u00e9dia qui a finalement repris des articles d\u2019un autre site encore. Mais ce n\u2019est pas le seul. Il faut donc faire attention quotidiennement sur Google que les m\u00e9dias ne continuent pas de plagier les articles. <\/p>\n","protected":false},"excerpt":{"rendered":"<p>Pierre Azoulay a cr\u00e9\u00e9 en 2009 MCETV o\u00f9 plusieurs \u00e9missions \u00e9taient diffus\u00e9es. La page web de MCETV a vu le jour en F\u00e9vrier 2011 et \u00e9tait compos\u00e9e principalement de contenus replay. Au fur et \u00e0 mesure des ann\u00e9es, Ma Cha\u00eene Etudiante a pris de l\u2019ampleur. Le m\u00e9dia a commenc\u00e9 \u00e0 s\u2019implanter dans l\u2019\u00e8re du temps &hellip; <a href=\"http:\/\/www.efj.press\/victorinetolmosripoll\/?page_id=132\" class=\"more-link\">Continuer la lecture de <span class=\"screen-reader-text\">MCE (Ma Cha\u00eene Etudiante): un m\u00e9dia en plein essor<\/span>  <span class=\"meta-nav\">&rarr;<\/span><\/a><\/p>\n","protected":false},"author":98,"featured_media":187,"parent":97,"menu_order":0,"comment_status":"closed","ping_status":"closed","template":"","meta":{"footnotes":""},"_links":{"self":[{"href":"http:\/\/www.efj.press\/victorinetolmosripoll\/index.php?rest_route=\/wp\/v2\/pages\/132"}],"collection":[{"href":"http:\/\/www.efj.press\/victorinetolmosripoll\/index.php?rest_route=\/wp\/v2\/pages"}],"about":[{"href":"http:\/\/www.efj.press\/victorinetolmosripoll\/index.php?rest_route=\/wp\/v2\/types\/page"}],"author":[{"embeddable":true,"href":"http:\/\/www.efj.press\/victorinetolmosripoll\/index.php?rest_route=\/wp\/v2\/users\/98"}],"replies":[{"embeddable":true,"href":"http:\/\/www.efj.press\/victorinetolmosripoll\/index.php?rest_route=%2Fwp%2Fv2%2Fcomments&post=132"}],"version-history":[{"count":18,"href":"http:\/\/www.efj.press\/victorinetolmosripoll\/index.php?rest_route=\/wp\/v2\/pages\/132\/revisions"}],"predecessor-version":[{"id":191,"href":"http:\/\/www.efj.press\/victorinetolmosripoll\/index.php?rest_route=\/wp\/v2\/pages\/132\/revisions\/191"}],"up":[{"embeddable":true,"href":"http:\/\/www.efj.press\/victorinetolmosripoll\/index.php?rest_route=\/wp\/v2\/pages\/97"}],"wp:featuredmedia":[{"embeddable":true,"href":"http:\/\/www.efj.press\/victorinetolmosripoll\/index.php?rest_route=\/wp\/v2\/media\/187"}],"wp:attachment":[{"href":"http:\/\/www.efj.press\/victorinetolmosripoll\/index.php?rest_route=%2Fwp%2Fv2%2Fmedia&parent=132"}],"curies":[{"name":"wp","href":"https:\/\/api.w.org\/{rel}","templated":true}]}}