{"id":106,"date":"2018-06-14T13:45:13","date_gmt":"2018-06-14T12:45:13","guid":{"rendered":"http:\/\/www.efj.press\/victorinetolmosripoll\/?page_id=106"},"modified":"2018-06-14T13:45:13","modified_gmt":"2018-06-14T12:45:13","slug":"plus-de-1-000-articles-ecrits-pour-mce","status":"publish","type":"page","link":"http:\/\/www.efj.press\/victorinetolmosripoll\/?page_id=106","title":{"rendered":"Plus de 1 000 articles \u00e9crits pour MCE"},"content":{"rendered":"<p>J&rsquo;ai commenc\u00e9 mon stage \u00e0 MCE le 2 Janvier 2018. En cinq mois, j&rsquo;ai d\u00e9j\u00e0 \u00e9crit plus de 1 000 articles pour le site. Vous pouvez retrouver ci-dessous les diff\u00e9rentes rubriques pour lesquelles j&rsquo;ai r\u00e9dig\u00e9 ainsi que quelques articles. <\/p>\n<h2> Articles HighTech <\/h2>\n<p><a href=\"http:\/\/www.efj.press\/victorinetolmosripoll\/wp-content\/uploads\/sites\/119\/2018\/06\/Capture-d\u2019\u00e9cran-2018-06-13-\u00e0-16.35.50.png\"><img loading=\"lazy\" decoding=\"async\" src=\"http:\/\/www.efj.press\/victorinetolmosripoll\/wp-content\/uploads\/sites\/119\/2018\/06\/Capture-d\u2019\u00e9cran-2018-06-13-\u00e0-16.35.50-300x163.png\" alt=\"high-tech\" width=\"300\" height=\"163\" class=\"alignright size-medium wp-image-160\" \/><\/a><\/p>\n<p>La rubrique High-Tech traite des derni\u00e8res nouveaut\u00e9s concernant les smartphones mais aussi les r\u00e9seaux sociaux. On informe les lecteurs des nombreux changements ou encore des mises \u00e0 jour qui ont lieu sur les diff\u00e9rentes plateformes comme Instagram, Twitter ou Snapchat. La sortie des futurs smarphones est aussi largement relay\u00e9e.<\/p>\n<p>&#8211; <a href=\"https:\/\/mcetv.fr\/decouvertes\/mon-mag-high-tech\/facebook-bientot-fin-fil-dactualite-debut-stories-0102\/\">https:\/\/mcetv.fr\/decouvertes\/mon-mag-high-tech\/facebook-bientot-fin-fil-dactualite-debut-stories-0102\/<\/a><br \/>\n&#8211; <a href=\"https:\/\/mcetv.fr\/decouvertes\/mon-mag-high-tech\/sony-xperia-ecrans-oled-flexibles-futurs-telephones-3001\/\">https:\/\/mcetv.fr\/decouvertes\/mon-mag-high-tech\/sony-xperia-ecrans-oled-flexibles-futurs-telephones-3001\/<\/a><br \/>\n&#8211; <a href=\"https:\/\/mcetv.fr\/decouvertes\/mon-mag-high-tech\/ios-12-apple-va-se-concentrer-loptimisation-non-nouveautes-3101\/\">https:\/\/mcetv.fr\/decouvertes\/mon-mag-high-tech\/ios-12-apple-va-se-concentrer-loptimisation-non-nouveautes-3101\/<\/a><br \/>\n&#8211; <a href=\"https:\/\/mcetv.fr\/decouvertes\/mon-mag-high-tech\/facebook-plateforme-veut-savoir-couchez-2601\/\">https:\/\/mcetv.fr\/decouvertes\/mon-mag-high-tech\/facebook-plateforme-veut-savoir-couchez-2601\/<\/a><br \/>\n&#8211; <a href=\"https:\/\/mcetv.fr\/decouvertes\/mon-mag-high-tech\/snapchat-va-permettre-de-partager-vos-stories-plusieurs-applications-2401\/\">https:\/\/mcetv.fr\/decouvertes\/mon-mag-high-tech\/snapchat-va-permettre-de-partager-vos-stories-plusieurs-applications-2401\/<\/a><\/p>\n<h2> Articles Lifestyle <\/h2>\n<p><a href=\"http:\/\/www.efj.press\/victorinetolmosripoll\/wp-content\/uploads\/sites\/119\/2018\/06\/Capture-d\u2019\u00e9cran-2018-06-13-\u00e0-16.35.59.png\"><img loading=\"lazy\" decoding=\"async\" src=\"http:\/\/www.efj.press\/victorinetolmosripoll\/wp-content\/uploads\/sites\/119\/2018\/06\/Capture-d\u2019\u00e9cran-2018-06-13-\u00e0-16.35.59-300x163.png\" alt=\"lifestyle\" width=\"300\" height=\"163\" class=\"alignright size-medium wp-image-160\" srcset=\"http:\/\/www.efj.press\/victorinetolmosripoll\/wp-content\/uploads\/sites\/119\/2018\/06\/Capture-d\u2019\u00e9cran-2018-06-13-\u00e0-16.35.59-300x163.png 300w, http:\/\/www.efj.press\/victorinetolmosripoll\/wp-content\/uploads\/sites\/119\/2018\/06\/Capture-d\u2019\u00e9cran-2018-06-13-\u00e0-16.35.59.png 748w\" sizes=\"(max-width: 300px) 100vw, 300px\" \/><\/a><\/p>\n<p>J&rsquo;ai aussi particip\u00e9 \u00e0 l&rsquo;\u00e9criture d&rsquo;articles \u00ab\u00a0Lifestyle\u00a0\u00bb. Cette rubrique s&rsquo;appuie sur de nombreuses \u00e9tudes scientifiques \u00e9trang\u00e8res concernant la sant\u00e9 ou l&rsquo;\u00e9ducation par exemple. Tr\u00e8s int\u00e9ressante, c&rsquo;est l&rsquo;une des cat\u00e9gories qui instruit le plus les lecteurs. <\/p>\n<p>&#8211; <a href=\"https:\/\/mcetv.fr\/decouvertes\/mon-mag-lifestyle\/lifestyle-enfants-intelligents-mere-2304\/\">https:\/\/mcetv.fr\/decouvertes\/mon-mag-lifestyle\/lifestyle-enfants-intelligents-mere-2304\/<\/a><br \/>\n&#8211; <a href=\"https:\/\/mcetv.fr\/decouvertes\/mon-mag-lifestyle\/lifetsyle-femmes-petites-auraient-plus-de-mal-maigrir-2404\/\">https:\/\/mcetv.fr\/decouvertes\/mon-mag-lifestyle\/lifetsyle-femmes-petites-auraient-plus-de-mal-maigrir-2404\/<\/a><br \/>\n&#8211; <a href=\"https:\/\/mcetv.fr\/decouvertes\/mon-mag-lifestyle\/enfant-plus-jeune-famille-serait-celui-avec-humour-0205\/\">https:\/\/mcetv.fr\/decouvertes\/mon-mag-lifestyle\/enfant-plus-jeune-famille-serait-celui-avec-humour-0205\/<\/a><br \/>\n&#8211; <a href=\"https:\/\/mcetv.fr\/decouvertes\/mon-mag-lifestyle\/lifestyle-decouvrez-jobs-employes-fument-cannabis-1804\/\">https:\/\/mcetv.fr\/decouvertes\/mon-mag-lifestyle\/lifestyle-decouvrez-jobs-employes-fument-cannabis-1804\/<\/a><br \/>\n&#8211; <a href=\"https:\/\/mcetv.fr\/decouvertes\/mon-mag-lifestyle\/lifestyle-lait-cafard-riche-proteines-trois-fois-plus-energetiques-lait-vache-2905\/\">https:\/\/mcetv.fr\/decouvertes\/mon-mag-lifestyle\/lifestyle-lait-cafard-riche-proteines-trois-fois-plus-energetiques-lait-vache-2905\/<\/a><\/p>\n<h2> Articles M\u00e9dia <\/h2>\n<p><a href=\"http:\/\/www.efj.press\/victorinetolmosripoll\/wp-content\/uploads\/sites\/119\/2018\/06\/Capture-d\u2019\u00e9cran-2018-06-13-\u00e0-16.36.05.png\"><img loading=\"lazy\" decoding=\"async\" src=\"http:\/\/www.efj.press\/victorinetolmosripoll\/wp-content\/uploads\/sites\/119\/2018\/06\/Capture-d\u2019\u00e9cran-2018-06-13-\u00e0-16.36.05-300x160.png\" alt=\"m\u00e9dia\" width=\"300\" height=\"160\" class=\"alignright size-medium wp-image-161\" srcset=\"http:\/\/www.efj.press\/victorinetolmosripoll\/wp-content\/uploads\/sites\/119\/2018\/06\/Capture-d\u2019\u00e9cran-2018-06-13-\u00e0-16.36.05-300x160.png 300w, http:\/\/www.efj.press\/victorinetolmosripoll\/wp-content\/uploads\/sites\/119\/2018\/06\/Capture-d\u2019\u00e9cran-2018-06-13-\u00e0-16.36.05.png 748w\" sizes=\"(max-width: 300px) 100vw, 300px\" \/><\/a><\/p>\n<p>L&rsquo;une des cat\u00e9gories qui marche aussi tr\u00e8s bien sur le site est la rubrique : M\u00e9dia. les lecteurs peuvent y retrouver les anecdotes et les moments marquants qui ont eu lieu dans \u00ab\u00a0Touche pas \u00e0 mon poste\u00a0\u00bb, \u00ab\u00a0The Voice\u00a0\u00bb, \u00ab\u00a0Quotidien\u00a0\u00bb ou encore par exemple \u00ab\u00a0Tout le monde veut prendre sa place\u00a0\u00bb !<\/p>\n<p>&#8211; <a href=\"https:\/\/mcetv.fr\/mon-mag-buzz\/media\/tout-le-monde-veut-prendre-sa-place-nagui-remet-en-place-candidat-accuse-triche-2404\/\">https:\/\/mcetv.fr\/mon-mag-buzz\/media\/tout-le-monde-veut-prendre-sa-place-nagui-remet-en-place-candidat-accuse-triche-2404\/<\/a><br \/>\n&#8211; <a href=\"https:\/\/mcetv.fr\/mon-mag-buzz\/media\/vincent-lagaf-deja-censure-c8-nouveau-jeu-strike-3005\/\">https:\/\/mcetv.fr\/mon-mag-buzz\/media\/vincent-lagaf-deja-censure-c8-nouveau-jeu-strike-3005\/<\/a><br \/>\n&#8211; <a href=\"https:\/\/mcetv.fr\/mon-mag-buzz\/media\/the-voice-zazie-veut-quitter-emission-javais-fini-un-peu-sur-les-rotules-0106\/\">https:\/\/mcetv.fr\/mon-mag-buzz\/media\/the-voice-zazie-veut-quitter-emission-javais-fini-un-peu-sur-les-rotules-0106\/<\/a><br \/>\n&#8211; <a href=\"https:\/\/mcetv.fr\/mon-mag-buzz\/media\/salut-les-terriens-henda-ayari-confie-tariq-ramadan-veut-me-faire-passer-menteuse-1106\/\">https:\/\/mcetv.fr\/mon-mag-buzz\/media\/salut-les-terriens-henda-ayari-confie-tariq-ramadan-veut-me-faire-passer-menteuse-1106\/<\/a><br \/>\n&#8211; <a href=\"https:\/\/mcetv.fr\/mon-mag-buzz\/media\/the-voice-7-desequilibre-mental-menace-enlever-maelle-1106\/\">https:\/\/mcetv.fr\/mon-mag-buzz\/media\/the-voice-7-desequilibre-mental-menace-enlever-maelle-1106\/<\/a><\/p>\n<h2> Articles Musique <\/h2>\n<p><a href=\"http:\/\/www.efj.press\/victorinetolmosripoll\/wp-content\/uploads\/sites\/119\/2018\/06\/Capture-d\u2019\u00e9cran-2018-06-13-\u00e0-16.36.16.png\"><img loading=\"lazy\" decoding=\"async\" src=\"http:\/\/www.efj.press\/victorinetolmosripoll\/wp-content\/uploads\/sites\/119\/2018\/06\/Capture-d\u2019\u00e9cran-2018-06-13-\u00e0-16.36.16-300x175.png\" alt=\"musique\" width=\"300\" height=\"175\" class=\"alignright size-medium wp-image-162\" srcset=\"http:\/\/www.efj.press\/victorinetolmosripoll\/wp-content\/uploads\/sites\/119\/2018\/06\/Capture-d\u2019\u00e9cran-2018-06-13-\u00e0-16.36.16-300x175.png 300w, http:\/\/www.efj.press\/victorinetolmosripoll\/wp-content\/uploads\/sites\/119\/2018\/06\/Capture-d\u2019\u00e9cran-2018-06-13-\u00e0-16.36.16.png 748w\" sizes=\"(max-width: 300px) 100vw, 300px\" \/><\/a><\/p>\n<p>Etant r\u00e9dactrice multi-rubriques pour MCE.fr, j&rsquo;ai \u00e9galement \u00e9crit plusieurs articles dans la rubrique Musique. Dans cette cat\u00e9gorie on peut retrouver de nombreuses informations sur la sortie d&rsquo;un album, d&rsquo;un titre ou encore de featuring entre plusieurs chanteurs\/rappeurs.<\/p>\n<p>&#8211; <a href=\"https:\/\/mcetv.fr\/mon-mag-culture\/mon-mag-musique\/victoires-de-musique-petition-retirer-recompenses-orelsan-lancee-1402\/\">https:\/\/mcetv.fr\/mon-mag-culture\/mon-mag-musique\/victoires-de-musique-petition-retirer-recompenses-orelsan-lancee-1402\/<\/a><br \/>\n&#8211; <a href=\"https:\/\/mcetv.fr\/mon-mag-culture\/mon-mag-musique\/youtube-taylor-swift-bat-record-beyonce-rihanna-1902\/\">https:\/\/mcetv.fr\/mon-mag-culture\/mon-mag-musique\/youtube-taylor-swift-bat-record-beyonce-rihanna-1902\/<\/a><br \/>\n&#8211; <a href=\"https:\/\/mcetv.fr\/mon-mag-culture\/mon-mag-musique\/lartiste-se-joue-carioca-avec-caroliina-clip-mafiosa-2202\/\">https:\/\/mcetv.fr\/mon-mag-culture\/mon-mag-musique\/lartiste-se-joue-carioca-avec-caroliina-clip-mafiosa-2202\/<\/a><br \/>\n&#8211; <a href=\"https:\/\/mcetv.fr\/mon-mag-culture\/mon-mag-musique\/rihanna-bat-un-nouveau-record-historique-sur-apple-music-1203\/\">https:\/\/mcetv.fr\/mon-mag-culture\/mon-mag-musique\/rihanna-bat-un-nouveau-record-historique-sur-apple-music-1203\/<\/a><br \/>\n&#8211; <a href=\"https:\/\/mcetv.fr\/mon-mag-culture\/mon-mag-musique\/kanye-west-nouveau-tube-hommage-maman-decedee-fuite-toile-2703\/\">https:\/\/mcetv.fr\/mon-mag-culture\/mon-mag-musique\/kanye-west-nouveau-tube-hommage-maman-decedee-fuite-toile-2703\/<\/a><\/p>\n<h2> Articles People <\/h2>\n<p><a href=\"http:\/\/www.efj.press\/victorinetolmosripoll\/wp-content\/uploads\/sites\/119\/2018\/06\/Capture-d\u2019\u00e9cran-2018-06-13-\u00e0-16.36.28.png\"><img loading=\"lazy\" decoding=\"async\" src=\"http:\/\/www.efj.press\/victorinetolmosripoll\/wp-content\/uploads\/sites\/119\/2018\/06\/Capture-d\u2019\u00e9cran-2018-06-13-\u00e0-16.36.28-300x154.png\" alt=\"people\" width=\"300\" height=\"154\" class=\"alignright size-medium wp-image-163\" srcset=\"http:\/\/www.efj.press\/victorinetolmosripoll\/wp-content\/uploads\/sites\/119\/2018\/06\/Capture-d\u2019\u00e9cran-2018-06-13-\u00e0-16.36.28-300x154.png 300w, http:\/\/www.efj.press\/victorinetolmosripoll\/wp-content\/uploads\/sites\/119\/2018\/06\/Capture-d\u2019\u00e9cran-2018-06-13-\u00e0-16.36.28.png 749w\" sizes=\"(max-width: 300px) 100vw, 300px\" \/><\/a><\/p>\n<p>Au cours de mon stage j&rsquo;ai aussi \u00e9crit dans la rubrique People. Chez MCE nous travallons beaucoup sur les mots cl\u00e9s qui font cliquer et qui sont beaucoup  recherch\u00e9s sur Google (Kim Kardashian, Rihanna, Kylie Jenner&#8230;). Gr\u00e2ce \u00e0 \u00e7a les articles sont bien r\u00e9f\u00e9renc\u00e9s et de nombreux lecteurs viennent sur le site.<\/p>\n<p>&#8211; <a href=\"https:\/\/mcetv.fr\/mon-mag-buzz\/people\/morgan-freeman-accuse-agression-sexuelle-presente-excuses-victimes-2505\/\">https:\/\/mcetv.fr\/mon-mag-buzz\/people\/morgan-freeman-accuse-agression-sexuelle-presente-excuses-victimes-2505\/<\/a><br \/>\n&#8211; <a href=\"https:\/\/mcetv.fr\/mon-mag-buzz\/people\/meghan-markle-va-passer-6-mois-apprendre-codes-royaux-2505\/\">https:\/\/mcetv.fr\/mon-mag-buzz\/people\/meghan-markle-va-passer-6-mois-apprendre-codes-royaux-2505\/<\/a><br \/>\n&#8211; <a href=\"https:\/\/mcetv.fr\/mon-mag-buzz\/people\/kim-kardashian-obtient-grace-presidentielle-donald-trump-fait-liberer-prisonniere-0706\/\">https:\/\/mcetv.fr\/mon-mag-buzz\/people\/kim-kardashian-obtient-grace-presidentielle-donald-trump-fait-liberer-prisonniere-0706\/<\/a><br \/>\n&#8211; <a href=\"https:\/\/mcetv.fr\/mon-mag-buzz\/people\/laeticia-hallyday-furieuse-don-interview-laura-smet-0806\/\">https:\/\/mcetv.fr\/mon-mag-buzz\/people\/laeticia-hallyday-furieuse-don-interview-laura-smet-0806\/<\/a><br \/>\n&#8211; <a href=\"https:\/\/mcetv.fr\/mon-mag-buzz\/people\/tony-awards-robert-de-niro-balance-gros-fuck-donald-trump-1106\/\">https:\/\/mcetv.fr\/mon-mag-buzz\/people\/tony-awards-robert-de-niro-balance-gros-fuck-donald-trump-1106\/<\/a><\/p>\n<h2> Articles Projections presse <\/h2>\n<p><strong>HOSTILES <\/strong><\/p>\n<p><a href=\"http:\/\/www.efj.press\/victorinetolmosripoll\/wp-content\/uploads\/sites\/119\/2018\/06\/Capture-d\u2019\u00e9cran-2018-06-13-\u00e0-16.44.22.png\"><img loading=\"lazy\" decoding=\"async\" src=\"http:\/\/www.efj.press\/victorinetolmosripoll\/wp-content\/uploads\/sites\/119\/2018\/06\/Capture-d\u2019\u00e9cran-2018-06-13-\u00e0-16.44.22-300x201.png\" alt=\"Hostiles\" width=\"300\" height=\"201\" class=\"aligncenter size-medium wp-image-168\" srcset=\"http:\/\/www.efj.press\/victorinetolmosripoll\/wp-content\/uploads\/sites\/119\/2018\/06\/Capture-d\u2019\u00e9cran-2018-06-13-\u00e0-16.44.22-300x201.png 300w, http:\/\/www.efj.press\/victorinetolmosripoll\/wp-content\/uploads\/sites\/119\/2018\/06\/Capture-d\u2019\u00e9cran-2018-06-13-\u00e0-16.44.22.png 752w\" sizes=\"(max-width: 300px) 100vw, 300px\" \/><\/a><\/p>\n<p>Durant mon stage, j&rsquo;ai eu la chance d&rsquo;assister \u00e0 plusieurs projections presse. Le 28 F\u00e9vrier dernier, pour la premi\u00e8re fois j&rsquo;ai pu regarder un film en compagnie de nombreux journalistes. J&rsquo;ai pu profiter d&rsquo;une salle tr\u00e8s confortable pour le film \u00ab\u00a0Hostiles\u00a0\u00bb. C&rsquo;est la premi\u00e8re fois que je visionnais un western et que j&rsquo;ai pu \u00e9crire ma premi\u00e8re \u00ab\u00a0critique\u00a0\u00bb. <\/p>\n<p><a href=\"https:\/\/mcetv.fr\/mon-mag-culture\/mon-mag-serie-tv\/hostiles-nouveau-film-western-redonne-foi-humanite-0503\/\">https:\/\/mcetv.fr\/mon-mag-culture\/mon-mag-serie-tv\/hostiles-nouveau-film-western-redonne-foi-humanite-0503\/<\/a><\/p>\n<p><strong>LOVE ADDICT<\/strong><\/p>\n<p><a href=\"http:\/\/www.efj.press\/victorinetolmosripoll\/wp-content\/uploads\/sites\/119\/2018\/06\/Capture-d\u2019\u00e9cran-2018-06-13-\u00e0-16.44.29.png\"><img loading=\"lazy\" decoding=\"async\" src=\"http:\/\/www.efj.press\/victorinetolmosripoll\/wp-content\/uploads\/sites\/119\/2018\/06\/Capture-d\u2019\u00e9cran-2018-06-13-\u00e0-16.44.29-300x186.png\" alt=\"Love Addict\" width=\"300\" height=\"186\" class=\"aligncenter size-medium wp-image-169\" srcset=\"http:\/\/www.efj.press\/victorinetolmosripoll\/wp-content\/uploads\/sites\/119\/2018\/06\/Capture-d\u2019\u00e9cran-2018-06-13-\u00e0-16.44.29-300x186.png 300w, http:\/\/www.efj.press\/victorinetolmosripoll\/wp-content\/uploads\/sites\/119\/2018\/06\/Capture-d\u2019\u00e9cran-2018-06-13-\u00e0-16.44.29.png 752w\" sizes=\"(max-width: 300px) 100vw, 300px\" \/><\/a><\/p>\n<p>J&rsquo;ai assist\u00e9 \u00e0 mon premier junket pour le film Love Addict. Avec une autre journaliste de MCE nous avons eu la chance d&rsquo;interviewer le r\u00e9alisateur Frank Bellocq de cette com\u00e9die ainsi que trois autres acteurs pr\u00e9sents dans le film : J\u00e9r\u00f4me Niel, Baptiste Lorber et Ga\u00ebl Mectoob. Malheureusement nous n&rsquo;avons pas pu interviewer le personnage principal : Kev Adams, car les attach\u00e9s de presse avaient d\u00e9j\u00e0 mis d&rsquo;autres m\u00e9dias en priorit\u00e9.<\/p>\n<p><a href=\"https:\/\/mcetv.fr\/mon-mag-culture\/mon-mag-serie-tv\/love-addict-frank-bellocq-confie-tournage-avec-kev-adams-melanie-bernier-1604\/\">https:\/\/mcetv.fr\/mon-mag-culture\/mon-mag-serie-tv\/love-addict-frank-bellocq-confie-tournage-avec-kev-adams-melanie-bernier-1604\/<\/a><\/p>\n<p><strong>PIERRE LAPIN<\/strong><\/p>\n<p><a href=\"http:\/\/www.efj.press\/victorinetolmosripoll\/wp-content\/uploads\/sites\/119\/2018\/06\/Capture-d\u2019\u00e9cran-2018-06-13-\u00e0-16.44.39.png\"><img loading=\"lazy\" decoding=\"async\" src=\"http:\/\/www.efj.press\/victorinetolmosripoll\/wp-content\/uploads\/sites\/119\/2018\/06\/Capture-d\u2019\u00e9cran-2018-06-13-\u00e0-16.44.39-300x200.png\" alt=\"Love Addict\" width=\"300\" height=\"200\" class=\"aligncenter size-medium wp-image-170\" srcset=\"http:\/\/www.efj.press\/victorinetolmosripoll\/wp-content\/uploads\/sites\/119\/2018\/06\/Capture-d\u2019\u00e9cran-2018-06-13-\u00e0-16.44.39-300x200.png 300w, http:\/\/www.efj.press\/victorinetolmosripoll\/wp-content\/uploads\/sites\/119\/2018\/06\/Capture-d\u2019\u00e9cran-2018-06-13-\u00e0-16.44.39.png 751w\" sizes=\"(max-width: 300px) 100vw, 300px\" \/><\/a><\/p>\n<p>Le 15 Mars dernier, j&rsquo;ai \u00e9galement assist\u00e9 \u00e0 la projection presse du dessin anim\u00e9 Pierre Lapin. Film pour lequel les acteurs Philippe Lacheau, Elodie Fontan et Julien Arruti ont pr\u00eat\u00e9 leurs voix aux petits personnages. J&rsquo;ai donc assist\u00e9 au film afin de pr\u00e9parer plusieurs questions pour le junket pr\u00e9vu, avec les com\u00e9diens cit\u00e9s pr\u00e9c\u00e9demment.<\/p>\n<p><a href=\"https:\/\/mcetv.fr\/mon-mag-culture\/mon-mag-serie-tv\/pierre-lapin-un-film-autant-familial-que-drole-et-touchant-1903\/\">https:\/\/mcetv.fr\/mon-mag-culture\/mon-mag-serie-tv\/pierre-lapin-un-film-autant-familial-que-drole-et-touchant-1903\/<\/a><\/p>\n<p><strong>TAXI 5<\/strong><\/p>\n<p><a href=\"http:\/\/www.efj.press\/victorinetolmosripoll\/wp-content\/uploads\/sites\/119\/2018\/06\/Capture-d\u2019\u00e9cran-2018-06-13-\u00e0-16.44.47.png\"><img loading=\"lazy\" decoding=\"async\" src=\"http:\/\/www.efj.press\/victorinetolmosripoll\/wp-content\/uploads\/sites\/119\/2018\/06\/Capture-d\u2019\u00e9cran-2018-06-13-\u00e0-16.44.47-300x170.png\" alt=\"Taxi 5\" width=\"300\" height=\"170\" class=\"aligncenter size-medium wp-image-171\" srcset=\"http:\/\/www.efj.press\/victorinetolmosripoll\/wp-content\/uploads\/sites\/119\/2018\/06\/Capture-d\u2019\u00e9cran-2018-06-13-\u00e0-16.44.47-300x170.png 300w, http:\/\/www.efj.press\/victorinetolmosripoll\/wp-content\/uploads\/sites\/119\/2018\/06\/Capture-d\u2019\u00e9cran-2018-06-13-\u00e0-16.44.47.png 752w\" sizes=\"(max-width: 300px) 100vw, 300px\" \/><\/a><\/p>\n<p>Le dimanche 8 Avril, avait lieu l&rsquo;avant premi\u00e8re de Taxi 5 au Grand Rex \u00e0 Paris. Des acteurs du film Babysitting, ou encore certains chroniqueurs de \u00ab\u00a0Touche pas \u00e0 mon poste\u00a0\u00bb se sont r\u00e9unis pour l&rsquo;occasion. Steven Spielberg, Franck Gastambide, Malik Bentalha et de nombeux autres acteurs ont aussi pr\u00e9sent\u00e9 leur projet devant 2 800 personnes.<\/p>\n<p><a href=\"https:\/\/mcetv.fr\/mon-mag-culture\/mon-mag-serie-tv\/taxi-5-franck-gastambide-malik-bentalha-ne-font-pas-oublier-samy-naceri-1104\/\">https:\/\/mcetv.fr\/mon-mag-culture\/mon-mag-serie-tv\/taxi-5-franck-gastambide-malik-bentalha-ne-font-pas-oublier-samy-naceri-1104\/<\/a><\/p>\n","protected":false},"excerpt":{"rendered":"<p>J&rsquo;ai commenc\u00e9 mon stage \u00e0 MCE le 2 Janvier 2018. En cinq mois, j&rsquo;ai d\u00e9j\u00e0 \u00e9crit plus de 1 000 articles pour le site. Vous pouvez retrouver ci-dessous les diff\u00e9rentes rubriques pour lesquelles j&rsquo;ai r\u00e9dig\u00e9 ainsi que quelques articles. Articles HighTech La rubrique High-Tech traite des derni\u00e8res nouveaut\u00e9s concernant les smartphones mais aussi les r\u00e9seaux &hellip; <a href=\"http:\/\/www.efj.press\/victorinetolmosripoll\/?page_id=106\" class=\"more-link\">Continuer la lecture de <span class=\"screen-reader-text\">Plus de 1 000 articles \u00e9crits pour MCE<\/span>  <span class=\"meta-nav\">&rarr;<\/span><\/a><\/p>\n","protected":false},"author":98,"featured_media":0,"parent":97,"menu_order":0,"comment_status":"closed","ping_status":"closed","template":"","meta":{"footnotes":""},"_links":{"self":[{"href":"http:\/\/www.efj.press\/victorinetolmosripoll\/index.php?rest_route=\/wp\/v2\/pages\/106"}],"collection":[{"href":"http:\/\/www.efj.press\/victorinetolmosripoll\/index.php?rest_route=\/wp\/v2\/pages"}],"about":[{"href":"http:\/\/www.efj.press\/victorinetolmosripoll\/index.php?rest_route=\/wp\/v2\/types\/page"}],"author":[{"embeddable":true,"href":"http:\/\/www.efj.press\/victorinetolmosripoll\/index.php?rest_route=\/wp\/v2\/users\/98"}],"replies":[{"embeddable":true,"href":"http:\/\/www.efj.press\/victorinetolmosripoll\/index.php?rest_route=%2Fwp%2Fv2%2Fcomments&post=106"}],"version-history":[{"count":32,"href":"http:\/\/www.efj.press\/victorinetolmosripoll\/index.php?rest_route=\/wp\/v2\/pages\/106\/revisions"}],"predecessor-version":[{"id":192,"href":"http:\/\/www.efj.press\/victorinetolmosripoll\/index.php?rest_route=\/wp\/v2\/pages\/106\/revisions\/192"}],"up":[{"embeddable":true,"href":"http:\/\/www.efj.press\/victorinetolmosripoll\/index.php?rest_route=\/wp\/v2\/pages\/97"}],"wp:attachment":[{"href":"http:\/\/www.efj.press\/victorinetolmosripoll\/index.php?rest_route=%2Fwp%2Fv2%2Fmedia&parent=106"}],"curies":[{"name":"wp","href":"https:\/\/api.w.org\/{rel}","templated":true}]}}