{"id":102,"date":"2018-06-14T13:44:01","date_gmt":"2018-06-14T12:44:01","guid":{"rendered":"http:\/\/www.efj.press\/victorinetolmosripoll\/?page_id=102"},"modified":"2018-06-14T13:44:01","modified_gmt":"2018-06-14T12:44:01","slug":"christophe-cohen-de-developpeur-france-a-responsable-digital-pour-mce-fr","status":"publish","type":"page","link":"http:\/\/www.efj.press\/victorinetolmosripoll\/?page_id=102","title":{"rendered":"Christophe Cohen: de d\u00e9veloppeur France \u00e0 responsable digital pour MCE.fr"},"content":{"rendered":"<p><iframe loading=\"lazy\" width=\"474\" height=\"267\" src=\"https:\/\/www.youtube.com\/embed\/yCCRiMFpec8?feature=oembed\" frameborder=\"0\" allow=\"autoplay; encrypted-media\" allowfullscreen><\/iframe><\/p>\n<p>Christophe Cohen \u00e2g\u00e9 de 39 ans et papa d\u2019un petit gar\u00e7on est le responsable digital de <a href=\"https:\/\/mcetv.fr\">MCE.fr<\/a>. Alors que tout petit son r\u00eave \u00e9tait de devenir cuisinier, Christophe dirige finalement un m\u00e9dia web qui traite de la culture, des people ou encore de la musique. D\u00e9couvrez son interview. <\/p>\n<p><strong>Quel est ton poste actuellement ? <\/strong><\/p>\n<p>C\u2019est un peu hybride. J\u2019\u00e9tais responsable digital pour MCE mais je fais aussi maintenant du commercial, de la technique, du marketing, du partenariat. Donc je ne sais pas comment je pourrai me d\u00e9finir. Je n\u2019en ai aucune id\u00e9e. <\/p>\n<p><strong>Qu\u2019as-tu fait comme \u00e9tudes ? <\/strong><\/p>\n<p>Apr\u00e8s la troisi\u00e8me j\u2019ai fais un BEP action commercial et comptabilit\u00e9. Apr\u00e8s j\u2019ai fais un bac STT commerce. J\u2019ai fais un Deug AES, \u00e7a n\u2019existe plus. Une Licence Management des entreprises. Un Master 1 Gestion des Entreprises et un master 2 Management de l\u2019Innovation. <\/p>\n<p><strong>Quel est ton parcours professionnel ? <\/strong><\/p>\n<p>J\u2019ai du gal\u00e9rer 5 ou 6 mois comme les jeunes dipl\u00f4m\u00e9s. Apr\u00e8s j\u2019ai commenc\u00e9 \u00e0 travailler dans un street marketing, puis dans un centre d\u2019appel. Le premier vrai boulot que j\u2019ai trouv\u00e9, je ne sais plus comment \u00e7a s\u2019appelle, mais on installait des \u00e9crans connect\u00e9s dans les taxis \u00e0 Paris, Marseille, Nice, Aix-en-Provence et Bordeaux. Tu pouvais r\u00e9server ton h\u00f4tel, r\u00e9server ton mus\u00e9e, ta place, ton restaurant, tout ce que tu voulais. C\u2019\u00e9tait mon premier boulot. <\/p>\n<p>Apr\u00e8s j\u2019ai travaill\u00e9 un peu pour Facebook. Et je suis mont\u00e9 pour une agence web sur Paris. Apr\u00e8s je suis redescendu \u00e0 Marseille pour travailler sur un site Internet. Et c\u2019est Pierre Azoulay qui m\u2019a finalement fait monter sur Paris.<\/p>\n<p><strong>Comment es-tu arriv\u00e9 \u00e0 MCE (Ma Cha\u00eene Etudiante) ?<\/strong><\/p>\n<p>En fait je travaillais sur Marseille, et je finis ma mission. Et Pierre Azoulay m\u2019appelle et me dis \u2018Je monte un centre de relation appel intra et inter \u00e9l\u00e8ve\u2019. Donc pour les \u00e9l\u00e8ves des \u00e9coles et pour les entreprises des \u00e9coles. Je dis \u2018ok \u00e7a m\u2019int\u00e9resse\u2019. Il me dit \u2018Voil\u00e0, t\u2019as 6 mois pour le monter\u2019. <\/p>\n<p>Je l\u2019ai mont\u00e9 en 3 mois. Et au bout de trois mois il me dit \u2018J\u2019ai aussi comme projet d\u2019ouvrir le site MCE. Est-ce que \u00e7a t\u2019int\u00e9resse de bosser ?\u2019 donc je suis all\u00e9 travailler avec lui.<\/p>\n<p><strong>Pourquoi avoir choisi un type de m\u00e9dia comme MCE ? <\/strong><\/p>\n<p>Ce n\u2019est pas vraiment un choix. Puisqu\u2019au d\u00e9but o\u00f9 je suis arriv\u00e9 c\u2019\u00e9tait surtout une cha\u00eene de t\u00e9l\u00e9. Et je crois que c\u2019\u00e9tait de 2009 \u00e0 2011 le site internet c\u2019\u00e9tait que du replay. Les patrons se plaignaient qu\u2019il n\u2019y ait pas beaucoup de visiteurs et pas beaucoup de contenus. Et je leur ai dis que \u00e7a serait bien de faire de l\u2019actus. Donc je n\u2019ai pas vraiment choisi. \u00c7a s\u2019est fait tout seul et apr\u00e8s on verra bien dans le futur ce qu\u2019on peut faire. <\/p>\n<p><strong>Quelles sont tes forces et tes faiblesses ? <\/strong><\/p>\n<p>Mes faiblesses c\u2019est au niveau commercial. Je n\u2019ai pas du tout \u00e9t\u00e9 form\u00e9 pour \u00e7a. Donc j\u2019essaie de me d\u00e9brouiller. Ce n\u2019est pas facile tous les jours. Et pour les forces : c\u2019est la curiosit\u00e9.<\/p>\n<p><strong>Un conseil pour g\u00e9rer un site web ?<\/strong><\/p>\n<p>Etre multit\u00e2che et tout conna\u00eetre. Il faut savoir r\u00e9diger, il faut savoir comment \u00e7a fonctionne pour bien le g\u00e9rer.<\/p>\n<p><strong>Envisages-tu de rester \u00e0 MCE pour toujours ? <\/strong><\/p>\n<p>Pour toujours ? Je ne crois pas non. <\/p>\n","protected":false},"excerpt":{"rendered":"<p>Christophe Cohen \u00e2g\u00e9 de 39 ans et papa d\u2019un petit gar\u00e7on est le responsable digital de MCE.fr. Alors que tout petit son r\u00eave \u00e9tait de devenir cuisinier, Christophe dirige finalement un m\u00e9dia web qui traite de la culture, des people ou encore de la musique. D\u00e9couvrez son interview. Quel est ton poste actuellement ? C\u2019est &hellip; <a href=\"http:\/\/www.efj.press\/victorinetolmosripoll\/?page_id=102\" class=\"more-link\">Continuer la lecture de <span class=\"screen-reader-text\">Christophe Cohen: de d\u00e9veloppeur France \u00e0 responsable digital pour MCE.fr<\/span>  <span class=\"meta-nav\">&rarr;<\/span><\/a><\/p>\n","protected":false},"author":98,"featured_media":0,"parent":97,"menu_order":0,"comment_status":"closed","ping_status":"closed","template":"","meta":{"footnotes":""},"_links":{"self":[{"href":"http:\/\/www.efj.press\/victorinetolmosripoll\/index.php?rest_route=\/wp\/v2\/pages\/102"}],"collection":[{"href":"http:\/\/www.efj.press\/victorinetolmosripoll\/index.php?rest_route=\/wp\/v2\/pages"}],"about":[{"href":"http:\/\/www.efj.press\/victorinetolmosripoll\/index.php?rest_route=\/wp\/v2\/types\/page"}],"author":[{"embeddable":true,"href":"http:\/\/www.efj.press\/victorinetolmosripoll\/index.php?rest_route=\/wp\/v2\/users\/98"}],"replies":[{"embeddable":true,"href":"http:\/\/www.efj.press\/victorinetolmosripoll\/index.php?rest_route=%2Fwp%2Fv2%2Fcomments&post=102"}],"version-history":[{"count":5,"href":"http:\/\/www.efj.press\/victorinetolmosripoll\/index.php?rest_route=\/wp\/v2\/pages\/102\/revisions"}],"predecessor-version":[{"id":189,"href":"http:\/\/www.efj.press\/victorinetolmosripoll\/index.php?rest_route=\/wp\/v2\/pages\/102\/revisions\/189"}],"up":[{"embeddable":true,"href":"http:\/\/www.efj.press\/victorinetolmosripoll\/index.php?rest_route=\/wp\/v2\/pages\/97"}],"wp:attachment":[{"href":"http:\/\/www.efj.press\/victorinetolmosripoll\/index.php?rest_route=%2Fwp%2Fv2%2Fmedia&parent=102"}],"curies":[{"name":"wp","href":"https:\/\/api.w.org\/{rel}","templated":true}]}}