{"id":2,"date":"2015-10-29T01:02:50","date_gmt":"2015-10-29T00:02:50","guid":{"rendered":"http:\/\/www.efj.press\/vanessaschoonmann\/?page_id=2"},"modified":"2017-01-06T05:10:03","modified_gmt":"2017-01-06T04:10:03","slug":"page-d-exemple","status":"publish","type":"page","link":"http:\/\/www.efj.press\/vanessaschoonmann\/","title":{"rendered":"Bienvenue"},"content":{"rendered":"<p><a href=\"http:\/\/www.efj.press\/vanessaschoonmann\/wp-content\/uploads\/sites\/70\/2015\/10\/bienvenue-gif.gif\"><img loading=\"lazy\" decoding=\"async\" class=\"aligncenter size-full wp-image-300\" src=\"http:\/\/www.efj.press\/vanessaschoonmann\/wp-content\/uploads\/sites\/70\/2015\/10\/bienvenue-gif.gif\" alt=\"bienvenue gif\" width=\"100\" height=\"80\" \/><\/a><\/p>\n<p style=\"text-align: justify\"><span style=\"color: #3366ff\"><strong>Bonjour et bienvenue sur ce blog qui vous partage certains des travaux effectu\u00e9s pendant mon ann\u00e9e de MBA Journalisme et M\u00e9dias Digitaux &#8211; option Audiovisuel, \u00e0 l&rsquo;EFJ, l&rsquo;\u00c9cole Fran\u00e7aise du Nouveau Journalisme<\/strong>.<\/span><\/p>\n<p style=\"text-align: justify\">Vous y trouverez \u00a0:<strong> \u00a0<\/strong><\/p>\n<p style=\"text-align: justify\"><em>(Cliquez sur les textes en gras pour acc\u00e9der directement aux onglets concern\u00e9s)<\/em><\/p>\n<ul>\n<li style=\"text-align: justify\"><span style=\"color: #3366ff\"><strong><a style=\"color: #3366ff\" href=\"http:\/\/www.efj.press\/vanessaschoonmann\/stage-carenews-com\/\">les articles (web, print, multim\u00e9dia) et les vid\u00e9os r\u00e9alis\u00e9s pendant mon stage chez Carenews.com<\/a><\/strong><\/span>, de d\u00e9but ao\u00fbt 2016 \u00e0 fin d\u00e9cembre 2016<\/li>\n<li style=\"text-align: justify\"><span style=\"color: #3366ff\"><strong><a style=\"color: #3366ff\" href=\"http:\/\/www.efj.press\/vanessaschoonmann\/videos-efj-mojo-et-camera\/\">les vid\u00e9os r\u00e9alis\u00e9es pendant l&rsquo;ann\u00e9e de MBA <\/a><\/strong><\/span>(vid\u00e9os en MOJO, et grande enqu\u00eate audiovisuelle), d&rsquo;octobre 2015 \u00e0 juin 2016<\/li>\n<li style=\"text-align: justify\"><span style=\"color: #3366ff\"><strong>les articles (web et multim\u00e9dia) r\u00e9dig\u00e9s pendant l&rsquo;ann\u00e9e de MBA<\/strong><\/span>,\u00a0d&rsquo;octobre 2015 \u00e0 juin 2016<\/li>\n<\/ul>\n<p style=\"text-align: justify\">J&rsquo;ai un tr\u00e8s fort attrait pour les reportages et enqu\u00eates, en audiovisuel notamment. Je m&rsquo;int\u00e9resse aux th\u00e9matiques li\u00e9es \u00e0 l&rsquo;int\u00e9r\u00eat g\u00e9n\u00e9ral, \u00e0 la solidarit\u00e9, \u00e0 la sant\u00e9, \u00e0 l&rsquo;environnement, au social, \u00e0 l&rsquo;\u00e9ducation, mais \u00e9galement aux nouvelles technologies et \u00e0 la vulgarisation scientifique.<\/p>\n<p style=\"text-align: left\">Pour en savoir davantage sur moi, n&rsquo;h\u00e9sitez pas \u00e0 aller voir mon <span style=\"color: #3366ff\"><strong><a style=\"color: #3366ff\" href=\"http:\/\/www.efj.press\/vanessaschoonmann\/wp-content\/uploads\/sites\/70\/2015\/12\/CV-Vanessa-Schoonmann-01-2017-pour-blog.pdf\">CV<\/a>\u00a0<\/strong><span style=\"color: #000000\">ou l&rsquo;onglet <span style=\"color: #3366ff\"><strong><a style=\"color: #3366ff\" href=\"http:\/\/www.efj.press\/vanessaschoonmann\/a-propos\/\">\u00ab\u00a0A propos\u00a0\u00bb<\/a><\/strong><\/span><\/span><\/span><\/p>\n<h4 style=\"text-align: center\"><span style=\"color: #3366ff\">Bonne lecture !<\/span><\/h4>\n<p style=\"text-align: justify\">\n","protected":false},"excerpt":{"rendered":"<p>Bonjour et bienvenue sur ce blog qui vous partage certains des travaux effectu\u00e9s pendant mon ann\u00e9e de MBA Journalisme et M\u00e9dias Digitaux &#8211; option Audiovisuel, \u00e0 l&rsquo;EFJ, l&rsquo;\u00c9cole Fran\u00e7aise du Nouveau Journalisme. Vous y trouverez \u00a0: \u00a0 (Cliquez sur les textes en gras pour acc\u00e9der directement aux onglets concern\u00e9s) les articles (web, print, multim\u00e9dia) et &hellip; <a href=\"http:\/\/www.efj.press\/vanessaschoonmann\/\" class=\"more-link\">Continuer la lecture de <span class=\"screen-reader-text\">Bienvenue<\/span>  <span class=\"meta-nav\">&rarr;<\/span><\/a><\/p>\n","protected":false},"author":72,"featured_media":0,"parent":0,"menu_order":0,"comment_status":"closed","ping_status":"open","template":"","meta":{"footnotes":""},"_links":{"self":[{"href":"http:\/\/www.efj.press\/vanessaschoonmann\/wp-json\/wp\/v2\/pages\/2"}],"collection":[{"href":"http:\/\/www.efj.press\/vanessaschoonmann\/wp-json\/wp\/v2\/pages"}],"about":[{"href":"http:\/\/www.efj.press\/vanessaschoonmann\/wp-json\/wp\/v2\/types\/page"}],"author":[{"embeddable":true,"href":"http:\/\/www.efj.press\/vanessaschoonmann\/wp-json\/wp\/v2\/users\/72"}],"replies":[{"embeddable":true,"href":"http:\/\/www.efj.press\/vanessaschoonmann\/wp-json\/wp\/v2\/comments?post=2"}],"version-history":[{"count":22,"href":"http:\/\/www.efj.press\/vanessaschoonmann\/wp-json\/wp\/v2\/pages\/2\/revisions"}],"predecessor-version":[{"id":1076,"href":"http:\/\/www.efj.press\/vanessaschoonmann\/wp-json\/wp\/v2\/pages\/2\/revisions\/1076"}],"wp:attachment":[{"href":"http:\/\/www.efj.press\/vanessaschoonmann\/wp-json\/wp\/v2\/media?parent=2"}],"curies":[{"name":"wp","href":"https:\/\/api.w.org\/{rel}","templated":true}]}}