{"id":28,"date":"2016-12-06T14:35:13","date_gmt":"2016-12-06T13:35:13","guid":{"rendered":"http:\/\/www.efj.press\/thalielilianampouho\/?page_id=28"},"modified":"2016-12-07T17:59:56","modified_gmt":"2016-12-07T16:59:56","slug":"mojo","status":"publish","type":"page","link":"http:\/\/www.efj.press\/thalielilianampouho\/mojo\/","title":{"rendered":"Mojo"},"content":{"rendered":"<p><iframe loading=\"lazy\" width=\"474\" height=\"267\" src=\"https:\/\/www.youtube.com\/embed\/mVo_6HU7qRg?feature=oembed\" frameborder=\"0\" allowfullscreen><\/iframe><\/p>\n<p>Vid\u00e9o MOJO sur l&rsquo;interview d&rsquo;un Am\u00e9ricain suite \u00e0 l&rsquo;\u00e9lection de Donald Trump.<\/p>\n<p>Film\u00e9 avec un iPhone 6s et mont\u00e9 avec Vid\u00e9o Shop.<\/p>\n<p>&nbsp;<\/p>\n","protected":false},"excerpt":{"rendered":"<p>Vid\u00e9o MOJO sur l&rsquo;interview d&rsquo;un Am\u00e9ricain suite \u00e0 l&rsquo;\u00e9lection de Donald Trump. Film\u00e9 avec un iPhone 6s et mont\u00e9 avec Vid\u00e9o Shop. &nbsp;<\/p>\n","protected":false},"author":135,"featured_media":0,"parent":0,"menu_order":0,"comment_status":"closed","ping_status":"closed","template":"","meta":{"footnotes":""},"_links":{"self":[{"href":"http:\/\/www.efj.press\/thalielilianampouho\/wp-json\/wp\/v2\/pages\/28"}],"collection":[{"href":"http:\/\/www.efj.press\/thalielilianampouho\/wp-json\/wp\/v2\/pages"}],"about":[{"href":"http:\/\/www.efj.press\/thalielilianampouho\/wp-json\/wp\/v2\/types\/page"}],"author":[{"embeddable":true,"href":"http:\/\/www.efj.press\/thalielilianampouho\/wp-json\/wp\/v2\/users\/135"}],"replies":[{"embeddable":true,"href":"http:\/\/www.efj.press\/thalielilianampouho\/wp-json\/wp\/v2\/comments?post=28"}],"version-history":[{"count":4,"href":"http:\/\/www.efj.press\/thalielilianampouho\/wp-json\/wp\/v2\/pages\/28\/revisions"}],"predecessor-version":[{"id":64,"href":"http:\/\/www.efj.press\/thalielilianampouho\/wp-json\/wp\/v2\/pages\/28\/revisions\/64"}],"wp:attachment":[{"href":"http:\/\/www.efj.press\/thalielilianampouho\/wp-json\/wp\/v2\/media?parent=28"}],"curies":[{"name":"wp","href":"https:\/\/api.w.org\/{rel}","templated":true}]}}