{"id":12,"date":"2016-11-16T16:13:32","date_gmt":"2016-11-16T15:13:32","guid":{"rendered":"http:\/\/www.efj.press\/thalielilianampouho\/?page_id=12"},"modified":"2016-12-07T17:55:29","modified_gmt":"2016-12-07T16:55:29","slug":"accueil","status":"publish","type":"page","link":"http:\/\/www.efj.press\/thalielilianampouho\/accueil\/","title":{"rendered":"Accueil"},"content":{"rendered":"<p style=\"text-align: center\"><img loading=\"lazy\" decoding=\"async\" class=\"alignnone size-medium wp-image-7\" src=\"http:\/\/www.efj.press\/thalielilianampouho\/wp-content\/uploads\/sites\/155\/2016\/11\/image-224x300.jpeg\" alt=\"image\" width=\"224\" height=\"300\" srcset=\"http:\/\/www.efj.press\/thalielilianampouho\/wp-content\/uploads\/sites\/155\/2016\/11\/image-224x300.jpeg 224w, http:\/\/www.efj.press\/thalielilianampouho\/wp-content\/uploads\/sites\/155\/2016\/11\/image.jpeg 432w\" sizes=\"(max-width: 224px) 100vw, 224px\" \/><\/p>\n<p style=\"text-align: center\">Bienvenue su mon blog !<\/p>\n<p style=\"text-align: center\">Bonjour je m&rsquo;appelle Thalie Mpouho, j&rsquo;ai 21 ans et je suis actuellement \u00e0 l&rsquo;EFJ, l&rsquo;\u00e9cole du nouveau journalisme.<\/p>\n<p style=\"text-align: center\">J&rsquo;aimerais travailler dans la presse \u00e9crite et ainsi diriger mon propore magazine.<\/p>\n<p style=\"text-align: center\">Mon blog tounera autour de mes principaux centres d&rsquo;int\u00e9r\u00eats tels que la musique, le cin\u00e9ma et la litt\u00e9rature.<\/p>\n<p><a href=\"https:\/\/www.instagram.com\/thalyloou\/\">\u00a0<\/a>\u00a0 \u00a0 \u00a0 \u00a0 \u00a0\u00a0 \u00a0\u00a0<a href=\"https:\/\/www.instagram.com\/thalyloou\/\"><img loading=\"lazy\" decoding=\"async\" class=\"wp-image-59 aligncenter\" src=\"http:\/\/www.efj.press\/thalielilianampouho\/wp-content\/uploads\/sites\/155\/2016\/11\/Instagram_App_Large_May2016_200.png\" alt=\"instagram_app_large_may2016_200\" width=\"71\" height=\"71\" srcset=\"http:\/\/www.efj.press\/thalielilianampouho\/wp-content\/uploads\/sites\/155\/2016\/11\/Instagram_App_Large_May2016_200.png 200w, http:\/\/www.efj.press\/thalielilianampouho\/wp-content\/uploads\/sites\/155\/2016\/11\/Instagram_App_Large_May2016_200-150x150.png 150w\" sizes=\"(max-width: 71px) 100vw, 71px\" \/><\/a><a href=\"https:\/\/www.facebook.com\/thalylou?fref=ts\"><img loading=\"lazy\" decoding=\"async\" class=\"wp-image-58 aligncenter\" src=\"http:\/\/www.efj.press\/thalielilianampouho\/wp-content\/uploads\/sites\/155\/2016\/11\/fb_icon_325x325-300x300.png\" alt=\"fb_icon_325x325\" width=\"64\" height=\"64\" srcset=\"http:\/\/www.efj.press\/thalielilianampouho\/wp-content\/uploads\/sites\/155\/2016\/11\/fb_icon_325x325-300x300.png 300w, http:\/\/www.efj.press\/thalielilianampouho\/wp-content\/uploads\/sites\/155\/2016\/11\/fb_icon_325x325-150x150.png 150w, http:\/\/www.efj.press\/thalielilianampouho\/wp-content\/uploads\/sites\/155\/2016\/11\/fb_icon_325x325.png 325w\" sizes=\"(max-width: 64px) 100vw, 64px\" \/><\/a><a href=\"https:\/\/www.youtube.com\/channel\/UCFx8fTXN8wW9t6d4ZZbSa7g\"><img loading=\"lazy\" decoding=\"async\" class=\"wp-image-57 aligncenter\" src=\"http:\/\/www.efj.press\/thalielilianampouho\/wp-content\/uploads\/sites\/155\/2016\/11\/YouTube-icon-full_color-300x211.png\" alt=\"youtube-icon-full_color\" width=\"90\" height=\"64\" srcset=\"http:\/\/www.efj.press\/thalielilianampouho\/wp-content\/uploads\/sites\/155\/2016\/11\/YouTube-icon-full_color-300x211.png 300w, http:\/\/www.efj.press\/thalielilianampouho\/wp-content\/uploads\/sites\/155\/2016\/11\/YouTube-icon-full_color-768x541.png 768w, http:\/\/www.efj.press\/thalielilianampouho\/wp-content\/uploads\/sites\/155\/2016\/11\/YouTube-icon-full_color.png 1024w\" sizes=\"(max-width: 90px) 100vw, 90px\" \/><\/a><\/p>\n<p>&nbsp;<\/p>\n<p>&nbsp;<\/p>\n","protected":false},"excerpt":{"rendered":"<p>Bienvenue su mon blog ! Bonjour je m&rsquo;appelle Thalie Mpouho, j&rsquo;ai 21 ans et je suis actuellement \u00e0 l&rsquo;EFJ, l&rsquo;\u00e9cole du nouveau journalisme. J&rsquo;aimerais travailler dans la presse \u00e9crite et ainsi diriger mon propore magazine. Mon blog tounera autour de mes principaux centres d&rsquo;int\u00e9r\u00eats tels que la musique, le cin\u00e9ma et la litt\u00e9rature. \u00a0\u00a0 \u00a0 &hellip; <a href=\"http:\/\/www.efj.press\/thalielilianampouho\/accueil\/\" class=\"more-link\">Continuer la lecture de <span class=\"screen-reader-text\">Accueil<\/span>  <span class=\"meta-nav\">&rarr;<\/span><\/a><\/p>\n","protected":false},"author":135,"featured_media":0,"parent":0,"menu_order":0,"comment_status":"closed","ping_status":"closed","template":"","meta":{"footnotes":""},"_links":{"self":[{"href":"http:\/\/www.efj.press\/thalielilianampouho\/wp-json\/wp\/v2\/pages\/12"}],"collection":[{"href":"http:\/\/www.efj.press\/thalielilianampouho\/wp-json\/wp\/v2\/pages"}],"about":[{"href":"http:\/\/www.efj.press\/thalielilianampouho\/wp-json\/wp\/v2\/types\/page"}],"author":[{"embeddable":true,"href":"http:\/\/www.efj.press\/thalielilianampouho\/wp-json\/wp\/v2\/users\/135"}],"replies":[{"embeddable":true,"href":"http:\/\/www.efj.press\/thalielilianampouho\/wp-json\/wp\/v2\/comments?post=12"}],"version-history":[{"count":5,"href":"http:\/\/www.efj.press\/thalielilianampouho\/wp-json\/wp\/v2\/pages\/12\/revisions"}],"predecessor-version":[{"id":62,"href":"http:\/\/www.efj.press\/thalielilianampouho\/wp-json\/wp\/v2\/pages\/12\/revisions\/62"}],"wp:attachment":[{"href":"http:\/\/www.efj.press\/thalielilianampouho\/wp-json\/wp\/v2\/media?parent=12"}],"curies":[{"name":"wp","href":"https:\/\/api.w.org\/{rel}","templated":true}]}}