{"id":78,"date":"2016-05-16T12:47:13","date_gmt":"2016-05-16T11:47:13","guid":{"rendered":"http:\/\/www.efj.press\/stephanetan\/?page_id=78"},"modified":"2017-07-26T08:38:43","modified_gmt":"2017-07-26T07:38:43","slug":"evenements","status":"publish","type":"page","link":"http:\/\/www.efj.press\/stephanetan\/evenements\/","title":{"rendered":"STAGE FOOT NATIONAL"},"content":{"rendered":"<p><a href=\"http:\/\/www.foot-national.com\/foot-franck-priou-m-engager-a-200-dans-un-projet-97820.html\">Interview de Franck Priou, ancien footballeur et entra\u00eeneur fran\u00e7ais<\/a><\/p>\n<p><a href=\"http:\/\/www.foot-national.com\/foot-monaco-un-accord-avec-le-real-pour-mbappe-99181.html\">Monaco : Un accord avec le Real pour Mbapp\u00e9 ?<\/a><\/p>\n<p><a href=\"http:\/\/www.foot-national.com\/foot-fc-nantes-un-dernier-frein-a-la-venue-dun-grand-entraineur-italien-97688.html\">FC Nantes : Un dernier frein \u00e0 la venue d&rsquo;un grand entra\u00eeneur italien?\u00a0<\/a><\/p>\n<p><a href=\"http:\/\/www.foot-national.com\/foot-paris-sg-des-envies-de-depart-pour-un-milieu-parisien-97689.html\">Paris SG : Des envies de d\u00e9part pour un milieu parisien ?<\/a><\/p>\n<p><a href=\"http:\/\/www.foot-national.com\/foot-barrage-national-3-quetigny-et-feytiat-promus-97905.html\">Barrage National 3 : Quetigny et Feytiat promus !<\/a><\/p>\n<p><a href=\"http:\/\/www.foot-national.com\/foot-paris-sg-ronaldo-une-preference-pour-paris-98000.html\">Paris SG : Ronaldo, une pr\u00e9f\u00e9rence pour Paris ?<\/a><\/p>\n<p><a href=\"http:\/\/www.foot-national.com\/foot-monaco-zidane-prend-contact-pour-mbappe-98092.html\">Monaco : L&rsquo;\u00e9change secret entre Zidane-Mbapp\u00e9\u00a0<\/a><\/p>\n<p><a href=\"http:\/\/www.foot-national.com\/foot-tours-un-attaquant-d-experience-laisse-libre-off-98395.html\">Tours : Un attaquant d&rsquo;exp\u00e9rience laiss\u00e9 libre\u00a0<\/a><\/p>\n<p><a href=\"http:\/\/www.foot-national.com\/foot-strasbourg-un-buteur-en-approche-98405.html\">Strasbourg: Un buteur en approche ?\u00a0<\/a><\/p>\n<p><a href=\"http:\/\/www.foot-national.com\/foot-paris-sg-neymar-ca-brule-99056.html\">Paris SG : Neymar, \u00e7a br\u00fble<\/a><\/p>\n<p>&nbsp;<\/p>\n<p>&nbsp;<\/p>\n","protected":false},"excerpt":{"rendered":"<p>Interview de Franck Priou, ancien footballeur et entra\u00eeneur fran\u00e7ais Monaco : Un accord avec le Real pour Mbapp\u00e9 ? FC Nantes : Un dernier frein \u00e0 la venue d&rsquo;un grand entra\u00eeneur italien?\u00a0 Paris SG : Des envies de d\u00e9part pour un milieu parisien ? Barrage National 3 : Quetigny et Feytiat promus ! Paris SG &hellip; <a href=\"http:\/\/www.efj.press\/stephanetan\/evenements\/\" class=\"more-link\">Continuer la lecture de <span class=\"screen-reader-text\">STAGE FOOT NATIONAL<\/span>  <span class=\"meta-nav\">&rarr;<\/span><\/a><\/p>\n","protected":false},"author":96,"featured_media":0,"parent":0,"menu_order":1,"comment_status":"closed","ping_status":"closed","template":"","meta":{"footnotes":""},"_links":{"self":[{"href":"http:\/\/www.efj.press\/stephanetan\/wp-json\/wp\/v2\/pages\/78"}],"collection":[{"href":"http:\/\/www.efj.press\/stephanetan\/wp-json\/wp\/v2\/pages"}],"about":[{"href":"http:\/\/www.efj.press\/stephanetan\/wp-json\/wp\/v2\/types\/page"}],"author":[{"embeddable":true,"href":"http:\/\/www.efj.press\/stephanetan\/wp-json\/wp\/v2\/users\/96"}],"replies":[{"embeddable":true,"href":"http:\/\/www.efj.press\/stephanetan\/wp-json\/wp\/v2\/comments?post=78"}],"version-history":[{"count":7,"href":"http:\/\/www.efj.press\/stephanetan\/wp-json\/wp\/v2\/pages\/78\/revisions"}],"predecessor-version":[{"id":309,"href":"http:\/\/www.efj.press\/stephanetan\/wp-json\/wp\/v2\/pages\/78\/revisions\/309"}],"wp:attachment":[{"href":"http:\/\/www.efj.press\/stephanetan\/wp-json\/wp\/v2\/media?parent=78"}],"curies":[{"name":"wp","href":"https:\/\/api.w.org\/{rel}","templated":true}]}}