{"id":48,"date":"2016-05-09T15:19:18","date_gmt":"2016-05-09T14:19:18","guid":{"rendered":"http:\/\/www.efj.press\/stephanetan\/?page_id=48"},"modified":"2017-05-15T10:50:44","modified_gmt":"2017-05-15T09:50:44","slug":"mon-cv","status":"publish","type":"page","link":"http:\/\/www.efj.press\/stephanetan\/a-propos\/mon-cv\/","title":{"rendered":"Curriculum Vitae"},"content":{"rendered":"<p><strong>St\u00e9phane TAN \u00a0 \u00a0 \u00a0 \u00a0 \u00a0 \u00a0 \u00a0 \u00a0 \u00a0<\/strong><\/p>\n<p><strong>\u00a0<\/strong>41 Rue du Disque 75013<\/p>\n<p>0684166741<\/p>\n<p>Stephane.TAN@efj.fr<\/p>\n<p>12\/03\/1996<\/p>\n<p><a href=\"http:\/\/www.efj.press\/stephanetan\/wp-content\/uploads\/sites\/117\/2016\/05\/stephane-PP.jpg\"><img loading=\"lazy\" decoding=\"async\" class=\"alignnone wp-image-296\" src=\"http:\/\/www.efj.press\/stephanetan\/wp-content\/uploads\/sites\/117\/2016\/05\/stephane-PP-300x300.jpg\" alt=\"stephane-pp\" width=\"219\" height=\"219\" srcset=\"http:\/\/www.efj.press\/stephanetan\/wp-content\/uploads\/sites\/117\/2016\/05\/stephane-PP-300x300.jpg 300w, http:\/\/www.efj.press\/stephanetan\/wp-content\/uploads\/sites\/117\/2016\/05\/stephane-PP-150x150.jpg 150w, http:\/\/www.efj.press\/stephanetan\/wp-content\/uploads\/sites\/117\/2016\/05\/stephane-PP-768x768.jpg 768w, http:\/\/www.efj.press\/stephanetan\/wp-content\/uploads\/sites\/117\/2016\/05\/stephane-PP.jpg 918w\" sizes=\"(max-width: 219px) 100vw, 219px\" \/><\/a><\/p>\n<ul>\n<li><strong>FORMATIONS :<\/strong><\/li>\n<\/ul>\n<p>2015\/2016: EFJ 1\u00e8re Ann\u00e9e<\/p>\n<p>2014\/2015: Lyc\u00e9e Louis Le Grand: Obtention du Baccalaur\u00e9at technologique\u00a0STI2D<\/p>\n<p>2011\/2013: Lyc\u00e9e Lavoisier<\/p>\n<p>2010\/2011: Coll\u00e8ge Gustave Flaubert: Brevet des Coll\u00e8ges<\/p>\n<ul>\n<li><strong>EXP\u00c9RIENCES PROFESSIONNELLES\u00a0 :<\/strong><\/li>\n<\/ul>\n<p><strong>Date :<\/strong> Du 6 septembre au 31 d\u00e9cembre 2016<\/p>\n<p><strong>Position :<\/strong> Stagiaire chez M\u00e9dia 365 (acteur de r\u00e9f\u00e9rence\u00a0dans le domaine de l&rsquo;\u00e9dition et de la production de\u00a0contenus). Football365.fr et Sport365.fr<\/p>\n<p><strong>Responsabilit\u00e9s :<\/strong> R\u00e9daction d\u2019articles et de br\u00e8ves,\u00a0directs comment\u00e9s, interviews<\/p>\n<p><b>Date :<\/b> 1er juin au 20 Juillet 2016<\/p>\n<p><b>Position :<\/b> Stagiaire chez Good Morning Crowdfunding (m\u00e9dia d\u00e9di\u00e9 \u00e0 l\u2019actualit\u00e9 du financement participatif)<\/p>\n<p><b>Responsabilit\u00e9s :<\/b> R\u00e9daction d\u2019articles, Community Manager, participation \u00e0 des \u00e9v\u00e8nements (interview, rencontres\u2026)<\/p>\n<p><em><strong>Date:<\/strong><\/em> Du 1er au 31 Juillet 2014<\/p>\n<p><strong><em>Position<\/em><\/strong>: Manutentionnaire<\/p>\n<p><em><strong>Responsabilit\u00e9s:<\/strong><\/em> Manutention<\/p>\n<p>Cr\u00e9ation de tableau sous Excel pour les commandes d&rsquo;arriv\u00e9es et\/ou de\u00a0d\u00e9parts<\/p>\n<p><strong><em>Date:<\/em><\/strong> Du 13 au 17 D\u00e9cembre 2010<\/p>\n<p><em><strong>Position:<\/strong><\/em> Stagiaire<\/p>\n<p><strong><em>Responsabilit\u00e9s:\u00a0<\/em><\/strong>Initialisation caisses enregistreuses \u00a0 \u00a0 \u00a0 \u00a0 \u00a0 \u00a0 \u00a0 \u00a0 \u00a0 \u00a0 \u00a0 \u00a0 \u00a0 \u00a0 \u00a0 \u00a0 \u00a0 \u00a0 \u00a0 \u00a0 \u00a0 \u00a0 \u00a0 \u00a0 \u00a0 \u00a0 \u00a0 \u00a0 \u00a0Mettre en relation les clients avec la soci\u00e9t\u00e9<\/p>\n<p>&#8211; R\u00e9dige des articles pour <em><strong>La Sueur<\/strong><\/em> (M\u00e9dia Sportif &amp; Culturel)<\/p>\n<p>&#8211; Soutien scolaire cours de chinois<\/p>\n<p>\u2022\u00a0<b>COMP\u00c9TENCES<\/b><\/p>\n<p><strong><em>Langues parl\u00e9es :<\/em><\/strong> Chinois Bilingue \u00a0 \u00a0 \u00a0 \u00a0 \u00a0 \u00a0 \u00a0 \u00a0 \u00a0 \u00a0 \u00a0 \u00a0 \u00a0 \u00a0 \u00a0 \u00a0 \u00a0 \u00a0 \u00a0 \u00a0 \u00a0 \u00a0 \u00a0 \u00a0 \u00a0 \u00a0 \u00a0 \u00a0 \u00a0 \u00a0 \u00a0 \u00a0 \u00a0 \u00a0 \u00a0 \u00a0 \u00a0 \u00a0 \u00a0 \u00a0 \u00a0 \u00a0 \u00a0 \u00a0 \u00a0 \u00a0 \u00a0 \u00a0 \u00a0 \u00a0 \u00a0 \u00a0 \u00a0 \u00a0 \u00a0 \u00a0 \u00a0 \u00a0Anglais Courant \u00a0 \u00a0 \u00a0 \u00a0 \u00a0 \u00a0 \u00a0 \u00a0 \u00a0 \u00a0 \u00a0 \u00a0 \u00a0 \u00a0 \u00a0 \u00a0 \u00a0 \u00a0 \u00a0 \u00a0 \u00a0 \u00a0 \u00a0 \u00a0 \u00a0 \u00a0 \u00a0 \u00a0 \u00a0 \u00a0 \u00a0 \u00a0 \u00a0 \u00a0 \u00a0 \u00a0 \u00a0 \u00a0 \u00a0 \u00a0 \u00a0 \u00a0 \u00a0 \u00a0 \u00a0 \u00a0 \u00a0 \u00a0 \u00a0 \u00a0 \u00a0 \u00a0 \u00a0 \u00a0 \u00a0 \u00a0 \u00a0 \u00a0 \u00a0Cantonais Courant \u00a0 \u00a0 \u00a0 \u00a0 \u00a0 \u00a0 \u00a0 \u00a0 \u00a0 \u00a0 \u00a0 \u00a0 \u00a0 \u00a0 \u00a0 \u00a0 \u00a0 \u00a0 \u00a0 \u00a0 \u00a0 \u00a0 \u00a0 \u00a0 \u00a0 \u00a0 \u00a0 \u00a0 \u00a0 \u00a0 \u00a0 \u00a0 \u00a0 \u00a0 \u00a0 \u00a0 \u00a0 \u00a0 \u00a0 \u00a0 \u00a0 \u00a0 \u00a0 \u00a0 \u00a0 \u00a0 \u00a0 \u00a0 \u00a0 \u00a0 \u00a0 \u00a0 \u00a0 \u00a0 \u00a0Allemand Niveau Scolaire<\/p>\n<p><em><strong>Informatiques :<\/strong><\/em> Word, Excel, PowerPoint \u00a0 \u00a0 \u00a0 \u00a0 \u00a0 \u00a0 \u00a0 \u00a0 \u00a0 \u00a0 \u00a0 \u00a0 \u00a0 \u00a0 \u00a0 \u00a0 \u00a0 \u00a0 \u00a0 \u00a0 \u00a0 \u00a0 \u00a0 \u00a0 \u00a0 \u00a0 \u00a0 \u00a0 \u00a0 \u00a0 \u00a0 \u00a0 \u00a0 \u00a0 \u00a0 \u00a0 \u00a0 \u00a0 \u00a0 \u00a0 \u00a0 \u00a0 \u00a0 \u00a0 \u00a0 \u00a0 \u00a0\u00a0\u00a0Photoshop, InDesign<\/p>\n<p><strong><em>Langage informatique:<\/em><\/strong> C, HTML, PHP, JAVASCRIPT Niveau Scolaire<\/p>\n<p>&#8211; Mobile Journalisme (MOJO)<\/p>\n<p>&#8211; Data-journalisme<\/p>\n<ul>\n<li><strong>CENTRE D\u2019INT\u00c9R\u00caTS<\/strong><\/li>\n<\/ul>\n<p><strong><em>Sports<\/em><\/strong>: Football: 10 ans de pratique en comp\u00e9tition \u00a0 \u00a0 \u00a0 \u00a0 \u00a0 \u00a0 \u00a0 \u00a0 \u00a0 \u00a0 \u00a0 \u00a0 \u00a0 \u00a0 \u00a0 \u00a0 \u00a0 \u00a0 \u00a0 \u00a0 \u00a0 \u00a0 \u00a0 \u00a0 \u00a0 \u00a0 \u00a0 Badminton: 5 ans de pratique en comp\u00e9tition \u00a0 \u00a0 \u00a0 \u00a0 \u00a0 \u00a0 \u00a0 \u00a0 \u00a0 \u00a0 \u00a0 \u00a0 \u00a0 \u00a0 \u00a0 \u00a0 \u00a0 \u00a0 \u00a0 \u00a0 \u00a0 \u00a0 \u00a0 \u00a0 \u00a0 \u00a0\u00a0Tennis de table: 3 ans de pratique<\/p>\n<p><em><strong>Loisirs:<\/strong><\/em> Cin\u00e9ma \u00a0 \u00a0 \u00a0 \u00a0 \u00a0 \u00a0 \u00a0 \u00a0 \u00a0 \u00a0 \u00a0 \u00a0 \u00a0 \u00a0 \u00a0 \u00a0 \u00a0 \u00a0 \u00a0 \u00a0 \u00a0 \u00a0 \u00a0 \u00a0 \u00a0 \u00a0 \u00a0 \u00a0 \u00a0 \u00a0 \u00a0 \u00a0 \u00a0 \u00a0 \u00a0 \u00a0 \u00a0 \u00a0 \u00a0 \u00a0 \u00a0 \u00a0 \u00a0 \u00a0 \u00a0 \u00a0 \u00a0 \u00a0 \u00a0 \u00a0 \u00a0 \u00a0 \u00a0 \u00a0 \u00a0 \u00a0 \u00a0 \u00a0 \u00a0 \u00a0 \u00a0 \u00a0 \u00a0 \u00a0 \u00a0 \u00a0 \u00a0 \u00a0\u00a0High-Tech \/ Num\u00e9rique \/ Nouvelles technologies<\/p>\n<p><strong><em>Voyages:<\/em><\/strong> Retour en Asie une fois tout les deux ans<\/p>\n","protected":false},"excerpt":{"rendered":"<p>St\u00e9phane TAN \u00a0 \u00a0 \u00a0 \u00a0 \u00a0 \u00a0 \u00a0 \u00a0 \u00a0 \u00a041 Rue du Disque 75013 0684166741 Stephane.TAN@efj.fr 12\/03\/1996 FORMATIONS : 2015\/2016: EFJ 1\u00e8re Ann\u00e9e 2014\/2015: Lyc\u00e9e Louis Le Grand: Obtention du Baccalaur\u00e9at technologique\u00a0STI2D 2011\/2013: Lyc\u00e9e Lavoisier 2010\/2011: Coll\u00e8ge Gustave Flaubert: Brevet des Coll\u00e8ges EXP\u00c9RIENCES PROFESSIONNELLES\u00a0 : Date : Du 6 septembre au 31 d\u00e9cembre &hellip; <a href=\"http:\/\/www.efj.press\/stephanetan\/a-propos\/mon-cv\/\" class=\"more-link\">Continuer la lecture de <span class=\"screen-reader-text\">Curriculum Vitae<\/span>  <span class=\"meta-nav\">&rarr;<\/span><\/a><\/p>\n","protected":false},"author":96,"featured_media":0,"parent":28,"menu_order":0,"comment_status":"closed","ping_status":"closed","template":"","meta":{"footnotes":""},"_links":{"self":[{"href":"http:\/\/www.efj.press\/stephanetan\/wp-json\/wp\/v2\/pages\/48"}],"collection":[{"href":"http:\/\/www.efj.press\/stephanetan\/wp-json\/wp\/v2\/pages"}],"about":[{"href":"http:\/\/www.efj.press\/stephanetan\/wp-json\/wp\/v2\/types\/page"}],"author":[{"embeddable":true,"href":"http:\/\/www.efj.press\/stephanetan\/wp-json\/wp\/v2\/users\/96"}],"replies":[{"embeddable":true,"href":"http:\/\/www.efj.press\/stephanetan\/wp-json\/wp\/v2\/comments?post=48"}],"version-history":[{"count":19,"href":"http:\/\/www.efj.press\/stephanetan\/wp-json\/wp\/v2\/pages\/48\/revisions"}],"predecessor-version":[{"id":299,"href":"http:\/\/www.efj.press\/stephanetan\/wp-json\/wp\/v2\/pages\/48\/revisions\/299"}],"up":[{"embeddable":true,"href":"http:\/\/www.efj.press\/stephanetan\/wp-json\/wp\/v2\/pages\/28"}],"wp:attachment":[{"href":"http:\/\/www.efj.press\/stephanetan\/wp-json\/wp\/v2\/media?parent=48"}],"curies":[{"name":"wp","href":"https:\/\/api.w.org\/{rel}","templated":true}]}}