{"id":142,"date":"2016-09-20T17:29:09","date_gmt":"2016-09-20T16:29:09","guid":{"rendered":"http:\/\/www.efj.press\/stephanetan\/?page_id=142"},"modified":"2016-12-07T17:52:04","modified_gmt":"2016-12-07T16:52:04","slug":"football-2","status":"publish","type":"page","link":"http:\/\/www.efj.press\/stephanetan\/stage-media365\/football-2\/","title":{"rendered":"FOOTBALL"},"content":{"rendered":"<p class=\"title\"><a href=\"http:\/\/www.football365.fr\/l1-nice-leicester-jeu-7-differences-2835739.html\">L1 \u2013 NICE-LEICESTER : LE JEU DES 7 DIFF\u00c9RENCES<\/a><\/p>\n<p class=\"title\"><a href=\"http:\/\/www.football365.fr\/top-10-celebrations-plus-polemiques-2740684.html\">LE TOP 10 DES C\u00c9L\u00c9BRATIONS LES PLUS POL\u00c9MIQUES<\/a><\/p>\n<p class=\"title\"><a href=\"http:\/\/www.football365.fr\/liga-clasico-top-10-joueurs-passes-barcelone-madrid-2831935.html#item=1\">LIGA \u2013 CLASICO : LE TOP 10 DES JOUEURS PASS\u00c9S PAR BARCELONE ET MADRID<\/a><\/p>\n<p class=\"title\"><a href=\"http:\/\/www.football365.fr\/bleus-moussa-sissoko-indiscutable-bleus-club-2794360.html\">BLEUS : MOUSSA SISSOKO, INDISCUTABLE EN BLEUS, UN PEU MOINS EN CLUB<\/a><\/p>\n<p class=\"title\"><a href=\"http:\/\/www.football365.fr\/c1-real-madrid-ronaldo-de-retour-a-maison-2697021.html\">RONALDO DE RETOUR \u00c0 LA MAISON<\/a><\/p>\n<p class=\"title\"><a href=\"http:\/\/www.mercato365.com\/italie-as-rome-saison-de-plus-leternel-totti-2693725.html\">UNE SAISON DE PLUS POUR L\u2019\u00c9TERNEL TOTTI ?<\/a><\/p>\n<p class=\"title\"><a href=\"http:\/\/www.football365.fr\/l1-psg-jese-se-confie-nouvelle-vie-parisienne-2693575.html\">JES\u00c9 SE CONFIE SUR SA NOUVELLE VIE PARISIENNE<\/a><\/p>\n<p class=\"title\"><a href=\"http:\/\/www.football365.fr\/l1-asse-club-nouvelle-ere-2690085.html\">SAINT-ETIENNE : LE CLUB DANS UNE NOUVELLE \u00c8RE ?<\/a><\/p>\n<p class=\"title\"><a href=\"http:\/\/www.football365.fr\/angleterre-watford-capoue-renaissance-2702699.html\">ETIENNE CAPOUE, LA RENAISSANCE<\/a><\/p>\n<p class=\"title\"><a href=\"http:\/\/www.football365.fr\/espagne-fc-barcelone-luis-enrique-instaure-nouvelle-gestion-de-effectif-2704882.html\">LUIS ENRIQUE INSTAURE UNE NOUVELLE GESTION DE SON EFFECTIF<\/a><\/p>\n<p class=\"title\"><a href=\"http:\/\/www.football365.fr\/juventus-ligue-champions-bete-noire-dhiguain-2698009.html\">LA LIGUE DES CHAMPIONS, B\u00caTE NOIRE DE GONZALO HIGUAIN<\/a><\/p>\n<p class=\"title\"><a href=\"http:\/\/www.football365.fr\/angleterre-marcus-rashford-roi-premieres-2689111.html\">MARCUS RASHFORD, LE ROI DES \u00ab PREMI\u00c8RES \u00bb<\/a><\/p>\n<p class=\"title\"><a href=\"http:\/\/www.football365.fr\/debuts-relation-carriere-mancini-dit-balotelli-2744536.html\">SES D\u00c9BUTS, LEUR RELATION, SA CARRI\u00c8RE\u2026 MANCINI DIT TOUT SUR BALOTELLI<\/a><\/p>\n<p class=\"title\"><a href=\"http:\/\/www.sport365.fr\/l1-lyon-maxwell-cornet-plutot-chez-bleus-elephants-2710024.html\">L1 \u2013 LYON : MAXWELL CORNET, PLUT\u00d4T CHEZ LES BLEUS OU LES EL\u00c9PHANTS ?<\/a><\/p>\n<p class=\"title\"><a href=\"http:\/\/www.football365.fr\/angleterre-everton-gareth-barry-veut-detroner-ryan-giggs-2706199.html\">ANGLETERRE \u2013 EVERTON : GARETH BARRY VEUT D\u00c9TR\u00d4NER RYAN GIGGS<\/a><\/p>\n<p class=\"title\"><a href=\"http:\/\/www.football365.fr\/angleterre-manchester-united-rashford-etre-titulaire-selon-phil-neville-2711497.html\">MANCHESTER UNITED : RASHFORD DOIT \u00caTRE TITULAIRE SELON PHIL NEVILLE<\/a><\/p>\n<p class=\"title\"><a href=\"http:\/\/www.football365.fr\/buzz-top-10-plus-gros-petages-de-plomb-devant-cameras-2711860.html\">BUZZ : LE TOP 10 DES PLUS GROS P\u00c9TAGES DE PLOMB DEVANT LES CAM\u00c9RAS<\/a><\/p>\n<p class=\"title\"><a href=\"http:\/\/www.football365.fr\/allemagne-bayern-munich-metier-dentraineur-carlo-ancelotti-2713030.html\">BAYERN MUNICH : LE M\u00c9TIER D\u2019ENTRA\u00ceNEUR VU PAR CARLO ANCELOTTI<\/a><\/p>\n<p class=\"title\"><a href=\"http:\/\/www.football365.fr\/angleterre-manchester-united-rooney-repond-a-detracteurs-2713291.html\">MANCHESTER UNITED : ROONEY R\u00c9POND \u00c0 SES D\u00c9TRACTEURS<\/a><\/p>\n<p class=\"title\"><a href=\"http:\/\/www.football365.fr\/l1-psg-bordeaux-sabaly-leternel-prete-2726737.html\">L1 \u2013 PSG-BORDEAUX : SABALY, L\u2019\u00c9TERNEL PR\u00caT\u00c9<\/a><\/p>\n<p class=\"title\"><a href=\"http:\/\/www.football365.fr\/ligue-europa-schalke-04-leurope-oublier-debut-de-saison-catastrophique-2722570.html\">LIGUE EUROPA \u2013 SCHALKE 04 : L\u2019EUROPE POUR OUBLIER UN D\u00c9BUT DE SAISON CATASTROPHIQUE ?<\/a><\/p>\n<p class=\"title\"><a href=\"http:\/\/www.football365.fr\/c1-leicester-ligue-champions-bol-dair-leicester-2719681.html\">C1 \u2013 LEICESTER : LA LIGUE DES CHAMPIONS UN BOL D\u2019AIR POUR LEICESTER ?<\/a><\/p>\n<p class=\"title\"><a href=\"http:\/\/www.football365.fr\/etats-unis-los-angeles-galaxy-gerrard-de-retour-premier-league-2728492.html\">LOS ANGELES GALAXY : GERRARD DE RETOUR EN PREMIER LEAGUE ?<\/a><\/p>\n<p class=\"title\"><a href=\"http:\/\/www.football365.fr\/angleterre-manchester-united-marcus-rashford-pret-a-apprendre-de-mentalite-dibra-2740861.html\">MANCHESTER UNITED : MARCUS RASHFORD PR\u00caT \u00c0 APPRENDRE DE LA MENTALIT\u00c9 D\u2019IBRA<\/a><\/p>\n<p class=\"title\"><a href=\"http:\/\/www.football365.fr\/angleterre-arsenal-perez-nouveau-cauchemar-defenseurs-selon-mustafi-2689383.html\">ARSENAL : PEREZ, LE NOUVEAU CAUCHEMAR DES D\u00c9FENSEURS SELON MUSTAFI<\/a><\/p>\n<p class=\"title\"><a href=\"http:\/\/www.mercato365.com\/angleterre-arsenal-wenger-met-garde-fc-barcelone-bellerin-2745100.html\">ANGLETERRE \u2013 ARSENAL : WENGER MET EN GARDE LE FC BARCELONE POUR BELLERIN<\/a><\/p>\n<p class=\"title\"><a href=\"http:\/\/www.football365.fr\/angleterre-manchester-united-marcus-rashford-pret-a-apprendre-de-mentalite-dibra-2740861.html\">ANGLETERRE \u2013 MANCHESTER UNITED : MARCUS RASHFORD PR\u00caT \u00c0 APPRENDRE DE LA MENTALIT\u00c9 D\u2019IBRA<\/a><\/p>\n<p class=\"title\"><a href=\"http:\/\/www.football365.fr\/c1-psg-verratti-gagner-ligue-champions-de-quitter-psg-2758624.html\">C1 \u2013 PSG \/ VERRATTI : \u00ab GAGNER LA LIGUE DES CHAMPIONS AVANT DE QUITTER LE PSG<\/a><\/p>\n<p class=\"title\"><a href=\"http:\/\/www.football365.fr\/ldc-ol-louis-saha-alexandre-lacazette-quitter-lyon-2782882.html\">LDC \u2013 OL : POUR LOUIS SAHA, ALEXANDRE LACAZETTE DOIT QUITTER LYON<\/a><\/p>\n","protected":false},"excerpt":{"rendered":"<p>L1 \u2013 NICE-LEICESTER : LE JEU DES 7 DIFF\u00c9RENCES LE TOP 10 DES C\u00c9L\u00c9BRATIONS LES PLUS POL\u00c9MIQUES LIGA \u2013 CLASICO : LE TOP 10 DES JOUEURS PASS\u00c9S PAR BARCELONE ET MADRID BLEUS : MOUSSA SISSOKO, INDISCUTABLE EN BLEUS, UN PEU MOINS EN CLUB RONALDO DE RETOUR \u00c0 LA MAISON UNE SAISON DE PLUS POUR L\u2019\u00c9TERNEL &hellip; <a href=\"http:\/\/www.efj.press\/stephanetan\/stage-media365\/football-2\/\" class=\"more-link\">Continuer la lecture de <span class=\"screen-reader-text\">FOOTBALL<\/span>  <span class=\"meta-nav\">&rarr;<\/span><\/a><\/p>\n","protected":false},"author":96,"featured_media":154,"parent":136,"menu_order":0,"comment_status":"closed","ping_status":"closed","template":"","meta":{"footnotes":""},"_links":{"self":[{"href":"http:\/\/www.efj.press\/stephanetan\/wp-json\/wp\/v2\/pages\/142"}],"collection":[{"href":"http:\/\/www.efj.press\/stephanetan\/wp-json\/wp\/v2\/pages"}],"about":[{"href":"http:\/\/www.efj.press\/stephanetan\/wp-json\/wp\/v2\/types\/page"}],"author":[{"embeddable":true,"href":"http:\/\/www.efj.press\/stephanetan\/wp-json\/wp\/v2\/users\/96"}],"replies":[{"embeddable":true,"href":"http:\/\/www.efj.press\/stephanetan\/wp-json\/wp\/v2\/comments?post=142"}],"version-history":[{"count":15,"href":"http:\/\/www.efj.press\/stephanetan\/wp-json\/wp\/v2\/pages\/142\/revisions"}],"predecessor-version":[{"id":220,"href":"http:\/\/www.efj.press\/stephanetan\/wp-json\/wp\/v2\/pages\/142\/revisions\/220"}],"up":[{"embeddable":true,"href":"http:\/\/www.efj.press\/stephanetan\/wp-json\/wp\/v2\/pages\/136"}],"wp:featuredmedia":[{"embeddable":true,"href":"http:\/\/www.efj.press\/stephanetan\/wp-json\/wp\/v2\/media\/154"}],"wp:attachment":[{"href":"http:\/\/www.efj.press\/stephanetan\/wp-json\/wp\/v2\/media?parent=142"}],"curies":[{"name":"wp","href":"https:\/\/api.w.org\/{rel}","templated":true}]}}