{"id":123,"date":"2016-06-24T12:19:19","date_gmt":"2016-06-24T11:19:19","guid":{"rendered":"http:\/\/www.efj.press\/stephanetan\/?page_id=123"},"modified":"2016-06-24T12:19:23","modified_gmt":"2016-06-24T11:19:23","slug":"divers","status":"publish","type":"page","link":"http:\/\/www.efj.press\/stephanetan\/stage-good-morning-crowdfunding\/divers\/","title":{"rendered":"DIVERS"},"content":{"rendered":"<p class=\"post-title item fn\"><a href=\"http:\/\/www.goodmorningcrowdfunding.com\/lancement-actif-vtc-appel-crowdfunding-attaquer-uber-justice-03020616\/\">[LANCEMENT] Actif VTC fait appel au crowdfunding pour attaquer UBER en justice<\/a><\/p>\n<p class=\"post-title item fn\"><a href=\"http:\/\/www.goodmorningcrowdfunding.com\/lancement-chouette-ulule-accueille-petit-frere-okpal-052201116\/\">[LANCEMENT] La chouette Ulule accueille son petit fr\u00e8re Okpal<\/a><\/p>\n<p class=\"post-title item fn\"><a href=\"http:\/\/www.goodmorningcrowdfunding.com\/partenariat-business-angels-grandes-ecoles-wiseed-sunissent-04030616\/\">[Partenariat] Business Angels des Grandes Ecoles et WiSEED s\u2019unissent<\/a><\/p>\n<p class=\"post-title item fn\"><a href=\"http:\/\/www.goodmorningcrowdfunding.com\/top-bizarrerie-30-decouvrez-les-projets-les-plus-farfelus-de-la-semaine-special-mini-jupe-02060616\/\">TOP Bizarrerie #30 : D\u00e9couvrez les projets les plus farfelus de la semaine (sp\u00e9cial mini-jupe)<\/a><\/p>\n<p class=\"post-title item fn\"><a href=\"http:\/\/www.goodmorningcrowdfunding.com\/histoire-une-campagne-de-crowdfunding-pour-le-72-anniversaire-du-debarquement-de-normandie-05060616\/\">[HISTOIRE] Une campagne de crowdfunding pour le 72\u00e8me anniversaire du D\u00e9barquement de Normandie<\/a><\/p>\n<p class=\"post-title item fn\"><a href=\"http:\/\/www.goodmorningcrowdfunding.com\/24026-2-la-crue-le-cauchemar-du-musee-girodet-03100616\/\">[CULTURE] La crue : le cauchemar du mus\u00e9e Girodet<\/a><\/p>\n<p class=\"post-title item fn\"><a href=\"http:\/\/www.goodmorningcrowdfunding.com\/investbook-levee-de-fonds-2-24043-2\/\">[LEV\u00c9E DE FONDS] Investbook lance une deuxi\u00e8me lev\u00e9e de fonds avec de nouveaux objectifs<\/a><\/p>\n<p class=\"post-title item fn\"><a href=\"http:\/\/www.goodmorningcrowdfunding.com\/10-point-pour-pourquoi-prendre-part-au-capital-dune-startup-02150616\/\">[10 POINTS POUR] Pourquoi prendre part au capital d\u2019une start-up?<\/a><\/p>\n<p class=\"post-title item fn\"><a href=\"http:\/\/www.goodmorningcrowdfunding.com\/evenement-seminaire-nationale-finance-participative-territoires-par-financement-participatif-france-02160616\/\">[\u00c9V\u00c9NEMENT] Le S\u00e9minaire nationale Finance Participative et Territoires par Financement Participatif France<\/a><\/p>\n<p class=\"post-title item fn\"><a href=\"http:\/\/www.goodmorningcrowdfunding.com\/plateforme-unilend-premiere-plateforme-de-crowdfunding-a-faire-mesurer-empreinte-environnementale-impact-social-03170616\/\">[PLATEFORME] Unilend, la premi\u00e8re plateforme de crowdfunding \u00e0 faire mesurer son empreinte environnementale et son impact social<\/a><\/p>\n<p class=\"post-title item fn\"><a href=\"http:\/\/www.goodmorningcrowdfunding.com\/reglementation-rc-pro-obligatoire-plateformes-de-crowdfunding-04170616\/\">[R\u00c9GLEMENTATION] La Responsabilit\u00e9 Civile Professionnelle obligatoire pour les plateformes de crowdfunding le 1er juillet 2016<\/a><\/p>\n<p class=\"post-title item fn\"><a href=\"http:\/\/www.goodmorningcrowdfunding.com\/international-chine-choque-monde-entier-avec-systeme-prets-douteux-03200616\/\">[INTERNATIONAL] La Chine choque le monde entier avec un syst\u00e8me de pr\u00eats douteux\u2026<\/a><\/p>\n<p class=\"post-title item fn\"><a href=\"http:\/\/www.goodmorningcrowdfunding.com\/24335-2-le-crowdfunding-sinvite-a-la-fete-de-la-musique-02210616\/\">[MUSIQUE] Le crowdfunding s\u2019invite \u00e0 la f\u00eate de la musique !<\/a><\/p>\n<p class=\"post-title item fn\"><a href=\"http:\/\/www.goodmorningcrowdfunding.com\/suivi-un-billionaire-chinois-en-passe-de-sauver-lending-club-03210616\/\">[SUIVI] Un billionaire Chinois en passe de sauver Lending Club ?<\/a><\/p>\n<p class=\"post-title item fn\"><a href=\"http:\/\/www.goodmorningcrowdfunding.com\/partenariat-collectivity-sassocie-aux-maires-ruraux-05210616\/\">[PARTENARIAT] Collecticity s\u2019associe \u00e0 l\u2019association des Maires Ruraux de France<\/a><\/p>\n<p class=\"post-title item fn\"><a href=\"http:\/\/www.goodmorningcrowdfunding.com\/evenement-tour-de-toulouse-daccueillir-tour-de-france-de-finance-participative-03220616\/\">[\u00c9V\u00c9NEMENT] Au tour de Toulouse d\u2019accueillir le Tour de France de la Finance Participative<\/a><\/p>\n<p class=\"post-title item fn\">\n","protected":false},"excerpt":{"rendered":"<p>[LANCEMENT] Actif VTC fait appel au crowdfunding pour attaquer UBER en justice [LANCEMENT] La chouette Ulule accueille son petit fr\u00e8re Okpal [Partenariat] Business Angels des Grandes Ecoles et WiSEED s\u2019unissent TOP Bizarrerie #30 : D\u00e9couvrez les projets les plus farfelus de la semaine (sp\u00e9cial mini-jupe) [HISTOIRE] Une campagne de crowdfunding pour le 72\u00e8me anniversaire du &hellip; <a href=\"http:\/\/www.efj.press\/stephanetan\/stage-good-morning-crowdfunding\/divers\/\" class=\"more-link\">Continuer la lecture de <span class=\"screen-reader-text\">DIVERS<\/span>  <span class=\"meta-nav\">&rarr;<\/span><\/a><\/p>\n","protected":false},"author":96,"featured_media":0,"parent":102,"menu_order":0,"comment_status":"closed","ping_status":"closed","template":"","meta":{"footnotes":""},"_links":{"self":[{"href":"http:\/\/www.efj.press\/stephanetan\/wp-json\/wp\/v2\/pages\/123"}],"collection":[{"href":"http:\/\/www.efj.press\/stephanetan\/wp-json\/wp\/v2\/pages"}],"about":[{"href":"http:\/\/www.efj.press\/stephanetan\/wp-json\/wp\/v2\/types\/page"}],"author":[{"embeddable":true,"href":"http:\/\/www.efj.press\/stephanetan\/wp-json\/wp\/v2\/users\/96"}],"replies":[{"embeddable":true,"href":"http:\/\/www.efj.press\/stephanetan\/wp-json\/wp\/v2\/comments?post=123"}],"version-history":[{"count":2,"href":"http:\/\/www.efj.press\/stephanetan\/wp-json\/wp\/v2\/pages\/123\/revisions"}],"predecessor-version":[{"id":125,"href":"http:\/\/www.efj.press\/stephanetan\/wp-json\/wp\/v2\/pages\/123\/revisions\/125"}],"up":[{"embeddable":true,"href":"http:\/\/www.efj.press\/stephanetan\/wp-json\/wp\/v2\/pages\/102"}],"wp:attachment":[{"href":"http:\/\/www.efj.press\/stephanetan\/wp-json\/wp\/v2\/media?parent=123"}],"curies":[{"name":"wp","href":"https:\/\/api.w.org\/{rel}","templated":true}]}}