{"id":121,"date":"2016-06-24T12:10:15","date_gmt":"2016-06-24T11:10:15","guid":{"rendered":"http:\/\/www.efj.press\/stephanetan\/?page_id=121"},"modified":"2016-06-24T12:10:15","modified_gmt":"2016-06-24T11:10:15","slug":"technologie","status":"publish","type":"page","link":"http:\/\/www.efj.press\/stephanetan\/stage-good-morning-crowdfunding\/technologie\/","title":{"rendered":"TECHNOLOGIE"},"content":{"rendered":"<p class=\"post-title item fn\"><a href=\"http:\/\/www.goodmorningcrowdfunding.com\/technologie-monde-barriere-de-langue-cest-possible-02030616\/\">[TECHNOLOGIE] Un monde sans la barri\u00e8re de la langue c\u2019est possible !<\/a><\/p>\n<p class=\"post-title item fn\"><a href=\"http:\/\/www.goodmorningcrowdfunding.com\/24018-2-apprenez-a-jouer-de-la-guitare-en-un-temps-record-02100616\/\">[TECHNOLOGIE] Apprenez \u00e0 jouer de la guitare en un temps record!<\/a><\/p>\n<p class=\"post-title item fn\"><a href=\"http:\/\/www.goodmorningcrowdfunding.com\/suivi-pebble-ajoute-deux-editions-limitees-de-la-pebble-time-round-04160616\/\">[SUIVI] Pebble ajoute deux \u00e9ditions limit\u00e9es de la Pebble Time Round<\/a><\/p>\n<p class=\"post-title item fn\"><a href=\"http:\/\/www.goodmorningcrowdfunding.com\/24196-2-top-3-les-nouvelles-technologies-de-la-semaine-speciale-intelligence-artificielle-02170616\/\">[TOP 3] Les nouvelles technologies de la semaine sp\u00e9ciale Intelligence Artificielle<\/a><\/p>\n<p class=\"post-title item fn\"><a href=\"http:\/\/www.goodmorningcrowdfunding.com\/technologie-devenez-un-maitre-du-yoga-02240616\/\">[TECHNOLOGIE] Devenez un ma\u00eetre du Yoga !<\/a><\/p>\n","protected":false},"excerpt":{"rendered":"<p>[TECHNOLOGIE] Un monde sans la barri\u00e8re de la langue c\u2019est possible ! [TECHNOLOGIE] Apprenez \u00e0 jouer de la guitare en un temps record! [SUIVI] Pebble ajoute deux \u00e9ditions limit\u00e9es de la Pebble Time Round [TOP 3] Les nouvelles technologies de la semaine sp\u00e9ciale Intelligence Artificielle [TECHNOLOGIE] Devenez un ma\u00eetre du Yoga !<\/p>\n","protected":false},"author":96,"featured_media":0,"parent":102,"menu_order":0,"comment_status":"closed","ping_status":"closed","template":"","meta":{"footnotes":""},"_links":{"self":[{"href":"http:\/\/www.efj.press\/stephanetan\/wp-json\/wp\/v2\/pages\/121"}],"collection":[{"href":"http:\/\/www.efj.press\/stephanetan\/wp-json\/wp\/v2\/pages"}],"about":[{"href":"http:\/\/www.efj.press\/stephanetan\/wp-json\/wp\/v2\/types\/page"}],"author":[{"embeddable":true,"href":"http:\/\/www.efj.press\/stephanetan\/wp-json\/wp\/v2\/users\/96"}],"replies":[{"embeddable":true,"href":"http:\/\/www.efj.press\/stephanetan\/wp-json\/wp\/v2\/comments?post=121"}],"version-history":[{"count":1,"href":"http:\/\/www.efj.press\/stephanetan\/wp-json\/wp\/v2\/pages\/121\/revisions"}],"predecessor-version":[{"id":122,"href":"http:\/\/www.efj.press\/stephanetan\/wp-json\/wp\/v2\/pages\/121\/revisions\/122"}],"up":[{"embeddable":true,"href":"http:\/\/www.efj.press\/stephanetan\/wp-json\/wp\/v2\/pages\/102"}],"wp:attachment":[{"href":"http:\/\/www.efj.press\/stephanetan\/wp-json\/wp\/v2\/media?parent=121"}],"curies":[{"name":"wp","href":"https:\/\/api.w.org\/{rel}","templated":true}]}}