{"id":113,"date":"2016-06-24T11:53:40","date_gmt":"2016-06-24T10:53:40","guid":{"rendered":"http:\/\/www.efj.press\/stephanetan\/?page_id=113"},"modified":"2016-06-24T11:54:59","modified_gmt":"2016-06-24T10:54:59","slug":"insolite-succes","status":"publish","type":"page","link":"http:\/\/www.efj.press\/stephanetan\/stage-good-morning-crowdfunding\/insolite-succes\/","title":{"rendered":"INSOLITE &#038; SUCCES"},"content":{"rendered":"<p class=\"post-title item fn\"><a href=\"http:\/\/www.goodmorningcrowdfunding.com\/lelo-hex-capote-futur-04150616\/\">[INSOLITE] LELO HEX, la capote du futur<\/a><\/p>\n<p class=\"post-title item fn\"><a href=\"http:\/\/www.goodmorningcrowdfunding.com\/23946-2-succes-plus-de-80000-dollars-leves-pour-un-cale-porte-du-personnage-hodor-dans-la-serie-game-of-thrones-04080616\/\">[SUCC\u00c8S] Plus de 80 000 dollars lev\u00e9s pour un cale-porte du personnage Hodor dans la s\u00e9rie Game Of Thrones<\/a><\/p>\n<p class=\"post-title item fn\"><a href=\"http:\/\/www.goodmorningcrowdfunding.com\/succces-canard-pc-se-lance-dans-une-aventure-web-03090616\/\">[SUCC\u00c8S] Canard PC se lance dans une aventure web !<\/a><\/p>\n<p class=\"post-title item fn\"><a href=\"http:\/\/www.goodmorningcrowdfunding.com\/insolite-hakim-falastin-un-mariage-possible-grace-au-crowdfunding-04130616\/\">[INSOLITE] Hakim &amp; Falastin, un mariage possible gr\u00e2ce au crowdfunding<\/a><\/p>\n<p class=\"post-title item fn\"><a href=\"http:\/\/www.goodmorningcrowdfunding.com\/record-attentat-dorlando-plus-de-3-millions-dollars-leve-en-une-journee-03140616\/\">[RECORD] Attentat d\u2019Orlando : Plus de 3 millions de dollars lev\u00e9s en une journ\u00e9e<\/a><\/p>\n<p class=\"post-title item fn\"><a href=\"http:\/\/www.goodmorningcrowdfunding.com\/24061-2-top-bizarrerie-29-decouvrez-les-projets-les-plus-farfelus-de-la-semaine-02130616\/\">TOP Bizarrerie #31 : D\u00e9couvrez les projets les plus farfelus de la semaine<\/a><\/p>\n<p class=\"post-title item fn\"><a href=\"http:\/\/www.goodmorningcrowdfunding.com\/top-bizarrerie-32-decouvrez-projets-plus-farfelus-de-semaine-02200616\/\">TOP Bizarrerie #32 : D\u00e9couvrez les projets les plus farfelus de la semaine<\/a><\/p>\n<p class=\"post-title item fn\">\n","protected":false},"excerpt":{"rendered":"<p>[INSOLITE] LELO HEX, la capote du futur [SUCC\u00c8S] Plus de 80 000 dollars lev\u00e9s pour un cale-porte du personnage Hodor dans la s\u00e9rie Game Of Thrones [SUCC\u00c8S] Canard PC se lance dans une aventure web ! [INSOLITE] Hakim &amp; Falastin, un mariage possible gr\u00e2ce au crowdfunding [RECORD] Attentat d\u2019Orlando : Plus de 3 millions de &hellip; <a href=\"http:\/\/www.efj.press\/stephanetan\/stage-good-morning-crowdfunding\/insolite-succes\/\" class=\"more-link\">Continuer la lecture de <span class=\"screen-reader-text\">INSOLITE &#038; SUCCES<\/span>  <span class=\"meta-nav\">&rarr;<\/span><\/a><\/p>\n","protected":false},"author":96,"featured_media":0,"parent":102,"menu_order":0,"comment_status":"closed","ping_status":"closed","template":"","meta":{"footnotes":""},"_links":{"self":[{"href":"http:\/\/www.efj.press\/stephanetan\/wp-json\/wp\/v2\/pages\/113"}],"collection":[{"href":"http:\/\/www.efj.press\/stephanetan\/wp-json\/wp\/v2\/pages"}],"about":[{"href":"http:\/\/www.efj.press\/stephanetan\/wp-json\/wp\/v2\/types\/page"}],"author":[{"embeddable":true,"href":"http:\/\/www.efj.press\/stephanetan\/wp-json\/wp\/v2\/users\/96"}],"replies":[{"embeddable":true,"href":"http:\/\/www.efj.press\/stephanetan\/wp-json\/wp\/v2\/comments?post=113"}],"version-history":[{"count":2,"href":"http:\/\/www.efj.press\/stephanetan\/wp-json\/wp\/v2\/pages\/113\/revisions"}],"predecessor-version":[{"id":115,"href":"http:\/\/www.efj.press\/stephanetan\/wp-json\/wp\/v2\/pages\/113\/revisions\/115"}],"up":[{"embeddable":true,"href":"http:\/\/www.efj.press\/stephanetan\/wp-json\/wp\/v2\/pages\/102"}],"wp:attachment":[{"href":"http:\/\/www.efj.press\/stephanetan\/wp-json\/wp\/v2\/media?parent=113"}],"curies":[{"name":"wp","href":"https:\/\/api.w.org\/{rel}","templated":true}]}}