{"id":108,"date":"2016-06-24T11:44:40","date_gmt":"2016-06-24T10:44:40","guid":{"rendered":"http:\/\/www.efj.press\/stephanetan\/?page_id=108"},"modified":"2016-06-24T11:44:40","modified_gmt":"2016-06-24T10:44:40","slug":"projet-du-jour","status":"publish","type":"page","link":"http:\/\/www.efj.press\/stephanetan\/stage-good-morning-crowdfunding\/projet-du-jour\/","title":{"rendered":"Projet Du Jour"},"content":{"rendered":"<p><a href=\"http:\/\/www.goodmorningcrowdfunding.com\/pdj-7-juin-cfactuel-ne-suivez-plus-lactu-comprenez-la-01070616\/\">PDJ 7 juin : cFactuel, ne suivez plus l\u2019actu, comprenez-la !<\/a><\/p>\n<p><a href=\"http:\/\/www.goodmorningcrowdfunding.com\/pdj-8-juin-bessonria2016-aidez-college-colette-besson-participer-jeux-olympiques-rio-2016-01080616\/\">PDJ 8 juin : BessonRio2016, aidez le coll\u00e8ge Colette Besson \u00e0 participer aux Jeux Olympiques de Rio 2016<\/a><\/p>\n<p><a href=\"http:\/\/www.goodmorningcrowdfunding.com\/pdj-10-juin-un-ensemble-immobilier-situe-a-lille-realise-par-sccv-le-rihour-01090616\/\">PDJ 10 juin : Un ensemble immobilier situ\u00e9 \u00e0 Lille \u2013 R\u00e9alis\u00e9 par SCCV LE RIHOUR<\/a><\/p>\n<p><a href=\"http:\/\/www.goodmorningcrowdfunding.com\/24052-2-or-vezahav-le-prochain-disque-du-baroque-nomade-01130616\/\">PDJ 13 juin : Or Vezahav, le prochain disque du Baroque Nomade<\/a><\/p>\n<p><a href=\"http:\/\/www.goodmorningcrowdfunding.com\/pdj-14-juin-taverne-de-gutenberg-a-besoin-de-soutien-travaux-01140616\/\">PDJ 14 juin : La Taverne de Gutenberg, aidez-les \u00e0 poursuivre l\u2019aventure !<\/a><\/p>\n<p><a href=\"http:\/\/www.goodmorningcrowdfunding.com\/pdj-15-juin-ladaptation-theatrale-du-succes-litteraire-de-virginie-despentes-01150616\/\">PDJ 15 juin : King Kong Th\u00e9orie, l\u2019adaptation th\u00e9\u00e2trale du succ\u00e8s litt\u00e9raire de Virginie Descentes<\/a><\/p>\n<p><a href=\"http:\/\/www.goodmorningcrowdfunding.com\/pdj-16-juin-courjumelle-derniere-production-de-jean-claude-raoul-01160616\/\">PDJ 16 juin : Courjumelle, derni\u00e8re production de Jean-Claude Raoul<\/a><\/p>\n<p><a href=\"http:\/\/www.goodmorningcrowdfunding.com\/pdj-17-juin-operation-wings4sea-sauvons-le-diable-de-mer-mediteraneen-01170616\/\">PDJ 17 juin : Op\u00e9ration #Wings4Sea, sauvons le Diable de mer m\u00e9diterran\u00e9en<\/a><\/p>\n<p><a href=\"http:\/\/www.goodmorningcrowdfunding.com\/24237-2-pdj-20-juin-the-brooklyn-rippers-la-renaissance-theatre-horrifique-01200616\/\">PDJ 20 juin : The Brooklyn Rippers, la renaissance du th\u00e9\u00e2tre horrifique<\/a><\/p>\n<p><a href=\"http:\/\/www.goodmorningcrowdfunding.com\/pdj-21-juin-clip-it-signe-son-retour-avec-le-3d-01220616\/\">PDJ 21 juin : Clip-It signe son retour avec le 3D !<\/a><\/p>\n<p><a href=\"http:\/\/www.goodmorningcrowdfunding.com\/24367-2-pdj-22-juin-le-t-shirt-propre-made-in-france-bio-01220616\/\">PDJ 22 juin : Le T-Shirt Propre Made In France &amp; Bio<\/a><\/p>\n<p><a href=\"http:\/\/www.goodmorningcrowdfunding.com\/pdj-23-juin-le-festival-arelate-culture-romaine-remise-gout-jour-01230616\/\">PDJ 23 juin : Le festival Arelate, la culture romaine remise au go\u00fbt du jour<\/a><\/p>\n<p><a href=\"http:\/\/www.goodmorningcrowdfunding.com\/24449-2-pdj-24-juin-avec-moichef-improvisez-vous-cuisinier-01240616\/\">PDJ 24 juin : Avec MoiChef, improvisez-vous cuisinier !<\/a><\/p>\n<p>&nbsp;<\/p>\n","protected":false},"excerpt":{"rendered":"<p>PDJ 7 juin : cFactuel, ne suivez plus l\u2019actu, comprenez-la ! PDJ 8 juin : BessonRio2016, aidez le coll\u00e8ge Colette Besson \u00e0 participer aux Jeux Olympiques de Rio 2016 PDJ 10 juin : Un ensemble immobilier situ\u00e9 \u00e0 Lille \u2013 R\u00e9alis\u00e9 par SCCV LE RIHOUR PDJ 13 juin : Or Vezahav, le prochain disque du &hellip; <a href=\"http:\/\/www.efj.press\/stephanetan\/stage-good-morning-crowdfunding\/projet-du-jour\/\" class=\"more-link\">Continuer la lecture de <span class=\"screen-reader-text\">Projet Du Jour<\/span>  <span class=\"meta-nav\">&rarr;<\/span><\/a><\/p>\n","protected":false},"author":96,"featured_media":109,"parent":102,"menu_order":0,"comment_status":"closed","ping_status":"closed","template":"","meta":{"footnotes":""},"_links":{"self":[{"href":"http:\/\/www.efj.press\/stephanetan\/wp-json\/wp\/v2\/pages\/108"}],"collection":[{"href":"http:\/\/www.efj.press\/stephanetan\/wp-json\/wp\/v2\/pages"}],"about":[{"href":"http:\/\/www.efj.press\/stephanetan\/wp-json\/wp\/v2\/types\/page"}],"author":[{"embeddable":true,"href":"http:\/\/www.efj.press\/stephanetan\/wp-json\/wp\/v2\/users\/96"}],"replies":[{"embeddable":true,"href":"http:\/\/www.efj.press\/stephanetan\/wp-json\/wp\/v2\/comments?post=108"}],"version-history":[{"count":3,"href":"http:\/\/www.efj.press\/stephanetan\/wp-json\/wp\/v2\/pages\/108\/revisions"}],"predecessor-version":[{"id":112,"href":"http:\/\/www.efj.press\/stephanetan\/wp-json\/wp\/v2\/pages\/108\/revisions\/112"}],"up":[{"embeddable":true,"href":"http:\/\/www.efj.press\/stephanetan\/wp-json\/wp\/v2\/pages\/102"}],"wp:featuredmedia":[{"embeddable":true,"href":"http:\/\/www.efj.press\/stephanetan\/wp-json\/wp\/v2\/media\/109"}],"wp:attachment":[{"href":"http:\/\/www.efj.press\/stephanetan\/wp-json\/wp\/v2\/media?parent=108"}],"curies":[{"name":"wp","href":"https:\/\/api.w.org\/{rel}","templated":true}]}}