{"id":98,"date":"2015-12-02T11:35:51","date_gmt":"2015-12-02T10:35:51","guid":{"rendered":"http:\/\/www.efj.press\/sixtinegerardtasset\/?page_id=98"},"modified":"2016-06-17T12:22:17","modified_gmt":"2016-06-17T11:22:17","slug":"grande-enquete-la-difficulte-dapprentissage-des-actes-medicaux","status":"publish","type":"page","link":"http:\/\/www.efj.press\/sixtinegerardtasset\/grande-enquete-2015\/grande-enquete-la-difficulte-dapprentissage-des-actes-medicaux\/","title":{"rendered":"Grande Enqu\u00eate : la difficult\u00e9 d&rsquo;apprentissage des actes m\u00e9dicaux"},"content":{"rendered":"<h1 class=\"p1\">La difficult\u00e9 d&rsquo;apprentissage des actes m\u00e9dicaux.<\/h1>\n<p class=\"p1\"><span class=\"s1\"><strong>Tout d\u00e9marre en janvier dernier&#8230;\u00a0<\/strong><\/span><span class=\"s1\">Quand un document fuite sur le net. Dans l\u2019un des texte, il est clairement expliqu\u00e9 que l\u2019interne doit rendre compte d\u2019un certain nombre d\u2019actes m\u00e9dicaux sur patiente endormie au bloc op\u00e9ratoire. Parmi ces gestes : les touchers vaginaux. <\/span><\/p>\n<p class=\"p1\"><strong><span class=\"s1\">Autour de 30 % de ces gestes effectu\u00e9s par les \u00e9l\u00e8ves ne sont pas consentis. <\/span><\/strong><\/p>\n<p class=\"p1\"><span class=\"s1\"> Un d\u00e9bat autour de la formation des internes en gyn\u00e9cologie \u00e9clate. <\/span><\/p>\n<p class=\"p1\"><span class=\"s1\">Comment ces \u00e9l\u00e8ves sont-ils vraiment form\u00e9s ? A l\u2019universit\u00e9, mais aussi en CHU ? Quelles sont les difficult\u00e9s dans l\u2019apprentissage des gestes m\u00e9dicaux ? Quelles solutions pour \u00e9viter les pratiques non consenties ?<\/span><\/p>\n<p><iframe loading=\"lazy\" frameborder=\"0\" width=\"474\" height=\"266\" src=\"http:\/\/www.dailymotion.com\/embed\/video\/x3gikxp\" allowfullscreen><\/iframe><\/p>\n","protected":false},"excerpt":{"rendered":"<p>La difficult\u00e9 d&rsquo;apprentissage des actes m\u00e9dicaux. Tout d\u00e9marre en janvier dernier&#8230;\u00a0Quand un document fuite sur le net. Dans l\u2019un des texte, il est clairement expliqu\u00e9 que l\u2019interne doit rendre compte d\u2019un certain nombre d\u2019actes m\u00e9dicaux sur patiente endormie au bloc op\u00e9ratoire. Parmi ces gestes : les touchers vaginaux. Autour de 30 % de ces gestes &hellip; <a href=\"http:\/\/www.efj.press\/sixtinegerardtasset\/grande-enquete-2015\/grande-enquete-la-difficulte-dapprentissage-des-actes-medicaux\/\" class=\"more-link\">Continuer la lecture de <span class=\"screen-reader-text\">Grande Enqu\u00eate : la difficult\u00e9 d&rsquo;apprentissage des actes m\u00e9dicaux<\/span>  <span class=\"meta-nav\">&rarr;<\/span><\/a><\/p>\n","protected":false},"author":15,"featured_media":0,"parent":137,"menu_order":0,"comment_status":"closed","ping_status":"closed","template":"","meta":{"footnotes":""},"_links":{"self":[{"href":"http:\/\/www.efj.press\/sixtinegerardtasset\/wp-json\/wp\/v2\/pages\/98"}],"collection":[{"href":"http:\/\/www.efj.press\/sixtinegerardtasset\/wp-json\/wp\/v2\/pages"}],"about":[{"href":"http:\/\/www.efj.press\/sixtinegerardtasset\/wp-json\/wp\/v2\/types\/page"}],"author":[{"embeddable":true,"href":"http:\/\/www.efj.press\/sixtinegerardtasset\/wp-json\/wp\/v2\/users\/15"}],"replies":[{"embeddable":true,"href":"http:\/\/www.efj.press\/sixtinegerardtasset\/wp-json\/wp\/v2\/comments?post=98"}],"version-history":[{"count":5,"href":"http:\/\/www.efj.press\/sixtinegerardtasset\/wp-json\/wp\/v2\/pages\/98\/revisions"}],"predecessor-version":[{"id":127,"href":"http:\/\/www.efj.press\/sixtinegerardtasset\/wp-json\/wp\/v2\/pages\/98\/revisions\/127"}],"up":[{"embeddable":true,"href":"http:\/\/www.efj.press\/sixtinegerardtasset\/wp-json\/wp\/v2\/pages\/137"}],"wp:attachment":[{"href":"http:\/\/www.efj.press\/sixtinegerardtasset\/wp-json\/wp\/v2\/media?parent=98"}],"curies":[{"name":"wp","href":"https:\/\/api.w.org\/{rel}","templated":true}]}}