{"id":178,"date":"2015-12-09T15:20:49","date_gmt":"2015-12-09T14:20:49","guid":{"rendered":"http:\/\/www.efj.press\/sixtinegerardtasset\/?page_id=178"},"modified":"2016-06-17T12:21:27","modified_gmt":"2016-06-17T11:21:27","slug":"sources","status":"publish","type":"page","link":"http:\/\/www.efj.press\/sixtinegerardtasset\/grande-enquete-2015\/sources\/","title":{"rendered":"Sources"},"content":{"rendered":"<ul>\n<li>Le texte issu du carnet de stage du CHU de Lyon, ayant entra\u00een\u00e9 le d\u00e9bat autour des touchers non consentis.<\/li>\n<li>Le blog de <a href=\"http:\/\/www.viedecarabin.net\/\">Vie de Carabin<\/a>, interne qui illustre son exp\u00e9rience en CHU.<\/li>\n<\/ul>\n<p><a href=\"http:\/\/www.efj.press\/sixtinegerardtasset\/wp-content\/uploads\/sites\/13\/2015\/12\/Sans-titre69a.jpg\"><img loading=\"lazy\" decoding=\"async\" class=\"alignnone size-medium wp-image-179\" src=\"http:\/\/www.efj.press\/sixtinegerardtasset\/wp-content\/uploads\/sites\/13\/2015\/12\/Sans-titre69a-300x222.jpg\" alt=\"Sans titre69a\" width=\"300\" height=\"222\" srcset=\"http:\/\/www.efj.press\/sixtinegerardtasset\/wp-content\/uploads\/sites\/13\/2015\/12\/Sans-titre69a-300x222.jpg 300w, http:\/\/www.efj.press\/sixtinegerardtasset\/wp-content\/uploads\/sites\/13\/2015\/12\/Sans-titre69a-1024x759.jpg 1024w\" sizes=\"(max-width: 300px) 100vw, 300px\" \/><\/a><\/p>\n<ul>\n<li>Le rapport remis par la facult\u00e9 des doyens au minist\u00e8re de la sant\u00e9 \u00e0 la suite du d\u00e9bat.<\/li>\n<li>Le tumblr <a href=\"http:\/\/jenaipasconsenti.tumblr.com\/\">\u00ab\u00a0Je n&rsquo;ai pas consenti\u00a0\u00bb<\/a>, recueil de t\u00e9moignages de patients autour du non consentement.<\/li>\n<li><a href=\"https:\/\/blogs.mediapart.fr\/edition\/les-invites-de-mediapart\/article\/060215\/le-consentement-point-aveugle-de-la-formation-des-medecins\" target=\"_blank\">La tribune publi\u00e9e sur le site de M\u00e9diapart<\/a>,\u00a0co-sign\u00e9e par une cinquantaine de personnalit\u00e9s, dans le but de d\u00e9noncer les actes m\u00e9dicaux r\u00e9alis\u00e9s sur patients endormis, donc\u00a0sans leur consentement.<\/li>\n<li>L&rsquo;\u00e9mission de France Culture : <a href=\"http:\/\/www.franceculture.fr\/emission-sur-les-docks-collection-temoignages-maltraitance-gynecologique-2015-09-28\">\u00ab\u00a0Sur les dock\u00a0\u00bb<\/a>, regroupant les t\u00e9moignages de plusieurs victimes de maltraitances gyn\u00e9cologiques.<\/li>\n<\/ul>\n<p><a href=\"http:\/\/www.efj.press\/sixtinegerardtasset\/wp-content\/uploads\/sites\/13\/2015\/12\/Maltraitance-gyne\u0301cologique-copie.jpg\"><img loading=\"lazy\" decoding=\"async\" class=\"alignnone size-medium wp-image-182\" src=\"http:\/\/www.efj.press\/sixtinegerardtasset\/wp-content\/uploads\/sites\/13\/2015\/12\/Maltraitance-gyne\u0301cologique-copie-217x300.jpg\" alt=\"Maltraitance gyne\u0301cologique copie\" width=\"217\" height=\"300\" srcset=\"http:\/\/www.efj.press\/sixtinegerardtasset\/wp-content\/uploads\/sites\/13\/2015\/12\/Maltraitance-gyne\u0301cologique-copie-217x300.jpg 217w, http:\/\/www.efj.press\/sixtinegerardtasset\/wp-content\/uploads\/sites\/13\/2015\/12\/Maltraitance-gyne\u0301cologique-copie.jpg 503w\" sizes=\"(max-width: 217px) 100vw, 217px\" \/><\/a><\/p>\n<ul>\n<li>L&rsquo;article tir\u00e9 de <a href=\"http:\/\/www.whatsupdoc-lemag.fr\/actualites-article.asp?id=14270\">What&rsquo;s up Doc<\/a>&lsquo; \u00e0 propos de la formation par la simulation et des nouvelles techniques d&rsquo;apprentissage.<\/li>\n<\/ul>\n<p><a href=\"http:\/\/www.efj.press\/sixtinegerardtasset\/wp-content\/uploads\/sites\/13\/2015\/12\/tesniere1.jpg\"><img loading=\"lazy\" decoding=\"async\" class=\"alignnone size-medium wp-image-181\" src=\"http:\/\/www.efj.press\/sixtinegerardtasset\/wp-content\/uploads\/sites\/13\/2015\/12\/tesniere1-300x169.jpg\" alt=\"tesniere\" width=\"300\" height=\"169\" srcset=\"http:\/\/www.efj.press\/sixtinegerardtasset\/wp-content\/uploads\/sites\/13\/2015\/12\/tesniere1-300x169.jpg 300w, http:\/\/www.efj.press\/sixtinegerardtasset\/wp-content\/uploads\/sites\/13\/2015\/12\/tesniere1-1024x576.jpg 1024w, http:\/\/www.efj.press\/sixtinegerardtasset\/wp-content\/uploads\/sites\/13\/2015\/12\/tesniere1.jpg 1302w\" sizes=\"(max-width: 300px) 100vw, 300px\" \/><\/a><\/p>\n","protected":false},"excerpt":{"rendered":"<p>Le texte issu du carnet de stage du CHU de Lyon, ayant entra\u00een\u00e9 le d\u00e9bat autour des touchers non consentis. Le blog de Vie de Carabin, interne qui illustre son exp\u00e9rience en CHU. Le rapport remis par la facult\u00e9 des doyens au minist\u00e8re de la sant\u00e9 \u00e0 la suite du d\u00e9bat. Le tumblr \u00ab\u00a0Je n&rsquo;ai &hellip; <a href=\"http:\/\/www.efj.press\/sixtinegerardtasset\/grande-enquete-2015\/sources\/\" class=\"more-link\">Continuer la lecture de <span class=\"screen-reader-text\">Sources<\/span>  <span class=\"meta-nav\">&rarr;<\/span><\/a><\/p>\n","protected":false},"author":15,"featured_media":0,"parent":137,"menu_order":0,"comment_status":"closed","ping_status":"closed","template":"","meta":{"footnotes":""},"_links":{"self":[{"href":"http:\/\/www.efj.press\/sixtinegerardtasset\/wp-json\/wp\/v2\/pages\/178"}],"collection":[{"href":"http:\/\/www.efj.press\/sixtinegerardtasset\/wp-json\/wp\/v2\/pages"}],"about":[{"href":"http:\/\/www.efj.press\/sixtinegerardtasset\/wp-json\/wp\/v2\/types\/page"}],"author":[{"embeddable":true,"href":"http:\/\/www.efj.press\/sixtinegerardtasset\/wp-json\/wp\/v2\/users\/15"}],"replies":[{"embeddable":true,"href":"http:\/\/www.efj.press\/sixtinegerardtasset\/wp-json\/wp\/v2\/comments?post=178"}],"version-history":[{"count":3,"href":"http:\/\/www.efj.press\/sixtinegerardtasset\/wp-json\/wp\/v2\/pages\/178\/revisions"}],"predecessor-version":[{"id":214,"href":"http:\/\/www.efj.press\/sixtinegerardtasset\/wp-json\/wp\/v2\/pages\/178\/revisions\/214"}],"up":[{"embeddable":true,"href":"http:\/\/www.efj.press\/sixtinegerardtasset\/wp-json\/wp\/v2\/pages\/137"}],"wp:attachment":[{"href":"http:\/\/www.efj.press\/sixtinegerardtasset\/wp-json\/wp\/v2\/media?parent=178"}],"curies":[{"name":"wp","href":"https:\/\/api.w.org\/{rel}","templated":true}]}}