{"id":147,"date":"2015-12-03T16:54:42","date_gmt":"2015-12-03T15:54:42","guid":{"rendered":"http:\/\/www.efj.press\/sixtinegerardtasset\/?page_id=147"},"modified":"2016-10-25T14:05:21","modified_gmt":"2016-10-25T13:05:21","slug":"accueil","status":"publish","type":"page","link":"http:\/\/www.efj.press\/sixtinegerardtasset\/","title":{"rendered":"ACCUEIL"},"content":{"rendered":"<header class=\"entry-header\">\n<h1 class=\"entry-title\">Mon espace presse sur le site de l&rsquo;EFJ contient\u00a0trois rubriques :<\/h1>\n<\/header>\n<div class=\"entry-content\">\n<div class=\"entry-content\">\n<p><span style=\"color: #ff0000\"><span style=\"color: #00ccff\"><a href=\"http:\/\/www.efj.press\/sixtinegerardtasset\/grande-enquete-la-difficulte-dapprentissage-des-actes-medicaux\/\">MA GRANDE ENQUETE<\/a> :\u00a0<\/span><\/span>r\u00e9alis\u00e9e dans le cadre de ma formation.\u00a0Vous trouverez le reportage on line de 6 min 45 qui vient cl\u00f4turer trois ann\u00e9es de journalisme, mais \u00e9galement les coulisses du travail, une liste des intervenants, des suppl\u00e9ments, des photos prises lors du tournage&#8230;<\/p>\n<p><span style=\"color: #00ccff\"><a href=\"http:\/\/www.efj.press\/sixtinegerardtasset\/mes-critiques-de-films\/\">MES CRITIQUES DE FILMS :<\/a> <\/span>grande cin\u00e9phile, j&rsquo;ai r\u00e9a<span style=\"color: #00ccff\"><span style=\"color: #000000\">lis\u00e9 plusieurs critiques de films dans le cadre des mes stages pr\u00e9c\u00e9dents (Figaro Magazine et Modzik). Voici une petite s\u00e9lection :\u00a0<\/span><\/span><\/p>\n<p><a href=\"http:\/\/www.efj.press\/sixtinegerardtasset\/cannes-efap-x-mytf1\/\">CANNES EFAP x MyTF1<\/a> : mes vid\u00e9os r\u00e9alis\u00e9es lors du Festival de Cannes 2016.<\/p>\n<\/div>\n<\/div>\n<p><a href=\"http:\/\/www.efj.press\/sixtinegerardtasset\/wp-content\/uploads\/sites\/13\/2015\/12\/13179279_10153831462393743_7347179461201170868_n.jpg\"><img loading=\"lazy\" decoding=\"async\" class=\"alignnone size-medium wp-image-233\" src=\"http:\/\/www.efj.press\/sixtinegerardtasset\/wp-content\/uploads\/sites\/13\/2015\/12\/13179279_10153831462393743_7347179461201170868_n-300x225.jpg\" alt=\"13179279_10153831462393743_7347179461201170868_n\" width=\"300\" height=\"225\" srcset=\"http:\/\/www.efj.press\/sixtinegerardtasset\/wp-content\/uploads\/sites\/13\/2015\/12\/13179279_10153831462393743_7347179461201170868_n-300x225.jpg 300w, http:\/\/www.efj.press\/sixtinegerardtasset\/wp-content\/uploads\/sites\/13\/2015\/12\/13179279_10153831462393743_7347179461201170868_n.jpg 960w\" sizes=\"(max-width: 300px) 100vw, 300px\" \/><\/a><\/p>\n","protected":false},"excerpt":{"rendered":"<p>Mon espace presse sur le site de l&rsquo;EFJ contient\u00a0trois rubriques : MA GRANDE ENQUETE :\u00a0r\u00e9alis\u00e9e dans le cadre de ma formation.\u00a0Vous trouverez le reportage on line de 6 min 45 qui vient cl\u00f4turer trois ann\u00e9es de journalisme, mais \u00e9galement les coulisses du travail, une liste des intervenants, des suppl\u00e9ments, des photos prises lors du tournage&#8230; &hellip; <a href=\"http:\/\/www.efj.press\/sixtinegerardtasset\/\" class=\"more-link\">Continuer la lecture de <span class=\"screen-reader-text\">ACCUEIL<\/span>  <span class=\"meta-nav\">&rarr;<\/span><\/a><\/p>\n","protected":false},"author":15,"featured_media":219,"parent":0,"menu_order":0,"comment_status":"closed","ping_status":"closed","template":"","meta":{"footnotes":""},"_links":{"self":[{"href":"http:\/\/www.efj.press\/sixtinegerardtasset\/wp-json\/wp\/v2\/pages\/147"}],"collection":[{"href":"http:\/\/www.efj.press\/sixtinegerardtasset\/wp-json\/wp\/v2\/pages"}],"about":[{"href":"http:\/\/www.efj.press\/sixtinegerardtasset\/wp-json\/wp\/v2\/types\/page"}],"author":[{"embeddable":true,"href":"http:\/\/www.efj.press\/sixtinegerardtasset\/wp-json\/wp\/v2\/users\/15"}],"replies":[{"embeddable":true,"href":"http:\/\/www.efj.press\/sixtinegerardtasset\/wp-json\/wp\/v2\/comments?post=147"}],"version-history":[{"count":15,"href":"http:\/\/www.efj.press\/sixtinegerardtasset\/wp-json\/wp\/v2\/pages\/147\/revisions"}],"predecessor-version":[{"id":240,"href":"http:\/\/www.efj.press\/sixtinegerardtasset\/wp-json\/wp\/v2\/pages\/147\/revisions\/240"}],"wp:featuredmedia":[{"embeddable":true,"href":"http:\/\/www.efj.press\/sixtinegerardtasset\/wp-json\/wp\/v2\/media\/219"}],"wp:attachment":[{"href":"http:\/\/www.efj.press\/sixtinegerardtasset\/wp-json\/wp\/v2\/media?parent=147"}],"curies":[{"name":"wp","href":"https:\/\/api.w.org\/{rel}","templated":true}]}}