{"id":137,"date":"2015-12-03T16:10:52","date_gmt":"2015-12-03T15:10:52","guid":{"rendered":"http:\/\/www.efj.press\/sixtinegerardtasset\/?page_id=137"},"modified":"2015-12-07T15:49:38","modified_gmt":"2015-12-07T14:49:38","slug":"grande-enquete-2015","status":"publish","type":"page","link":"http:\/\/www.efj.press\/sixtinegerardtasset\/grande-enquete-2015\/","title":{"rendered":"GRANDE ENQUETE 2015"},"content":{"rendered":"<h1>Quelles sont les difficult\u00e9s d&rsquo;apprentissage des gestes m\u00e9dicaux en gyn\u00e9cologie ?<\/h1>\n<p><em>Une enqu\u00eate sign\u00e9e Sixtine G\u00e9rard-Tasset &amp; Maelle Auriol\u00a0<\/em><\/p>\n<p><strong>Vous trouvez \u00e9galement<\/strong> :<\/p>\n<ul>\n<li>des interviews \u00ab\u00a0bonus\u00a0\u00bb,<\/li>\n<li>des photos du tournage,<\/li>\n<li>des documents annexes,\u00a0mais aussi &#8230;<\/li>\n<li>les coulisses du reportage et<\/li>\n<li>la liste des intervenants.<\/li>\n<\/ul>\n","protected":false},"excerpt":{"rendered":"<p>Quelles sont les difficult\u00e9s d&rsquo;apprentissage des gestes m\u00e9dicaux en gyn\u00e9cologie ? Une enqu\u00eate sign\u00e9e Sixtine G\u00e9rard-Tasset &amp; Maelle Auriol\u00a0 Vous trouvez \u00e9galement : des interviews \u00ab\u00a0bonus\u00a0\u00bb, des photos du tournage, des documents annexes,\u00a0mais aussi &#8230; les coulisses du reportage et la liste des intervenants.<\/p>\n","protected":false},"author":15,"featured_media":155,"parent":0,"menu_order":0,"comment_status":"closed","ping_status":"closed","template":"","meta":{"footnotes":""},"_links":{"self":[{"href":"http:\/\/www.efj.press\/sixtinegerardtasset\/wp-json\/wp\/v2\/pages\/137"}],"collection":[{"href":"http:\/\/www.efj.press\/sixtinegerardtasset\/wp-json\/wp\/v2\/pages"}],"about":[{"href":"http:\/\/www.efj.press\/sixtinegerardtasset\/wp-json\/wp\/v2\/types\/page"}],"author":[{"embeddable":true,"href":"http:\/\/www.efj.press\/sixtinegerardtasset\/wp-json\/wp\/v2\/users\/15"}],"replies":[{"embeddable":true,"href":"http:\/\/www.efj.press\/sixtinegerardtasset\/wp-json\/wp\/v2\/comments?post=137"}],"version-history":[{"count":3,"href":"http:\/\/www.efj.press\/sixtinegerardtasset\/wp-json\/wp\/v2\/pages\/137\/revisions"}],"predecessor-version":[{"id":157,"href":"http:\/\/www.efj.press\/sixtinegerardtasset\/wp-json\/wp\/v2\/pages\/137\/revisions\/157"}],"wp:featuredmedia":[{"embeddable":true,"href":"http:\/\/www.efj.press\/sixtinegerardtasset\/wp-json\/wp\/v2\/media\/155"}],"wp:attachment":[{"href":"http:\/\/www.efj.press\/sixtinegerardtasset\/wp-json\/wp\/v2\/media?parent=137"}],"curies":[{"name":"wp","href":"https:\/\/api.w.org\/{rel}","templated":true}]}}