{"id":120,"date":"2015-12-02T12:13:32","date_gmt":"2015-12-02T11:13:32","guid":{"rendered":"http:\/\/www.efj.press\/sixtinegerardtasset\/?page_id=120"},"modified":"2015-12-09T18:23:28","modified_gmt":"2015-12-09T17:23:28","slug":"mes-critiques-de-films","status":"publish","type":"page","link":"http:\/\/www.efj.press\/sixtinegerardtasset\/mes-critiques-de-films\/","title":{"rendered":"MES CRITIQUES DE FILMS"},"content":{"rendered":"<p>Voici une petite s\u00e9lection de critiques de films r\u00e9alis\u00e9es dans le cadre de mon dernier stage chez Modzik Magazine !<\/p>\n<p><a href=\"http:\/\/www.efj.press\/sixtinegerardtasset\/wp-content\/uploads\/sites\/13\/2015\/12\/cinema-27591.jpg\"><img loading=\"lazy\" decoding=\"async\" class=\"alignnone size-medium wp-image-200\" src=\"http:\/\/www.efj.press\/sixtinegerardtasset\/wp-content\/uploads\/sites\/13\/2015\/12\/cinema-27591-300x212.jpg\" alt=\"cinema-27591\" width=\"300\" height=\"212\" srcset=\"http:\/\/www.efj.press\/sixtinegerardtasset\/wp-content\/uploads\/sites\/13\/2015\/12\/cinema-27591-300x212.jpg 300w, http:\/\/www.efj.press\/sixtinegerardtasset\/wp-content\/uploads\/sites\/13\/2015\/12\/cinema-27591.jpg 750w\" sizes=\"(max-width: 300px) 100vw, 300px\" \/><\/a><\/p>\n","protected":false},"excerpt":{"rendered":"<p>Voici une petite s\u00e9lection de critiques de films r\u00e9alis\u00e9es dans le cadre de mon dernier stage chez Modzik Magazine !<\/p>\n","protected":false},"author":15,"featured_media":0,"parent":0,"menu_order":0,"comment_status":"closed","ping_status":"closed","template":"","meta":{"footnotes":""},"_links":{"self":[{"href":"http:\/\/www.efj.press\/sixtinegerardtasset\/wp-json\/wp\/v2\/pages\/120"}],"collection":[{"href":"http:\/\/www.efj.press\/sixtinegerardtasset\/wp-json\/wp\/v2\/pages"}],"about":[{"href":"http:\/\/www.efj.press\/sixtinegerardtasset\/wp-json\/wp\/v2\/types\/page"}],"author":[{"embeddable":true,"href":"http:\/\/www.efj.press\/sixtinegerardtasset\/wp-json\/wp\/v2\/users\/15"}],"replies":[{"embeddable":true,"href":"http:\/\/www.efj.press\/sixtinegerardtasset\/wp-json\/wp\/v2\/comments?post=120"}],"version-history":[{"count":3,"href":"http:\/\/www.efj.press\/sixtinegerardtasset\/wp-json\/wp\/v2\/pages\/120\/revisions"}],"predecessor-version":[{"id":201,"href":"http:\/\/www.efj.press\/sixtinegerardtasset\/wp-json\/wp\/v2\/pages\/120\/revisions\/201"}],"wp:attachment":[{"href":"http:\/\/www.efj.press\/sixtinegerardtasset\/wp-json\/wp\/v2\/media?parent=120"}],"curies":[{"name":"wp","href":"https:\/\/api.w.org\/{rel}","templated":true}]}}