{"id":107,"date":"2015-12-02T12:03:15","date_gmt":"2015-12-02T11:03:15","guid":{"rendered":"http:\/\/www.efj.press\/sixtinegerardtasset\/?page_id=107"},"modified":"2016-06-17T12:21:40","modified_gmt":"2016-06-17T11:21:40","slug":"supplement","status":"publish","type":"page","link":"http:\/\/www.efj.press\/sixtinegerardtasset\/grande-enquete-2015\/supplement\/","title":{"rendered":"Suppl\u00e9ment"},"content":{"rendered":"<h1>Immersion au coeur du service maternit\u00e9 du CHU d&rsquo;Angers&#8230;<\/h1>\n<p>Bonus : Nous avons suivi deux internes en gyn\u00e9cologie au CHU d&rsquo;Angers. Vincent Cr\u00e9peaux, interne en m\u00e9decine de la procr\u00e9ation et Sarah Tixier, interne en gyn\u00e9cologie-obst\u00e9trique.<\/p>\n<p>Les deux m\u00e9decins en devenir racontent une journ\u00e9e \u00ab\u00a0type\u00a0\u00bb au CHU, mais reviennent \u00e9galement sur leur formation et les aspects du m\u00e9tier auxquels ils sont confront\u00e9s chaque jour.<\/p>\n<p>Coup\u00e9e au montage pour une question de format, cette s\u00e9quence nous tenait \u00e0 coeur.<\/p>\n<p><iframe loading=\"lazy\" frameborder=\"0\" width=\"474\" height=\"266\" src=\"http:\/\/www.dailymotion.com\/embed\/video\/x3g9we6\" allowfullscreen><\/iframe><\/p>\n<h1>Droits r\u00e9serv\u00e9s :<\/h1>\n<ol>\n<li><span id=\"eow-title\" class=\"watch-title \" dir=\"ltr\" title=\"Scott Donaldson Richard Nolan - Dr House Tv Theme\">Scott Donaldson Richard Nolan \u2013 <span style=\"color: #00ccff;\">Dr House TV Theme<\/span><br \/>\n<\/span><\/li>\n<li><span id=\"eow-title\" class=\"watch-title \" dir=\"ltr\" title=\"Scott Donaldson Richard Nolan - Dr House Tv Theme\">Lux \u2013<span style=\"color: #00ccff;\"> Easy<\/span><\/span><\/li>\n<\/ol>\n","protected":false},"excerpt":{"rendered":"<p>Immersion au coeur du service maternit\u00e9 du CHU d&rsquo;Angers&#8230; Bonus : Nous avons suivi deux internes en gyn\u00e9cologie au CHU d&rsquo;Angers. Vincent Cr\u00e9peaux, interne en m\u00e9decine de la procr\u00e9ation et Sarah Tixier, interne en gyn\u00e9cologie-obst\u00e9trique. Les deux m\u00e9decins en devenir racontent une journ\u00e9e \u00ab\u00a0type\u00a0\u00bb au CHU, mais reviennent \u00e9galement sur leur formation et les aspects &hellip; <a href=\"http:\/\/www.efj.press\/sixtinegerardtasset\/grande-enquete-2015\/supplement\/\" class=\"more-link\">Continuer la lecture de <span class=\"screen-reader-text\">Suppl\u00e9ment<\/span>  <span class=\"meta-nav\">&rarr;<\/span><\/a><\/p>\n","protected":false},"author":15,"featured_media":0,"parent":137,"menu_order":0,"comment_status":"closed","ping_status":"closed","template":"","meta":{"footnotes":""},"_links":{"self":[{"href":"http:\/\/www.efj.press\/sixtinegerardtasset\/wp-json\/wp\/v2\/pages\/107"}],"collection":[{"href":"http:\/\/www.efj.press\/sixtinegerardtasset\/wp-json\/wp\/v2\/pages"}],"about":[{"href":"http:\/\/www.efj.press\/sixtinegerardtasset\/wp-json\/wp\/v2\/types\/page"}],"author":[{"embeddable":true,"href":"http:\/\/www.efj.press\/sixtinegerardtasset\/wp-json\/wp\/v2\/users\/15"}],"replies":[{"embeddable":true,"href":"http:\/\/www.efj.press\/sixtinegerardtasset\/wp-json\/wp\/v2\/comments?post=107"}],"version-history":[{"count":4,"href":"http:\/\/www.efj.press\/sixtinegerardtasset\/wp-json\/wp\/v2\/pages\/107\/revisions"}],"predecessor-version":[{"id":212,"href":"http:\/\/www.efj.press\/sixtinegerardtasset\/wp-json\/wp\/v2\/pages\/107\/revisions\/212"}],"up":[{"embeddable":true,"href":"http:\/\/www.efj.press\/sixtinegerardtasset\/wp-json\/wp\/v2\/pages\/137"}],"wp:attachment":[{"href":"http:\/\/www.efj.press\/sixtinegerardtasset\/wp-json\/wp\/v2\/media?parent=107"}],"curies":[{"name":"wp","href":"https:\/\/api.w.org\/{rel}","templated":true}]}}