{"id":100,"date":"2015-12-02T11:54:01","date_gmt":"2015-12-02T10:54:01","guid":{"rendered":"http:\/\/www.efj.press\/sixtinegerardtasset\/?page_id=100"},"modified":"2016-06-17T12:20:36","modified_gmt":"2016-06-17T11:20:36","slug":"les-coulisses-de-lenquete","status":"publish","type":"page","link":"http:\/\/www.efj.press\/sixtinegerardtasset\/grande-enquete-2015\/les-coulisses-de-lenquete\/","title":{"rendered":"Dans les coulisses de la Grande Enqu\u00eate"},"content":{"rendered":"<h1 class=\"p1\"><b><\/b><strong><span class=\"s2\">Comment tout a commenc\u00e9 ? <\/span><\/strong><\/h1>\n<p class=\"p1\">Sur la m\u00eame longueur d&rsquo;ondes, nous\u00a0avons voulu parler de\u00a0la maltraitance gyn\u00e9cologique. Un sujet qui petit \u00e0 petit faisait du bruit. Violence m\u00e9dicale, gestes non consentis, harc\u00e8lement&#8230; les t\u00e9moignages de femmes s&rsquo;accumulaient sur les r\u00e9seaux sociaux. \u00a0Nous avions pour ambition de le creuser et de mettre en lumi\u00e8re des r\u00e9v\u00e9lations. En tant que femmes, nous nous sentions concern\u00e9es par ces d\u00e9rives m\u00e9dicales, pouvant arriver \u00e0 n\u2019importe qui. Nous voulions r\u00e9ussir deux d\u00e9fis : illustrer une enqu\u00eate m\u00e9dicale et r\u00e9ussir \u00e0 convaincre des victimes \u00e0 parler de leur exp\u00e9rience devant la cam\u00e9ra.<\/p>\n<p class=\"p1\"><span class=\"s2\">Au del\u00e0 de l&rsquo;illustration, nous avons d\u00fb faire face \u00e0 une autre difficult\u00e9. Apr\u00e8s quelques semaines d\u2019investigation, les m\u00e9dias se sont empar\u00e9s du sujet et des dizaines d\u2019articles quotidiens sont parus sur le net. Sollicit\u00e9s par de grandes r\u00e9dactions, nos t\u00e9moins \u00ab\u00a0cl\u00e9\u00a0\u00bb ont annul\u00e9 nos rendez-vous. Sans organisations, collectifs ou f\u00e9ministes et avec<span class=\"Apple-converted-space\">\u00a0<\/span>seulement un catalogue de victimes, notre enqu\u00eate tournait au \u00ab\u00a0path\u00e9tique\u00a0\u00bb. Ce qui n&rsquo;\u00e9tait pas l&rsquo;effet escompt\u00e9. \u00a0<\/span><\/p>\n<p class=\"p1\"><span class=\"s2\">Nous avons donc rebondi et r\u00e9-angl\u00e9 l\u2019enqu\u00eate en pleine semaine de tournage. En partant de la pol\u00e9mique des touchers vaginaux sur patiente endormie au bloc op\u00e9ratoire, et du d\u00e9bat autour de la formation des internes, nous avons souhait\u00e9 parler de la difficult\u00e9 d\u2019apprentissage des actes m\u00e9dicaux. En nous concentrant bien-s\u00fbr sur la gyn\u00e9cologie.<\/span><\/p>\n<p class=\"p1\"><a href=\"http:\/\/www.efj.press\/sixtinegerardtasset\/wp-content\/uploads\/sites\/13\/2015\/12\/IMG_4787.jpg\"><img loading=\"lazy\" decoding=\"async\" class=\"alignnone size-medium wp-image-102\" src=\"http:\/\/www.efj.press\/sixtinegerardtasset\/wp-content\/uploads\/sites\/13\/2015\/12\/IMG_4787-300x225.jpg\" alt=\"IMG_4787\" width=\"300\" height=\"225\" srcset=\"http:\/\/www.efj.press\/sixtinegerardtasset\/wp-content\/uploads\/sites\/13\/2015\/12\/IMG_4787-300x225.jpg 300w, http:\/\/www.efj.press\/sixtinegerardtasset\/wp-content\/uploads\/sites\/13\/2015\/12\/IMG_4787-1024x768.jpg 1024w\" sizes=\"(max-width: 300px) 100vw, 300px\" \/><\/a><\/p>\n<p class=\"p1\"><span class=\"s2\"> Ni internes, ni victimes d\u2019actes non consentis, nous n\u2019avions aucune pr\u00e9disposition pour la r\u00e9alisation de ce sujet. Nous sommes parties avec un regard neutre. Ce qui nous permis de poser des questions\u00a0\u00ab\u00a0innocentes\u00a0\u00bb et de rendre un reportage accessible et compr\u00e9hensible de tous.\u00a0<\/span><\/p>\n<p class=\"p1\"><span class=\"s2\">A la suite des \u00e9v\u00e9nements dramatiques du 13 novembre, le sujet a \u00e9t\u00e9 chamboul\u00e9. Nous avons contact\u00e9 le directeur de la communication de tous les h\u00f4pitaux de Paris. Comme les portes des h\u00f4pitaux \u00e9taient ferm\u00e9es, et ce, m\u00eame aux plus grands journalistes,\u00a0nous avons du rebondir et \u00a0nous diriger vers une dizaine de CHU en province. R\u00e9sultat ? Nous sommes parties \u00e0 Angers pour notre dernier jour de tournage et avons pu tourner notre s\u00e9quence \u00ab\u00a0CHU\u00a0\u00bb.\u00a0<\/span><\/p>\n<p class=\"p1\"><a href=\"http:\/\/www.efj.press\/sixtinegerardtasset\/wp-content\/uploads\/sites\/13\/2015\/12\/IMG_6961.jpeg\"><img loading=\"lazy\" decoding=\"async\" class=\"alignnone size-medium wp-image-101\" src=\"http:\/\/www.efj.press\/sixtinegerardtasset\/wp-content\/uploads\/sites\/13\/2015\/12\/IMG_6961-300x225.jpeg\" alt=\"IMG_6961\" width=\"300\" height=\"225\" srcset=\"http:\/\/www.efj.press\/sixtinegerardtasset\/wp-content\/uploads\/sites\/13\/2015\/12\/IMG_6961-300x225.jpeg 300w, http:\/\/www.efj.press\/sixtinegerardtasset\/wp-content\/uploads\/sites\/13\/2015\/12\/IMG_6961-1024x768.jpeg 1024w\" sizes=\"(max-width: 300px) 100vw, 300px\" \/><\/a><\/p>\n","protected":false},"excerpt":{"rendered":"<p>Comment tout a commenc\u00e9 ? Sur la m\u00eame longueur d&rsquo;ondes, nous\u00a0avons voulu parler de\u00a0la maltraitance gyn\u00e9cologique. Un sujet qui petit \u00e0 petit faisait du bruit. Violence m\u00e9dicale, gestes non consentis, harc\u00e8lement&#8230; les t\u00e9moignages de femmes s&rsquo;accumulaient sur les r\u00e9seaux sociaux. \u00a0Nous avions pour ambition de le creuser et de mettre en lumi\u00e8re des r\u00e9v\u00e9lations. En &hellip; <a href=\"http:\/\/www.efj.press\/sixtinegerardtasset\/grande-enquete-2015\/les-coulisses-de-lenquete\/\" class=\"more-link\">Continuer la lecture de <span class=\"screen-reader-text\">Dans les coulisses de la Grande Enqu\u00eate<\/span>  <span class=\"meta-nav\">&rarr;<\/span><\/a><\/p>\n","protected":false},"author":15,"featured_media":165,"parent":137,"menu_order":0,"comment_status":"closed","ping_status":"closed","template":"","meta":{"footnotes":""},"_links":{"self":[{"href":"http:\/\/www.efj.press\/sixtinegerardtasset\/wp-json\/wp\/v2\/pages\/100"}],"collection":[{"href":"http:\/\/www.efj.press\/sixtinegerardtasset\/wp-json\/wp\/v2\/pages"}],"about":[{"href":"http:\/\/www.efj.press\/sixtinegerardtasset\/wp-json\/wp\/v2\/types\/page"}],"author":[{"embeddable":true,"href":"http:\/\/www.efj.press\/sixtinegerardtasset\/wp-json\/wp\/v2\/users\/15"}],"replies":[{"embeddable":true,"href":"http:\/\/www.efj.press\/sixtinegerardtasset\/wp-json\/wp\/v2\/comments?post=100"}],"version-history":[{"count":4,"href":"http:\/\/www.efj.press\/sixtinegerardtasset\/wp-json\/wp\/v2\/pages\/100\/revisions"}],"predecessor-version":[{"id":210,"href":"http:\/\/www.efj.press\/sixtinegerardtasset\/wp-json\/wp\/v2\/pages\/100\/revisions\/210"}],"up":[{"embeddable":true,"href":"http:\/\/www.efj.press\/sixtinegerardtasset\/wp-json\/wp\/v2\/pages\/137"}],"wp:featuredmedia":[{"embeddable":true,"href":"http:\/\/www.efj.press\/sixtinegerardtasset\/wp-json\/wp\/v2\/media\/165"}],"wp:attachment":[{"href":"http:\/\/www.efj.press\/sixtinegerardtasset\/wp-json\/wp\/v2\/media?parent=100"}],"curies":[{"name":"wp","href":"https:\/\/api.w.org\/{rel}","templated":true}]}}