{"id":86,"date":"2015-12-01T16:30:53","date_gmt":"2015-12-01T15:30:53","guid":{"rendered":"http:\/\/www.efj.press\/simonstephan\/?page_id=86"},"modified":"2015-12-10T22:31:02","modified_gmt":"2015-12-10T21:31:02","slug":"methodologie","status":"publish","type":"page","link":"http:\/\/www.efj.press\/simonstephan\/enquete-sur-les-marches-publics\/methodologie\/","title":{"rendered":"Les coulisses"},"content":{"rendered":"<p><iframe loading=\"lazy\" class=\"giphy-embed\" src=\"\/\/giphy.com\/embed\/CdAh3Sh0Mvtdu?html5=true\" width=\"480\" height=\"373\" frameborder=\"0\" allowfullscreen=\"allowfullscreen\"><\/iframe><\/p>\n<p>Pourquoi cette enqu\u00eate ?<br \/>\nComment avons-nous enqu\u00eat\u00e9 ?<br \/>\nQuels choix avons-nous fait ?<br \/>\nQui avons-nous contact\u00e9 ?<\/p>\n<p>Autant de questions auxquelles ces deux onglets r\u00e9pondent en d\u00e9tail.<\/p>\n<p><a href=\"http:\/\/www.efj.press\/simonstephan\/enquete-sur-les-marches-publics\/methodologie\/methodologie-denquete\/\">La m\u00e9thodologie.<\/a><\/p>\n<p><a href=\"http:\/\/www.efj.press\/simonstephan\/enquete-sur-les-marches-publics\/methodologie\/personnes-ressources\/\">Les personnes ressources.<\/a><\/p>\n","protected":false},"excerpt":{"rendered":"<p>Pourquoi cette enqu\u00eate ? Comment avons-nous enqu\u00eat\u00e9 ? Quels choix avons-nous fait ? Qui avons-nous contact\u00e9 ? Autant de questions auxquelles ces deux onglets r\u00e9pondent en d\u00e9tail. La m\u00e9thodologie. Les personnes ressources.<\/p>\n","protected":false},"author":26,"featured_media":0,"parent":78,"menu_order":3,"comment_status":"closed","ping_status":"closed","template":"","meta":{"footnotes":""},"_links":{"self":[{"href":"http:\/\/www.efj.press\/simonstephan\/wp-json\/wp\/v2\/pages\/86"}],"collection":[{"href":"http:\/\/www.efj.press\/simonstephan\/wp-json\/wp\/v2\/pages"}],"about":[{"href":"http:\/\/www.efj.press\/simonstephan\/wp-json\/wp\/v2\/types\/page"}],"author":[{"embeddable":true,"href":"http:\/\/www.efj.press\/simonstephan\/wp-json\/wp\/v2\/users\/26"}],"replies":[{"embeddable":true,"href":"http:\/\/www.efj.press\/simonstephan\/wp-json\/wp\/v2\/comments?post=86"}],"version-history":[{"count":9,"href":"http:\/\/www.efj.press\/simonstephan\/wp-json\/wp\/v2\/pages\/86\/revisions"}],"predecessor-version":[{"id":193,"href":"http:\/\/www.efj.press\/simonstephan\/wp-json\/wp\/v2\/pages\/86\/revisions\/193"}],"up":[{"embeddable":true,"href":"http:\/\/www.efj.press\/simonstephan\/wp-json\/wp\/v2\/pages\/78"}],"wp:attachment":[{"href":"http:\/\/www.efj.press\/simonstephan\/wp-json\/wp\/v2\/media?parent=86"}],"curies":[{"name":"wp","href":"https:\/\/api.w.org\/{rel}","templated":true}]}}