{"id":82,"date":"2015-12-01T16:29:08","date_gmt":"2015-12-01T15:29:08","guid":{"rendered":"http:\/\/www.efj.press\/simonstephan\/?page_id=82"},"modified":"2015-12-09T19:30:35","modified_gmt":"2015-12-09T18:30:35","slug":"la-team-data","status":"publish","type":"page","link":"http:\/\/www.efj.press\/simonstephan\/enquete-sur-les-marches-publics\/la-team-data\/","title":{"rendered":"La team data"},"content":{"rendered":"<p><iframe loading=\"lazy\" class=\"giphy-embed\" src=\"\/\/giphy.com\/embed\/dlIyiiGqHFJf2?html5=true\" width=\"480\" height=\"268\" frameborder=\"0\" allowfullscreen=\"allowfullscreen\"><\/iframe><\/p>\n<p>Le travail sur les march\u00e9s publics s\u2019est effectu\u00e9 en \u00e9quipe. Huit \u00e9tudiants de l\u2019EFJ ont contribu\u00e9 \u00e0 cette grande enqu\u00eate.<\/p>\n<p><span style=\"font-weight: 400;\">Donadey Sonia. Dot\u00e9e d\u2019un calme irr\u00e9prochable, elle a su apaiser les tensions au sein du groupe.<\/span><\/p>\n<p><span style=\"font-weight: 400;\">H\u00e9lari Pauline. Discr\u00e8te et efficace, \u00ab la Reine du t\u00e9l\u00e9phone \u00bb a recueilli des t\u00e9moignages essentiels au d\u00e9veloppement de l&rsquo;enqu\u00eate. <\/span><\/p>\n<p><span style=\"font-weight: 400;\">Huvelin Gr\u00e9goire. Entre analyses fines et blagues l\u00e9g\u00e8res, il a su d\u00e9tendre l\u2019atmosph\u00e8re et remotiver les troupes quand cela \u00e9tait n\u00e9cessaire. <\/span><\/p>\n<p><span style=\"font-weight: 400;\">L\u00e9cuyer Vincent. Calme, il n\u2019a pas rechign\u00e9 aux diff\u00e9rentes t\u00e2ches et a su mettre le sujet en perspective. <\/span><\/p>\n<p><span style=\"font-weight: 400;\">Louis Paul. Ex-futur \u00e9conomiste et ma\u00eetre des tableurs, c\u2019est lui qui a mani\u00e9 les chiffres et les statistiques<\/span><\/p>\n<p><span style=\"font-weight: 400;\">Ouicher Victoria. Malgr\u00e9 ses p\u00e9pins physiques, elle a harcel\u00e9 Data Gouv comme il le fallait.<\/span><\/p>\n<p><span style=\"font-weight: 400;\">Pillon Ad\u00e8le. Son esprit de contradiction a souvent men\u00e9 \u00e0 des d\u00e9bats houleux mais constructifs.<\/span><\/p>\n<p><span style=\"font-weight: 400;\">St\u00e9phan Simon. Ses comp\u00e9tences juridiques ont \u00e9t\u00e9 pr\u00e9cieuses pour comprendre les tenants et les aboutissants du sujet. <\/span><\/p>\n","protected":false},"excerpt":{"rendered":"<p>Le travail sur les march\u00e9s publics s\u2019est effectu\u00e9 en \u00e9quipe. Huit \u00e9tudiants de l\u2019EFJ ont contribu\u00e9 \u00e0 cette grande enqu\u00eate. Donadey Sonia. Dot\u00e9e d\u2019un calme irr\u00e9prochable, elle a su apaiser les tensions au sein du groupe. H\u00e9lari Pauline. Discr\u00e8te et efficace, \u00ab la Reine du t\u00e9l\u00e9phone \u00bb a recueilli des t\u00e9moignages essentiels au d\u00e9veloppement de &hellip; <a href=\"http:\/\/www.efj.press\/simonstephan\/enquete-sur-les-marches-publics\/la-team-data\/\" class=\"more-link\">Continuer la lecture de <span class=\"screen-reader-text\">La team data<\/span>  <span class=\"meta-nav\">&rarr;<\/span><\/a><\/p>\n","protected":false},"author":26,"featured_media":0,"parent":78,"menu_order":5,"comment_status":"closed","ping_status":"closed","template":"","meta":{"footnotes":""},"_links":{"self":[{"href":"http:\/\/www.efj.press\/simonstephan\/wp-json\/wp\/v2\/pages\/82"}],"collection":[{"href":"http:\/\/www.efj.press\/simonstephan\/wp-json\/wp\/v2\/pages"}],"about":[{"href":"http:\/\/www.efj.press\/simonstephan\/wp-json\/wp\/v2\/types\/page"}],"author":[{"embeddable":true,"href":"http:\/\/www.efj.press\/simonstephan\/wp-json\/wp\/v2\/users\/26"}],"replies":[{"embeddable":true,"href":"http:\/\/www.efj.press\/simonstephan\/wp-json\/wp\/v2\/comments?post=82"}],"version-history":[{"count":5,"href":"http:\/\/www.efj.press\/simonstephan\/wp-json\/wp\/v2\/pages\/82\/revisions"}],"predecessor-version":[{"id":178,"href":"http:\/\/www.efj.press\/simonstephan\/wp-json\/wp\/v2\/pages\/82\/revisions\/178"}],"up":[{"embeddable":true,"href":"http:\/\/www.efj.press\/simonstephan\/wp-json\/wp\/v2\/pages\/78"}],"wp:attachment":[{"href":"http:\/\/www.efj.press\/simonstephan\/wp-json\/wp\/v2\/media?parent=82"}],"curies":[{"name":"wp","href":"https:\/\/api.w.org\/{rel}","templated":true}]}}