{"id":78,"date":"2015-12-01T16:22:57","date_gmt":"2015-12-01T15:22:57","guid":{"rendered":"http:\/\/www.efj.press\/simonstephan\/?page_id=78"},"modified":"2015-12-02T15:48:27","modified_gmt":"2015-12-02T14:48:27","slug":"enquete-sur-les-marches-publics","status":"publish","type":"page","link":"http:\/\/www.efj.press\/simonstephan\/enquete-sur-les-marches-publics\/","title":{"rendered":"Grande enqu\u00eate sur les march\u00e9s publics"},"content":{"rendered":"<p style=\"text-align: justify;\"><b>Souhait\u00e9e par le gouvernement, d\u00e8s son arriv\u00e9e en 2012, la transparence est cens\u00e9e s\u2019appliquer \u00e0 tous les domaines de la vie publique. Pourtant, lorsqu\u2019il s\u2019agit de la publication des listes de march\u00e9s publics conclus, le citoyen fait face \u00e0 une jungle administrative dans laquelle il est difficile de s\u2019y retrouver. Data.gouv.fr, PLACE, BOAMP, site propre aux administrations\u2026 Autant de possibilit\u00e9s de publication offertes aux entit\u00e9s d\u2019achat. Autant de moyens de perdre le citoyen&#8230;<\/b><\/p>\n<p style=\"text-align: justify;\"><a href=\"http:\/\/www.efj.press\/simonstephan\/enquete-sur-les-marches-publics\/lenquete\/\">La suite de l\u2019enqu\u00eate<\/a>\u00a0(et il y a du lourd)<\/p>\n<p style=\"text-align: justify;\"><a href=\"http:\/\/www.efj.press\/simonstephan\/enquete-sur-les-marches-publics\/methodologie\/\">La m\u00e9thodologie, le raisonnement intellectuel, la fa\u00e7on de travailler<\/a><\/p>\n<p style=\"text-align: justify;\"><a href=\"http:\/\/www.efj.press\/simonstephan\/enquete-sur-les-marches-publics\/contexte\/\">Pourquoi une enqu\u00eate de datajournalisme ?<\/a><\/p>\n<p style=\"text-align: justify;\"><a href=\"http:\/\/www.efj.press\/simonstephan\/enquete-sur-les-marches-publics\/la-team-data\/\">Un travail d\u2019\u00e9quipe<\/a><\/p>\n<p style=\"text-align: justify;\">\n","protected":false},"excerpt":{"rendered":"<p>Souhait\u00e9e par le gouvernement, d\u00e8s son arriv\u00e9e en 2012, la transparence est cens\u00e9e s\u2019appliquer \u00e0 tous les domaines de la vie publique. Pourtant, lorsqu\u2019il s\u2019agit de la publication des listes de march\u00e9s publics conclus, le citoyen fait face \u00e0 une jungle administrative dans laquelle il est difficile de s\u2019y retrouver. Data.gouv.fr, PLACE, BOAMP, site propre &hellip; <a href=\"http:\/\/www.efj.press\/simonstephan\/enquete-sur-les-marches-publics\/\" class=\"more-link\">Continuer la lecture de <span class=\"screen-reader-text\">Grande enqu\u00eate sur les march\u00e9s publics<\/span>  <span class=\"meta-nav\">&rarr;<\/span><\/a><\/p>\n","protected":false},"author":26,"featured_media":0,"parent":0,"menu_order":0,"comment_status":"closed","ping_status":"closed","template":"","meta":{"footnotes":""},"_links":{"self":[{"href":"http:\/\/www.efj.press\/simonstephan\/wp-json\/wp\/v2\/pages\/78"}],"collection":[{"href":"http:\/\/www.efj.press\/simonstephan\/wp-json\/wp\/v2\/pages"}],"about":[{"href":"http:\/\/www.efj.press\/simonstephan\/wp-json\/wp\/v2\/types\/page"}],"author":[{"embeddable":true,"href":"http:\/\/www.efj.press\/simonstephan\/wp-json\/wp\/v2\/users\/26"}],"replies":[{"embeddable":true,"href":"http:\/\/www.efj.press\/simonstephan\/wp-json\/wp\/v2\/comments?post=78"}],"version-history":[{"count":8,"href":"http:\/\/www.efj.press\/simonstephan\/wp-json\/wp\/v2\/pages\/78\/revisions"}],"predecessor-version":[{"id":128,"href":"http:\/\/www.efj.press\/simonstephan\/wp-json\/wp\/v2\/pages\/78\/revisions\/128"}],"wp:attachment":[{"href":"http:\/\/www.efj.press\/simonstephan\/wp-json\/wp\/v2\/media?parent=78"}],"curies":[{"name":"wp","href":"https:\/\/api.w.org\/{rel}","templated":true}]}}