{"id":72,"date":"2015-12-01T16:04:13","date_gmt":"2015-12-01T15:04:13","guid":{"rendered":"http:\/\/www.efj.press\/simonstephan\/?page_id=72"},"modified":"2015-12-01T16:18:49","modified_gmt":"2015-12-01T15:18:49","slug":"cv","status":"publish","type":"page","link":"http:\/\/www.efj.press\/simonstephan\/cv\/","title":{"rendered":"Mon CV"},"content":{"rendered":"<p>Etudiant \u00e0 l\u2019Ecole Fran\u00e7aise de Journalisme \u00e0 Paris, bient\u00f4t dans le grand bain des piges. J\u2019ai eu la chance de travailler en PQR au T\u00e9l\u00e9gramme et dans une r\u00e9daction digitale \u00e0 GQ.<\/p>\n<p>Voici mon\u00a0<a href=\"http:\/\/www.efj.press\/simonstephan\/wp-content\/uploads\/sites\/24\/2015\/12\/CV-Simon-STEPHAN.pdf\">CV<\/a>\u00a0complet.<\/p>\n<p>Voici mon profil <a href=\"https:\/\/www.linkedin.com\/profile\/view?id=AAMAABZ3fmAB_F4fAMd1zyMkSuM5PQ41cHgWj0U&amp;trk=hp-identity-name\">LinkedIn<\/a>.<\/p>\n<p>Voici mon profil <a href=\"https:\/\/twitter.com\/Simon_Stephan_\">Twitter<\/a>.<\/p>\n","protected":false},"excerpt":{"rendered":"<p>Etudiant \u00e0 l\u2019Ecole Fran\u00e7aise de Journalisme \u00e0 Paris, bient\u00f4t dans le grand bain des piges. J\u2019ai eu la chance de travailler en PQR au T\u00e9l\u00e9gramme et dans une r\u00e9daction digitale \u00e0 GQ. Voici mon\u00a0CV\u00a0complet. Voici mon profil LinkedIn. Voici mon profil Twitter.<\/p>\n","protected":false},"author":26,"featured_media":0,"parent":0,"menu_order":0,"comment_status":"closed","ping_status":"closed","template":"","meta":{"footnotes":""},"_links":{"self":[{"href":"http:\/\/www.efj.press\/simonstephan\/wp-json\/wp\/v2\/pages\/72"}],"collection":[{"href":"http:\/\/www.efj.press\/simonstephan\/wp-json\/wp\/v2\/pages"}],"about":[{"href":"http:\/\/www.efj.press\/simonstephan\/wp-json\/wp\/v2\/types\/page"}],"author":[{"embeddable":true,"href":"http:\/\/www.efj.press\/simonstephan\/wp-json\/wp\/v2\/users\/26"}],"replies":[{"embeddable":true,"href":"http:\/\/www.efj.press\/simonstephan\/wp-json\/wp\/v2\/comments?post=72"}],"version-history":[{"count":4,"href":"http:\/\/www.efj.press\/simonstephan\/wp-json\/wp\/v2\/pages\/72\/revisions"}],"predecessor-version":[{"id":77,"href":"http:\/\/www.efj.press\/simonstephan\/wp-json\/wp\/v2\/pages\/72\/revisions\/77"}],"wp:attachment":[{"href":"http:\/\/www.efj.press\/simonstephan\/wp-json\/wp\/v2\/media?parent=72"}],"curies":[{"name":"wp","href":"https:\/\/api.w.org\/{rel}","templated":true}]}}