{"id":246,"date":"2016-06-17T03:47:15","date_gmt":"2016-06-17T02:47:15","guid":{"rendered":"http:\/\/www.efj.press\/simonstephan\/?page_id=246"},"modified":"2016-06-17T15:35:32","modified_gmt":"2016-06-17T14:35:32","slug":"quelques-liens","status":"publish","type":"page","link":"http:\/\/www.efj.press\/simonstephan\/basket-usa-un-ticket-dentree-pour-la-nba\/quelques-liens\/","title":{"rendered":"Quelques liens&#8230;"},"content":{"rendered":"<p>Sur les plus de 300 articles publi\u00e9s et\u00a0700 000 signes tap\u00e9s depuis mon arriv\u00e9e chez Basket USA , je vous propose une s\u00e9lection de quelques papiers entre interviews, infographie et\u00a0portraits.<\/p>\n<p>R\u00e9sultats de mes rencontres avec des joueurs NBA :<br \/>\n&#8211; <a href=\"http:\/\/www.basketusa.com\/news\/355967\/dirk-nowitzki-quand-je-vois-que-les-spurs-ont-67-victoires-et-quils-sont-derriere-les-warriors\/\">Dirk Nowitzki<\/a><br \/>\n&#8211; <a href=\"http:\/\/www.basketusa.com\/news\/363798\/interview-damien-inglis-prouver-que-jai-ma-place-en-nba\/\">Damien Inglis<\/a><br \/>\n&#8211; <a href=\"http:\/\/www.basketusa.com\/news\/365047\/interview-boris-\u2026ensuite-on-verra\/\">Boris Diaw<\/a><br \/>\n&#8211; <a href=\"http:\/\/www.basketusa.com\/news\/364936\/interview-ronny-turiaf-cest-grandiose-de-voir-stephen-curry-reussir\/\">Ronny Turiaf<\/a><\/p>\n<p>Portraits de jeunes joueurs :<br \/>\n&#8211;\u00a0<a href=\"http:\/\/www.basketusa.com\/news\/359503\/karl-anthony-towns-le-futur-des-wolves-mais-aussi-de-la-nba\/\">Karl-Anthony Towns, le futur des Wolves mais aussi de la NBA<\/a><br \/>\n&#8211;\u00a0<a href=\"http:\/\/www.basketusa.com\/news\/359935\/devin-booker-brillera-bien-qui-brillera-le-dernier\/\">Devin Booker : brillera bien qui brillera le dernier<\/a><\/p>\n<p>Une infographie ?\u00a0<a href=\"http:\/\/www.basketusa.com\/news\/348176\/golden-state-san-antonio-le-sprint-final-est-lance\/\">Golden State \u2013 San Antonio : le sprint final est lanc\u00e9 !<\/a><\/p>\n<p>Un r\u00e9sum\u00e9 de match si particulier, la derni\u00e8re sortie\u00a0surr\u00e9aliste de la l\u00e9gende Kobe Bryant : <a href=\"http:\/\/www.basketusa.com\/news\/355656\/60-fois-merci-kobe\/\">60 fois merci Kobe !<\/a><\/p>\n<p>Mon\u00a0dernier article en date&#8230;\u00a0<a href=\"http:\/\/www.basketusa.com\/news\/366769\/stephen-curry-est-pret-a-jouer-le-plus-grand-match-de-sa-carriere\/\">Stephen Curry est pr\u00eat \u00e0 jouer \u00ab\u00a0le plus grand match de sa carri\u00e8re\u00a0\u00bb<\/a><\/p>\n","protected":false},"excerpt":{"rendered":"<p>Sur les plus de 300 articles publi\u00e9s et\u00a0700 000 signes tap\u00e9s depuis mon arriv\u00e9e chez Basket USA , je vous propose une s\u00e9lection de quelques papiers entre interviews, infographie et\u00a0portraits. R\u00e9sultats de mes rencontres avec des joueurs NBA : &#8211; Dirk Nowitzki &#8211; Damien Inglis &#8211; Boris Diaw &#8211; Ronny Turiaf Portraits de jeunes joueurs &hellip; <a href=\"http:\/\/www.efj.press\/simonstephan\/basket-usa-un-ticket-dentree-pour-la-nba\/quelques-liens\/\" class=\"more-link\">Continuer la lecture de <span class=\"screen-reader-text\">Quelques liens&#8230;<\/span>  <span class=\"meta-nav\">&rarr;<\/span><\/a><\/p>\n","protected":false},"author":26,"featured_media":0,"parent":203,"menu_order":0,"comment_status":"closed","ping_status":"closed","template":"","meta":{"footnotes":""},"_links":{"self":[{"href":"http:\/\/www.efj.press\/simonstephan\/wp-json\/wp\/v2\/pages\/246"}],"collection":[{"href":"http:\/\/www.efj.press\/simonstephan\/wp-json\/wp\/v2\/pages"}],"about":[{"href":"http:\/\/www.efj.press\/simonstephan\/wp-json\/wp\/v2\/types\/page"}],"author":[{"embeddable":true,"href":"http:\/\/www.efj.press\/simonstephan\/wp-json\/wp\/v2\/users\/26"}],"replies":[{"embeddable":true,"href":"http:\/\/www.efj.press\/simonstephan\/wp-json\/wp\/v2\/comments?post=246"}],"version-history":[{"count":2,"href":"http:\/\/www.efj.press\/simonstephan\/wp-json\/wp\/v2\/pages\/246\/revisions"}],"predecessor-version":[{"id":261,"href":"http:\/\/www.efj.press\/simonstephan\/wp-json\/wp\/v2\/pages\/246\/revisions\/261"}],"up":[{"embeddable":true,"href":"http:\/\/www.efj.press\/simonstephan\/wp-json\/wp\/v2\/pages\/203"}],"wp:attachment":[{"href":"http:\/\/www.efj.press\/simonstephan\/wp-json\/wp\/v2\/media?parent=246"}],"curies":[{"name":"wp","href":"https:\/\/api.w.org\/{rel}","templated":true}]}}