{"id":236,"date":"2016-06-16T16:15:28","date_gmt":"2016-06-16T15:15:28","guid":{"rendered":"http:\/\/www.efj.press\/simonstephan\/?page_id=236"},"modified":"2016-06-17T15:21:05","modified_gmt":"2016-06-17T14:21:05","slug":"dans-les-coulisses-dun-premier-pas-en-nba","status":"publish","type":"page","link":"http:\/\/www.efj.press\/simonstephan\/basket-usa-un-ticket-dentree-pour-la-nba\/dans-les-coulisses-dun-premier-pas-en-nba\/","title":{"rendered":"Dans les coulisses d&rsquo;un premier pas en NBA"},"content":{"rendered":"<p style=\"text-align: justify;\">Comme expliqu\u00e9 en pr\u00e9ambule dans ma note de synth\u00e8se, la conf\u00e9rence t\u00e9l\u00e9phonique \u00e0 laquelle j&rsquo;ai particip\u00e9 avec Dirk Nowitzki a constitu\u00e9 mon premier pas dans la NBA. Pas seulement parce qu&rsquo;il s&rsquo;agissait d&rsquo;une l\u00e9gende du basket, mais plut\u00f4t parce que j&rsquo;ai communiqu\u00e9 de fa\u00e7on directe avec \u00ab\u00a0la grande ligue\u00a0\u00bb.<\/p>\n<p style=\"text-align: justify;\">Si le service de communication\u00a0fran\u00e7ais de la ligue\u00a0s&rsquo;occupe de la participation du m\u00e9dia \u00e0 la conf\u00e9rence, c&rsquo;est ensuite au journaliste d&rsquo;appeler sur une ligne am\u00e9ricaine, de se pr\u00e9senter sur le serveur de la NBA jusqu&rsquo;\u00e0 pouvoir participer \u00e0 cette \u00ab\u00a0conf\u00e9rence de presse t\u00e9l\u00e9phonique internationale\u00a0\u00bb, un exercice particulier qui illustre\u00a0bien\u00a0l&rsquo;essence du t\u00e9l\u00e9travail.<\/p>\n<blockquote>\n<p style=\"text-align: justify;\">C&rsquo;est la \u00ab\u00a0situation particuli\u00e8re\u00a0\u00bb que j&rsquo;ai d\u00e9cid\u00e9 de mettre en avant \u00e0 l&rsquo;aide de cette vid\u00e9o.<\/p>\n<p style=\"text-align: justify;\"><iframe loading=\"lazy\" src=\"https:\/\/www.youtube.com\/embed\/E0mLY-dFoOM\" width=\"560\" height=\"315\" frameborder=\"0\" allowfullscreen=\"allowfullscreen\"><\/iframe><\/p>\n<\/blockquote>\n","protected":false},"excerpt":{"rendered":"<p>Comme expliqu\u00e9 en pr\u00e9ambule dans ma note de synth\u00e8se, la conf\u00e9rence t\u00e9l\u00e9phonique \u00e0 laquelle j&rsquo;ai particip\u00e9 avec Dirk Nowitzki a constitu\u00e9 mon premier pas dans la NBA. Pas seulement parce qu&rsquo;il s&rsquo;agissait d&rsquo;une l\u00e9gende du basket, mais plut\u00f4t parce que j&rsquo;ai communiqu\u00e9 de fa\u00e7on directe avec \u00ab\u00a0la grande ligue\u00a0\u00bb. Si le service de communication\u00a0fran\u00e7ais de &hellip; <a href=\"http:\/\/www.efj.press\/simonstephan\/basket-usa-un-ticket-dentree-pour-la-nba\/dans-les-coulisses-dun-premier-pas-en-nba\/\" class=\"more-link\">Continuer la lecture de <span class=\"screen-reader-text\">Dans les coulisses d&rsquo;un premier pas en NBA<\/span>  <span class=\"meta-nav\">&rarr;<\/span><\/a><\/p>\n","protected":false},"author":26,"featured_media":0,"parent":203,"menu_order":0,"comment_status":"closed","ping_status":"closed","template":"","meta":{"footnotes":""},"_links":{"self":[{"href":"http:\/\/www.efj.press\/simonstephan\/wp-json\/wp\/v2\/pages\/236"}],"collection":[{"href":"http:\/\/www.efj.press\/simonstephan\/wp-json\/wp\/v2\/pages"}],"about":[{"href":"http:\/\/www.efj.press\/simonstephan\/wp-json\/wp\/v2\/types\/page"}],"author":[{"embeddable":true,"href":"http:\/\/www.efj.press\/simonstephan\/wp-json\/wp\/v2\/users\/26"}],"replies":[{"embeddable":true,"href":"http:\/\/www.efj.press\/simonstephan\/wp-json\/wp\/v2\/comments?post=236"}],"version-history":[{"count":6,"href":"http:\/\/www.efj.press\/simonstephan\/wp-json\/wp\/v2\/pages\/236\/revisions"}],"predecessor-version":[{"id":257,"href":"http:\/\/www.efj.press\/simonstephan\/wp-json\/wp\/v2\/pages\/236\/revisions\/257"}],"up":[{"embeddable":true,"href":"http:\/\/www.efj.press\/simonstephan\/wp-json\/wp\/v2\/pages\/203"}],"wp:attachment":[{"href":"http:\/\/www.efj.press\/simonstephan\/wp-json\/wp\/v2\/media?parent=236"}],"curies":[{"name":"wp","href":"https:\/\/api.w.org\/{rel}","templated":true}]}}