{"id":231,"date":"2016-06-16T15:29:12","date_gmt":"2016-06-16T14:29:12","guid":{"rendered":"http:\/\/www.efj.press\/simonstephan\/?page_id=231"},"modified":"2016-06-17T15:28:24","modified_gmt":"2016-06-17T14:28:24","slug":"description-du-poste-de-teletravail","status":"publish","type":"page","link":"http:\/\/www.efj.press\/simonstephan\/basket-usa-un-ticket-dentree-pour-la-nba\/description-du-poste-de-teletravail\/","title":{"rendered":"Description du poste de (t\u00e9l\u00e9)travail"},"content":{"rendered":"<p style=\"text-align: justify;\">Par nature, Basket USA d\u00e9pend du flux d&rsquo;information\u00a0am\u00e9ricain et forc\u00e9ment, son fil d&rsquo;actualit\u00e9\u00a0connait un d\u00e9calage horaire qui emp\u00eache Fabrice Auclert de mettre sur pied une r\u00e9daction classique. Tous ceux qui font BUSA travaillent de chez eux (ou directement des salles am\u00e9ricaines pour ceux qui ont la chance d&rsquo;\u00eatre sur place) et communiquent uniquement par Internet.<\/p>\n<p><a href=\"http:\/\/www.efj.press\/simonstephan\/wp-content\/uploads\/sites\/24\/2016\/06\/tachesbusa-2-e1466087525733.jpg\"><img loading=\"lazy\" decoding=\"async\" class=\"alignnone size-full wp-image-234\" src=\"http:\/\/www.efj.press\/simonstephan\/wp-content\/uploads\/sites\/24\/2016\/06\/tachesbusa-2-e1466087525733.jpg\" alt=\"tachesbusa-2\" width=\"800\" height=\"553\" \/><\/a><\/p>\n<h3>News : 40 %<\/h3>\n<p style=\"text-align: justify;\">Rarement de moins de 500 signes, les news produites par Basket USA se veulent le plus compl\u00e8tes possible, la seule limite \u00e9tant celle de l\u2019information. Cette derni\u00e8re nous arrive directement des Etats-Unis, pays dont nous d\u00e9pendons compl\u00e8tement. \u00c0 ce titre, notre travail se d\u00e9compose en plusieurs plages horaires, dont deux sont concentr\u00e9es sur ce format de \u00ab\u00a0simple\u00a0\u00bb relai de l\u2019information. Dans un premier temps, le matin fran\u00e7ais qui correspond \u00e0 la fin de soir\u00e9e am\u00e9ricaine, p\u00e9riode allant de 6h \u00e0 10h au cours de laquelle les r\u00e9actions d\u2019apr\u00e8s-match et les r\u00e9sum\u00e9s vid\u00e9os tombent. Deuxi\u00e8me temps, le r\u00e9veil progressif am\u00e9ricain, de la c\u00f4te Ouest \u00e0 la Cote Est, qui nous fournit les analyses de nos confr\u00e8res, les conf\u00e9rences post-entrainement des joueurs ou encore les mises \u00e0 jours concernant l\u2019\u00e9tat de sant\u00e9 des effectifs. Peu de br\u00e8ves, beaucoup d\u2019articles avec citation.<\/p>\n<h3>R\u00e9sum\u00e9s des matchs\u00a0: 30 %<\/h3>\n<p style=\"text-align: justify;\">Une des meilleures parties du travail, celle pour laquelle j\u2019ai voulu devenir journaliste. Passionn\u00e9 de basket, sans aucune chance de percer en tant que joueur, le m\u00e9tier de commentateur m\u2019a paru \u00eatre une occupation id\u00e9ale une fois adulte. Cette r\u00e9flexion concue\u00a0\u00e0 mes 10 ans s\u2019est r\u00e9alis\u00e9e ces derniers mois. Concr\u00e8tement, sauf le week-end, les rencontres d\u00e9marrent entre 1h et 4h30 du matin, et durent deux heures et demie durant lesquelles les journalistes sont charg\u00e9s de r\u00e9sumer le match en trois ou quatre mille signes. Le r\u00e9dacteur en chef se chargera de les publier \u00e0 son r\u00e9veil sur les coups de 6h. Pas de\u00a0commentaires au sens \u00ab\u00a0live\u00a0\u00bb du terme, mais un compte rendu d\u00e9taill\u00e9 des 48 minutes que dure un match.<\/p>\n<h3>Analyses : 20 %<\/h3>\n<p style=\"text-align: justify;\">Le relai de l\u2019information brute se fait t\u00f4t le matin et tard dans l\u2019apr\u00e8s-midi, par chance les heures o\u00f9 se connectent le plus les 200 000\u00a0 lecteurs quotidiens du site. La nuit, il y a les r\u00e9sum\u00e9s de matchs, et le midi, les articles plus longs. Le sommeil am\u00e9ricain nous laisse ainsi le temps pour des analyses approfondies concernant des joueurs, des \u00e9quipes, des actions de jeu particuli\u00e8res. Ou encore des retours sur des grands moments de l\u2019histoire du basket. Qu&rsquo;importe le format, aucune limite de signes et possibilit\u00e9 d\u2019int\u00e9gration d\u2019infographie, de contenu vid\u00e9o, de posts de\u00a0r\u00e9seaux sociaux.<\/p>\n<h3>Interviews : 10 %<\/h3>\n<p style=\"text-align: justify;\">Un exercice devenu r\u00e9curent au cours du mois de juin. Mes deux premi\u00e8res exp\u00e9riences ont eu lieu au d\u00e9but du mois d\u2019avril : le 12 de mani\u00e8re passive, en participant \u00e0 une conf\u00e9rence t\u00e9l\u00e9phonique internationale avec Nicolas Batum, joueur de l\u2019\u00e9quipe de l\u2019\u00e9quipe de France et des Charlotte Hornets, puis le 14 de mani\u00e8re active, avec Dirk Nowitzki, 6e meilleur marqueur de l\u2019histoire de la NBA, meilleur joueur en 2007 et champion avec Dallas en 2011. Les choses sont faites par t\u00e9l\u00e9phone, via un serveur am\u00e9ricain. Une fois enregistr\u00e9, le journaliste presse la touche \u00e9toile et attend que son tour arrive pour poser sa question. Moins simple que de se rendre \u00e0 la salle \u00ab\u00a0Hoops Factory\u00a0\u00bb \u00e0 Aubervilliers, autoproclam\u00e9 \u00ab\u00a0Temple du basket\u00a0\u00bb, o\u00f9 j\u2019ai pu discut\u00e9 avec Damien Inglis, joueurs fran\u00e7ais des Milwaukee Bucks. Ou encore d\u2019aller au Palais de Tokyo pour interroger Ronny Turiaf et Boris Diaw, joueurs fran\u00e7ais m\u00e9daill\u00e9s de nombreuses fois avec les Bleus et tous deux champions NBA.<\/p>\n<blockquote>\n<p style=\"text-align: justify;\">Les trois minutes qui suivent peuvent donner une id\u00e9e de ce qu&rsquo;est\u00a0une journ\u00e9e de\u00a0stage en t\u00e9l\u00e9travail, entre horaires d\u00e9cal\u00e9s, communication digitale et tasses de caf\u00e9.<\/p>\n<\/blockquote>\n<p><iframe loading=\"lazy\" src=\"https:\/\/www.youtube.com\/embed\/xtULfX7qZh8\" width=\"560\" height=\"315\" frameborder=\"0\" allowfullscreen=\"allowfullscreen\"><\/iframe><\/p>\n","protected":false},"excerpt":{"rendered":"<p>Par nature, Basket USA d\u00e9pend du flux d&rsquo;information\u00a0am\u00e9ricain et forc\u00e9ment, son fil d&rsquo;actualit\u00e9\u00a0connait un d\u00e9calage horaire qui emp\u00eache Fabrice Auclert de mettre sur pied une r\u00e9daction classique. Tous ceux qui font BUSA travaillent de chez eux (ou directement des salles am\u00e9ricaines pour ceux qui ont la chance d&rsquo;\u00eatre sur place) et communiquent uniquement par Internet. &hellip; <a href=\"http:\/\/www.efj.press\/simonstephan\/basket-usa-un-ticket-dentree-pour-la-nba\/description-du-poste-de-teletravail\/\" class=\"more-link\">Continuer la lecture de <span class=\"screen-reader-text\">Description du poste de (t\u00e9l\u00e9)travail<\/span>  <span class=\"meta-nav\">&rarr;<\/span><\/a><\/p>\n","protected":false},"author":26,"featured_media":0,"parent":203,"menu_order":0,"comment_status":"closed","ping_status":"closed","template":"","meta":{"footnotes":""},"_links":{"self":[{"href":"http:\/\/www.efj.press\/simonstephan\/wp-json\/wp\/v2\/pages\/231"}],"collection":[{"href":"http:\/\/www.efj.press\/simonstephan\/wp-json\/wp\/v2\/pages"}],"about":[{"href":"http:\/\/www.efj.press\/simonstephan\/wp-json\/wp\/v2\/types\/page"}],"author":[{"embeddable":true,"href":"http:\/\/www.efj.press\/simonstephan\/wp-json\/wp\/v2\/users\/26"}],"replies":[{"embeddable":true,"href":"http:\/\/www.efj.press\/simonstephan\/wp-json\/wp\/v2\/comments?post=231"}],"version-history":[{"count":7,"href":"http:\/\/www.efj.press\/simonstephan\/wp-json\/wp\/v2\/pages\/231\/revisions"}],"predecessor-version":[{"id":258,"href":"http:\/\/www.efj.press\/simonstephan\/wp-json\/wp\/v2\/pages\/231\/revisions\/258"}],"up":[{"embeddable":true,"href":"http:\/\/www.efj.press\/simonstephan\/wp-json\/wp\/v2\/pages\/203"}],"wp:attachment":[{"href":"http:\/\/www.efj.press\/simonstephan\/wp-json\/wp\/v2\/media?parent=231"}],"curies":[{"name":"wp","href":"https:\/\/api.w.org\/{rel}","templated":true}]}}