{"id":225,"date":"2016-06-16T14:37:09","date_gmt":"2016-06-16T13:37:09","guid":{"rendered":"http:\/\/www.efj.press\/simonstephan\/?page_id=225"},"modified":"2016-06-17T16:39:57","modified_gmt":"2016-06-17T15:39:57","slug":"du-minitel-a-la-webtele-le-pionnier-basket-usa","status":"publish","type":"page","link":"http:\/\/www.efj.press\/simonstephan\/basket-usa-un-ticket-dentree-pour-la-nba\/du-minitel-a-la-webtele-le-pionnier-basket-usa\/","title":{"rendered":"Du minitel \u00e0 la webt\u00e9l\u00e9, le pionnier Basket USA"},"content":{"rendered":"<p style=\"text-align: justify;\">Avec un million de visiteurs uniques par mois, Basket USA est le premier site francophone traitant de basket am\u00e9ricain. Depuis sa cr\u00e9ation en 1993, alors que Michael Jordan et sa Dream Team venaient de faire la meilleure publicit\u00e9 qu\u2019un sport ait connu en \u00e9blouissant les Jeux Olympiques de Barcelone, \u00ab\u00a0BUSA\u00a0\u00bb s\u2019est impos\u00e9 comme la r\u00e9f\u00e9rence NBA en France. Pure player, le site ne connait presque pas\u00a0les\u00a0probl\u00e8mes de droits li\u00e9s au support t\u00e9l\u00e9vis\u00e9, ni celui de la transition num\u00e9rique de la presse. N\u00e9 sur le minitel, Basket USA est un pionnier du web.<\/p>\n<p style=\"text-align: justify;\"><iframe loading=\"lazy\" src=\"https:\/\/www.youtube.com\/embed\/183S880H9uk\" width=\"560\" height=\"315\" frameborder=\"0\" allowfullscreen=\"allowfullscreen\"><\/iframe><\/p>\n<p style=\"text-align: justify;\">Profitant du traitement fam\u00e9lique du \u00ab\u00a0plus grand quotidien sportif fran\u00e7ais\u00a0\u00bb, l\u2019Equipe, Basket USA ne\u00a0cesse de grandir. Seul support offrant la possibilit\u00e9 aux francophones de suivre l\u2019actualit\u00e9 de la NBA au quotidien, le site grossit\u00a0avec Internet, jusqu\u2019\u00e0 exploser au cours de la d\u00e9cennie\u00a0pass\u00e9e et\u00a0devenir le porte drapeau de la ligue nord-am\u00e9ricaine en France.<\/p>\n<p style=\"text-align: justify;\"><a href=\"http:\/\/www.efj.press\/simonstephan\/wp-content\/uploads\/sites\/24\/2016\/06\/Capture-d\u2019\u00e9cran-2016-06-05-\u00e0-18.31.42-e1466177984428.png\"><img loading=\"lazy\" decoding=\"async\" class=\"size-full wp-image-263 aligncenter\" src=\"http:\/\/www.efj.press\/simonstephan\/wp-content\/uploads\/sites\/24\/2016\/06\/Capture-d\u2019\u00e9cran-2016-06-05-\u00e0-18.31.42-e1466177984428.png\" alt=\"Capture d\u2019\u00e9cran 2016-06-05 \u00e0 18.31.42\" width=\"800\" height=\"530\" \/><\/a><\/p>\n<p style=\"text-align: justify;\"><iframe loading=\"lazy\" style=\"border: none;\" title=\"Audiences Basket USA\" src=\"\/\/e.infogr.am\/d0dcd2c1-8515-4dac-94b7-3f9a8f3bf719?src=embed\" width=\"550\" height=\"901\" frameborder=\"0\" scrolling=\"no\"><\/iframe><\/p>\n<div style=\"padding: 8px 0; font-family: Arial!important; font-size: 13px!important; line-height: 15px!important; text-align: center; border-top: 1px solid #dadada; margin: 0 30px;\"><a style=\"color: #989898!important; text-decoration: none!important;\" href=\"https:\/\/infogr.am\/d0dcd2c1-8515-4dac-94b7-3f9a8f3bf719\" target=\"_blank\">Audiences Basket USA<\/a><br \/>\n<a style=\"color: #989898!important; text-decoration: none!important;\" href=\"https:\/\/infogr.am\" target=\"_blank\">Create your own infographics<\/a><\/div>\n<div style=\"padding: 8px 0px; border-top-width: 1px; border-top-style: solid; border-top-color: #dadada; margin: 0px 30px; font-family: Arial !important; font-size: 13px !important; line-height: 15px !important; text-align: justify;\"><a style=\"color: #989898!important; text-decoration: none!important;\" href=\"https:\/\/infogr.am\/d0dcd2c1-8515-4dac-94b7-3f9a8f3bf719\" target=\"_blank\">Audiences BUSA<\/a><br \/>\n<a style=\"color: #989898!important; text-decoration: none!important;\" href=\"https:\/\/infogr.am\" target=\"_blank\">Create your own infographics<\/a><\/div>\n<p style=\"text-align: justify;\">Des audiences qui sont difficiles \u00e0 retrouver en ligne et pour cause : \u00ab On ne peut paye pas le forfait annuel de l\u2019OJD (Office de Justification de la Diffusion) pour apparaitre sur leur site, ce n\u2019est pas une n\u00e9cessit\u00e9 vis \u00e0 vis des annonceurs\u00a0\u00bb explique Fabrice Auclert. Devenu \u00ab\u00a0Alliance pour les chiffres de la presse et des m\u00e9dias\u00a0\u00bb (ACPM), l\u2019ex-OJD est une association professionnelle certifiant les chiffres de diffusion de la presse en fonction de diff\u00e9rents crit\u00e8res, notamment l\u2019audience. Essentielle \u00e0\u00a0certains afin d\u2019attirer des annonceurs publicitaires, pratique \u00e0 d\u2019autres pour faire valoir leurs chiffres \u00e0 des partenaires ou \u00e0 la concurrence, la plateforme ne r\u00e9pertorie pas Basket USA. \u00ab\u00a0On serait dans le Top 50 si on y \u00e9tait \u00bb assure son r\u00e9dacteur en chef, \u00ab\u00a0au niveau de Paris Match\u00a0\u00bb. Comme le souligne un salari\u00e9 du groupe Lagard\u00e8re, d\u00e9tenant Paris Match, \u00ab\u00a0ils n\u2019ont pourtant pas la m\u00eame force de frappe, les m\u00eames moyens en coulisses\u00a0\u00bb.<\/p>\n<p style=\"text-align: justify;\">Basket USA fait \u00e9galement partie d\u2019un groupe : Eureka Presse. Co-fondateur et associ\u00e9 de \u00ab\u00a0EP\u00a0\u00bb, Fabrice Auclert a rachet\u00e9 le site de basket pour 1\u20ac symbolique en 2001 alors qu\u2019il n\u2019en \u00e9tait qu\u2019un simple salari\u00e9. Aujourd\u2019hui, le groupe \u00e9dite <a href=\"http:\/\/internaute.com\">Linternaute.com<\/a>, <a href=\"http:\/\/cnetfrance.fr\">cnetfrance.fr<\/a>, <a href=\"http:\/\/larevueautomobile.com\">larevueautomobile.com<\/a> ou encore les sites web de Free et des Pages Jaunes. Basket USA est la t\u00eate de gondole de cette galaxie bien fournie qui r\u00e9alise 500 000\u20ac de chiffre d\u2019affaire annuel.<\/p>\n<p style=\"text-align: justify;\"><a href=\"http:\/\/www.efj.press\/simonstephan\/wp-content\/uploads\/sites\/24\/2016\/06\/GalaxieEurekaPresse.jpg\"><img loading=\"lazy\" decoding=\"async\" class=\"alignnone size-full wp-image-199\" src=\"http:\/\/www.efj.press\/simonstephan\/wp-content\/uploads\/sites\/24\/2016\/06\/GalaxieEurekaPresse.jpg\" alt=\"GalaxieEurekaPresse\" width=\"796\" height=\"944\" srcset=\"http:\/\/www.efj.press\/simonstephan\/wp-content\/uploads\/sites\/24\/2016\/06\/GalaxieEurekaPresse.jpg 796w, http:\/\/www.efj.press\/simonstephan\/wp-content\/uploads\/sites\/24\/2016\/06\/GalaxieEurekaPresse-253x300.jpg 253w\" sizes=\"(max-width: 796px) 100vw, 796px\" \/><\/a><\/p>\n<p style=\"text-align: justify;\">\u00ab\u00a0BUSA est le premier site du groupe, mais pas celui qui rapporte le plus d\u2019argent\u00a0\u00bb pr\u00e9cise Fabrice Auclert, qui \u00e9tait encore seul avec son associ\u00e9 co-fondateur au sein d&rsquo;Eureka Presse en 2009. Sept ans plus tard, \u00ab\u00a0EP\u00a0\u00bb compte sept salari\u00e9s, une progression notable dans ce secteur \u00e0 coupler avec celle qu\u2019a connu son chef de file Basket USA. Le nombre de joueurs dans l\u2019\u00e9quipe BUSA a ainsi doubl\u00e9 sur la p\u00e9riode pour atteindre les quatorze aujourd\u2019hui. Son capitaine Fabrice Auclert s\u2019est entour\u00e9 d\u2019un d\u00e9veloppeur, de quelques journalistes et d\u2019une poign\u00e9e de pigistes r\u00e9partis aux quatre coins de la France et\u00a0des Etats-Unis.<\/p>\n<p><iframe loading=\"lazy\" src=\"https:\/\/www.google.com\/maps\/d\/embed?mid=1eb-AyjX2H4vTR9Lwx8orALJxmNk\" width=\"640\" height=\"480\"><\/iframe><\/p>\n<h3 style=\"text-align: justify;\">Basket USA ne connait pas les crises<\/h3>\n<p style=\"text-align: justify;\">C\u2019est en faisant confiance aux diff\u00e9rents jeunes se succ\u00e9dant en contrat de professionnalisation au sein de l\u2019entreprise que Fabrice a agrandi la r\u00e9daction, en les \u00ab\u00a0titularisant\u00a0\u00bb \u00e0 la sortie de l\u2019\u00e9cole. Une r\u00e9daction qui, de par la sp\u00e9cificit\u00e9 de l\u2019information trait\u00e9e, fonctionne diff\u00e9remment des structures classiques. Ainsi, BUSA n\u2019a pas de locaux, pas de bureaux physiques, tous les \u00e9changes se faisant par le biais d\u2019Internet et de l\u2019application Slack. Les matchs ont lieu en pleine nuit en France, se terminent quand l\u2019Hexagone se r\u00e9veille, et finalement les Etats-Unis se l\u00e8vent progressivement de la c\u00f4te Est \u00e0 la C\u00f4te Ouest en fin de journ\u00e9e \u00e0 Paris. Pas facile de faire vivre une r\u00e9daction physique avec ces horaires d\u00e9routants.<\/p>\n<p style=\"text-align: justify;\">Les journalistes se succ\u00e8dent pour \u00e9crire les r\u00e9sum\u00e9s des matchs entre 00h et 6h (il peut y avoir jusqu\u2019\u00e0 quatorze rencontres par nuit). Fabrice s\u2019occupant de la mise en ligne \u00e0 l\u2019heure o\u00f9 les Fran\u00e7ais se l\u00e8vent, pour qu\u2019ils puissent d\u00e9couvrir les r\u00e9sultats, actions et r\u00e9actions des joueurs NBA en prenant leur petit-d\u00e9jeuner. Le fil d\u2019actualit\u00e9 est concentr\u00e9 sur ces matchs jusqu\u2019\u00e0 la mi-journ\u00e9e, puis ce sont les papiers plus froids, analyses ou pr\u00e9visions de la soir\u00e9e \u00e0 venir, qui prennent le relais l\u2019apr\u00e8s-midi. Jusqu\u2019\u00e0 laisser leur place aux commentaires et actualit\u00e9s des joueurs qui s\u2019entrainent aux USA \u00e0 l\u2019heure ou le soleil se couche ici. Les Fran\u00e7ais terminent leur journ\u00e9e\u00a0en lisant ces derni\u00e8res informations sur les transferts ou l\u2019\u00e9tat physique des joueurs, alors que ceux-ci se pr\u00e9parent tranquillement \u00e0 jouer un autre match. Et ainsi de suite. Soit 18h d\u2019actualit\u00e9 chaude et 6h d\u2019actualit\u00e9 froide \u00e0 traiter\u00a0pour Basket USA.<\/p>\n<p style=\"text-align: justify;\"><script id=\"infogram_0_336af149-b6a0-473d-9679-3e135911ee88\" title=\"24h d'informations chez BUSA\" src=\"\/\/e.infogr.am\/js\/embed.js?cHf\" type=\"text\/javascript\"><\/script><\/p>\n<div style=\"padding: 8px 0px; border-top-width: 1px; border-top-style: solid; border-top-color: #dadada; margin: 0px 30px; font-family: Arial !important; font-size: 13px !important; line-height: 15px !important; text-align: justify;\"><a style=\"color: #989898!important; text-decoration: none!important;\" href=\"https:\/\/infogr.am\/336af149-b6a0-473d-9679-3e135911ee88\" target=\"_blank\">24h d&rsquo;informations chez BUSA<\/a><br \/>\n<a style=\"color: #989898!important; text-decoration: none!important;\" href=\"http:\/\/charts.infogr.am\/pie-chart?utm_source=embed_bottom&amp;utm_medium=seo&amp;utm_campaign=pie_chart\" target=\"_blank\">Create pie charts<\/a><\/div>\n<p style=\"text-align: justify;\">Premier m\u00e9dia traitant de sport am\u00e9ricain, Basket USA a vu na\u00eetre plusieurs petits fr\u00e8res \u00e0 ses c\u00f4t\u00e9s : <a href=\"http:\/\/www.popnsport.com\">Popnsport<\/a>, qui met en ligne des contenus d\u00e9cal\u00e9s li\u00e9s au sport, ou encore l&rsquo;\u00e9ph\u00e9m\u00e8re Basket Europe, qui a permis \u00e0 BUSA de combler le plus grand vide de son histoire lors de la gr\u00e8ve des joueurs en 2011. Un \u00ab\u00a0lock out\u00a0\u00bb \u0153uvre du syndicat des joueurs qui paralysa la NBA le temps de ren\u00e9gocier les droits de ceux-ci. Une demi saison blanche, comme d\u00e9j\u00e0 en 1999, au cours de laquelle BUSA f\u00fbt priv\u00e9 de sa moelle et d\u00fbt donc trouver des solutions pour continuer de fonctionner. Traiter l&rsquo;actualit\u00e9 europ\u00e9enne en sera une, tout comme faire appel \u00e0 des experts pour commenter l&rsquo;\u00e9volution des n\u00e9gociations et en expliquer les tenants et les aboutissants. Chose que ces concurrents n\u2019ont pas su faire, laissant BUSA repartir encore plus fort \u00e0 la sortie de ce \u00ab\u00a0lock out\u00a0\u00bb.<\/p>\n<h3 style=\"text-align: justify;\">Du minitel \u00e0 la\u00a0webt\u00e9l\u00e9<\/h3>\n<p style=\"text-align: justify;\">Une des forces sur lesquelles a \u00e9galement pu capitaliser Basket USA est la web\u00e9mission qu&rsquo;elle diffuse, le Hoopcast. D&rsquo;abord sous format radio, puis vid\u00e9o lorsque la plateforme Dailymotion propose de le produire, le show \u00e0 su se forger une solide communaut\u00e9 partag\u00e9e entre anciens lecteurs de BUSA et nouveaux arrivants sensibles \u00e0 l&rsquo;analyse et au ton d\u00e9brid\u00e9 de ses chroniqueurs. Aujourd&rsquo;hui, ce ne sont pas moins de 30 000 internautes qui attendent chaque semaine les \u00e9changes anim\u00e9s de Thomas Dufant et Erwan Abautret arbitr\u00e9s par Alain Mattei.<\/p>\n<p style=\"text-align: justify;\">Axe de r\u00e9flexion actuellement \u00e0 l\u2019\u00e9tude : le d\u00e9veloppement de Basket USA \u00e0 l\u2019\u00e9tranger. Outre les nouvelles versions de son application et le lancement d\u2019une boutique en ligne de v\u00eatements, Fabrice Auclert a ainsi r\u00e9fl\u00e9chi \u00e0 l\u2019extension de la marque Basket USA en dehors de l\u2019hexagone mais pour l\u2019instant, l\u2019id\u00e9e reste \u00e0 l\u2019\u00e9tat de projet. \u00ab\u00a0On a fait des \u00e9tudes de march\u00e9, et la gestion des droits vid\u00e9o est diff\u00e9rente\u00a0\u00bb regrette le r\u00e9dacteur en chef. \u00ab\u00a0C\u2019est donc compliqu\u00e9 de faire le m\u00eame travail sans vid\u00e9o\u00a0\u00bb. Et si BUSA continue son bonhomme de chemin malgr\u00e9 le r\u00e9cent partenariat sign\u00e9 par la NBA avec l\u2019Equipe, <a href=\"http:\/\/www.efj.press\/simonstephan\/2015\/10\/20\/peur-sur-la-fanbase-francaise-de-la-nba\/\">que ce blog \u00e9voquait \u00e0 l&rsquo;automne dernier<\/a>, Fabrice pr\u00e9f\u00e8re rester francophone avant de traverser l\u2019Atlantique. \u00ab\u00a0On pr\u00e9f\u00e8re \u00eatre num\u00e9ro 1 en France que de se disperser \u00e0 l\u2019\u00e9tranger, o\u00f9 l\u2019on ne sera que des \u2018sous-ESPN&rsquo; (leader de l&rsquo;information sportive aux Etats-Unis, ndlr) \u00bb. Rester unis pour mieux r\u00e9gner.<\/p>\n","protected":false},"excerpt":{"rendered":"<p>Avec un million de visiteurs uniques par mois, Basket USA est le premier site francophone traitant de basket am\u00e9ricain. Depuis sa cr\u00e9ation en 1993, alors que Michael Jordan et sa Dream Team venaient de faire la meilleure publicit\u00e9 qu\u2019un sport ait connu en \u00e9blouissant les Jeux Olympiques de Barcelone, \u00ab\u00a0BUSA\u00a0\u00bb s\u2019est impos\u00e9 comme la r\u00e9f\u00e9rence &hellip; <a href=\"http:\/\/www.efj.press\/simonstephan\/basket-usa-un-ticket-dentree-pour-la-nba\/du-minitel-a-la-webtele-le-pionnier-basket-usa\/\" class=\"more-link\">Continuer la lecture de <span class=\"screen-reader-text\">Du minitel \u00e0 la webt\u00e9l\u00e9, le pionnier Basket USA<\/span>  <span class=\"meta-nav\">&rarr;<\/span><\/a><\/p>\n","protected":false},"author":26,"featured_media":0,"parent":203,"menu_order":0,"comment_status":"closed","ping_status":"closed","template":"","meta":{"footnotes":""},"_links":{"self":[{"href":"http:\/\/www.efj.press\/simonstephan\/wp-json\/wp\/v2\/pages\/225"}],"collection":[{"href":"http:\/\/www.efj.press\/simonstephan\/wp-json\/wp\/v2\/pages"}],"about":[{"href":"http:\/\/www.efj.press\/simonstephan\/wp-json\/wp\/v2\/types\/page"}],"author":[{"embeddable":true,"href":"http:\/\/www.efj.press\/simonstephan\/wp-json\/wp\/v2\/users\/26"}],"replies":[{"embeddable":true,"href":"http:\/\/www.efj.press\/simonstephan\/wp-json\/wp\/v2\/comments?post=225"}],"version-history":[{"count":5,"href":"http:\/\/www.efj.press\/simonstephan\/wp-json\/wp\/v2\/pages\/225\/revisions"}],"predecessor-version":[{"id":254,"href":"http:\/\/www.efj.press\/simonstephan\/wp-json\/wp\/v2\/pages\/225\/revisions\/254"}],"up":[{"embeddable":true,"href":"http:\/\/www.efj.press\/simonstephan\/wp-json\/wp\/v2\/pages\/203"}],"wp:attachment":[{"href":"http:\/\/www.efj.press\/simonstephan\/wp-json\/wp\/v2\/media?parent=225"}],"curies":[{"name":"wp","href":"https:\/\/api.w.org\/{rel}","templated":true}]}}