{"id":220,"date":"2016-06-16T14:45:42","date_gmt":"2016-06-16T13:45:42","guid":{"rendered":"http:\/\/www.efj.press\/simonstephan\/?page_id=220"},"modified":"2016-06-17T04:54:18","modified_gmt":"2016-06-17T03:54:18","slug":"le-hoopcast-ticket-dentree-de-busa-vers-la-webtele","status":"publish","type":"page","link":"http:\/\/www.efj.press\/simonstephan\/basket-usa-un-ticket-dentree-pour-la-nba\/le-hoopcast-ticket-dentree-de-busa-vers-la-webtele\/","title":{"rendered":"Le \u00ab\u00a0Hoopcast\u00a0\u00bb, ticket d&rsquo;entr\u00e9e de BUSA vers la webt\u00e9l\u00e9 ?"},"content":{"rendered":"<p style=\"text-align: justify;\">\u00c0 la fin des ann\u00e9es 2000,\u00a0\u00a0Basket USA d\u00e9cide\u00a0de s&rsquo;offrir un nouveau support alors que le pure player le laisse place qu&rsquo;\u00e0 l&rsquo;\u00e9crit. Son r\u00e9dacteur en chef Fabrice Auclert\u00a0lance un show radio, commun\u00e9ment appel\u00e9 \u00ab\u00a0podcast\u00a0\u00bb, comme cela se fait\u00a0beaucoup aux Etats-Unis et de plus en plus en France.<\/p>\n<p style=\"text-align: justify;\">Entre analyses et d\u00e9bats, le \u00ab\u00a0Hoopcast\u00a0\u00bb devient rapidement un rendez-vous incontournable des lecteurs de BUSA et occupe la premi\u00e8re place sur la plateforme de t\u00e9l\u00e9chargement iTunes dans\u00a0\u00a0sa cat\u00e9gorie, devant les shows des radios FM.<\/p>\n<p style=\"text-align: justify;\">En 2013, la\u00a0service d&rsquo;h\u00e9bergement et de mise en en ligne de vid\u00e9os, Dailymotion, propose d&rsquo;ajouter l&rsquo;image aux d\u00e9bats des chroniqueurs et le Hoopcast devient une web\u00e9mission t\u00e9l\u00e9. Un axe innovant sur lequel a d\u00e9cid\u00e9 de se lancer Basket USA et ses \u00e9quipes. En quoi consiste l&rsquo;\u00e9mission ? Qui la fabrique\u00a0? Pourquoi est-ce important de proposer un show hebdomadaire \u00e0 ces lecteurs ? Peut-on envisager de voir le Hoopcast sur nos petits \u00e9crans ? R\u00e9ponses avec Fabrice Auclert, r\u00e9dacteur en chef de Basket USA, et Paul Harrer, chef d&rsquo;\u00e9dition du Hoopcast.<\/p>\n<p><iframe loading=\"lazy\" src=\"https:\/\/www.youtube.com\/embed\/7Zv78vFd3Tg\" width=\"560\" height=\"315\" frameborder=\"0\" allowfullscreen=\"allowfullscreen\"><\/iframe><\/p>\n","protected":false},"excerpt":{"rendered":"<p>\u00c0 la fin des ann\u00e9es 2000,\u00a0\u00a0Basket USA d\u00e9cide\u00a0de s&rsquo;offrir un nouveau support alors que le pure player le laisse place qu&rsquo;\u00e0 l&rsquo;\u00e9crit. Son r\u00e9dacteur en chef Fabrice Auclert\u00a0lance un show radio, commun\u00e9ment appel\u00e9 \u00ab\u00a0podcast\u00a0\u00bb, comme cela se fait\u00a0beaucoup aux Etats-Unis et de plus en plus en France. Entre analyses et d\u00e9bats, le \u00ab\u00a0Hoopcast\u00a0\u00bb devient rapidement &hellip; <a href=\"http:\/\/www.efj.press\/simonstephan\/basket-usa-un-ticket-dentree-pour-la-nba\/le-hoopcast-ticket-dentree-de-busa-vers-la-webtele\/\" class=\"more-link\">Continuer la lecture de <span class=\"screen-reader-text\">Le \u00ab\u00a0Hoopcast\u00a0\u00bb, ticket d&rsquo;entr\u00e9e de BUSA vers la webt\u00e9l\u00e9 ?<\/span>  <span class=\"meta-nav\">&rarr;<\/span><\/a><\/p>\n","protected":false},"author":26,"featured_media":0,"parent":203,"menu_order":0,"comment_status":"closed","ping_status":"closed","template":"","meta":{"footnotes":""},"_links":{"self":[{"href":"http:\/\/www.efj.press\/simonstephan\/wp-json\/wp\/v2\/pages\/220"}],"collection":[{"href":"http:\/\/www.efj.press\/simonstephan\/wp-json\/wp\/v2\/pages"}],"about":[{"href":"http:\/\/www.efj.press\/simonstephan\/wp-json\/wp\/v2\/types\/page"}],"author":[{"embeddable":true,"href":"http:\/\/www.efj.press\/simonstephan\/wp-json\/wp\/v2\/users\/26"}],"replies":[{"embeddable":true,"href":"http:\/\/www.efj.press\/simonstephan\/wp-json\/wp\/v2\/comments?post=220"}],"version-history":[{"count":7,"href":"http:\/\/www.efj.press\/simonstephan\/wp-json\/wp\/v2\/pages\/220\/revisions"}],"predecessor-version":[{"id":256,"href":"http:\/\/www.efj.press\/simonstephan\/wp-json\/wp\/v2\/pages\/220\/revisions\/256"}],"up":[{"embeddable":true,"href":"http:\/\/www.efj.press\/simonstephan\/wp-json\/wp\/v2\/pages\/203"}],"wp:attachment":[{"href":"http:\/\/www.efj.press\/simonstephan\/wp-json\/wp\/v2\/media?parent=220"}],"curies":[{"name":"wp","href":"https:\/\/api.w.org\/{rel}","templated":true}]}}