{"id":203,"date":"2016-06-16T14:08:50","date_gmt":"2016-06-16T13:08:50","guid":{"rendered":"http:\/\/www.efj.press\/simonstephan\/?page_id=203"},"modified":"2016-06-17T15:31:31","modified_gmt":"2016-06-17T14:31:31","slug":"basket-usa-un-ticket-dentree-pour-la-nba","status":"publish","type":"page","link":"http:\/\/www.efj.press\/simonstephan\/basket-usa-un-ticket-dentree-pour-la-nba\/","title":{"rendered":"Basket USA, un ticket d&rsquo;entr\u00e9e pour la NBA"},"content":{"rendered":"<p style=\"text-align: justify;\">Qui dit stage de fin d&rsquo;\u00e9tudes, dit rapport. Vous pourrez d\u00e9couvrir \u00a0ici une version plurim\u00e9dia du mien, prenant la forme d&rsquo;une pr\u00e9sentation de l&rsquo;entreprise Basket USA, dans laquelle j&rsquo;ai eu la chance de passer six mois, ou encore la description de mon poste de travail, vid\u00e9os \u00e0 l&rsquo;appui, ainsi qu&rsquo;une pr\u00e9sentation approfondie de la webt\u00e9l\u00e9 selon \u00ab\u00a0BUSA\u00a0\u00bb.\u00a0Si j&rsquo;ai tent\u00e9 de rendre ce\u00a0m\u00e9moire le plus intelligible possible, il est impossible de passer outre le fait qu&rsquo;il s&rsquo;agisse de basket am\u00e9ricain.<\/p>\n<p style=\"text-align: justify;\">Basket USA est le premier m\u00e9dia francophone traitant de l&rsquo;actualit\u00e9 du basket am\u00e9ricain et, \u00e0 ce titre, le fonctionnement de la r\u00e9daction digitale que j&rsquo;ai int\u00e9gr\u00e9e\u00a0est bien diff\u00e9rent d&rsquo;une structure traditionnelle. D\u00e9calage horaire, langue, moyen de communication&#8230; Autant d&rsquo;\u00e9l\u00e9ments qui fa\u00e7onnent ce support, son organisation et le travail de ses journalistes. En pr\u00e9ambule donc, cette\u00a0s\u00e9ance de rattrapage sous forme d&rsquo;infographie.<\/p>\n<p style=\"text-align: justify;\"><img loading=\"lazy\" decoding=\"async\" class=\"size-full wp-image-214 aligncenter\" src=\"http:\/\/www.efj.press\/simonstephan\/wp-content\/uploads\/sites\/24\/2016\/06\/UnesaisonenNBA-6-e1465976071971.jpg\" alt=\"UnesaisonenNBA-6\" width=\"800\" height=\"1026\" \/>Pour la suite, vous pourrez lire dans\u00a0cette rubrique :<br \/>\n&#8211; <a href=\"http:\/\/www.efj.press\/simonstephan\/basket-usa-un-ticket-dentree-pour-la-nba\/du-minitel-a-la-webtele-le-pionnier-basket-usa\/\">Une enqu\u00eate sur Basket USA<\/a>,<br \/>\n&#8211;\u00a0<a href=\"http:\/\/www.efj.press\/simonstephan\/basket-usa-un-ticket-dentree-pour-la-nba\/le-hoopcast-ticket-dentree-de-busa-vers-la-webtele\/\">Un focus sur la webt\u00e9l\u00e9<\/a>, axe de d\u00e9veloppement du pure player,<br \/>\n&#8211; <a href=\"http:\/\/www.efj.press\/simonstephan\/basket-usa-un-ticket-dentree-pour-la-nba\/description-du-poste-de-teletravail\/\">La\u00a0description de mon poste de (t\u00e9l\u00e9)travail<\/a>,<br \/>\n&#8211; <a href=\"http:\/\/www.efj.press\/simonstephan\/dans-les-coulisses-dun-premier-pas-en-nba\/\">La pr\u00e9sentation d&rsquo;une situation particuli\u00e8re<\/a>, en l&rsquo;occurence la validation de mon\u00a0ticket d&rsquo;entr\u00e9e pour la NBA&#8230;<br \/>\n&#8211;\u00a0<a href=\"http:\/\/www.efj.press\/simonstephan\/basket-usa-un-ticket-dentree-pour-la-nba\/quelques-liens\/\">Quelques liens utiles<\/a> vers\u00a0une poign\u00e9e de papiers<\/p>\n","protected":false},"excerpt":{"rendered":"<p>Qui dit stage de fin d&rsquo;\u00e9tudes, dit rapport. Vous pourrez d\u00e9couvrir \u00a0ici une version plurim\u00e9dia du mien, prenant la forme d&rsquo;une pr\u00e9sentation de l&rsquo;entreprise Basket USA, dans laquelle j&rsquo;ai eu la chance de passer six mois, ou encore la description de mon poste de travail, vid\u00e9os \u00e0 l&rsquo;appui, ainsi qu&rsquo;une pr\u00e9sentation approfondie de la webt\u00e9l\u00e9 &hellip; <a href=\"http:\/\/www.efj.press\/simonstephan\/basket-usa-un-ticket-dentree-pour-la-nba\/\" class=\"more-link\">Continuer la lecture de <span class=\"screen-reader-text\">Basket USA, un ticket d&rsquo;entr\u00e9e pour la NBA<\/span>  <span class=\"meta-nav\">&rarr;<\/span><\/a><\/p>\n","protected":false},"author":26,"featured_media":0,"parent":0,"menu_order":0,"comment_status":"closed","ping_status":"closed","template":"","meta":{"footnotes":""},"_links":{"self":[{"href":"http:\/\/www.efj.press\/simonstephan\/wp-json\/wp\/v2\/pages\/203"}],"collection":[{"href":"http:\/\/www.efj.press\/simonstephan\/wp-json\/wp\/v2\/pages"}],"about":[{"href":"http:\/\/www.efj.press\/simonstephan\/wp-json\/wp\/v2\/types\/page"}],"author":[{"embeddable":true,"href":"http:\/\/www.efj.press\/simonstephan\/wp-json\/wp\/v2\/users\/26"}],"replies":[{"embeddable":true,"href":"http:\/\/www.efj.press\/simonstephan\/wp-json\/wp\/v2\/comments?post=203"}],"version-history":[{"count":13,"href":"http:\/\/www.efj.press\/simonstephan\/wp-json\/wp\/v2\/pages\/203\/revisions"}],"predecessor-version":[{"id":260,"href":"http:\/\/www.efj.press\/simonstephan\/wp-json\/wp\/v2\/pages\/203\/revisions\/260"}],"wp:attachment":[{"href":"http:\/\/www.efj.press\/simonstephan\/wp-json\/wp\/v2\/media?parent=203"}],"curies":[{"name":"wp","href":"https:\/\/api.w.org\/{rel}","templated":true}]}}