{"id":148,"date":"2015-12-03T11:21:37","date_gmt":"2015-12-03T10:21:37","guid":{"rendered":"http:\/\/www.efj.press\/simonstephan\/?page_id=148"},"modified":"2015-12-10T14:48:11","modified_gmt":"2015-12-10T13:48:11","slug":"methodologie-denquete","status":"publish","type":"page","link":"http:\/\/www.efj.press\/simonstephan\/enquete-sur-les-marches-publics\/methodologie\/methodologie-denquete\/","title":{"rendered":"M\u00e9thodologie d&rsquo;enqu\u00eate"},"content":{"rendered":"<p style=\"text-align: justify;\">Premier sujet d\u2019enqu\u00eate, avort\u00e9, \u00ab\u00a0Le Projet Iter\u00a0\u00bb<\/p>\n<p style=\"text-align: justify;\"><span style=\"font-weight: 400;\">Contexte : Jean-Marc Manach a trouv\u00e9, il y a quelques temps, \u00ab une faille dans le syst\u00e8me extranet d\u2019Iter, un projet nucl\u00e9aire international\u00a0\u00bb. Sur la page pr\u00e9c\u00e9dent <a href=\"https:\/\/mioga.finances.gouv.fr\/ITER\/public\/C2I\/documents\/events\/7dec09\/\" target=\"_blank\">la faille en question<\/a>, il y a en effet une\u00a0demande d\u2019identification avec login et mot de passe. <\/span><span style=\"font-weight: 400;\">. Voila le point de d\u00e9part de notre premier sujet de grande enqu\u00eate. Devant la charge de travail cons\u00e9quente, il n\u2019avait pas pu creuser le sujet seul. Il nous a donc propos\u00e9 de collaborer \u00e0 ses c\u00f4t\u00e9s pour voir ce qu\u2019on pouvait trouver. Ainsi, nous partions \u00e0 l\u2019aveugle chercher une aiguille imaginaire dans une botte de foin. <\/span><\/p>\n<p style=\"text-align: justify;\"><span style=\"font-weight: 400;\">Dans cette faille, nous avions acc\u00e8s \u00e0 :<\/span><\/p>\n<ul style=\"text-align: justify;\">\n<ul>\n<li style=\"font-weight: 400;\"><span style=\"font-weight: 400;\">une base de donn\u00e9es avec la liste de tous les participants au projet en 2009 (394) (d\u00e9tail entreprise, travaux\u2026) <\/span><\/li>\n<li style=\"font-weight: 400;\"><span style=\"font-weight: 400;\">des centaines de documents d\u2019entreprise (+ ou &#8211; confidentiels), <\/span><\/li>\n<li style=\"font-weight: 400;\"><span style=\"font-weight: 400;\">plans d\u00e9taill\u00e9s du r\u00e9acteur, <\/span><\/li>\n<li style=\"font-weight: 400;\"><span style=\"font-weight: 400;\">co\u00fbts voyage\u2026 <\/span><\/li>\n<li style=\"font-weight: 400;\"><span style=\"font-weight: 400;\">Signatures de charte du travail, conditions de travail. <\/span><\/li>\n<li style=\"font-weight: 400;\"><span style=\"font-weight: 400;\">sons, vid\u00e9os<\/span><\/li>\n<\/ul>\n<\/ul>\n<p style=\"text-align: justify;\"><span style=\"font-weight: 400;\">Nous \u00e9tions une \u00e9quipe de onze journalistes le premier jour. Nous nous sommes logiquement r\u00e9parti le travail : par groupe de deux ou trois, il s\u2019agissait de se renseigner sur le projet ITER et ses enjeux d\u2019une part, et d\u2019effectuer des recherches par mots-cl\u00e9s d\u2019autre part. <\/span><\/p>\n<p style=\"text-align: justify;\"><span style=\"font-weight: 400;\">Apr\u00e8s quelques jours de recherche, nous avons perdu trois journalistes en route.<\/span><\/p>\n<p style=\"text-align: justify;\"><span style=\"font-weight: 400;\">Au bout d\u2019une semaine de travail, nous avons compris l\u2019importance du projet, qui fait l\u2019objet de nombreuses publications. Pour ce qui est des documents de la faille, nous nous sommes servis du logiciel \u201c<a href=\"https:\/\/www.overviewdocs.com\/\" target=\"_blank\">Overview<\/a>\u201d sur lequel on peut t\u00e9l\u00e9charger des documents, puis effectuer des recherches par mots-cl\u00e9s sur l\u2019ensemble des pages. <\/span><\/p>\n<p style=\"text-align: justify;\"><span style=\"font-weight: 400;\">Nous avons \u00e9galement trier les participants dans\u00a0un tableau excel dans lequel nous pr\u00e9cisions s\u2019ils faisaient l\u2019objet d\u2019une habilitation \u201csecret-d\u00e9fense\u201d, et s\u2019il existait des caract\u00e9ristiques qui attiraient notre attention (domaine d\u2019activit\u00e9, liens avec d\u2019autres entreprises). Nous avons notamment identifi\u00e9 deux personnes sur lesquelles nous avons effectuer\u00a0des recherches approfondies. Mais aucune information int\u00e9ressante n\u2019est sortie de cette fouille. Les op\u00e9rateurs boul\u00e9ens nous ont beaucoup aid\u00e9 au cours de ces recherches. (exemple \u2192 site:<\/span><a href=\"https:\/\/mioga.finances.gouv.fr\"><span style=\"font-weight: 400;\">mioga.finances.gouv.fr<\/span><\/a><span style=\"font-weight: 400;\"> intext : \u201cconfidential\u201d \u201chabilitation s\u00e9curit\u00e9\u201d flietype : pdf). <\/span><\/p>\n<p style=\"text-align: justify;\"><span style=\"font-weight: 400;\">Nous avons identifi\u00e9 un certain nombre de questions sans r\u00e9ponse que nous avons ensuite envoy\u00e9es \u00e0 des ONG et \u00e0 un physicien. Les premi\u00e8res ne nous ont pas r\u00e9pondu alors que le physicien Pierre Peguin nous a expliqu\u00e9 qu\u2019il n\u2019avait pas le temps de se plonger dans le document. <\/span><\/p>\n<p style=\"text-align: justify;\">\n<p style=\"text-align: justify;\"><span style=\"font-weight: 400;\">Nous nous sommes alors focalis\u00e9s sur les habilitations \u201csecret-d\u00e9fense\u201d qui apparaissaient sur les fiches des participants au projet. Est-ce l\u00e9gal de divulguer ce genre d\u2019habilitation d\u2019Etat ? C\u2019est la question sur laquelle nous avons d\u00e9bouch\u00e9e. Mais nous avons jug\u00e9 que ce n\u2019\u00e9tait pas suffisant de creuser.\u00a0Au final, ce sont deux personnes habilit\u00e9es \u201csecret-d\u00e9fense\u201d qui ont retenu notre attention, sans pour autant trouver d\u2019informations exploitables.<\/span><\/p>\n<p style=\"text-align: justify;\"><span style=\"font-weight: 400;\">Le travail sur le projet Iter aura dur\u00e9 une semaine et demie.<\/span><\/p>\n<p style=\"text-align: justify;\">Le deuxi\u00e8me sujet sur les march\u00e9s publics.<\/p>\n<p style=\"text-align: justify;\"><span style=\"font-weight: 400;\">Apr\u00e8s \u00ab l\u2019\u00e9chec ITER \u00bb, Jean-Marc Manach nous a communiqu\u00e9 un nouveau sujet : la non publication des listes des march\u00e9s publics conclus au sein de la DGSE (Direction G\u00e9n\u00e9rale de la S\u00e9curit\u00e9 Ext\u00e9rieure).<\/span><\/p>\n<p style=\"text-align: justify;\"><span style=\"font-weight: 400;\">Nous avons donc commenc\u00e9 \u00e0 rassembler toutes les informations n\u00e9cessaires : le cadre l\u00e9gislatif, les diff\u00e9rentes plateformes de publication concernant le minist\u00e8re de la D\u00e9fense et plus tard, toutes les administrations. <\/span><\/p>\n<p style=\"text-align: justify;\"><span style=\"font-weight: 400;\">Nous avons cr\u00e9\u00e9 plusieurs feuilles spreadsheets dans lesquelles nous avons aspir\u00e9 les donn\u00e9es de<\/span><a href=\"http:\/\/data.gouv.fr\"> <span style=\"font-weight: 400;\">data.gouv.fr<\/span><\/a><span style=\"font-weight: 400;\">, nous avons aussi cr\u00e9\u00e9 des tableaux crois\u00e9s dynamiques.<\/span><\/p>\n<p style=\"text-align: justify;\"><span style=\"font-weight: 400;\">Il a ensuite fallu r\u00e9pertorier toutes les entit\u00e9s pr\u00e9sentes sur les diff\u00e9rentes plateformes et inclure leurs donn\u00e9es, \u201c\u00e0 la mano\u201d, dans les spreadsheets. <\/span><\/p>\n<p style=\"text-align: justify;\"><a href=\"http:\/\/www.efj.press\/simonstephan\/wp-content\/uploads\/sites\/24\/2015\/12\/Tableau-m\u00e9thodo.png\"><img loading=\"lazy\" decoding=\"async\" class=\"aligncenter wp-image-163 size-full\" src=\"http:\/\/www.efj.press\/simonstephan\/wp-content\/uploads\/sites\/24\/2015\/12\/Tableau-m\u00e9thodo.png\" alt=\"Tableau m\u00e9thodo\" width=\"1265\" height=\"712\" srcset=\"http:\/\/www.efj.press\/simonstephan\/wp-content\/uploads\/sites\/24\/2015\/12\/Tableau-m\u00e9thodo.png 1265w, http:\/\/www.efj.press\/simonstephan\/wp-content\/uploads\/sites\/24\/2015\/12\/Tableau-m\u00e9thodo-300x169.png 300w, http:\/\/www.efj.press\/simonstephan\/wp-content\/uploads\/sites\/24\/2015\/12\/Tableau-m\u00e9thodo-1024x576.png 1024w\" sizes=\"(max-width: 1265px) 100vw, 1265px\" \/><\/a><\/p>\n<p style=\"text-align: justify;\"><span style=\"font-weight: 400;\">Nous avons proc\u00e9d\u00e9 \u00e0 de nombreux calculs pour faire ressortir des chiffres cl\u00e9s. <\/span><\/p>\n<p style=\"text-align: justify;\"><span style=\"font-weight: 400;\">Pour ce faire, il a fallu utiliser quelques formules sur le tableur telles que : <\/span><\/p>\n<p style=\"text-align: justify;\"><a href=\"http:\/\/www.efj.press\/simonstephan\/wp-content\/uploads\/sites\/24\/2015\/12\/Formule-methodo-1.png\"><img loading=\"lazy\" decoding=\"async\" class=\"aligncenter wp-image-166 size-full\" src=\"http:\/\/www.efj.press\/simonstephan\/wp-content\/uploads\/sites\/24\/2015\/12\/Formule-methodo-1.png\" alt=\"Formule methodo 1\" width=\"481\" height=\"58\" srcset=\"http:\/\/www.efj.press\/simonstephan\/wp-content\/uploads\/sites\/24\/2015\/12\/Formule-methodo-1.png 481w, http:\/\/www.efj.press\/simonstephan\/wp-content\/uploads\/sites\/24\/2015\/12\/Formule-methodo-1-300x36.png 300w\" sizes=\"(max-width: 481px) 100vw, 481px\" \/><\/a><\/p>\n<p style=\"text-align: justify;\">Ou encore<\/p>\n<p style=\"text-align: justify;\">\n<p style=\"text-align: justify;\">\n<p style=\"text-align: justify;\"><a href=\"http:\/\/www.efj.press\/simonstephan\/wp-content\/uploads\/sites\/24\/2015\/12\/Formule-m\u00e9thodo-2.png\"><img loading=\"lazy\" decoding=\"async\" class=\"aligncenter wp-image-167 size-full\" src=\"http:\/\/www.efj.press\/simonstephan\/wp-content\/uploads\/sites\/24\/2015\/12\/Formule-m\u00e9thodo-2.png\" alt=\"Formule m\u00e9thodo 2\" width=\"309\" height=\"30\" srcset=\"http:\/\/www.efj.press\/simonstephan\/wp-content\/uploads\/sites\/24\/2015\/12\/Formule-m\u00e9thodo-2.png 309w, http:\/\/www.efj.press\/simonstephan\/wp-content\/uploads\/sites\/24\/2015\/12\/Formule-m\u00e9thodo-2-300x29.png 300w\" sizes=\"(max-width: 309px) 100vw, 309px\" \/><\/a><\/p>\n<p style=\"text-align: justify;\"><span style=\"font-weight: 400;\">En cherchant les listes de march\u00e9s conclus des entit\u00e9s du minist\u00e8re de la D\u00e9fense, entre 2009 et 2014, sur les diff\u00e9rentes plateformes de publication, nous avons d\u00e9couvert que beaucoup ne les publiaient pas. Un travail de longue haleine, pendant lequel nous avons \u00e9t\u00e9 confront\u00e9s \u00e0 de nombreuses difficult\u00e9s, notamment concernant l\u2019utilisation des plateformes. Nous nous sommes aussi rendus compte que les donn\u00e9es n\u2019\u00e9taient pas toujours les m\u00eames en fonction des plateformes. <\/span><\/p>\n<p style=\"text-align: justify;\"><span style=\"font-weight: 400;\">Les tableaux termin\u00e9s, nous avons contact\u00e9 les entit\u00e9s qui ne publiaient pas afin de conna\u00eetre leurs raisons. <\/span><\/p>\n<p style=\"text-align: justify;\"><span style=\"font-weight: 400;\">Pour savoir si le probl\u00e8me \u00e9tait propre au minist\u00e8re de la D\u00e9fense, nous nous sommes pench\u00e9s sur le minist\u00e8re de l&rsquo;Agriculture apr\u00e8s avoir reproduit la m\u00eame d\u00e9marche qu\u2019avec les donn\u00e9es du minist\u00e8re de la D\u00e9fense. Par ailleurs, nous nous sommes pench\u00e9s sur le Conseil Constitutionnel, l\u2019Assembl\u00e9e Nationale ou encore l\u2019Elys\u00e9e. <\/span><\/p>\n<p style=\"text-align: justify;\"><span style=\"font-weight: 400;\">Nous avons donc d\u00e9cid\u00e9 d\u2019angler notre enqu\u00eate autour de \u00ab l\u2019usine \u00e0 gaz \u00bb : les difficult\u00e9s que le citoyen pourrait rencontrer dans sa qu\u00eate de \u00ab transparence \u00bb.<\/span><\/p>\n","protected":false},"excerpt":{"rendered":"<p>Premier sujet d\u2019enqu\u00eate, avort\u00e9, \u00ab\u00a0Le Projet Iter\u00a0\u00bb Contexte : Jean-Marc Manach a trouv\u00e9, il y a quelques temps, \u00ab une faille dans le syst\u00e8me extranet d\u2019Iter, un projet nucl\u00e9aire international\u00a0\u00bb. Sur la page pr\u00e9c\u00e9dent la faille en question, il y a en effet une\u00a0demande d\u2019identification avec login et mot de passe. . Voila le point &hellip; <a href=\"http:\/\/www.efj.press\/simonstephan\/enquete-sur-les-marches-publics\/methodologie\/methodologie-denquete\/\" class=\"more-link\">Continuer la lecture de <span class=\"screen-reader-text\">M\u00e9thodologie d&rsquo;enqu\u00eate<\/span>  <span class=\"meta-nav\">&rarr;<\/span><\/a><\/p>\n","protected":false},"author":26,"featured_media":0,"parent":86,"menu_order":1,"comment_status":"closed","ping_status":"closed","template":"","meta":{"footnotes":""},"_links":{"self":[{"href":"http:\/\/www.efj.press\/simonstephan\/wp-json\/wp\/v2\/pages\/148"}],"collection":[{"href":"http:\/\/www.efj.press\/simonstephan\/wp-json\/wp\/v2\/pages"}],"about":[{"href":"http:\/\/www.efj.press\/simonstephan\/wp-json\/wp\/v2\/types\/page"}],"author":[{"embeddable":true,"href":"http:\/\/www.efj.press\/simonstephan\/wp-json\/wp\/v2\/users\/26"}],"replies":[{"embeddable":true,"href":"http:\/\/www.efj.press\/simonstephan\/wp-json\/wp\/v2\/comments?post=148"}],"version-history":[{"count":4,"href":"http:\/\/www.efj.press\/simonstephan\/wp-json\/wp\/v2\/pages\/148\/revisions"}],"predecessor-version":[{"id":191,"href":"http:\/\/www.efj.press\/simonstephan\/wp-json\/wp\/v2\/pages\/148\/revisions\/191"}],"up":[{"embeddable":true,"href":"http:\/\/www.efj.press\/simonstephan\/wp-json\/wp\/v2\/pages\/86"}],"wp:attachment":[{"href":"http:\/\/www.efj.press\/simonstephan\/wp-json\/wp\/v2\/media?parent=148"}],"curies":[{"name":"wp","href":"https:\/\/api.w.org\/{rel}","templated":true}]}}