{"id":143,"date":"2015-12-03T11:03:55","date_gmt":"2015-12-03T10:03:55","guid":{"rendered":"http:\/\/www.efj.press\/simonstephan\/?page_id=143"},"modified":"2015-12-10T14:36:07","modified_gmt":"2015-12-10T13:36:07","slug":"mieux-comprendre-le-sujet","status":"publish","type":"page","link":"http:\/\/www.efj.press\/simonstephan\/enquete-sur-les-marches-publics\/mieux-comprendre-le-sujet\/","title":{"rendered":"Mieux comprendre le sujet"},"content":{"rendered":"<p>Une enqu\u00eate de datajournalisme sur les listes de march\u00e9s publics conclus, c\u2019est pas tr\u00e8s sexy. Pour mieux comprendre le sujet, et aller plus loin, voici quelques informations compl\u00e9mentaires&#8230;<\/p>\n<p><a href=\"http:\/\/www.efj.press\/simonstephan\/enquete-sur-les-marches-publics\/mieux-comprendre-le-sujet\/4-questions-a-laurence-audras\/\">4 questions \u00e0 Laurence Audras<\/a> du\u00a0Secr\u00e9tariat g\u00e9n\u00e9ral pour la modernisation de l\u2019action publique (SGMAP)<\/p>\n<p><a href=\"http:\/\/www.efj.press\/simonstephan\/enquete-sur-les-marches-publics\/lenquete\/glossaire\/\" target=\"_blank\">Un glossaire<\/a>, pour mieux comprendre certains termes.<\/p>\n<p>La publication des march\u00e9s\u00a0conclus, <a href=\"http:\/\/www.efj.press\/simonstephan\/enquete-sur-les-marches-publics\/lenquete\/marches-conclus-et-pqr-un-enjeu-economique\/\" target=\"_blank\">un enjeux pour la presse<\/a>.<\/p>\n<p>Qui dit enqu\u00eate de datajournalisme, dit <a href=\"http:\/\/www.efj.press\/simonstephan\/enquete-sur-les-marches-publics\/methodologie\/qui-dit-data-dit-chiffres\/\" target=\"_blank\">chiffres et datavisualisation<\/a>.<\/p>\n","protected":false},"excerpt":{"rendered":"<p>Une enqu\u00eate de datajournalisme sur les listes de march\u00e9s publics conclus, c\u2019est pas tr\u00e8s sexy. Pour mieux comprendre le sujet, et aller plus loin, voici quelques informations compl\u00e9mentaires&#8230; 4 questions \u00e0 Laurence Audras du\u00a0Secr\u00e9tariat g\u00e9n\u00e9ral pour la modernisation de l\u2019action publique (SGMAP) Un glossaire, pour mieux comprendre certains termes. La publication des march\u00e9s\u00a0conclus, un enjeux &hellip; <a href=\"http:\/\/www.efj.press\/simonstephan\/enquete-sur-les-marches-publics\/mieux-comprendre-le-sujet\/\" class=\"more-link\">Continuer la lecture de <span class=\"screen-reader-text\">Mieux comprendre le sujet<\/span>  <span class=\"meta-nav\">&rarr;<\/span><\/a><\/p>\n","protected":false},"author":26,"featured_media":0,"parent":78,"menu_order":2,"comment_status":"closed","ping_status":"closed","template":"","meta":{"footnotes":""},"_links":{"self":[{"href":"http:\/\/www.efj.press\/simonstephan\/wp-json\/wp\/v2\/pages\/143"}],"collection":[{"href":"http:\/\/www.efj.press\/simonstephan\/wp-json\/wp\/v2\/pages"}],"about":[{"href":"http:\/\/www.efj.press\/simonstephan\/wp-json\/wp\/v2\/types\/page"}],"author":[{"embeddable":true,"href":"http:\/\/www.efj.press\/simonstephan\/wp-json\/wp\/v2\/users\/26"}],"replies":[{"embeddable":true,"href":"http:\/\/www.efj.press\/simonstephan\/wp-json\/wp\/v2\/comments?post=143"}],"version-history":[{"count":3,"href":"http:\/\/www.efj.press\/simonstephan\/wp-json\/wp\/v2\/pages\/143\/revisions"}],"predecessor-version":[{"id":186,"href":"http:\/\/www.efj.press\/simonstephan\/wp-json\/wp\/v2\/pages\/143\/revisions\/186"}],"up":[{"embeddable":true,"href":"http:\/\/www.efj.press\/simonstephan\/wp-json\/wp\/v2\/pages\/78"}],"wp:attachment":[{"href":"http:\/\/www.efj.press\/simonstephan\/wp-json\/wp\/v2\/media?parent=143"}],"curies":[{"name":"wp","href":"https:\/\/api.w.org\/{rel}","templated":true}]}}