{"id":131,"date":"2015-12-02T15:53:14","date_gmt":"2015-12-02T14:53:14","guid":{"rendered":"http:\/\/www.efj.press\/simonstephan\/?page_id=131"},"modified":"2015-12-09T19:47:12","modified_gmt":"2015-12-09T18:47:12","slug":"bienvenue","status":"publish","type":"page","link":"http:\/\/www.efj.press\/simonstephan\/","title":{"rendered":"Bienvenue"},"content":{"rendered":"<p>Cr\u00e9er pour h\u00e9berger une enqu\u00eate de datajournalisme, ce blog est aussi une carte de visite et, \u00e0 l\u2019occasion, un endroit pour \u00e9crire sur des trucs qui me plaisent. J\u2019esp\u00e8re qu\u2019ils vous plairont aussi.<\/p>\n<p>Et bienvenue.<\/p>\n<p><iframe loading=\"lazy\" class=\"giphy-embed\" src=\"\/\/giphy.com\/embed\/qQh0DBncuFJwQ?html5=true\" width=\"480\" height=\"362\" frameborder=\"0\" allowfullscreen=\"allowfullscreen\"><\/iframe><\/p>\n","protected":false},"excerpt":{"rendered":"<p>Cr\u00e9er pour h\u00e9berger une enqu\u00eate de datajournalisme, ce blog est aussi une carte de visite et, \u00e0 l\u2019occasion, un endroit pour \u00e9crire sur des trucs qui me plaisent. J\u2019esp\u00e8re qu\u2019ils vous plairont aussi. Et bienvenue.<\/p>\n","protected":false},"author":26,"featured_media":0,"parent":0,"menu_order":0,"comment_status":"closed","ping_status":"closed","template":"","meta":{"footnotes":""},"_links":{"self":[{"href":"http:\/\/www.efj.press\/simonstephan\/wp-json\/wp\/v2\/pages\/131"}],"collection":[{"href":"http:\/\/www.efj.press\/simonstephan\/wp-json\/wp\/v2\/pages"}],"about":[{"href":"http:\/\/www.efj.press\/simonstephan\/wp-json\/wp\/v2\/types\/page"}],"author":[{"embeddable":true,"href":"http:\/\/www.efj.press\/simonstephan\/wp-json\/wp\/v2\/users\/26"}],"replies":[{"embeddable":true,"href":"http:\/\/www.efj.press\/simonstephan\/wp-json\/wp\/v2\/comments?post=131"}],"version-history":[{"count":3,"href":"http:\/\/www.efj.press\/simonstephan\/wp-json\/wp\/v2\/pages\/131\/revisions"}],"predecessor-version":[{"id":182,"href":"http:\/\/www.efj.press\/simonstephan\/wp-json\/wp\/v2\/pages\/131\/revisions\/182"}],"wp:attachment":[{"href":"http:\/\/www.efj.press\/simonstephan\/wp-json\/wp\/v2\/media?parent=131"}],"curies":[{"name":"wp","href":"https:\/\/api.w.org\/{rel}","templated":true}]}}