{"id":114,"date":"2015-12-02T14:27:28","date_gmt":"2015-12-02T13:27:28","guid":{"rendered":"http:\/\/www.efj.press\/simonstephan\/?page_id=114"},"modified":"2015-12-10T14:45:41","modified_gmt":"2015-12-10T13:45:41","slug":"glossaire","status":"publish","type":"page","link":"http:\/\/www.efj.press\/simonstephan\/enquete-sur-les-marches-publics\/mieux-comprendre-le-sujet\/glossaire\/","title":{"rendered":"Glossaire"},"content":{"rendered":"<p style=\"text-align: justify;\"><b>Transparence : <\/b><span style=\"font-weight: 400;\">accessibilit\u00e9 des donn\u00e9es du domaine public.<\/span><\/p>\n<p style=\"text-align: justify;\"><b>March\u00e9 public<\/b><span style=\"font-weight: 400;\"> : march\u00e9 pass\u00e9 par une entit\u00e9 de l\u2019Etat avec de l\u2019argent public.<\/span><\/p>\n<p style=\"text-align: justify;\"><b>Liste de march\u00e9s publics conclus<\/b><span style=\"font-weight: 400;\"> : ensemble de march\u00e9s conclus par une entit\u00e9 d\u2019achat sur une ann\u00e9e.<\/span><\/p>\n<p style=\"text-align: justify;\"><b>Entit\u00e9 d\u2019achat<\/b><span style=\"font-weight: 400;\"> : administration qui a\u00a0la possibilit\u00e9 de passer des march\u00e9s publics.<\/span><\/p>\n<p style=\"text-align: justify;\"><b>Avis d\u2019attribution<\/b><span style=\"font-weight: 400;\"> : notification \u00e0 l\u2019attention des perdants du march\u00e9.<\/span><\/p>\n<p style=\"text-align: justify;\"><b>BOAMP <\/b><span style=\"font-weight: 400;\">: \u00e9quivalent du Journal Officiel, mais pour les march\u00e9s publics.<\/span><\/p>\n<p style=\"text-align: justify;\"><b>Etalab<\/b><span style=\"font-weight: 400;\"> : responsable de la d\u00e9mat\u00e9rialisation des donn\u00e9es de l\u2019Etat. Le but \u00e9tant d\u2019en faciliter l\u2019acc\u00e8s aux citoyens. <\/span><\/p>\n<p style=\"text-align: justify;\"><b>Data.gouv.fr<\/b><span style=\"font-weight: 400;\"> : le site permet l\u2019acc\u00e8s des citoyens aux\u00a0donn\u00e9es \u00a0publiques (du taux de criminalit\u00e9\u00a0au prix de l\u2019eau, en passant par LES LISTES DE MARCHES PUBLICS CONCLUS).\u00a0<\/span><\/p>\n","protected":false},"excerpt":{"rendered":"<p>Transparence : accessibilit\u00e9 des donn\u00e9es du domaine public. March\u00e9 public : march\u00e9 pass\u00e9 par une entit\u00e9 de l\u2019Etat avec de l\u2019argent public. Liste de march\u00e9s publics conclus : ensemble de march\u00e9s conclus par une entit\u00e9 d\u2019achat sur une ann\u00e9e. Entit\u00e9 d\u2019achat : administration qui a\u00a0la possibilit\u00e9 de passer des march\u00e9s publics. Avis d\u2019attribution : notification &hellip; <a href=\"http:\/\/www.efj.press\/simonstephan\/enquete-sur-les-marches-publics\/mieux-comprendre-le-sujet\/glossaire\/\" class=\"more-link\">Continuer la lecture de <span class=\"screen-reader-text\">Glossaire<\/span>  <span class=\"meta-nav\">&rarr;<\/span><\/a><\/p>\n","protected":false},"author":26,"featured_media":0,"parent":143,"menu_order":1,"comment_status":"closed","ping_status":"closed","template":"","meta":{"footnotes":""},"_links":{"self":[{"href":"http:\/\/www.efj.press\/simonstephan\/wp-json\/wp\/v2\/pages\/114"}],"collection":[{"href":"http:\/\/www.efj.press\/simonstephan\/wp-json\/wp\/v2\/pages"}],"about":[{"href":"http:\/\/www.efj.press\/simonstephan\/wp-json\/wp\/v2\/types\/page"}],"author":[{"embeddable":true,"href":"http:\/\/www.efj.press\/simonstephan\/wp-json\/wp\/v2\/users\/26"}],"replies":[{"embeddable":true,"href":"http:\/\/www.efj.press\/simonstephan\/wp-json\/wp\/v2\/comments?post=114"}],"version-history":[{"count":4,"href":"http:\/\/www.efj.press\/simonstephan\/wp-json\/wp\/v2\/pages\/114\/revisions"}],"predecessor-version":[{"id":190,"href":"http:\/\/www.efj.press\/simonstephan\/wp-json\/wp\/v2\/pages\/114\/revisions\/190"}],"up":[{"embeddable":true,"href":"http:\/\/www.efj.press\/simonstephan\/wp-json\/wp\/v2\/pages\/143"}],"wp:attachment":[{"href":"http:\/\/www.efj.press\/simonstephan\/wp-json\/wp\/v2\/media?parent=114"}],"curies":[{"name":"wp","href":"https:\/\/api.w.org\/{rel}","templated":true}]}}