{"id":43,"date":"2017-01-23T10:48:14","date_gmt":"2017-01-23T09:48:14","guid":{"rendered":"http:\/\/www.efj.press\/shanaloustau\/?page_id=43"},"modified":"2017-01-23T10:57:53","modified_gmt":"2017-01-23T09:57:53","slug":"mes-articles-publies-pour-franceinfo","status":"publish","type":"page","link":"http:\/\/www.efj.press\/shanaloustau\/mes-articles-publies-pour-franceinfo\/","title":{"rendered":"Mon stage \u00e0 Franceinfo"},"content":{"rendered":"<p>J&rsquo;ai int\u00e9gr\u00e9 la r\u00e9daction de France T\u00e9l\u00e9visions dans le cadre de mon stage de deuxi\u00e8me ann\u00e9e. Pendant quatre mois, j&rsquo;ai eu la chance d&rsquo;assister\u00a0le journaliste \u00e9ditorialiste Jean-Paul Chapel, et\u00a0de publier quotidiennement des articles sur ses interviews \u00e9conomiques, sur le site de <a href=\"http:\/\/www.francetvinfo.fr\">Franceinfo<\/a>.<\/p>\n<p>Cette page regroupe quelques articles que j\u2019ai produits pour le site:<\/p>\n<p><strong>Pour le chercheur Idriss Aberkane, \u00ab\u00a0avoir un petit cerveau est un mythe\u00a0\u00bb<\/strong><\/p>\n<p><a href=\"http:\/\/www.francetvinfo.fr\/economie\/video-idriss-aberkane-avoir-un-petit-cerveau-est-un-mythe_1868261.html\"><img loading=\"lazy\" decoding=\"async\" class=\"alignnone size-full wp-image-44\" src=\"http:\/\/www.efj.press\/shanaloustau\/wp-content\/uploads\/sites\/113\/2017\/01\/idriss-aberkane.png\" alt=\"idriss-aberkane\" width=\"1131\" height=\"630\" srcset=\"http:\/\/www.efj.press\/shanaloustau\/wp-content\/uploads\/sites\/113\/2017\/01\/idriss-aberkane.png 1131w, http:\/\/www.efj.press\/shanaloustau\/wp-content\/uploads\/sites\/113\/2017\/01\/idriss-aberkane-300x167.png 300w, http:\/\/www.efj.press\/shanaloustau\/wp-content\/uploads\/sites\/113\/2017\/01\/idriss-aberkane-768x428.png 768w, http:\/\/www.efj.press\/shanaloustau\/wp-content\/uploads\/sites\/113\/2017\/01\/idriss-aberkane-1024x570.png 1024w\" sizes=\"(max-width: 1131px) 100vw, 1131px\" \/><\/a><\/p>\n<p>&nbsp;<\/p>\n<p><strong>Alain Jupp\u00e9: \u00ab\u00a0Le combat continue\u00a0\u00bb selon son conseiller Ma\u00ebl de Calan<\/strong><\/p>\n<p><a href=\"http:\/\/www.francetvinfo.fr\/politique\/les-republicains\/primaire-de-la-droite\/video-alain-juppe-le-combat-continu-selon-son-conseiller-mael-de-calan_1931743.html\"><img loading=\"lazy\" decoding=\"async\" class=\"alignnone size-full wp-image-46\" src=\"http:\/\/www.efj.press\/shanaloustau\/wp-content\/uploads\/sites\/113\/2017\/01\/11230981.jpg\" alt=\"11230981\" width=\"1305\" height=\"734\" srcset=\"http:\/\/www.efj.press\/shanaloustau\/wp-content\/uploads\/sites\/113\/2017\/01\/11230981.jpg 1305w, http:\/\/www.efj.press\/shanaloustau\/wp-content\/uploads\/sites\/113\/2017\/01\/11230981-300x169.jpg 300w, http:\/\/www.efj.press\/shanaloustau\/wp-content\/uploads\/sites\/113\/2017\/01\/11230981-768x432.jpg 768w, http:\/\/www.efj.press\/shanaloustau\/wp-content\/uploads\/sites\/113\/2017\/01\/11230981-1024x576.jpg 1024w\" sizes=\"(max-width: 1305px) 100vw, 1305px\" \/><\/a><\/p>\n<p>&nbsp;<\/p>\n<p><strong>Fran\u00e7ois Fillon: \u00ab\u00a0Supprimer 500 000 fonctionnaires, c&rsquo;est r\u00e9aliste\u00a0\u00bb selon le d\u00e9put\u00e9 Serge Grouard<\/strong><\/p>\n<p><a href=\"http:\/\/www.francetvinfo.fr\/politique\/les-republicains\/primaire-de-la-droite\/video-francois-fillon-supprimer-500-000-fonctionnaires-cest-realiste-selon-le-depute-serge-grouard_1933461.html\"><img loading=\"lazy\" decoding=\"async\" class=\"alignnone size-full wp-image-48\" src=\"http:\/\/www.efj.press\/shanaloustau\/wp-content\/uploads\/sites\/113\/2017\/01\/11240021.jpg\" alt=\"11240021\" width=\"1289\" height=\"725\" srcset=\"http:\/\/www.efj.press\/shanaloustau\/wp-content\/uploads\/sites\/113\/2017\/01\/11240021.jpg 1289w, http:\/\/www.efj.press\/shanaloustau\/wp-content\/uploads\/sites\/113\/2017\/01\/11240021-300x169.jpg 300w, http:\/\/www.efj.press\/shanaloustau\/wp-content\/uploads\/sites\/113\/2017\/01\/11240021-768x432.jpg 768w, http:\/\/www.efj.press\/shanaloustau\/wp-content\/uploads\/sites\/113\/2017\/01\/11240021-1024x576.jpg 1024w\" sizes=\"(max-width: 1289px) 100vw, 1289px\" \/><\/a><\/p>\n<p>&nbsp;<\/p>\n<p><strong>Hillary Clinton: \u00ab\u00a0Du Obama bis\u00a0\u00bb selon Olivier O&rsquo;Mahony<\/strong><\/p>\n<p><a href=\"http:\/\/www.francetvinfo.fr\/economie\/video-hillary-clinton-du-obama-bis-selon-olivier-o-mahony_1881539.html\"><img loading=\"lazy\" decoding=\"async\" class=\"alignnone size-full wp-image-49\" src=\"http:\/\/www.efj.press\/shanaloustau\/wp-content\/uploads\/sites\/113\/2017\/01\/olivier.png\" alt=\"olivier\" width=\"1128\" height=\"627\" srcset=\"http:\/\/www.efj.press\/shanaloustau\/wp-content\/uploads\/sites\/113\/2017\/01\/olivier.png 1128w, http:\/\/www.efj.press\/shanaloustau\/wp-content\/uploads\/sites\/113\/2017\/01\/olivier-300x167.png 300w, http:\/\/www.efj.press\/shanaloustau\/wp-content\/uploads\/sites\/113\/2017\/01\/olivier-768x427.png 768w, http:\/\/www.efj.press\/shanaloustau\/wp-content\/uploads\/sites\/113\/2017\/01\/olivier-1024x569.png 1024w, http:\/\/www.efj.press\/shanaloustau\/wp-content\/uploads\/sites\/113\/2017\/01\/olivier-1038x576.png 1038w\" sizes=\"(max-width: 1128px) 100vw, 1128px\" \/><\/a><\/p>\n<p>&nbsp;<\/p>\n<p><strong>SNCF: \u00ab\u00a0Les vacances de No\u00ebl, c&rsquo;est un tr\u00e8s grand moment pour notre entreprise\u00a0\u00bb selon Florence Parly<\/strong><br \/>\nDans cette interview j&rsquo;ai notamment pu poser la \u00ab\u00a0Question qui f\u00e2che\u00a0\u00bb.<\/p>\n<p><a href=\"http:\/\/www.francetvinfo.fr\/economie\/transports\/sncf\/video-sncf-les-vacances-de-noel-cest-un-tres-grand-moment-pour-notre-entreprise-selon-florence-parly_1983035.html\"><img loading=\"lazy\" decoding=\"async\" class=\"alignnone size-full wp-image-50\" src=\"http:\/\/www.efj.press\/shanaloustau\/wp-content\/uploads\/sites\/113\/2017\/01\/11465571.jpg\" alt=\"11465571\" width=\"907\" height=\"510\" srcset=\"http:\/\/www.efj.press\/shanaloustau\/wp-content\/uploads\/sites\/113\/2017\/01\/11465571.jpg 907w, http:\/\/www.efj.press\/shanaloustau\/wp-content\/uploads\/sites\/113\/2017\/01\/11465571-300x169.jpg 300w, http:\/\/www.efj.press\/shanaloustau\/wp-content\/uploads\/sites\/113\/2017\/01\/11465571-768x432.jpg 768w\" sizes=\"(max-width: 907px) 100vw, 907px\" \/><\/a><\/p>\n<p style=\"text-align: right\">Shana Loustau<\/p>\n","protected":false},"excerpt":{"rendered":"<p>J&rsquo;ai int\u00e9gr\u00e9 la r\u00e9daction de France T\u00e9l\u00e9visions dans le cadre de mon stage de deuxi\u00e8me ann\u00e9e. Pendant quatre mois, j&rsquo;ai eu la chance d&rsquo;assister\u00a0le journaliste \u00e9ditorialiste Jean-Paul Chapel, et\u00a0de publier quotidiennement des articles sur ses interviews \u00e9conomiques, sur le site de Franceinfo. Cette page regroupe quelques articles que j\u2019ai produits pour le site: Pour le &hellip; <a href=\"http:\/\/www.efj.press\/shanaloustau\/mes-articles-publies-pour-franceinfo\/\" class=\"more-link\">Continuer la lecture de <span class=\"screen-reader-text\">Mon stage \u00e0 Franceinfo<\/span>  <span class=\"meta-nav\">&rarr;<\/span><\/a><\/p>\n","protected":false},"author":92,"featured_media":54,"parent":0,"menu_order":0,"comment_status":"closed","ping_status":"closed","template":"","meta":{"footnotes":""},"_links":{"self":[{"href":"http:\/\/www.efj.press\/shanaloustau\/wp-json\/wp\/v2\/pages\/43"}],"collection":[{"href":"http:\/\/www.efj.press\/shanaloustau\/wp-json\/wp\/v2\/pages"}],"about":[{"href":"http:\/\/www.efj.press\/shanaloustau\/wp-json\/wp\/v2\/types\/page"}],"author":[{"embeddable":true,"href":"http:\/\/www.efj.press\/shanaloustau\/wp-json\/wp\/v2\/users\/92"}],"replies":[{"embeddable":true,"href":"http:\/\/www.efj.press\/shanaloustau\/wp-json\/wp\/v2\/comments?post=43"}],"version-history":[{"count":9,"href":"http:\/\/www.efj.press\/shanaloustau\/wp-json\/wp\/v2\/pages\/43\/revisions"}],"predecessor-version":[{"id":59,"href":"http:\/\/www.efj.press\/shanaloustau\/wp-json\/wp\/v2\/pages\/43\/revisions\/59"}],"wp:featuredmedia":[{"embeddable":true,"href":"http:\/\/www.efj.press\/shanaloustau\/wp-json\/wp\/v2\/media\/54"}],"wp:attachment":[{"href":"http:\/\/www.efj.press\/shanaloustau\/wp-json\/wp\/v2\/media?parent=43"}],"curies":[{"name":"wp","href":"https:\/\/api.w.org\/{rel}","templated":true}]}}