{"id":76,"date":"2015-12-11T20:35:40","date_gmt":"2015-12-11T19:35:40","guid":{"rendered":"http:\/\/www.efj.press\/rythekasangu\/?page_id=76"},"modified":"2015-12-11T20:37:24","modified_gmt":"2015-12-11T19:37:24","slug":"16-ans-et-deja-maman","status":"publish","type":"page","link":"http:\/\/www.efj.press\/rythekasangu\/mes-travaux\/16-ans-et-deja-maman\/","title":{"rendered":"16 ans et d\u00e9j\u00e0 maman"},"content":{"rendered":"<div class=\"page\" title=\"Page 1\">\n<div class=\"layoutArea\">\n<div class=\"column\">\n<p>\u00a0 \u00a0 \u00a0 \u00a0 \u00a0 \u00a0 \u00a0 Sourire aux l\u00e8vres, parapluie sous le bras et sa fille de 4 ans sous l&rsquo;autre, c&rsquo;est dans un caf\u00e9 d&rsquo;Antony dans les Hauts de Seine que Cl\u00e9mentine s&rsquo;exprime sur son pass\u00e9 de jeune m\u00e8re.<\/p>\n<\/div>\n<\/div>\n<div class=\"layoutArea\">\n<div class=\"column\">\n<p>En Ao\u00fbt 1995, elle n&rsquo;a que 16 ans et habite encore chez ses parents \u00e0 St Michel sur Orge, dans l&rsquo;Essonne. Panique \u00e0 bord. Cl\u00e9mentine d\u00e9couvre qu&rsquo;elle est enceinte apr\u00e8s des examens m\u00e9dicaux banals. Personne n&rsquo;est mis au courant, sauf le p\u00e8re qui assume toutes ses responsabilit\u00e9s. Elle est perdue et ne sait pas quoi faire. Pour la future m\u00e8re, c&rsquo;est le d\u00e9but de l&rsquo;enfer. La nouvelle se propage dans la famille. Pour son p\u00e8re plusieurs solutions se dressaient devant lui : porter plainte pour d\u00e9tournement de mineure et un aller simple pour le pays.<\/p>\n<p>Originaire de la R\u00e9publique D\u00e9mocratique du Congo, la mineure en d\u00e9cide autrement. Elle prend son courage \u00e0 deux mains et d\u00e9cide de fuguer. Pendant pr\u00e8s de 3 jours, elle vivra \u00e0 l&rsquo;\u00e9tage du\/en dessous, chez sa voisine sans aucun contact avec l&rsquo;ext\u00e9rieur. La troisi\u00e8me nuit, elle quitte d\u00e9finitivement l&rsquo;Essonne. \u00abJe n&rsquo;avais pas d&rsquo;argent, je n&rsquo;avais nul part o\u00f9 aller. \u00bb. \u00c0 cette \u00e9poque une gr\u00e8ve g\u00e9n\u00e9rale avait touch\u00e9 la France, \u00abAucun transport, mon petit ami de l&rsquo;\u00e9poque n&rsquo;avait pas de voiture. Un vrai cauchemar ! \u00bb. Tr\u00e8s sociable, elle avait beaucoup d&rsquo;amis mais peu lui ont tendu la main. Seulement de deux ses amies l&rsquo;ont h\u00e9berg\u00e9. Sa meilleure amie, Ga\u00eblle, lui a sugg\u00e9r\u00e9 de contacter une assistante sociale pour qu&rsquo;elle puisse trouver un logement.<\/p>\n<p>\u00abToute ma vie, je me disais que je ne mettrais jamais les pieds dans un foyer. La roue a bien tourn\u00e9. \u00bb, avoue-t-elle en pleur. Cette bonne vivante a du mettre toutes ses activit\u00e9s quotidiennes entre parenth\u00e8se. Elle fut plac\u00e9e dans un foyer situ\u00e9 \u00e0 Br\u00e9tigny sur Orge, \u00e0 quelques pas de son<\/p>\n<\/div>\n<\/div>\n<\/div>\n<div class=\"page\" title=\"Page 2\">\n<div class=\"layoutArea\">\n<div class=\"column\">\n<p>domicile familiale. Son foyer l&rsquo;avait reni\u00e9, son p\u00e8re le premier. \u00abChaque nuit j&rsquo;avais peur que mon p\u00e8re vienne m&rsquo;\u00e9touffer dans mon sommeil \u00bb. Elle n&rsquo;avait qu&rsquo;un r\u00e9el plaisir deux fois par semaine, elle voyait en cachette son fr\u00e8re a\u00een\u00e9 et ses trois petits fr\u00e8res et s\u0153urs pendant ses promenades. Pendant son s\u00e9jour au foyer, elle devait feuilleter le \u00abGros dictionnaire des maisons d&rsquo;accueil \u00bb pour qu&rsquo;elle trouve une famille qui voulait bien d&rsquo;elle et de son petit bidon.<\/p>\n<p>Apr\u00e8s 3 mois de recherche et de grossesse, c&rsquo;est la d\u00e9livrance. Une famille localis\u00e9e \u00e0 Fontainebleau, en Seine et Marne, l&rsquo;avait contact\u00e9. \u00c9tant entour\u00e9e de d\u00e9linquantes, de drogu\u00e9es, de jeunes adolescentes battues et autre, Clem s&rsquo;\u00e9tait forg\u00e9e un caract\u00e8re. T\u00eatue, arrogante et insolente \u00e9taient les caract\u00e9ristiques pour la d\u00e9finir. Mais cette carapace ne cachait qu&rsquo;une jeune adolescente totalement perdue, bris\u00e9e et abandonn\u00e9e. D\u00e8s son arriv\u00e9e dans sa \u00abnouvelle famille \u00bb, les premiers mois ne furent pas tr\u00e8s simples. Sa r\u00e9bellion poussa \u00e0 bout sa famille d&rsquo;accueil et d\u00e9cid\u00e8rent de la metttre \u00e0 la porte. C&rsquo;\u00e9tait le d\u00e9clic. \u00abJ&rsquo;\u00e9tais encore tr\u00e8s jeune, pour moi j&rsquo;\u00e9tais encore une gosse capricieuse qui ne se rendait pas compte de sa chance. \u00bb, elle implora leur pardon et resta pendant 2 ans dans sa famille.<\/p>\n<p>Harvin, son fils venait d&rsquo;avoir un an. \u00ab Il \u00e9tait temps de partir mais je suis retourn\u00e9e au foyer\u00bb. La gal\u00e8re recommence et \u00e7a n&rsquo;a dur\u00e9 que deux jours. En seulement 48h elle r\u00e9ussi \u00e0 trouver un logement social \u00e0 Saint Denis dans le 93 et pour la premi\u00e8re fois de sa vie elle se sentait libre. Aujourd&rsquo;hui, quand elle regarde son fils de pr\u00e8s d&rsquo;1,90 m, elle sait qu&rsquo;ils viennent tous les deux de tr\u00e8s loin.<\/p>\n<p>Propos recueillis par Ryth\u00e9 Kasangu.<\/p>\n<\/div>\n<\/div>\n<\/div>\n","protected":false},"excerpt":{"rendered":"<p>\u00a0 \u00a0 \u00a0 \u00a0 \u00a0 \u00a0 \u00a0 Sourire aux l\u00e8vres, parapluie sous le bras et sa fille de 4 ans sous l&rsquo;autre, c&rsquo;est dans un caf\u00e9 d&rsquo;Antony dans les Hauts de Seine que Cl\u00e9mentine s&rsquo;exprime sur son pass\u00e9 de jeune m\u00e8re. En Ao\u00fbt 1995, elle n&rsquo;a que 16 ans et habite encore chez ses parents &hellip; <a href=\"http:\/\/www.efj.press\/rythekasangu\/mes-travaux\/16-ans-et-deja-maman\/\" class=\"more-link\">Continuer la lecture de <span class=\"screen-reader-text\">16 ans et d\u00e9j\u00e0 maman<\/span>  <span class=\"meta-nav\">&rarr;<\/span><\/a><\/p>\n","protected":false},"author":18,"featured_media":77,"parent":65,"menu_order":0,"comment_status":"closed","ping_status":"closed","template":"","meta":{"footnotes":""},"_links":{"self":[{"href":"http:\/\/www.efj.press\/rythekasangu\/wp-json\/wp\/v2\/pages\/76"}],"collection":[{"href":"http:\/\/www.efj.press\/rythekasangu\/wp-json\/wp\/v2\/pages"}],"about":[{"href":"http:\/\/www.efj.press\/rythekasangu\/wp-json\/wp\/v2\/types\/page"}],"author":[{"embeddable":true,"href":"http:\/\/www.efj.press\/rythekasangu\/wp-json\/wp\/v2\/users\/18"}],"replies":[{"embeddable":true,"href":"http:\/\/www.efj.press\/rythekasangu\/wp-json\/wp\/v2\/comments?post=76"}],"version-history":[{"count":2,"href":"http:\/\/www.efj.press\/rythekasangu\/wp-json\/wp\/v2\/pages\/76\/revisions"}],"predecessor-version":[{"id":79,"href":"http:\/\/www.efj.press\/rythekasangu\/wp-json\/wp\/v2\/pages\/76\/revisions\/79"}],"up":[{"embeddable":true,"href":"http:\/\/www.efj.press\/rythekasangu\/wp-json\/wp\/v2\/pages\/65"}],"wp:featuredmedia":[{"embeddable":true,"href":"http:\/\/www.efj.press\/rythekasangu\/wp-json\/wp\/v2\/media\/77"}],"wp:attachment":[{"href":"http:\/\/www.efj.press\/rythekasangu\/wp-json\/wp\/v2\/media?parent=76"}],"curies":[{"name":"wp","href":"https:\/\/api.w.org\/{rel}","templated":true}]}}