{"id":48,"date":"2015-12-11T15:36:37","date_gmt":"2015-12-11T14:36:37","guid":{"rendered":"http:\/\/www.efj.press\/rythekasangu\/?page_id=48"},"modified":"2016-04-29T12:53:23","modified_gmt":"2016-04-29T11:53:23","slug":"bienvenue","status":"publish","type":"page","link":"http:\/\/www.efj.press\/rythekasangu\/","title":{"rendered":"Bienvenue"},"content":{"rendered":"<p>Bienvenue sur mon blog WordPress.<\/p>\n<p>Vous y trouverez mon travail de grande enqu\u00eate radio, sur <em>La recrue d&rsquo;essence du protestantisme chez les jeunes de banlieues<\/em> ainsi que certains de mes travaux \u00e9crits effectu\u00e9s \u00e0<a href=\"http:\/\/www.efj.fr\/\" target=\"_blank\"> l&rsquo;EFJ (L&rsquo;\u00e9cole du nouveau journalisme)<\/a>\u00a0et en dehors.<\/p>\n<p><em>Ryth\u00e9. K<\/em><\/p>\n<p>&nbsp;<\/p>\n","protected":false},"excerpt":{"rendered":"<p>Bienvenue sur mon blog WordPress. Vous y trouverez mon travail de grande enqu\u00eate radio, sur La recrue d&rsquo;essence du protestantisme chez les jeunes de banlieues ainsi que certains de mes travaux \u00e9crits effectu\u00e9s \u00e0 l&rsquo;EFJ (L&rsquo;\u00e9cole du nouveau journalisme)\u00a0et en dehors. Ryth\u00e9. K &nbsp;<\/p>\n","protected":false},"author":18,"featured_media":52,"parent":0,"menu_order":0,"comment_status":"closed","ping_status":"closed","template":"","meta":{"footnotes":""},"_links":{"self":[{"href":"http:\/\/www.efj.press\/rythekasangu\/wp-json\/wp\/v2\/pages\/48"}],"collection":[{"href":"http:\/\/www.efj.press\/rythekasangu\/wp-json\/wp\/v2\/pages"}],"about":[{"href":"http:\/\/www.efj.press\/rythekasangu\/wp-json\/wp\/v2\/types\/page"}],"author":[{"embeddable":true,"href":"http:\/\/www.efj.press\/rythekasangu\/wp-json\/wp\/v2\/users\/18"}],"replies":[{"embeddable":true,"href":"http:\/\/www.efj.press\/rythekasangu\/wp-json\/wp\/v2\/comments?post=48"}],"version-history":[{"count":7,"href":"http:\/\/www.efj.press\/rythekasangu\/wp-json\/wp\/v2\/pages\/48\/revisions"}],"predecessor-version":[{"id":192,"href":"http:\/\/www.efj.press\/rythekasangu\/wp-json\/wp\/v2\/pages\/48\/revisions\/192"}],"wp:featuredmedia":[{"embeddable":true,"href":"http:\/\/www.efj.press\/rythekasangu\/wp-json\/wp\/v2\/media\/52"}],"wp:attachment":[{"href":"http:\/\/www.efj.press\/rythekasangu\/wp-json\/wp\/v2\/media?parent=48"}],"curies":[{"name":"wp","href":"https:\/\/api.w.org\/{rel}","templated":true}]}}