{"id":34,"date":"2015-12-11T13:45:09","date_gmt":"2015-12-11T12:45:09","guid":{"rendered":"http:\/\/www.efj.press\/rythekasangu\/?page_id=34"},"modified":"2016-04-29T03:48:09","modified_gmt":"2016-04-29T02:48:09","slug":"documentation","status":"publish","type":"page","link":"http:\/\/www.efj.press\/rythekasangu\/ma-grande-enquete-radio\/documentation\/","title":{"rendered":"Documentation"},"content":{"rendered":"<table border=\"1\" width=\"100%\" cellspacing=\"0\" cellpadding=\"4\">\n<colgroup>\n<col width=\"85*\" \/>\n<col width=\"85*\" \/>\n<col width=\"85*\" \/> <\/colgroup>\n<tbody>\n<tr valign=\"TOP\">\n<td width=\"33%\">\n<p align=\"LEFT\"><span style=\"font-family: 'Big Caslon';\"><span style=\"font-size: large;\"><i><b>LIENS<\/b><\/i><\/span><\/span><\/p>\n<\/td>\n<td width=\"33%\">\n<p align=\"LEFT\"><span style=\"font-family: 'Big Caslon';\"><span style=\"font-size: large;\"><i>RAPPORTS<\/i><\/span><\/span><\/p>\n<\/td>\n<td width=\"33%\">\n<p align=\"LEFT\"><span style=\"font-family: 'Big Caslon';\"><span style=\"font-size: large;\"><i>LIVRE<\/i><\/span><\/span><\/p>\n<\/td>\n<\/tr>\n<tr valign=\"TOP\">\n<td width=\"33%\">\n<p align=\"LEFT\"><span style=\"font-family: 'Big Caslon'; font-size: medium;\">\u00ab\u00a0Combien y a-t-il de protestants ?\u00a0\u00bb<\/span><span style=\"font-family: 'Big Caslon'; font-size: medium;\">\u00a0<\/span><\/p>\n<p align=\"LEFT\"><span style=\"font-family: 'American Typewriter', monospace;\"><span style=\"font-size: medium;\"><a href=\"http:\/\/reforme.net\/une\/religion\/combien-y-a-t-protestants\"><span style=\"font-family: 'Big Caslon';\">http:\/\/reforme.net\/une\/religion\/combien-y-a-t-protestants<\/span><\/a><\/span><\/span><\/p>\n<\/td>\n<td width=\"33%\">\n<p align=\"LEFT\"><span style=\"font-family: 'American Typewriter', monospace;\"><span style=\"font-size: medium;\"><span style=\"color: #111111;\"><span style=\"font-family: 'Big Caslon';\">Les \u00c9glises issues de l\u2019immigration de quoi parlons-nous ? <\/span><\/span><\/span><\/span><\/p>\n<p align=\"LEFT\"><span style=\"font-family: 'American Typewriter', monospace;\"><span style=\"font-size: medium;\"><a href=\"http:\/\/www.protestants.org\/uploads\/media\/Les_Eglises_issues_de_l_immigration_de_quoi_parlons-nous_version_finale_PDF_BDF.pdf\"><span style=\"font-family: 'Big Caslon';\">http:\/\/www.protestants.org\/uploads\/media\/Les_Eglises_issues_de_l_immigration_de_quoi_parlons-nous_version_finale_PDF_BDF.pdf<\/span><\/a><\/span><\/span><\/p>\n<\/td>\n<td width=\"33%\">\n<p align=\"LEFT\"><span style=\"font-family: 'Big Caslon';\"><span style=\"font-size: medium;\"><i>\u00abLa nouvelle France protestante\u00a0\u00bb<\/i>, Essor et recomposition au XXI\u00e8 si\u00e8cle, S\u00e9bastien Fath et Jean-Paul Willaime<\/span><\/span><\/p>\n<\/td>\n<\/tr>\n<tr valign=\"TOP\">\n<td width=\"33%\">\n<p align=\"LEFT\"><span style=\"font-family: 'Big Caslon';\"><span style=\"font-size: medium;\">\u00ab\u00a0La Croix\u00a0\u00bb dans l&rsquo;intimit\u00e9 des communaut\u00e9s protestantes dr banlieue parisienne\u00a0<\/span><\/span><\/p>\n<p align=\"LEFT\"><span style=\"font-family: 'American Typewriter', monospace;\"><span style=\"font-size: medium;\"><a href=\"http:\/\/www.la-croix.com\/Religion\/Spiritualite\/Au-temple-d-Aulnay-plusieurs-generations-de-protestants-vivent-leur-foi-ensemble-2015-01-23-1272034\"><span style=\"font-family: 'Big Caslon';\">http:\/\/www.la-croix.com\/Religion\/Spiritualite\/Au-temple-d-Aulnay-plusieurs-generations-de-protestants-vivent-leur-foi-ensemble-2015-01-23-1272034<\/span><\/a><\/span><\/span><\/p>\n<\/td>\n<td width=\"33%\">\n<p align=\"LEFT\"><span style=\"font-family: 'Big Caslon';\"><span style=\"font-size: medium;\">\u00ab\u00a0Les banlieues se r\u00e9veillent\u00a0\u00bb datant de septembre 2008 <\/span><\/span><\/p>\n<p align=\"LEFT\"><span style=\"font-family: 'American Typewriter', monospace;\"><span style=\"font-size: medium;\"><a href=\"http:\/\/www.museedudesert.com\/IMG\/pdf\/Ass2008_SF.pdf\"><span style=\"font-family: 'Big Caslon';\">http:\/\/www.museedudesert.com\/IMG\/pdf\/Ass2008_SF.pdf<\/span><\/a><\/span><\/span><\/p>\n<\/td>\n<td width=\"33%\"><\/td>\n<\/tr>\n<tr valign=\"TOP\">\n<td width=\"33%\">\n<p align=\"LEFT\"><span style=\"font-family: 'Big Caslon';\"><span style=\"font-size: medium;\"><span style=\"color: #111111;\">\u00abAu temple d\u2019Aulnay, plusieurs g\u00e9n\u00e9rations de protestants vivent leur foi ensemble\u00bb<\/span><\/span><\/span><\/p>\n<p align=\"LEFT\"><span style=\"font-family: 'American Typewriter', monospace;\"><span style=\"font-size: medium;\"><a href=\"http:\/\/www.la-croix.com\/Religion\/Spiritualite\/Au-temple-d-Aulnay-plusieurs-generations-de-protestants-vivent-leur-foi-ensemble-2015-01-23-1272034\"><span style=\"font-family: 'Big Caslon';\">leur-foi-ensemble-2015-01-23-1272034<\/span><\/a><\/span><\/span><\/p>\n<\/td>\n<td width=\"33%\">\n<p align=\"LEFT\"><span style=\"font-family: 'Big Caslon';\"><span style=\"font-size: medium;\">Rapport d&rsquo;un colloque datant de 2012 sur \u00abLa diversit\u00e9 et recompositions du protestantisme\u00bb \u00e0 Paris <\/span><\/span><\/p>\n<p align=\"LEFT\"><span style=\"font-family: 'American Typewriter', monospace;\"><span style=\"font-size: medium;\"><a href=\"http:\/\/www.gsrl.cnrs.fr\/sites\/gsrl\/IMG\/pdf\/AppelComParis2030.pdf\"><span style=\"font-family: 'Big Caslon';\">http:\/\/www.gsrl.cnrs.fr\/sites\/gsrl\/IMG\/pdf\/AppelComParis2030.pdf<\/span><\/a><\/span><\/span><\/p>\n<\/td>\n<td width=\"33%\"><\/td>\n<\/tr>\n<tr valign=\"TOP\">\n<td width=\"33%\">\n<p align=\"LEFT\"><span style=\"font-family: 'American Typewriter', monospace;\"><span style=\"font-size: medium;\"><span style=\"color: #111111;\"><span style=\"font-family: 'Big Caslon';\">\u00abLe protestantisme : un christianisme \u00bb \u00e9litiste\u00a0?\u00a0<\/span><\/span><\/span><\/span><\/p>\n<p align=\"LEFT\"><span style=\"font-family: 'American Typewriter', monospace;\"><span style=\"font-size: medium;\"><a href=\"http:\/\/www.lavie.fr\/debats\/chretiensendebats\/le-protestantisme-un-christianisme-elitiste-23-07-2015-65300_431.php\"><span style=\"font-family: 'Big Caslon';\">http:\/\/www.lavie.fr\/debats\/chretiensendebats\/le-protestantisme-un-christianisme-elitiste-23-07-2015-65300_431.php<\/span><\/a><\/span><\/span><\/p>\n<\/td>\n<td width=\"33%\">\n<p align=\"LEFT\"><span style=\"font-family: 'Big Caslon';\"><span style=\"font-size: medium;\">Les protestants fran\u00e7ais d&rsquo;aujourd&rsquo;hui\u00a0?<\/span><\/span><\/p>\n<p align=\"LEFT\"><span style=\"font-family: 'Big Caslon';\"><span style=\"font-size: medium;\"><a href=\"http:\/\/www.ifop.fr\/media\/poll\/1320-1-annexe_file.pdf\">http:\/\/www.ifop.fr\/media\/poll\/1320-1-annexe_file.pdf<\/a><\/span><\/span><\/p>\n<\/td>\n<td width=\"33%\"><\/td>\n<\/tr>\n<tr valign=\"TOP\">\n<td width=\"33%\">\n<p align=\"LEFT\"><span style=\"font-family: 'American Typewriter', monospace;\"><span style=\"font-size: medium;\"><span style=\"font-family: 'Big Caslon';\">\u00abLes \u00e9vang\u00e9liques, la minorit\u00e9 qui monte\u00bb<\/span><\/span><\/span><\/p>\n<p align=\"LEFT\"><span style=\"font-family: 'American Typewriter', monospace;\"><span style=\"font-size: medium;\"><span style=\"font-family: 'Big Caslon';\"><a href=\"http:\/\/www.lemondedesreligions.fr\/savoir\/les-evangeliques-la-minorite-qui-monte-16-05-2012-2514_110.php\">http:\/\/www.lemondedesreligions.fr\/savoir\/les-evangeliques-la-<\/a><a href=\"http:\/\/www.lemondedesreligions.fr\/savoir\/les-evangeliques-la-minorite-qui-monte-16-05-2012-2514_110.php\">minorite-qui-monte-16-05-2012-2514_110.php<\/a><\/span><\/span><\/span><\/p>\n<\/td>\n<td width=\"33%\"><\/td>\n<td width=\"33%\"><\/td>\n<\/tr>\n<tr valign=\"TOP\">\n<td width=\"33%\">\n<p align=\"LEFT\"><span style=\"font-family: 'Big Caslon';\"><span style=\"font-size: medium;\">Site officiel du KKCisme<\/span><\/span><\/p>\n<p align=\"LEFT\"><span style=\"font-family: 'American Typewriter', monospace;\"><span style=\"font-size: medium;\"><a href=\"http:\/\/banaebnm.ning.com\/\"><span style=\"font-family: 'Big Caslon';\">http:\/\/banaebnm.ning.com<\/span><\/a><\/span><\/span><\/p>\n<\/td>\n<td width=\"33%\"><\/td>\n<td width=\"33%\"><\/td>\n<\/tr>\n<tr valign=\"TOP\">\n<td width=\"33%\">\n<p align=\"LEFT\"><span style=\"font-family: 'Big Caslon';\"><span style=\"font-size: medium;\"><span style=\"color: #111111;\">\u00abProtestantisme en \u00eele de France et immigration\u00bb<\/span><\/span><\/span><\/p>\n<p align=\"LEFT\"><span style=\"font-family: 'Big Caslon';\"><span style=\"font-size: medium;\"><a href=\"http:\/\/blogdesebastienfath.hautetfort.com\/archive\/2013\/09\/27\/protestantisme-parisien-et-immigration-video-2-5182090.html\">http:\/\/blogdesebastienfath.hautetfort.com\/archive\/2013\/09\/27\/protestantisme-parisien-et-immigration-video-2-5182090.html<\/a><\/span><\/span><\/p>\n<\/td>\n<td width=\"33%\"><\/td>\n<td width=\"33%\"><\/td>\n<\/tr>\n<\/tbody>\n<\/table>\n<p>&nbsp;<\/p>\n<p>&nbsp;<\/p>\n<p>&nbsp;<\/p>\n<p>&nbsp;<\/p>\n<p>&nbsp;<\/p>\n<p>&nbsp;<\/p>\n","protected":false},"excerpt":{"rendered":"<p>LIENS RAPPORTS LIVRE \u00ab\u00a0Combien y a-t-il de protestants ?\u00a0\u00bb\u00a0 http:\/\/reforme.net\/une\/religion\/combien-y-a-t-protestants Les \u00c9glises issues de l\u2019immigration de quoi parlons-nous ? http:\/\/www.protestants.org\/uploads\/media\/Les_Eglises_issues_de_l_immigration_de_quoi_parlons-nous_version_finale_PDF_BDF.pdf \u00abLa nouvelle France protestante\u00a0\u00bb, Essor et recomposition au XXI\u00e8 si\u00e8cle, S\u00e9bastien Fath et Jean-Paul Willaime \u00ab\u00a0La Croix\u00a0\u00bb dans l&rsquo;intimit\u00e9 des communaut\u00e9s protestantes dr banlieue parisienne\u00a0 http:\/\/www.la-croix.com\/Religion\/Spiritualite\/Au-temple-d-Aulnay-plusieurs-generations-de-protestants-vivent-leur-foi-ensemble-2015-01-23-1272034 \u00ab\u00a0Les banlieues se r\u00e9veillent\u00a0\u00bb datant de septembre 2008 http:\/\/www.museedudesert.com\/IMG\/pdf\/Ass2008_SF.pdf &hellip; <a href=\"http:\/\/www.efj.press\/rythekasangu\/ma-grande-enquete-radio\/documentation\/\" class=\"more-link\">Continuer la lecture de <span class=\"screen-reader-text\">Documentation<\/span>  <span class=\"meta-nav\">&rarr;<\/span><\/a><\/p>\n","protected":false},"author":18,"featured_media":188,"parent":18,"menu_order":0,"comment_status":"closed","ping_status":"closed","template":"","meta":{"footnotes":""},"_links":{"self":[{"href":"http:\/\/www.efj.press\/rythekasangu\/wp-json\/wp\/v2\/pages\/34"}],"collection":[{"href":"http:\/\/www.efj.press\/rythekasangu\/wp-json\/wp\/v2\/pages"}],"about":[{"href":"http:\/\/www.efj.press\/rythekasangu\/wp-json\/wp\/v2\/types\/page"}],"author":[{"embeddable":true,"href":"http:\/\/www.efj.press\/rythekasangu\/wp-json\/wp\/v2\/users\/18"}],"replies":[{"embeddable":true,"href":"http:\/\/www.efj.press\/rythekasangu\/wp-json\/wp\/v2\/comments?post=34"}],"version-history":[{"count":4,"href":"http:\/\/www.efj.press\/rythekasangu\/wp-json\/wp\/v2\/pages\/34\/revisions"}],"predecessor-version":[{"id":107,"href":"http:\/\/www.efj.press\/rythekasangu\/wp-json\/wp\/v2\/pages\/34\/revisions\/107"}],"up":[{"embeddable":true,"href":"http:\/\/www.efj.press\/rythekasangu\/wp-json\/wp\/v2\/pages\/18"}],"wp:featuredmedia":[{"embeddable":true,"href":"http:\/\/www.efj.press\/rythekasangu\/wp-json\/wp\/v2\/media\/188"}],"wp:attachment":[{"href":"http:\/\/www.efj.press\/rythekasangu\/wp-json\/wp\/v2\/media?parent=34"}],"curies":[{"name":"wp","href":"https:\/\/api.w.org\/{rel}","templated":true}]}}