{"id":22,"date":"2015-12-11T13:13:59","date_gmt":"2015-12-11T12:13:59","guid":{"rendered":"http:\/\/www.efj.press\/rythekasangu\/?page_id=22"},"modified":"2015-12-11T14:33:02","modified_gmt":"2015-12-11T13:33:02","slug":"temoins-et-intervenants","status":"publish","type":"page","link":"http:\/\/www.efj.press\/rythekasangu\/ma-grande-enquete-radio\/temoins-et-intervenants\/","title":{"rendered":"T\u00e9moins et intervenants"},"content":{"rendered":"<table border=\"1\" width=\"100%\" cellspacing=\"0\" cellpadding=\"4\">\n<colgroup>\n<col width=\"85*\" \/>\n<col width=\"85*\" \/>\n<col width=\"85*\" \/> <\/colgroup>\n<tbody>\n<tr valign=\"TOP\">\n<td width=\"33%\">\n<p align=\"LEFT\"><span style=\"color: #990000;\"><span style=\"font-family: 'Lucida Grande';\"><span style=\"font-size: large;\"><i><b>PERSONNES RENCONTR\u00c9ES<\/b><\/i><\/span><\/span><\/span><\/p>\n<\/td>\n<td width=\"33%\">\n<p align=\"LEFT\"><span style=\"color: #990000;\"><span style=\"font-family: 'Lucida Grande';\"><span style=\"font-size: large;\"><i><b>R\u00d4LES<\/b><\/i><\/span><\/span><\/span><\/p>\n<\/td>\n<td width=\"33%\">\n<p align=\"LEFT\"><span style=\"color: #990000;\"><span style=\"font-family: 'Lucida Grande';\"><span style=\"font-size: large;\"><i><b>LIEUX<\/b><\/i><\/span><\/span><\/span><\/p>\n<\/td>\n<\/tr>\n<tr valign=\"TOP\">\n<td width=\"33%\">\n<p align=\"LEFT\"><span style=\"font-family: 'Lucida Grande';\"><span style=\"font-size: medium;\">Groupe Street Made of God <\/span><\/span><\/p>\n<ul>\n<li><span style=\"font-family: 'Lucida Grande';\"><span style=\"font-size: medium;\">Johnny Monsheny<\/span><\/span><\/li>\n<li><span style=\"font-family: 'Lucida Grande';\"><span style=\"font-size: medium;\">Rosy Lukumu<\/span><\/span><\/li>\n<li><span style=\"font-family: 'Lucida Grande';\"><span style=\"font-size: medium;\">Peter Monsheny<\/span><\/span><\/li>\n<li><span style=\"font-family: 'Lucida Grande';\"><span style=\"font-size: medium;\">Sylvain Koffi<\/span><\/span><\/li>\n<\/ul>\n<\/td>\n<td width=\"33%\">\n<p align=\"LEFT\"><span style=\"font-family: 'Lucida Grande';\"><span style=\"font-size: medium;\">Intervenants et jeunes croyants <\/span><\/span><\/p>\n<\/td>\n<td width=\"33%\">\n<p align=\"LEFT\"><span style=\"font-family: 'Lucida Grande';\"><span style=\"font-size: medium;\">\u00c0 Viry-Ch\u00e2tillon (91)<\/span><\/span><\/p>\n<\/td>\n<\/tr>\n<tr valign=\"TOP\">\n<td width=\"33%\">\n<p align=\"LEFT\"><span style=\"font-family: 'Lucida Grande';\"><span style=\"font-size: medium;\">Guillaume Isolo<\/span><\/span><\/p>\n<\/td>\n<td width=\"33%\">\n<p align=\"LEFT\"><span style=\"font-family: 'Lucida Grande';\"><span style=\"font-size: medium;\">Jeune croyant, t\u00e9moin<\/span><\/span><\/p>\n<\/td>\n<td width=\"33%\">\n<p align=\"LEFT\"><span style=\"font-family: 'Lucida Grande';\"><span style=\"font-size: medium;\">\u00c9vry (91)<\/span><\/span><\/p>\n<\/td>\n<\/tr>\n<tr valign=\"TOP\">\n<td width=\"33%\">\n<p align=\"LEFT\"><span style=\"font-family: 'Lucida Grande';\"><span style=\"font-size: medium;\">Isaac Buleli<\/span><\/span><\/p>\n<\/td>\n<td width=\"33%\">\n<p align=\"LEFT\"><span style=\"font-family: 'Lucida Grande';\"><span style=\"font-size: medium;\">T\u00e9moin<\/span><\/span><\/p>\n<\/td>\n<td width=\"33%\">\n<p align=\"LEFT\"><span style=\"font-family: 'Lucida Grande';\"><span style=\"font-size: medium;\">Cergy Pr\u00e9fecture (95)<\/span><\/span><\/p>\n<\/td>\n<\/tr>\n<tr valign=\"TOP\">\n<td width=\"33%\">\n<p align=\"LEFT\"><span style=\"font-family: 'Lucida Grande';\"><span style=\"font-size: medium;\">St\u00e9phane Cailleau<\/span><\/span><\/p>\n<\/td>\n<td width=\"33%\">\n<p align=\"LEFT\"><span style=\"font-family: 'Lucida Grande';\"><span style=\"font-size: medium;\">T\u00e9moin<\/span><\/span><\/p>\n<\/td>\n<td width=\"33%\">\n<p align=\"LEFT\"><span style=\"font-family: 'Lucida Grande';\"><span style=\"font-size: medium;\">\u00c9vry (91)<\/span><\/span><\/p>\n<\/td>\n<\/tr>\n<tr valign=\"TOP\">\n<td width=\"33%\">\n<p align=\"LEFT\"><span style=\"font-family: 'Lucida Grande';\"><span style=\"font-size: medium;\">Jane Stranz <\/span><\/span><\/p>\n<\/td>\n<td width=\"33%\">\n<p align=\"LEFT\"><span style=\"font-family: 'Lucida Grande';\"><span style=\"font-size: medium;\">Pasteur, Intervenante<\/span><\/span><\/p>\n<\/td>\n<td width=\"33%\">\n<p align=\"LEFT\"><span style=\"font-family: 'Lucida Grande';\"><span style=\"font-size: medium;\">\u00c0 la F\u00e9d\u00e9ration Protestante de France, \u00e0 Paris (75)<\/span><\/span><\/p>\n<\/td>\n<\/tr>\n<tr valign=\"TOP\">\n<td width=\"33%\">\n<p align=\"LEFT\"><span style=\"font-family: 'Lucida Grande';\"><span style=\"font-size: medium;\">Maya<\/span><\/span><\/p>\n<\/td>\n<td width=\"33%\">\n<p align=\"LEFT\"><span style=\"font-family: 'Lucida Grande';\"><span style=\"font-size: medium;\">Ancienne membre d&rsquo;une secte, t\u00e9moin <\/span><\/span><\/p>\n<\/td>\n<td width=\"33%\">\n<p align=\"LEFT\"><span style=\"font-family: 'Lucida Grande';\"><span style=\"font-size: medium;\">Melun (77)<\/span><\/span><\/p>\n<\/td>\n<\/tr>\n<\/tbody>\n<\/table>\n","protected":false},"excerpt":{"rendered":"<p>PERSONNES RENCONTR\u00c9ES R\u00d4LES LIEUX Groupe Street Made of God Johnny Monsheny Rosy Lukumu Peter Monsheny Sylvain Koffi Intervenants et jeunes croyants \u00c0 Viry-Ch\u00e2tillon (91) Guillaume Isolo Jeune croyant, t\u00e9moin \u00c9vry (91) Isaac Buleli T\u00e9moin Cergy Pr\u00e9fecture (95) St\u00e9phane Cailleau T\u00e9moin \u00c9vry (91) Jane Stranz Pasteur, Intervenante \u00c0 la F\u00e9d\u00e9ration Protestante de France, \u00e0 Paris (75) &hellip; <a href=\"http:\/\/www.efj.press\/rythekasangu\/ma-grande-enquete-radio\/temoins-et-intervenants\/\" class=\"more-link\">Continuer la lecture de <span class=\"screen-reader-text\">T\u00e9moins et intervenants<\/span>  <span class=\"meta-nav\">&rarr;<\/span><\/a><\/p>\n","protected":false},"author":18,"featured_media":0,"parent":18,"menu_order":0,"comment_status":"closed","ping_status":"closed","template":"","meta":{"footnotes":""},"_links":{"self":[{"href":"http:\/\/www.efj.press\/rythekasangu\/wp-json\/wp\/v2\/pages\/22"}],"collection":[{"href":"http:\/\/www.efj.press\/rythekasangu\/wp-json\/wp\/v2\/pages"}],"about":[{"href":"http:\/\/www.efj.press\/rythekasangu\/wp-json\/wp\/v2\/types\/page"}],"author":[{"embeddable":true,"href":"http:\/\/www.efj.press\/rythekasangu\/wp-json\/wp\/v2\/users\/18"}],"replies":[{"embeddable":true,"href":"http:\/\/www.efj.press\/rythekasangu\/wp-json\/wp\/v2\/comments?post=22"}],"version-history":[{"count":5,"href":"http:\/\/www.efj.press\/rythekasangu\/wp-json\/wp\/v2\/pages\/22\/revisions"}],"predecessor-version":[{"id":46,"href":"http:\/\/www.efj.press\/rythekasangu\/wp-json\/wp\/v2\/pages\/22\/revisions\/46"}],"up":[{"embeddable":true,"href":"http:\/\/www.efj.press\/rythekasangu\/wp-json\/wp\/v2\/pages\/18"}],"wp:attachment":[{"href":"http:\/\/www.efj.press\/rythekasangu\/wp-json\/wp\/v2\/media?parent=22"}],"curies":[{"name":"wp","href":"https:\/\/api.w.org\/{rel}","templated":true}]}}